{"id":3916,"date":"2024-11-29T23:45:15","date_gmt":"2024-11-29T15:45:15","guid":{"rendered":"https:\/\/www.jinpinlub.com\/?post_type=product&#038;p=3916"},"modified":"2024-12-01T03:26:42","modified_gmt":"2024-11-30T19:26:42","slug":"injecteur-de-distribution-de-graisse-sous-pression-amovible-mgk-12","status":"publish","type":"product","link":"https:\/\/www.jinpinlub.com\/fr\/product\/mgk-12-detachable-pressurized-grease-distribution-injector\/","title":{"rendered":"Injecteur de distribution de graisse sous pression amovible MGK-12"},"content":{"rendered":"<h2>Fonctionnalit\u00e9<\/h2>\n<p>Le distributeur d&#039;huile MGK convient au lubrifiant NLGI 000#, 00# et doit \u00eatre utilis\u00e9 avec une pompe de lubrification \u00e0 d\u00e9placement positif.<br \/>\nLa vanne de dosage de lubrifiant sous pression MG \u00e9vacue le lubrifiant lorsque le syst\u00e8me de lubrification est sous pression et la vanne de dosage stocke l&#039;huile \u00e0 l&#039;int\u00e9rieur lorsque le syst\u00e8me est d\u00e9pressuris\u00e9. Elle convient aux syst\u00e8mes de lubrification p\u00e9riodique volum\u00e9trique.<br \/>\nLe distributeur MGK peut distribuer quantitativement de l&#039;huile lubrifiante aux points de lubrification en fonction du volume de sortie s\u00e9lectionn\u00e9. Il convient aux syst\u00e8mes de lubrification avec une pression de travail de 1,0 \u00e0 3,5 MPa et pr\u00e9sente une grande pr\u00e9cision.<br \/>\nCette vanne de dosage dispose de 10 mod\u00e8les de volume de sortie, tous avec filetage interne M8*1, connect\u00e9s \u00e0 des tubes en nylon de 4 mm ou \u00e0 des tubes en cuivre et en aluminium. La vanne de dosage est divis\u00e9e en 3, 5, 10, 20, 30 et 50 selon la marque de sortie, et pour les raccords de sortie, il existe des options de type manchon et de type prise rapide.<\/p>\n<h2>Sp\u00e9cification<\/h2>\n<table>\n<tbody>\n<tr>\n<td>Principe de fonctionnement<\/td>\n<td>Soupape de dosage de d\u00e9charge de pression<\/td>\n<\/tr>\n<tr>\n<td>Nombre de points de vente<\/td>\n<td>1~12<\/td>\n<\/tr>\n<tr>\n<td>Quantit\u00e9 de mesure<\/td>\n<td>0,03, 0,05, 0,13, 0,20, 0,30, 0,50 ml\/cycle<\/td>\n<\/tr>\n<tr>\n<td>Lubrifiant<\/td>\n<td>Graisse NLGI 000#, 00#.<\/td>\n<\/tr>\n<tr>\n<td>Temp\u00e9rature de fonctionnement<\/td>\n<td>-20 \u00e0 +80 \u00b0C<\/td>\n<\/tr>\n<tr>\n<td>Pression de service<\/td>\n<td>0,5 \u00e0 1,5 MPa<\/td>\n<\/tr>\n<tr>\n<td>Mat\u00e9riel<\/td>\n<td>Cuivre, aluminium<\/td>\n<\/tr>\n<tr>\n<td>Prise de connexion<\/td>\n<td>Entr\u00e9e Rc1\/8, Sortie \u03a64(Rc1\/8)<\/td>\n<\/tr>\n<tr>\n<td>Raccords de sortie<\/td>\n<td>Type de manchon, type rapide<\/td>\n<\/tr>\n<tr>\n<td>Position de montage<\/td>\n<td>N&#039;importe lequel<\/td>\n<\/tr>\n<\/tbody>\n<\/table>\n<h2>Principe<\/h2>\n<p>Lorsque la pompe de lubrification fonctionne et est sous pression, le distributeur de lubrifiant d\u00e9livre le lubrifiant quantitatif stock\u00e9 \u00e0 l&#039;int\u00e9rieur au point de lubrification. Une fois le lubrifiant quantitatif d\u00e9livr\u00e9, il arr\u00eate de sortir, obtenant ainsi l&#039;effet d&#039;une distribution d&#039;huile quantitative et pr\u00e9cise \u00e0 chaque fois. Une fois que la pompe de lubrification cesse de fonctionner (d\u00e9pressurisation), le tuyau de lubrification principal est d\u00e9pressuris\u00e9, le piston du distributeur est r\u00e9initialis\u00e9 et de l&#039;huile neuve p\u00e9n\u00e8tre dans le cylindre du piston en m\u00eame temps. Une fois le stockage d&#039;huile termin\u00e9, attendez que la pompe de lubrification fonctionne et injectez le lubrifiant quantitatif dans le cylindre du piston dans le point de lubrification.<\/p>\n<h2>Manuels<\/h2>\n<div class=\"sdm_download_button_box_default\"><div class=\"sdm_download_link\"><a href=\"https:\/\/www.jinpinlub.com\/fr\/?sdm_process_download=1&download_id=2470\" class=\"sdm_download white\" title=\"Priv\u00e9\u00a0: MGK Metering Valve\" target=\"&quot;_blank&quot;\">Voir la fiche technique - Vanne de dosage MGK<\/a><\/div><\/div>","protected":false},"excerpt":{"rendered":"<p>Le MGK est un distributeur sous pression amovible avec une vanne de dosage d\u00e9montable. La vanne de dosage a une sortie fixe par cycle. Le nombre de sorties du distributeur peut \u00eatre bas\u00e9 sur la combinaison d&#039;utilisation et diff\u00e9rents d\u00e9bits peuvent \u00eatre s\u00e9lectionn\u00e9s pour chaque sortie.<\/p>","protected":false},"featured_media":3919,"template":"","meta":{"ocean_post_layout":"","ocean_both_sidebars_style":"","ocean_both_sidebars_content_width":0,"ocean_both_sidebars_sidebars_width":0,"ocean_sidebar":"0","ocean_second_sidebar":"0","ocean_disable_margins":"enable","ocean_add_body_class":"","ocean_shortcode_before_top_bar":"","ocean_shortcode_after_top_bar":"","ocean_shortcode_before_header":"","ocean_shortcode_after_header":"","ocean_has_shortcode":"","ocean_shortcode_after_title":"","ocean_shortcode_before_footer_widgets":"","ocean_shortcode_after_footer_widgets":"","ocean_shortcode_before_footer_bottom":"","ocean_shortcode_after_footer_bottom":"","ocean_display_top_bar":"default","ocean_display_header":"default","ocean_header_style":"","ocean_center_header_left_menu":"0","ocean_custom_header_template":"0","ocean_custom_logo":0,"ocean_custom_retina_logo":0,"ocean_custom_logo_max_width":0,"ocean_custom_logo_tablet_max_width":0,"ocean_custom_logo_mobile_max_width":0,"ocean_custom_logo_max_height":0,"ocean_custom_logo_tablet_max_height":0,"ocean_custom_logo_mobile_max_height":0,"ocean_header_custom_menu":"0","ocean_menu_typo_font_family":"0","ocean_menu_typo_font_subset":"","ocean_menu_typo_font_size":0,"ocean_menu_typo_font_size_tablet":0,"ocean_menu_typo_font_size_mobile":0,"ocean_menu_typo_font_size_unit":"px","ocean_menu_typo_font_weight":"","ocean_menu_typo_font_weight_tablet":"","ocean_menu_typo_font_weight_mobile":"","ocean_menu_typo_transform":"","ocean_menu_typo_transform_tablet":"","ocean_menu_typo_transform_mobile":"","ocean_menu_typo_line_height":0,"ocean_menu_typo_line_height_tablet":0,"ocean_menu_typo_line_height_mobile":0,"ocean_menu_typo_line_height_unit":"","ocean_menu_typo_spacing":0,"ocean_menu_typo_spacing_tablet":0,"ocean_menu_typo_spacing_mobile":0,"ocean_menu_typo_spacing_unit":"","ocean_menu_link_color":"","ocean_menu_link_color_hover":"","ocean_menu_link_color_active":"","ocean_menu_link_background":"","ocean_menu_link_hover_background":"","ocean_menu_link_active_background":"","ocean_menu_social_links_bg":"","ocean_menu_social_hover_links_bg":"","ocean_menu_social_links_color":"","ocean_menu_social_hover_links_color":"","ocean_disable_title":"default","ocean_disable_heading":"default","ocean_post_title":"","ocean_post_subheading":"","ocean_post_title_style":"","ocean_post_title_background_color":"","ocean_post_title_background":0,"ocean_post_title_bg_image_position":"","ocean_post_title_bg_image_attachment":"","ocean_post_title_bg_image_repeat":"","ocean_post_title_bg_image_size":"","ocean_post_title_height":0,"ocean_post_title_bg_overlay":0.5,"ocean_post_title_bg_overlay_color":"","ocean_disable_breadcrumbs":"default","ocean_breadcrumbs_color":"","ocean_breadcrumbs_separator_color":"","ocean_breadcrumbs_links_color":"","ocean_breadcrumbs_links_hover_color":"","ocean_display_footer_widgets":"default","ocean_display_footer_bottom":"default","ocean_custom_footer_template":"0","osh_disable_topbar_sticky":"default","osh_disable_header_sticky":"default","osh_sticky_header_style":"default","osh_sticky_header_effect":"","osh_custom_sticky_logo":0,"osh_custom_retina_sticky_logo":0,"osh_custom_sticky_logo_height":0,"osh_background_color":"","osh_links_color":"","osh_links_hover_color":"","osh_links_active_color":"","osh_links_bg_color":"","osh_links_hover_bg_color":"","osh_links_active_bg_color":"","osh_menu_social_links_color":"","osh_menu_social_hover_links_color":""},"product_brand":[],"product_cat":[40,37],"product_tag":[141,362,240,360,363],"class_list":{"0":"post-3916","1":"product","2":"type-product","3":"status-publish","4":"has-post-thumbnail","6":"product_cat-pressure-relief-metering-valves","7":"product_cat-single-line-grease-systems","8":"product_tag-lubrication-distributor","9":"product_tag-metering-device","10":"product_tag-pressurized-distributor","11":"product_tag-pressurized-injector","12":"product_tag-quantitative-valve","14":"entry","15":"has-media","17":"first","18":"instock","19":"shipping-taxable","20":"product-type-external","21":"col","22":"span_1_of_3","23":"owp-content-center","24":"owp-thumbs-layout-horizontal","25":"owp-btn-very-big","26":"owp-tabs-layout-horizontal"},"_links":{"self":[{"href":"https:\/\/www.jinpinlub.com\/fr\/wp-json\/wp\/v2\/product\/3916","targetHints":{"allow":["GET"]}}],"collection":[{"href":"https:\/\/www.jinpinlub.com\/fr\/wp-json\/wp\/v2\/product"}],"about":[{"href":"https:\/\/www.jinpinlub.com\/fr\/wp-json\/wp\/v2\/types\/product"}],"wp:featuredmedia":[{"embeddable":true,"href":"https:\/\/www.jinpinlub.com\/fr\/wp-json\/wp\/v2\/media\/3919"}],"wp:attachment":[{"href":"https:\/\/www.jinpinlub.com\/fr\/wp-json\/wp\/v2\/media?parent=3916"}],"wp:term":[{"taxonomy":"product_brand","embeddable":true,"href":"https:\/\/www.jinpinlub.com\/fr\/wp-json\/wp\/v2\/product_brand?post=3916"},{"taxonomy":"product_cat","embeddable":true,"href":"https:\/\/www.jinpinlub.com\/fr\/wp-json\/wp\/v2\/product_cat?post=3916"},{"taxonomy":"product_tag","embeddable":true,"href":"https:\/\/www.jinpinlub.com\/fr\/wp-json\/wp\/v2\/product_tag?post=3916"}],"curies":[{"name":"wp","href":"https:\/\/api.w.org\/{rel}","templated":true}]}}