{"id":3930,"date":"2024-11-30T03:21:08","date_gmt":"2024-11-29T19:21:08","guid":{"rendered":"https:\/\/www.jinpinlub.com\/?post_type=product&#038;p=3930"},"modified":"2024-12-01T03:28:50","modified_gmt":"2024-11-30T19:28:50","slug":"soupapes-de-dosage-dhuile-a-injection-a-deplacement-positif-mok-6","status":"publish","type":"product","link":"https:\/\/www.jinpinlub.com\/fr\/product\/mok-6-positive-displacement-injection-oil-metering-valves\/","title":{"rendered":"Vannes de dosage d&#039;huile \u00e0 injection \u00e0 d\u00e9placement positif MOK-6"},"content":{"rendered":"<h2>Fonctionnalit\u00e9<\/h2>\n<p>1. La vanne de dosage sous pression (volum\u00e9trique) est de type \u00e0 action de pression directe.<br \/>\nL&#039;huile sous pression d\u00e9livr\u00e9e par la pompe de lubrification pousse le piston int\u00e9gr\u00e9 dans la soupape de dosage pour le d\u00e9placer et forcer l&#039;huile quantitative \u00e0 \u00eatre \u00e9vacu\u00e9e. Lorsque la pompe de lubrification cesse de fonctionner, le piston de la partie de dosage est r\u00e9initialis\u00e9 sous l&#039;action de la force du ressort, c&#039;est-\u00e0-dire que le dosage et le stockage de l&#039;huile quantitative sont effectu\u00e9s.<br \/>\n2. La soupape de dosage a une d\u00e9charge d&#039;huile pr\u00e9cise et la partie de dosage ne d\u00e9charge l&#039;huile qu&#039;une seule fois dans un cycle d&#039;alimentation en huile. La distance entre les soupapes de dosage du syst\u00e8me de lubrification est \u00e9loign\u00e9e, proche, haute, basse et une installation horizontale ou verticale. Cela n&#039;a aucun effet sur son d\u00e9placement.<br \/>\n3. La vanne de dosage est sensible et utilise deux joints pour emp\u00eacher l&#039;huile \u00e9vacu\u00e9e de refluer.<br \/>\n4. La vanne de dosage et la jonction sont des structures s\u00e9par\u00e9es. En fonction de l&#039;huile requise par chaque point de lubrification, la vanne de dosage correspondante peut \u00eatre s\u00e9lectionn\u00e9e \u00e0 volont\u00e9 et combin\u00e9e avec la jonction MOJ (des combinaisons s\u00e9rie et parall\u00e8le sont disponibles).<br \/>\n5. Le diam\u00e8tre de sortie de la vanne de dosage est de \u03a64 et il existe deux fa\u00e7ons de la connecter.<br \/>\nType de manchon de carte : le tube doit \u00eatre utilis\u00e9 en combinaison avec une bague de compression PA4 et un manchon PB4.<br \/>\nType d&#039;insertion rapide : ins\u00e9rer directement le tube \u03a64.<\/p>\n<h2>Sp\u00e9cification<\/h2>\n<table>\n<tbody>\n<tr>\n<td>Principe de fonctionnement<\/td>\n<td>Soupape de dosage de d\u00e9charge de pression<\/td>\n<\/tr>\n<tr>\n<td>Nombre de points de vente<\/td>\n<td>1~12<\/td>\n<\/tr>\n<tr>\n<td>Quantit\u00e9 de mesure<\/td>\n<td>0,03, 0,05, 0,13, 0,20, 0,30, 0,50 ml\/cycle<\/td>\n<\/tr>\n<tr>\n<td>Lubrifiant<\/td>\n<td>15-90 CSt \u00e0 40 \u2103<\/td>\n<\/tr>\n<tr>\n<td>Temp\u00e9rature de fonctionnement<\/td>\n<td>-20 \u00e0 +80 \u00b0C<\/td>\n<\/tr>\n<tr>\n<td>Pression de service<\/td>\n<td>Au moins 1,0 MPa<\/td>\n<\/tr>\n<tr>\n<td>Mat\u00e9riel<\/td>\n<td>Cuivre, aluminium<\/td>\n<\/tr>\n<tr>\n<td>Prise de connexion<\/td>\n<td>Entr\u00e9e Rc1\/8, Sortie \u03a64(Rc1\/8)<\/td>\n<\/tr>\n<tr>\n<td>Raccords de sortie<\/td>\n<td>Type de manchon, type rapide<\/td>\n<\/tr>\n<tr>\n<td>Position de montage<\/td>\n<td>N&#039;importe lequel<\/td>\n<\/tr>\n<\/tbody>\n<\/table>\n<h2>Application<\/h2>\n<p><span id=\"input-sentence~0\">Machines industrielles<br \/>\nMachines CNC : lubrifie les pi\u00e8ces mobiles critiques pour assurer un fonctionnement fluide.<br \/>\nConvoyeurs : Lubrifie les roulements et les rouleaux pour r\u00e9duire la friction et l&#039;usure.<br \/>\nMachines textiles : Assure le bon fonctionnement des composants, tels que les broches et les engrenages.<br \/>\nAutomobile<br \/>\nMoteurs : Fournit la quantit\u00e9 exacte d&#039;huile aux diff\u00e9rentes parties du moteur, am\u00e9liorant ainsi les performances et la durabilit\u00e9.<\/span><span id=\"input-sentence~1\"><br \/>\nLubrification du ch\u00e2ssis : permet un mouvement fluide de la suspension et de la direction.<br \/>\nFabrication<br \/>\nBras robotis\u00e9s : une lubrification est fournie aux articulations et aux pi\u00e8ces mobiles pour un mouvement fluide et pr\u00e9cis.<br \/>\n\u00c9quipement d&#039;emballage : Fournit une lubrification aux engrenages et autres \u00e9l\u00e9ments m\u00e9caniques pour maintenir l&#039;efficacit\u00e9.<br \/>\nMat\u00e9riel lourd<br \/>\nEngins de chantier : Les syst\u00e8mes hydrauliques et autres composants essentiels des engins de chantier sont maintenus bien lubrifi\u00e9s.<br \/>\n\u00c9quipement agricole : Les engrenages, les cha\u00eenes et autres pi\u00e8ces mobiles sont lubrifi\u00e9s pour r\u00e9duire l\u2019usure.<\/span><\/p>\n<h2>Manuels<\/h2>\n<div class=\"sdm_download_button_box_default\"><div class=\"sdm_download_link\"><a href=\"https:\/\/www.jinpinlub.com\/fr\/?sdm_process_download=1&download_id=3886\" class=\"sdm_download white\" title=\"Priv\u00e9\u00a0: MOK Metering Valve\" target=\"&quot;_blank&quot;\">Voir la fiche technique - Vanne de dosage MOK<\/a><\/div><\/div>","protected":false},"excerpt":{"rendered":"<p>Le distributeur d&#039;huile sous pression quantitatif MOK est une vanne de dosage d&#039;huile volum\u00e9trique mince con\u00e7ue pour un syst\u00e8me de lubrification centralis\u00e9 \u00e0 d\u00e9placement positif. Ses principales caract\u00e9ristiques sont un d\u00e9bit d&#039;huile pr\u00e9cis, un d\u00e9bit personnalisable et une r\u00e9sistance \u00e0 la corrosion.<\/p>","protected":false},"featured_media":3933,"template":"","meta":{"ocean_post_layout":"","ocean_both_sidebars_style":"","ocean_both_sidebars_content_width":0,"ocean_both_sidebars_sidebars_width":0,"ocean_sidebar":"0","ocean_second_sidebar":"0","ocean_disable_margins":"enable","ocean_add_body_class":"","ocean_shortcode_before_top_bar":"","ocean_shortcode_after_top_bar":"","ocean_shortcode_before_header":"","ocean_shortcode_after_header":"","ocean_has_shortcode":"","ocean_shortcode_after_title":"","ocean_shortcode_before_footer_widgets":"","ocean_shortcode_after_footer_widgets":"","ocean_shortcode_before_footer_bottom":"","ocean_shortcode_after_footer_bottom":"","ocean_display_top_bar":"default","ocean_display_header":"default","ocean_header_style":"","ocean_center_header_left_menu":"0","ocean_custom_header_template":"0","ocean_custom_logo":0,"ocean_custom_retina_logo":0,"ocean_custom_logo_max_width":0,"ocean_custom_logo_tablet_max_width":0,"ocean_custom_logo_mobile_max_width":0,"ocean_custom_logo_max_height":0,"ocean_custom_logo_tablet_max_height":0,"ocean_custom_logo_mobile_max_height":0,"ocean_header_custom_menu":"0","ocean_menu_typo_font_family":"0","ocean_menu_typo_font_subset":"","ocean_menu_typo_font_size":0,"ocean_menu_typo_font_size_tablet":0,"ocean_menu_typo_font_size_mobile":0,"ocean_menu_typo_font_size_unit":"px","ocean_menu_typo_font_weight":"","ocean_menu_typo_font_weight_tablet":"","ocean_menu_typo_font_weight_mobile":"","ocean_menu_typo_transform":"","ocean_menu_typo_transform_tablet":"","ocean_menu_typo_transform_mobile":"","ocean_menu_typo_line_height":0,"ocean_menu_typo_line_height_tablet":0,"ocean_menu_typo_line_height_mobile":0,"ocean_menu_typo_line_height_unit":"","ocean_menu_typo_spacing":0,"ocean_menu_typo_spacing_tablet":0,"ocean_menu_typo_spacing_mobile":0,"ocean_menu_typo_spacing_unit":"","ocean_menu_link_color":"","ocean_menu_link_color_hover":"","ocean_menu_link_color_active":"","ocean_menu_link_background":"","ocean_menu_link_hover_background":"","ocean_menu_link_active_background":"","ocean_menu_social_links_bg":"","ocean_menu_social_hover_links_bg":"","ocean_menu_social_links_color":"","ocean_menu_social_hover_links_color":"","ocean_disable_title":"default","ocean_disable_heading":"default","ocean_post_title":"","ocean_post_subheading":"","ocean_post_title_style":"","ocean_post_title_background_color":"","ocean_post_title_background":0,"ocean_post_title_bg_image_position":"","ocean_post_title_bg_image_attachment":"","ocean_post_title_bg_image_repeat":"","ocean_post_title_bg_image_size":"","ocean_post_title_height":0,"ocean_post_title_bg_overlay":0.5,"ocean_post_title_bg_overlay_color":"","ocean_disable_breadcrumbs":"default","ocean_breadcrumbs_color":"","ocean_breadcrumbs_separator_color":"","ocean_breadcrumbs_links_color":"","ocean_breadcrumbs_links_hover_color":"","ocean_display_footer_widgets":"default","ocean_display_footer_bottom":"default","ocean_custom_footer_template":"0","osh_disable_topbar_sticky":"default","osh_disable_header_sticky":"default","osh_sticky_header_style":"default","osh_sticky_header_effect":"","osh_custom_sticky_logo":0,"osh_custom_retina_sticky_logo":0,"osh_custom_sticky_logo_height":0,"osh_background_color":"","osh_links_color":"","osh_links_hover_color":"","osh_links_active_color":"","osh_links_bg_color":"","osh_links_hover_bg_color":"","osh_links_active_bg_color":"","osh_menu_social_links_color":"","osh_menu_social_hover_links_color":""},"product_brand":[],"product_cat":[49,47],"product_tag":[139,229,364,82,240],"class_list":{"0":"post-3930","1":"product","2":"type-product","3":"status-publish","4":"has-post-thumbnail","6":"product_cat-volumetric-oil-injectors","7":"product_cat-volumetric-thin-oil-systems","8":"product_tag-oil-distributor","9":"product_tag-oil-metering-valve","10":"product_tag-positive-displacement-distributor","11":"product_tag-positive-displacement-injector","12":"product_tag-pressurized-distributor","14":"entry","15":"has-media","17":"first","18":"instock","19":"shipping-taxable","20":"product-type-external","21":"col","22":"span_1_of_3","23":"owp-content-center","24":"owp-thumbs-layout-horizontal","25":"owp-btn-very-big","26":"owp-tabs-layout-horizontal"},"_links":{"self":[{"href":"https:\/\/www.jinpinlub.com\/fr\/wp-json\/wp\/v2\/product\/3930","targetHints":{"allow":["GET"]}}],"collection":[{"href":"https:\/\/www.jinpinlub.com\/fr\/wp-json\/wp\/v2\/product"}],"about":[{"href":"https:\/\/www.jinpinlub.com\/fr\/wp-json\/wp\/v2\/types\/product"}],"wp:featuredmedia":[{"embeddable":true,"href":"https:\/\/www.jinpinlub.com\/fr\/wp-json\/wp\/v2\/media\/3933"}],"wp:attachment":[{"href":"https:\/\/www.jinpinlub.com\/fr\/wp-json\/wp\/v2\/media?parent=3930"}],"wp:term":[{"taxonomy":"product_brand","embeddable":true,"href":"https:\/\/www.jinpinlub.com\/fr\/wp-json\/wp\/v2\/product_brand?post=3930"},{"taxonomy":"product_cat","embeddable":true,"href":"https:\/\/www.jinpinlub.com\/fr\/wp-json\/wp\/v2\/product_cat?post=3930"},{"taxonomy":"product_tag","embeddable":true,"href":"https:\/\/www.jinpinlub.com\/fr\/wp-json\/wp\/v2\/product_tag?post=3930"}],"curies":[{"name":"wp","href":"https:\/\/api.w.org\/{rel}","templated":true}]}}