{"id":3966,"date":"2024-12-11T15:44:55","date_gmt":"2024-12-11T07:44:55","guid":{"rendered":"https:\/\/www.jinpinlub.com\/?post_type=product&#038;p=3966"},"modified":"2024-12-11T16:36:42","modified_gmt":"2024-12-11T08:36:42","slug":"rail-de-guidage-cnc-en-teflon-ptfe-turcite-b-feuille-resistante-a-lusure","status":"publish","type":"product","link":"https:\/\/www.jinpinlub.com\/fr\/product\/teflon-ptfe-turcite-b-cnc-guide-rail-wear-resistant-sheet\/","title":{"rendered":"Feuille r\u00e9sistante \u00e0 l&#039;usure pour rail de guidage CNC en t\u00e9flon PTFE Turcite-B"},"content":{"rendered":"<h2>Fonctionnalit\u00e9<\/h2>\n<p>\u00b7Haute r\u00e9sistance \u00e0 l&#039;usure : la r\u00e9sistance \u00e0 l&#039;usure est 10 fois sup\u00e9rieure \u00e0 celle des rails de guidage en fonte et les rails de guidage ont une bonne r\u00e9tention de pr\u00e9cision.<br \/>\n\u00b7Faible frottement : le coefficient de frottement est &lt; 0,04, ce qui repr\u00e9sente seulement 1\/3 des rails de guidage en fonte, r\u00e9duisant consid\u00e9rablement la consommation d&#039;\u00e9nergie d&#039;entra\u00eenement.<br \/>\n\u00b7Pas de fluage : les coefficients de frottement dynamique et statique sont proches, le positionnement de la micro-alimentation est bon et le fonctionnement est fluide.<br \/>\n\u00b7Bonne absorption des chocs : elle peut r\u00e9duire le bruit et les vibrations et am\u00e9liorer la pr\u00e9cision du traitement.<br \/>\n\u00b7Bonne lubrification : Bonnes performances d&#039;autolubrification, m\u00eame si le syst\u00e8me de lubrification tombe en panne, il peut \u00e9viter les rayures du rail de guidage.<br \/>\n\u00b7Facile \u00e0 entretenir : la duret\u00e9 de la courroie souple \u00e9tant bien inf\u00e9rieure \u00e0 celle du m\u00e9tal, l&#039;usure se fait principalement sur la courroie souple. L&#039;entretien ne n\u00e9cessite que le remplacement d&#039;une nouvelle courroie souple et \u00e9vite \u00e9galement compl\u00e8tement la concavit\u00e9 du rail de guidage du lit.<\/p>\n<h2>Sp\u00e9cification<\/h2>\n<figure id=\"attachment_3971\" aria-describedby=\"caption-attachment-3971\" style=\"width: 850px\" class=\"wp-caption alignnone\"><img loading=\"lazy\" decoding=\"async\" class=\"size-full wp-image-3971\" src=\"https:\/\/www.jinpinlub.com\/wp-content\/uploads\/2024\/12\/GT15-Turcite-B-5.jpg\" alt=\"GT15 Turcite-B (5)\" width=\"850\" height=\"589\" srcset=\"https:\/\/www.jinpinlub.com\/wp-content\/uploads\/2024\/12\/GT15-Turcite-B-5.jpg 850w, https:\/\/www.jinpinlub.com\/wp-content\/uploads\/2024\/12\/GT15-Turcite-B-5-300x208.jpg 300w, https:\/\/www.jinpinlub.com\/wp-content\/uploads\/2024\/12\/GT15-Turcite-B-5-768x532.jpg 768w, https:\/\/www.jinpinlub.com\/wp-content\/uploads\/2024\/12\/GT15-Turcite-B-5-18x12.jpg 18w, https:\/\/www.jinpinlub.com\/wp-content\/uploads\/2024\/12\/GT15-Turcite-B-5-800x554.jpg 800w\" sizes=\"auto, (max-width: 850px) 100vw, 850px\" \/><figcaption id=\"caption-attachment-3971\" class=\"wp-caption-text\">GT15 Turcite-B (5)<\/figcaption><\/figure>\n<h2>Application<\/h2>\n<p>Pour le rail de guidage de la table de travail de la machine-outil, le frottement entre la table de travail et le rail de guidage du lit peut \u00eatre r\u00e9duit apr\u00e8s le collage. Par exemple, lorsque la table de travail de la fraiseuse se d\u00e9place, elle peut se d\u00e9placer avec pr\u00e9cision sous une faible force motrice. Lors de l&#039;installation, le rail de guidage doit \u00eatre nettoy\u00e9 et nivel\u00e9, et la feuille r\u00e9sistante \u00e0 l&#039;usure de taille appropri\u00e9e doit \u00eatre coup\u00e9e. Elle est coll\u00e9e, compact\u00e9e et fix\u00e9e avec une colle sp\u00e9ciale.<br \/>\nPour le rail de guidage du lit comme support de base de la machine-outil, lorsque le porte-outil du tour se d\u00e9place, il peut r\u00e9duire le bruit de vibration, am\u00e9liorer la pr\u00e9cision et pr\u00e9venir la corrosion. Avant de coller, v\u00e9rifiez et r\u00e9parez le rail de guidage et faites attention au sens de montage et \u00e0 l&#039;\u00e9paisseur de la colle.<br \/>\nPour le rail de guidage de la colonne de la machine-outil, il peut assurer le mouvement vertical du bo\u00eetier de broche et d&#039;autres pi\u00e8ces en douceur et avec pr\u00e9cision, comme le mouvement de l&#039;axe Z du bo\u00eetier de broche du centre d&#039;usinage. Lors du collage, faites attention \u00e0 la fluidit\u00e9 et \u00e0 la verticalit\u00e9 de la colle et v\u00e9rifiez la pr\u00e9cision apr\u00e8s durcissement.<\/p>\n<h2>Manuels<\/h2>\n<div class=\"sdm_download_button_box_default\"><div class=\"sdm_download_link\"><a href=\"https:\/\/www.jinpinlub.com\/fr\/?sdm_process_download=1&download_id=3964\" class=\"sdm_download white\" title=\"Priv\u00e9\u00a0: PTFE Turcite-B Sheet\" target=\"&quot;_blank&quot;\">Voir la fiche technique - Feuille de Turcite-B<\/a><\/div><\/div>","protected":false},"excerpt":{"rendered":"<p>En fixant du mat\u00e9riau T\u00e9flon sur la surface du rail de guidage de la machine-outil, la r\u00e9sistance \u00e0 l&#039;usure et la dur\u00e9e de vie du rail de guidage peuvent \u00eatre am\u00e9lior\u00e9es. Ce proc\u00e9d\u00e9 est applicable \u00e0 divers types de rails de guidage, notamment les rails de guidage lin\u00e9aires, les rails de guidage roulants et les rails de guidage coulissants.<\/p>","protected":false},"featured_media":3968,"template":"","meta":{"ocean_post_layout":"","ocean_both_sidebars_style":"","ocean_both_sidebars_content_width":0,"ocean_both_sidebars_sidebars_width":0,"ocean_sidebar":"0","ocean_second_sidebar":"0","ocean_disable_margins":"enable","ocean_add_body_class":"","ocean_shortcode_before_top_bar":"","ocean_shortcode_after_top_bar":"","ocean_shortcode_before_header":"","ocean_shortcode_after_header":"","ocean_has_shortcode":"","ocean_shortcode_after_title":"","ocean_shortcode_before_footer_widgets":"","ocean_shortcode_after_footer_widgets":"","ocean_shortcode_before_footer_bottom":"","ocean_shortcode_after_footer_bottom":"","ocean_display_top_bar":"default","ocean_display_header":"default","ocean_header_style":"","ocean_center_header_left_menu":"0","ocean_custom_header_template":"0","ocean_custom_logo":0,"ocean_custom_retina_logo":0,"ocean_custom_logo_max_width":0,"ocean_custom_logo_tablet_max_width":0,"ocean_custom_logo_mobile_max_width":0,"ocean_custom_logo_max_height":0,"ocean_custom_logo_tablet_max_height":0,"ocean_custom_logo_mobile_max_height":0,"ocean_header_custom_menu":"0","ocean_menu_typo_font_family":"0","ocean_menu_typo_font_subset":"","ocean_menu_typo_font_size":0,"ocean_menu_typo_font_size_tablet":0,"ocean_menu_typo_font_size_mobile":0,"ocean_menu_typo_font_size_unit":"px","ocean_menu_typo_font_weight":"","ocean_menu_typo_font_weight_tablet":"","ocean_menu_typo_font_weight_mobile":"","ocean_menu_typo_transform":"","ocean_menu_typo_transform_tablet":"","ocean_menu_typo_transform_mobile":"","ocean_menu_typo_line_height":0,"ocean_menu_typo_line_height_tablet":0,"ocean_menu_typo_line_height_mobile":0,"ocean_menu_typo_line_height_unit":"","ocean_menu_typo_spacing":0,"ocean_menu_typo_spacing_tablet":0,"ocean_menu_typo_spacing_mobile":0,"ocean_menu_typo_spacing_unit":"","ocean_menu_link_color":"","ocean_menu_link_color_hover":"","ocean_menu_link_color_active":"","ocean_menu_link_background":"","ocean_menu_link_hover_background":"","ocean_menu_link_active_background":"","ocean_menu_social_links_bg":"","ocean_menu_social_hover_links_bg":"","ocean_menu_social_links_color":"","ocean_menu_social_hover_links_color":"","ocean_disable_title":"default","ocean_disable_heading":"default","ocean_post_title":"","ocean_post_subheading":"","ocean_post_title_style":"","ocean_post_title_background_color":"","ocean_post_title_background":0,"ocean_post_title_bg_image_position":"","ocean_post_title_bg_image_attachment":"","ocean_post_title_bg_image_repeat":"","ocean_post_title_bg_image_size":"","ocean_post_title_height":0,"ocean_post_title_bg_overlay":0.5,"ocean_post_title_bg_overlay_color":"","ocean_disable_breadcrumbs":"default","ocean_breadcrumbs_color":"","ocean_breadcrumbs_separator_color":"","ocean_breadcrumbs_links_color":"","ocean_breadcrumbs_links_hover_color":"","ocean_display_footer_widgets":"default","ocean_display_footer_bottom":"default","ocean_custom_footer_template":"0","osh_disable_topbar_sticky":"default","osh_disable_header_sticky":"default","osh_sticky_header_style":"default","osh_sticky_header_effect":"","osh_custom_sticky_logo":0,"osh_custom_retina_sticky_logo":0,"osh_custom_sticky_logo_height":0,"osh_background_color":"","osh_links_color":"","osh_links_hover_color":"","osh_links_active_color":"","osh_links_bg_color":"","osh_links_hover_bg_color":"","osh_links_active_bg_color":"","osh_menu_social_links_color":"","osh_menu_social_hover_links_color":""},"product_brand":[],"product_cat":[31],"product_tag":[371,367,368,369,370],"class_list":{"0":"post-3966","1":"product","2":"type-product","3":"status-publish","4":"has-post-thumbnail","6":"product_cat-lube-system-accessories","7":"product_tag-cnc-plastic-strip","8":"product_tag-guide-rail-wear-resistant-sheet","9":"product_tag-ptfe-guide-rail-belt","10":"product_tag-teflon-soft-belt","11":"product_tag-turcite-b","13":"entry","14":"has-media","16":"first","17":"instock","18":"shipping-taxable","19":"product-type-external","20":"col","21":"span_1_of_3","22":"owp-content-center","23":"owp-thumbs-layout-horizontal","24":"owp-btn-very-big","25":"owp-tabs-layout-horizontal"},"_links":{"self":[{"href":"https:\/\/www.jinpinlub.com\/fr\/wp-json\/wp\/v2\/product\/3966","targetHints":{"allow":["GET"]}}],"collection":[{"href":"https:\/\/www.jinpinlub.com\/fr\/wp-json\/wp\/v2\/product"}],"about":[{"href":"https:\/\/www.jinpinlub.com\/fr\/wp-json\/wp\/v2\/types\/product"}],"wp:featuredmedia":[{"embeddable":true,"href":"https:\/\/www.jinpinlub.com\/fr\/wp-json\/wp\/v2\/media\/3968"}],"wp:attachment":[{"href":"https:\/\/www.jinpinlub.com\/fr\/wp-json\/wp\/v2\/media?parent=3966"}],"wp:term":[{"taxonomy":"product_brand","embeddable":true,"href":"https:\/\/www.jinpinlub.com\/fr\/wp-json\/wp\/v2\/product_brand?post=3966"},{"taxonomy":"product_cat","embeddable":true,"href":"https:\/\/www.jinpinlub.com\/fr\/wp-json\/wp\/v2\/product_cat?post=3966"},{"taxonomy":"product_tag","embeddable":true,"href":"https:\/\/www.jinpinlub.com\/fr\/wp-json\/wp\/v2\/product_tag?post=3966"}],"curies":[{"name":"wp","href":"https:\/\/api.w.org\/{rel}","templated":true}]}}