{"id":3972,"date":"2024-12-11T16:39:53","date_gmt":"2024-12-11T08:39:53","guid":{"rendered":"https:\/\/www.jinpinlub.com\/?post_type=product&#038;p=3972"},"modified":"2024-12-11T17:18:14","modified_gmt":"2024-12-11T09:18:14","slug":"pompe-de-lubrification-electrique-a-reservoir-amovible-j100-3d-300-ml","status":"publish","type":"product","link":"https:\/\/www.jinpinlub.com\/fr\/product\/j100-3d-300ml-detachable-reservoir-electric-lubrication-pump\/","title":{"rendered":"Pompe de lubrification \u00e9lectrique \u00e0 r\u00e9servoir amovible J100-3D 300 ml"},"content":{"rendered":"<h2>Caract\u00e9ristiques<\/h2>\n<p>\u2013 Fonctionnement stable : il peut fonctionner de mani\u00e8re fiable dans des syst\u00e8mes de lubrification monoligne avec jusqu&#039;\u00e0 20 points de lubrification et une longueur de ligne principale de pr\u00e8s de 15 m\u00e8tres.<br \/>\n\u2013 Fonction de d\u00e9charge de pression int\u00e9gr\u00e9e : la soupape de d\u00e9charge de pression int\u00e9gr\u00e9e en option r\u00e9pond aux exigences des pompes de syst\u00e8mes de lubrification \u00e0 une seule ligne et peut \u00eatre utilis\u00e9e de mani\u00e8re stable dans <a href=\"https:\/\/www.jinpinlub.com\/fr\/categorie-de-produit\/systemes-de-graissage-a-ligne-unique\/\" target=\"_blank\" rel=\"noopener\">syst\u00e8mes de lubrification automatique monoligne<\/a>.<br \/>\n\u2013 Nombre flexible de sorties : Il existe des mod\u00e8les avec 1 ou 2 sorties d\u2019huile, qui peuvent \u00eatre s\u00e9lectionn\u00e9es en fonction des besoins r\u00e9els.<br \/>\n\u2013 Installation facile : la vis de purge d&#039;air est facile d&#039;acc\u00e8s, ce qui permet une installation et une mise en service simples.<br \/>\n\u2013 Surveillance du niveau de liquide : il fournit une surveillance du niveau de remplissage avec fonction d\u2019alerte pr\u00e9coce, qui peut surveiller le niveau de liquide du r\u00e9servoir d\u2019huile ou de la cartouche de graisse.<br \/>\n\u2013 Capacit\u00e9s multiples : Il existe trois versions de r\u00e9servoir, la version \u00e0 r\u00e9servoir fixe, la version \u00e0 r\u00e9servoir amovible et la version \u00e0 cartouche rempla\u00e7able, et chaque version a des capacit\u00e9s diff\u00e9rentes.<br \/>\n\u2013 Structure compacte : la taille globale est relativement petite, ne prend pas trop de place, peut s&#039;adapter \u00e0 un environnement d&#039;installation plus compact et est pratique pour une utilisation dans diverses petites machines ou \u00e9quipements.<\/p>\n<h2>Sp\u00e9cification<\/h2>\n<table>\n<tbody>\n<tr>\n<td>Mod\u00e8le<\/td>\n<td>J100-3D<\/td>\n<\/tr>\n<tr>\n<td>Temps de lubrification<\/td>\n<td>PLC ou contr\u00f4leur externe<\/td>\n<\/tr>\n<tr>\n<td>Intervalle de temps<\/td>\n<td>PLC ou contr\u00f4leur externe<\/td>\n<\/tr>\n<tr>\n<td>Temp\u00e9rature de fonctionnement<\/td>\n<td>0\u2103~ +50\u00b0C (les conditions de basse temp\u00e9rature n\u00e9cessitent une graisse antigel)<\/td>\n<\/tr>\n<tr>\n<td>Nombre de points de vente<\/td>\n<td>1 ou 2<\/td>\n<\/tr>\n<tr>\n<td>Capacit\u00e9 du r\u00e9servoir<\/td>\n<td>0,3 L, 0,5 L, 0,7 L, 1,5 L<\/td>\n<\/tr>\n<tr>\n<td>Remplissage<\/td>\n<td>Port de remplissage\/amovible\/cartouche<\/td>\n<\/tr>\n<tr>\n<td>Lubrifiant<\/td>\n<td>NLGI 000#~2#<\/td>\n<\/tr>\n<tr>\n<td>Soupape de surpression<\/td>\n<td>Facultatif<\/td>\n<\/tr>\n<tr>\n<td>D\u00e9charge<\/td>\n<td>15 ml\/min<\/td>\n<\/tr>\n<tr>\n<td>Pression de service max.<\/td>\n<td>8,0 MPa<\/td>\n<\/tr>\n<tr>\n<td>Fil de connexion<\/td>\n<td>Sortie \u03a66<\/td>\n<\/tr>\n<tr>\n<td>Tension de fonctionnement<\/td>\n<td>24 V CC<\/td>\n<\/tr>\n<tr>\n<td>Certification<\/td>\n<td>CE<\/td>\n<\/tr>\n<tr>\n<td>Interrupteur de bas niveau<\/td>\n<td>Contact NC<\/td>\n<\/tr>\n<\/tbody>\n<\/table>\n<h2>Pipeline<\/h2>\n<p>En termes de mat\u00e9riaux et de sp\u00e9cifications des tuyaux, il est n\u00e9cessaire de s\u00e9lectionner des tuyaux r\u00e9sistants \u00e0 l&#039;huile et \u00e0 la corrosion appropri\u00e9s en fonction des caract\u00e9ristiques du lubrifiant, de la pression du syst\u00e8me et de l&#039;environnement.<br \/>\nLe nettoyage des tuyaux est tr\u00e8s important. Avant l&#039;installation, il est n\u00e9cessaire d&#039;\u00e9liminer soigneusement les impuret\u00e9s \u00e0 l&#039;aide d&#039;air comprim\u00e9 et d&#039;un nettoyage chimique pour \u00e9viter que des corps \u00e9trangers ne p\u00e9n\u00e8trent dans la pompe de lubrification et n&#039;endommagent les pi\u00e8ces et ne perturbent le fonctionnement, et pour garantir que le lubrifiant s&#039;\u00e9coule sans \u00e0-coups et de mani\u00e8re pure.<br \/>\nLors de la connexion, les joints doivent \u00eatre bien s\u00e9lectionn\u00e9s et les \u00e9crous et boulons doivent \u00eatre serr\u00e9s selon le couple sp\u00e9cifi\u00e9 pour assurer une \u00e9tanch\u00e9it\u00e9 bonne et ferme, et v\u00e9rifier r\u00e9guli\u00e8rement les fuites.<br \/>\nEn termes de disposition, r\u00e9duisez le nombre de tuyaux, \u00e9vitez les virages et les torsions brusques, assurez un flux r\u00e9gulier des lubrifiants, soutenez et fixez correctement et \u00e9vitez les d\u00e9placements dus aux vibrations.<br \/>\nEnfin, \u00e9vacuez apr\u00e8s l&#039;installation. Placez une soupape d&#039;\u00e9chappement \u00e0 un point \u00e9lev\u00e9, ouvrez-la lentement et \u00e9vacuez l&#039;air, puis attendez que le lubrifiant s&#039;\u00e9coule sans bulles pour \u00e9viter une lubrification in\u00e9gale et le ralenti de la pompe.<\/p>\n<h2>Manuels<\/h2>\n<div class=\"sdm_download_button_box_default\"><div class=\"sdm_download_link\"><a href=\"https:\/\/www.jinpinlub.com\/fr\/?sdm_process_download=1&download_id=3960\" class=\"sdm_download white\" title=\"Priv\u00e9\u00a0: J100 Electric Grease Pump\" target=\"&quot;_blank&quot;\">Voir la fiche technique - Pompe \u00e0 graisse J100<\/a><\/div><\/div>","protected":false},"excerpt":{"rendered":"<p>La pompe de lubrification compacte J100 est fiable et durable, avec de multiples capacit\u00e9s qui peuvent s&#039;adapter \u00e0 diff\u00e9rents types de lubrifiants. Elle est facile et pratique \u00e0 utiliser et \u00e0 entretenir, et peut \u00eatre contr\u00f4l\u00e9e par PLC, offrant des solutions efficaces pour les op\u00e9rations de lubrification.<\/p>","protected":false},"featured_media":3973,"template":"","meta":{"ocean_post_layout":"","ocean_both_sidebars_style":"","ocean_both_sidebars_content_width":0,"ocean_both_sidebars_sidebars_width":0,"ocean_sidebar":"0","ocean_second_sidebar":"0","ocean_disable_margins":"enable","ocean_add_body_class":"","ocean_shortcode_before_top_bar":"","ocean_shortcode_after_top_bar":"","ocean_shortcode_before_header":"","ocean_shortcode_after_header":"","ocean_has_shortcode":"","ocean_shortcode_after_title":"","ocean_shortcode_before_footer_widgets":"","ocean_shortcode_after_footer_widgets":"","ocean_shortcode_before_footer_bottom":"","ocean_shortcode_after_footer_bottom":"","ocean_display_top_bar":"default","ocean_display_header":"default","ocean_header_style":"","ocean_center_header_left_menu":"0","ocean_custom_header_template":"0","ocean_custom_logo":0,"ocean_custom_retina_logo":0,"ocean_custom_logo_max_width":0,"ocean_custom_logo_tablet_max_width":0,"ocean_custom_logo_mobile_max_width":0,"ocean_custom_logo_max_height":0,"ocean_custom_logo_tablet_max_height":0,"ocean_custom_logo_mobile_max_height":0,"ocean_header_custom_menu":"0","ocean_menu_typo_font_family":"0","ocean_menu_typo_font_subset":"","ocean_menu_typo_font_size":0,"ocean_menu_typo_font_size_tablet":0,"ocean_menu_typo_font_size_mobile":0,"ocean_menu_typo_font_size_unit":"px","ocean_menu_typo_font_weight":"","ocean_menu_typo_font_weight_tablet":"","ocean_menu_typo_font_weight_mobile":"","ocean_menu_typo_transform":"","ocean_menu_typo_transform_tablet":"","ocean_menu_typo_transform_mobile":"","ocean_menu_typo_line_height":0,"ocean_menu_typo_line_height_tablet":0,"ocean_menu_typo_line_height_mobile":0,"ocean_menu_typo_line_height_unit":"","ocean_menu_typo_spacing":0,"ocean_menu_typo_spacing_tablet":0,"ocean_menu_typo_spacing_mobile":0,"ocean_menu_typo_spacing_unit":"","ocean_menu_link_color":"","ocean_menu_link_color_hover":"","ocean_menu_link_color_active":"","ocean_menu_link_background":"","ocean_menu_link_hover_background":"","ocean_menu_link_active_background":"","ocean_menu_social_links_bg":"","ocean_menu_social_hover_links_bg":"","ocean_menu_social_links_color":"","ocean_menu_social_hover_links_color":"","ocean_disable_title":"default","ocean_disable_heading":"default","ocean_post_title":"","ocean_post_subheading":"","ocean_post_title_style":"","ocean_post_title_background_color":"","ocean_post_title_background":0,"ocean_post_title_bg_image_position":"","ocean_post_title_bg_image_attachment":"","ocean_post_title_bg_image_repeat":"","ocean_post_title_bg_image_size":"","ocean_post_title_height":0,"ocean_post_title_bg_overlay":0.5,"ocean_post_title_bg_overlay_color":"","ocean_disable_breadcrumbs":"default","ocean_breadcrumbs_color":"","ocean_breadcrumbs_separator_color":"","ocean_breadcrumbs_links_color":"","ocean_breadcrumbs_links_hover_color":"","ocean_display_footer_widgets":"default","ocean_display_footer_bottom":"default","ocean_custom_footer_template":"0","osh_disable_topbar_sticky":"default","osh_disable_header_sticky":"default","osh_sticky_header_style":"default","osh_sticky_header_effect":"","osh_custom_sticky_logo":0,"osh_custom_retina_sticky_logo":0,"osh_custom_sticky_logo_height":0,"osh_background_color":"","osh_links_color":"","osh_links_hover_color":"","osh_links_active_color":"","osh_links_bg_color":"","osh_links_hover_bg_color":"","osh_links_active_bg_color":"","osh_menu_social_links_color":"","osh_menu_social_hover_links_color":""},"product_brand":[],"product_cat":[42,41],"product_tag":[372,73,77,373,91],"class_list":{"0":"post-3972","1":"product","2":"type-product","3":"status-publish","4":"has-post-thumbnail","6":"product_cat-electric-progressive-pumps","7":"product_cat-progressive-grease-systems","8":"product_tag-compact-lubrication-pump","9":"product_tag-electric-lubrication-pump","10":"product_tag-grease-lubrication-pump","11":"product_tag-grease-lubricator","12":"product_tag-progressive-lubrication-pump","14":"entry","15":"has-media","17":"first","18":"instock","19":"shipping-taxable","20":"product-type-external","21":"col","22":"span_1_of_3","23":"owp-content-center","24":"owp-thumbs-layout-horizontal","25":"owp-btn-very-big","26":"owp-tabs-layout-horizontal"},"_links":{"self":[{"href":"https:\/\/www.jinpinlub.com\/fr\/wp-json\/wp\/v2\/product\/3972","targetHints":{"allow":["GET"]}}],"collection":[{"href":"https:\/\/www.jinpinlub.com\/fr\/wp-json\/wp\/v2\/product"}],"about":[{"href":"https:\/\/www.jinpinlub.com\/fr\/wp-json\/wp\/v2\/types\/product"}],"wp:featuredmedia":[{"embeddable":true,"href":"https:\/\/www.jinpinlub.com\/fr\/wp-json\/wp\/v2\/media\/3973"}],"wp:attachment":[{"href":"https:\/\/www.jinpinlub.com\/fr\/wp-json\/wp\/v2\/media?parent=3972"}],"wp:term":[{"taxonomy":"product_brand","embeddable":true,"href":"https:\/\/www.jinpinlub.com\/fr\/wp-json\/wp\/v2\/product_brand?post=3972"},{"taxonomy":"product_cat","embeddable":true,"href":"https:\/\/www.jinpinlub.com\/fr\/wp-json\/wp\/v2\/product_cat?post=3972"},{"taxonomy":"product_tag","embeddable":true,"href":"https:\/\/www.jinpinlub.com\/fr\/wp-json\/wp\/v2\/product_tag?post=3972"}],"curies":[{"name":"wp","href":"https:\/\/api.w.org\/{rel}","templated":true}]}}