{"id":3977,"date":"2024-12-11T17:28:20","date_gmt":"2024-12-11T09:28:20","guid":{"rendered":"https:\/\/www.jinpinlub.com\/?post_type=product&#038;p=3977"},"modified":"2024-12-11T18:11:05","modified_gmt":"2024-12-11T10:11:05","slug":"pompe-de-lubrification-simple-ligne-j100-3d-avec-decharge-de-pression","status":"publish","type":"product","link":"https:\/\/www.jinpinlub.com\/fr\/product\/j100-3d-single-line-lubrication-pump-with-pressure-relief\/","title":{"rendered":"Pompe de lubrification \u00e0 simple ligne J100-3D avec d\u00e9charge de pression"},"content":{"rendered":"<h2>Caract\u00e9ristiques<\/h2>\n<p>\u2013 La pompe de lubrification J100 est entra\u00een\u00e9e par un moteur qui entra\u00eene la pompe \u00e0 piston dans un mouvement de va-et-vient pour d\u00e9livrer la graisse \u00e0 la sortie de la pompe, puis au point de lubrification via le distributeur sous pression. Lorsque la pression pr\u00e9r\u00e9gl\u00e9e est atteinte, le moteur s&#039;arr\u00eate de fonctionner et la soupape de surpression commence \u00e0 fonctionner en cons\u00e9quence, lib\u00e9rant la pression dans le syst\u00e8me, et un cycle est termin\u00e9.<br \/>\n\u2013 La pompe de lubrification peut \u00eatre contr\u00f4l\u00e9e par un syst\u00e8me de contr\u00f4le externe, qui r\u00e8gle principalement la fr\u00e9quence de lubrification, le temps de connexion et le temps d&#039;intervalle.<br \/>\n\u2013 La pression du syst\u00e8me peut \u00eatre surveill\u00e9e par un pressostat, qui est g\u00e9n\u00e9ralement install\u00e9 dans le tuyau d&#039;huile du dernier distributeur. Lorsque le pressostat envoie un signal \u00e0 l&#039;unit\u00e9 de commande, le signal arr\u00eate la pompe.<br \/>\n\u2013 La pression maximale de la pompe de lubrification J100 est de 8 MPa, l&#039;intervalle de lubrification minimal est de 5 minutes et la longueur de la conduite principale est de 15 m\u00e8tres. Elle convient aux \u00e9quipements de petite et moyenne taille avec jusqu&#039;\u00e0 100 points de lubrification pour une utilisation en int\u00e9rieur.<\/p>\n<h2>Sp\u00e9cification<\/h2>\n<table>\n<tbody>\n<tr>\n<td>Mod\u00e8le<\/td>\n<td>J100-3D<\/td>\n<\/tr>\n<tr>\n<td>Temps de lubrification<\/td>\n<td>PLC ou contr\u00f4leur externe<\/td>\n<\/tr>\n<tr>\n<td>Intervalle de temps<\/td>\n<td>PLC ou contr\u00f4leur externe<\/td>\n<\/tr>\n<tr>\n<td>Temp\u00e9rature de fonctionnement<\/td>\n<td>0\u2103~ +50\u00b0C (les conditions de basse temp\u00e9rature n\u00e9cessitent une graisse antigel)<\/td>\n<\/tr>\n<tr>\n<td>Nombre de points de vente<\/td>\n<td>1 ou 2<\/td>\n<\/tr>\n<tr>\n<td>Capacit\u00e9 du r\u00e9servoir<\/td>\n<td>0,3 L, 0,5 L, 0,7 L, 1,5 L<\/td>\n<\/tr>\n<tr>\n<td>Remplissage<\/td>\n<td>Port de remplissage\/amovible\/cartouche<\/td>\n<\/tr>\n<tr>\n<td>Lubrifiant<\/td>\n<td>NLGI 000#~2#<\/td>\n<\/tr>\n<tr>\n<td>Soupape de surpression<\/td>\n<td>Facultatif<\/td>\n<\/tr>\n<tr>\n<td>D\u00e9charge<\/td>\n<td>15 ml\/min<\/td>\n<\/tr>\n<tr>\n<td>Pression de service max.<\/td>\n<td>8,0 MPa<\/td>\n<\/tr>\n<tr>\n<td>Fil de connexion<\/td>\n<td>Sortie \u03a66<\/td>\n<\/tr>\n<tr>\n<td>Tension de fonctionnement<\/td>\n<td>24 V CC<\/td>\n<\/tr>\n<tr>\n<td>Certification<\/td>\n<td>CE<\/td>\n<\/tr>\n<tr>\n<td>Interrupteur de bas niveau<\/td>\n<td>Contact NC<\/td>\n<\/tr>\n<\/tbody>\n<\/table>\n<h2>Montage<\/h2>\n<p>\u2013 Fixer la pompe de lubrification sur une surface verticale et plane pouvant supporter enti\u00e8rement le poids de la pompe.<br \/>\n\u2013 Installer et fixer la pompe de lubrification avec 6 boulons M8 \u00e0 travers les trous \u03c69.<br \/>\n\u2013 Il est recommand\u00e9 d\u2019appliquer une colle anti-vibration lorsque la pompe de lubrification est soumise \u00e0 des vibrations.<br \/>\n\u2013 Installer la pompe de lubrification dans un endroit isol\u00e9 de l\u2019eau, de l\u2019huile, des copeaux et de la poussi\u00e8re.<br \/>\n\u2013 La vibration du lieu d\u2019installation doit \u00eatre de 9 G (88 m\/s2) ou moins.<br \/>\n\u2013 Lors du raccordement \u00e9lectrique de la pompe de lubrification, veillez \u00e0 prendre les mesures appropri\u00e9es pour \u00e9viter les interf\u00e9rences entre les signaux dues \u00e0 l&#039;inductance, \u00e0 la capacit\u00e9 ou au couplage \u00e9lectromagn\u00e9tique. Bien que les c\u00e2bles soient plac\u00e9s s\u00e9par\u00e9ment, utilisez des c\u00e2bles anti-interf\u00e9rences dans les endroits o\u00f9 les champs d&#039;interf\u00e9rence \u00e9lectrique peuvent fausser la transmission du signal.<\/p>\n<h2>Manuels<\/h2>\n<div class=\"sdm_download_button_box_default\"><div class=\"sdm_download_link\"><a href=\"https:\/\/www.jinpinlub.com\/fr\/?sdm_process_download=1&download_id=3960\" class=\"sdm_download white\" title=\"Priv\u00e9\u00a0: J100 Electric Grease Pump\" target=\"&quot;_blank&quot;\">Voir la fiche technique - Pompe \u00e0 graisse J100<\/a><\/div><\/div>","protected":false},"excerpt":{"rendered":"<p>La pompe de lubrification J100 est tr\u00e8s efficace et facile \u00e0 utiliser. Elle est con\u00e7ue pour les machines de petite et moyenne taille. Elle dispose de diverses capacit\u00e9s et de multiples modes de remplissage. Elle peut former un syst\u00e8me de lubrification centralis\u00e9 \u00e0 ligne unique et un syst\u00e8me de lubrification progressif.<\/p>","protected":false},"featured_media":3978,"template":"","meta":{"ocean_post_layout":"","ocean_both_sidebars_style":"","ocean_both_sidebars_content_width":0,"ocean_both_sidebars_sidebars_width":0,"ocean_sidebar":"0","ocean_second_sidebar":"0","ocean_disable_margins":"enable","ocean_add_body_class":"","ocean_shortcode_before_top_bar":"","ocean_shortcode_after_top_bar":"","ocean_shortcode_before_header":"","ocean_shortcode_after_header":"","ocean_has_shortcode":"","ocean_shortcode_after_title":"","ocean_shortcode_before_footer_widgets":"","ocean_shortcode_after_footer_widgets":"","ocean_shortcode_before_footer_bottom":"","ocean_shortcode_after_footer_bottom":"","ocean_display_top_bar":"default","ocean_display_header":"default","ocean_header_style":"","ocean_center_header_left_menu":"0","ocean_custom_header_template":"0","ocean_custom_logo":0,"ocean_custom_retina_logo":0,"ocean_custom_logo_max_width":0,"ocean_custom_logo_tablet_max_width":0,"ocean_custom_logo_mobile_max_width":0,"ocean_custom_logo_max_height":0,"ocean_custom_logo_tablet_max_height":0,"ocean_custom_logo_mobile_max_height":0,"ocean_header_custom_menu":"0","ocean_menu_typo_font_family":"0","ocean_menu_typo_font_subset":"","ocean_menu_typo_font_size":0,"ocean_menu_typo_font_size_tablet":0,"ocean_menu_typo_font_size_mobile":0,"ocean_menu_typo_font_size_unit":"px","ocean_menu_typo_font_weight":"","ocean_menu_typo_font_weight_tablet":"","ocean_menu_typo_font_weight_mobile":"","ocean_menu_typo_transform":"","ocean_menu_typo_transform_tablet":"","ocean_menu_typo_transform_mobile":"","ocean_menu_typo_line_height":0,"ocean_menu_typo_line_height_tablet":0,"ocean_menu_typo_line_height_mobile":0,"ocean_menu_typo_line_height_unit":"","ocean_menu_typo_spacing":0,"ocean_menu_typo_spacing_tablet":0,"ocean_menu_typo_spacing_mobile":0,"ocean_menu_typo_spacing_unit":"","ocean_menu_link_color":"","ocean_menu_link_color_hover":"","ocean_menu_link_color_active":"","ocean_menu_link_background":"","ocean_menu_link_hover_background":"","ocean_menu_link_active_background":"","ocean_menu_social_links_bg":"","ocean_menu_social_hover_links_bg":"","ocean_menu_social_links_color":"","ocean_menu_social_hover_links_color":"","ocean_disable_title":"default","ocean_disable_heading":"default","ocean_post_title":"","ocean_post_subheading":"","ocean_post_title_style":"","ocean_post_title_background_color":"","ocean_post_title_background":0,"ocean_post_title_bg_image_position":"","ocean_post_title_bg_image_attachment":"","ocean_post_title_bg_image_repeat":"","ocean_post_title_bg_image_size":"","ocean_post_title_height":0,"ocean_post_title_bg_overlay":0.5,"ocean_post_title_bg_overlay_color":"","ocean_disable_breadcrumbs":"default","ocean_breadcrumbs_color":"","ocean_breadcrumbs_separator_color":"","ocean_breadcrumbs_links_color":"","ocean_breadcrumbs_links_hover_color":"","ocean_display_footer_widgets":"default","ocean_display_footer_bottom":"default","ocean_custom_footer_template":"0","osh_disable_topbar_sticky":"default","osh_disable_header_sticky":"default","osh_sticky_header_style":"default","osh_sticky_header_effect":"","osh_custom_sticky_logo":0,"osh_custom_retina_sticky_logo":0,"osh_custom_sticky_logo_height":0,"osh_background_color":"","osh_links_color":"","osh_links_hover_color":"","osh_links_active_color":"","osh_links_bg_color":"","osh_links_hover_bg_color":"","osh_links_active_bg_color":"","osh_menu_social_links_color":"","osh_menu_social_hover_links_color":""},"product_brand":[],"product_cat":[38,37],"product_tag":[372,73,77,373,92],"class_list":{"0":"post-3977","1":"product","2":"type-product","3":"status-publish","4":"has-post-thumbnail","6":"product_cat-electric-pressure-relief-pumps","7":"product_cat-single-line-grease-systems","8":"product_tag-compact-lubrication-pump","9":"product_tag-electric-lubrication-pump","10":"product_tag-grease-lubrication-pump","11":"product_tag-grease-lubricator","12":"product_tag-single-line-lubrication-pump","14":"entry","15":"has-media","17":"first","18":"instock","19":"shipping-taxable","20":"product-type-external","21":"col","22":"span_1_of_3","23":"owp-content-center","24":"owp-thumbs-layout-horizontal","25":"owp-btn-very-big","26":"owp-tabs-layout-horizontal"},"_links":{"self":[{"href":"https:\/\/www.jinpinlub.com\/fr\/wp-json\/wp\/v2\/product\/3977","targetHints":{"allow":["GET"]}}],"collection":[{"href":"https:\/\/www.jinpinlub.com\/fr\/wp-json\/wp\/v2\/product"}],"about":[{"href":"https:\/\/www.jinpinlub.com\/fr\/wp-json\/wp\/v2\/types\/product"}],"wp:featuredmedia":[{"embeddable":true,"href":"https:\/\/www.jinpinlub.com\/fr\/wp-json\/wp\/v2\/media\/3978"}],"wp:attachment":[{"href":"https:\/\/www.jinpinlub.com\/fr\/wp-json\/wp\/v2\/media?parent=3977"}],"wp:term":[{"taxonomy":"product_brand","embeddable":true,"href":"https:\/\/www.jinpinlub.com\/fr\/wp-json\/wp\/v2\/product_brand?post=3977"},{"taxonomy":"product_cat","embeddable":true,"href":"https:\/\/www.jinpinlub.com\/fr\/wp-json\/wp\/v2\/product_cat?post=3977"},{"taxonomy":"product_tag","embeddable":true,"href":"https:\/\/www.jinpinlub.com\/fr\/wp-json\/wp\/v2\/product_tag?post=3977"}],"curies":[{"name":"wp","href":"https:\/\/api.w.org\/{rel}","templated":true}]}}