{"id":3982,"date":"2024-12-12T00:54:08","date_gmt":"2024-12-11T16:54:08","guid":{"rendered":"https:\/\/www.jinpinlub.com\/?post_type=product&#038;p=3982"},"modified":"2024-12-12T01:58:51","modified_gmt":"2024-12-11T17:58:51","slug":"pompe-de-lubrification-a-graisse-a-entrainement-electrique-j100-3r-300-ml","status":"publish","type":"product","link":"https:\/\/www.jinpinlub.com\/fr\/product\/j100-3r-300ml-electrically-driven-grease-lubrication-pump\/","title":{"rendered":"Pompe de lubrification \u00e0 graisse \u00e0 entra\u00eenement \u00e9lectrique J100-3R 300 ml"},"content":{"rendered":"<h2>Caract\u00e9ristiques<\/h2>\n<p>\u2013 Utilisation pr\u00e9vue : Pompe de lubrification J100 pour la lubrification des roulements et des guidages lin\u00e9aires dans les petites machines, adapt\u00e9e pour fonctionner avec de l&#039;huile et de la graisse fluide.<br \/>\n\u2013 Fonctionnalit\u00e9 de d\u00e9charge de pression int\u00e9gr\u00e9e : la fonction de d\u00e9charge de pression int\u00e9gr\u00e9e \u00e0 la pompe permet \u00e0 la pompe de lubrification J100 de r\u00e9pondre \u00e0 toutes les exigences de toute pompe de syst\u00e8me de lubrification \u00e0 simple ligne.<br \/>\n\u2013 Alimentation \u00e9lectrique : fonctionne sur une alimentation 24 V CC. Le contr\u00f4le peut \u00eatre assur\u00e9 par un automate programmable de la machine.<br \/>\n\u2013 Surveillance du niveau : peut \u00eatre utilis\u00e9 avec un interrupteur de niveau en option pour surveiller le niveau du r\u00e9servoir d\u2019huile ou de la cartouche de graisse.<br \/>\n\u2013 Compatibilit\u00e9 : La pompe de lubrification J100 est compatible avec les grades de graisse fluide NLGI 000 et 1#.<br \/>\n\u2013 Conception de sortie : la pompe de lubrification J100 poss\u00e8de 2 sorties et peut alimenter deux conduites de lubrification simultan\u00e9ment.<br \/>\n\u2013 Capacit\u00e9s multiples : Disponible avec des r\u00e9servoirs de lubrifiant rechargeables de 0,3 \u00e0 1,5 L, ou des cartouches de lubrification standard facilement rempla\u00e7ables de 0,3 et 0,7 L.<\/p>\n<h2>Sp\u00e9cification<\/h2>\n<table>\n<tbody>\n<tr>\n<td>Mod\u00e8le<\/td>\n<td>J100-3R<\/td>\n<\/tr>\n<tr>\n<td>Temps de lubrification<\/td>\n<td>PLC ou contr\u00f4leur externe<\/td>\n<\/tr>\n<tr>\n<td>Intervalle de temps<\/td>\n<td>PLC ou contr\u00f4leur externe<\/td>\n<\/tr>\n<tr>\n<td>Temp\u00e9rature de fonctionnement<\/td>\n<td>0\u2103~ +50\u00b0C (les conditions de basse temp\u00e9rature n\u00e9cessitent une graisse antigel)<\/td>\n<\/tr>\n<tr>\n<td>Nombre de points de vente<\/td>\n<td>1 ou 2<\/td>\n<\/tr>\n<tr>\n<td>Capacit\u00e9 du r\u00e9servoir<\/td>\n<td>0,3 L, 0,5 L, 0,7 L, 1,5 L<\/td>\n<\/tr>\n<tr>\n<td>Remplissage<\/td>\n<td>Port de remplissage\/amovible\/cartouche<\/td>\n<\/tr>\n<tr>\n<td>Lubrifiant<\/td>\n<td>NLGI 000#~2#<\/td>\n<\/tr>\n<tr>\n<td>Soupape de surpression<\/td>\n<td>Facultatif<\/td>\n<\/tr>\n<tr>\n<td>D\u00e9charge<\/td>\n<td>15 ml\/min<\/td>\n<\/tr>\n<tr>\n<td>Pression de service max.<\/td>\n<td>8,0 MPa<\/td>\n<\/tr>\n<tr>\n<td>Fil de connexion<\/td>\n<td>Sortie \u03a66<\/td>\n<\/tr>\n<tr>\n<td>Tension de fonctionnement<\/td>\n<td>24 V CC<\/td>\n<\/tr>\n<tr>\n<td>Certification<\/td>\n<td>CE<\/td>\n<\/tr>\n<tr>\n<td>Interrupteur de bas niveau<\/td>\n<td>Contact NC<\/td>\n<\/tr>\n<\/tbody>\n<\/table>\n<h2>Application<\/h2>\n<p><span id=\"input-sentence~0\">\u2013 Industrie des machines-outils : J100 est utilis\u00e9 pour la lubrification des roulements et des guides lin\u00e9aires \u00e0 l\u2019int\u00e9rieur des machines-outils afin de r\u00e9duire l\u2019usure et de prolonger la dur\u00e9e de vie de l\u2019\u00e9quipement.<br \/>\n\u2013 Ligne de production d\u2019emballage : Dans les machines d\u2019emballage, le J100 assure une bonne lubrification des roulements et des pi\u00e8ces mobiles pour am\u00e9liorer l\u2019efficacit\u00e9 de la production.<\/span><span id=\"input-sentence~1\"><br \/>\n\u2013 \u00c9quipement d\u2019automatisation : Dans le cas d\u2019un contr\u00f4le pr\u00e9cis requis pour la lubrification, la pompe de lubrification J100 peut garantir la fiabilit\u00e9 de l\u2019\u00e9quipement d\u2019exploitation dans la ligne de production d\u2019automatisation ou l\u2019articulation du robot.<br \/>\n\u2013 Alimentation et boissons : Certains \u00e9quipements de transformation des aliments et des boissons n\u00e9cessitent une classe sp\u00e9ciale d\u2019huile ou de graisse lubrifiante, \u00e0 laquelle la s\u00e9rie J100 peut s\u2019adapter facilement.<\/span><\/p>\n<h2>Manuels<\/h2>\n<div class=\"sdm_download_button_box_default\"><div class=\"sdm_download_link\"><a href=\"https:\/\/www.jinpinlub.com\/fr\/?sdm_process_download=1&download_id=3960\" class=\"sdm_download white\" title=\"Priv\u00e9\u00a0: J100 Electric Grease Pump\" target=\"&quot;_blank&quot;\">Voir la fiche technique - Pompe \u00e0 graisse J100<\/a><\/div><\/div>","protected":false},"excerpt":{"rendered":"<p>J100-3R est une pompe \u00e9lectrique pour la lubrification des roulements et des glissi\u00e8res de petites machines, avec fonction de d\u00e9charge de pression int\u00e9gr\u00e9e, \u00e9quip\u00e9e d&#039;un interrupteur de cycle de lubrification suppl\u00e9mentaire manuel et d&#039;une surveillance de niveau en option, avec 2 sorties pour desservir deux lignes de lubrification simultan\u00e9ment.<\/p>","protected":false},"featured_media":3983,"template":"","meta":{"ocean_post_layout":"","ocean_both_sidebars_style":"","ocean_both_sidebars_content_width":0,"ocean_both_sidebars_sidebars_width":0,"ocean_sidebar":"0","ocean_second_sidebar":"0","ocean_disable_margins":"enable","ocean_add_body_class":"","ocean_shortcode_before_top_bar":"","ocean_shortcode_after_top_bar":"","ocean_shortcode_before_header":"","ocean_shortcode_after_header":"","ocean_has_shortcode":"","ocean_shortcode_after_title":"","ocean_shortcode_before_footer_widgets":"","ocean_shortcode_after_footer_widgets":"","ocean_shortcode_before_footer_bottom":"","ocean_shortcode_after_footer_bottom":"","ocean_display_top_bar":"default","ocean_display_header":"default","ocean_header_style":"","ocean_center_header_left_menu":"0","ocean_custom_header_template":"0","ocean_custom_logo":0,"ocean_custom_retina_logo":0,"ocean_custom_logo_max_width":0,"ocean_custom_logo_tablet_max_width":0,"ocean_custom_logo_mobile_max_width":0,"ocean_custom_logo_max_height":0,"ocean_custom_logo_tablet_max_height":0,"ocean_custom_logo_mobile_max_height":0,"ocean_header_custom_menu":"0","ocean_menu_typo_font_family":"0","ocean_menu_typo_font_subset":"","ocean_menu_typo_font_size":0,"ocean_menu_typo_font_size_tablet":0,"ocean_menu_typo_font_size_mobile":0,"ocean_menu_typo_font_size_unit":"px","ocean_menu_typo_font_weight":"","ocean_menu_typo_font_weight_tablet":"","ocean_menu_typo_font_weight_mobile":"","ocean_menu_typo_transform":"","ocean_menu_typo_transform_tablet":"","ocean_menu_typo_transform_mobile":"","ocean_menu_typo_line_height":0,"ocean_menu_typo_line_height_tablet":0,"ocean_menu_typo_line_height_mobile":0,"ocean_menu_typo_line_height_unit":"","ocean_menu_typo_spacing":0,"ocean_menu_typo_spacing_tablet":0,"ocean_menu_typo_spacing_mobile":0,"ocean_menu_typo_spacing_unit":"","ocean_menu_link_color":"","ocean_menu_link_color_hover":"","ocean_menu_link_color_active":"","ocean_menu_link_background":"","ocean_menu_link_hover_background":"","ocean_menu_link_active_background":"","ocean_menu_social_links_bg":"","ocean_menu_social_hover_links_bg":"","ocean_menu_social_links_color":"","ocean_menu_social_hover_links_color":"","ocean_disable_title":"default","ocean_disable_heading":"default","ocean_post_title":"","ocean_post_subheading":"","ocean_post_title_style":"","ocean_post_title_background_color":"","ocean_post_title_background":0,"ocean_post_title_bg_image_position":"","ocean_post_title_bg_image_attachment":"","ocean_post_title_bg_image_repeat":"","ocean_post_title_bg_image_size":"","ocean_post_title_height":0,"ocean_post_title_bg_overlay":0.5,"ocean_post_title_bg_overlay_color":"","ocean_disable_breadcrumbs":"default","ocean_breadcrumbs_color":"","ocean_breadcrumbs_separator_color":"","ocean_breadcrumbs_links_color":"","ocean_breadcrumbs_links_hover_color":"","ocean_display_footer_widgets":"default","ocean_display_footer_bottom":"default","ocean_custom_footer_template":"0","osh_disable_topbar_sticky":"default","osh_disable_header_sticky":"default","osh_sticky_header_style":"default","osh_sticky_header_effect":"","osh_custom_sticky_logo":0,"osh_custom_retina_sticky_logo":0,"osh_custom_sticky_logo_height":0,"osh_background_color":"","osh_links_color":"","osh_links_hover_color":"","osh_links_active_color":"","osh_links_bg_color":"","osh_links_hover_bg_color":"","osh_links_active_bg_color":"","osh_menu_social_links_color":"","osh_menu_social_hover_links_color":""},"product_brand":[],"product_cat":[42,41],"product_tag":[190,185,73,374,375],"class_list":{"0":"post-3982","1":"product","2":"type-product","3":"status-publish","4":"has-post-thumbnail","6":"product_cat-electric-progressive-pumps","7":"product_cat-progressive-grease-systems","8":"product_tag-bearing-lubrication-pump","9":"product_tag-electric-grease-pump","10":"product_tag-electric-lubrication-pump","11":"product_tag-guideway-lubrication-pump","12":"product_tag-lubrication-pump-unit","14":"entry","15":"has-media","17":"first","18":"instock","19":"shipping-taxable","20":"product-type-external","21":"col","22":"span_1_of_3","23":"owp-content-center","24":"owp-thumbs-layout-horizontal","25":"owp-btn-very-big","26":"owp-tabs-layout-horizontal"},"_links":{"self":[{"href":"https:\/\/www.jinpinlub.com\/fr\/wp-json\/wp\/v2\/product\/3982","targetHints":{"allow":["GET"]}}],"collection":[{"href":"https:\/\/www.jinpinlub.com\/fr\/wp-json\/wp\/v2\/product"}],"about":[{"href":"https:\/\/www.jinpinlub.com\/fr\/wp-json\/wp\/v2\/types\/product"}],"wp:featuredmedia":[{"embeddable":true,"href":"https:\/\/www.jinpinlub.com\/fr\/wp-json\/wp\/v2\/media\/3983"}],"wp:attachment":[{"href":"https:\/\/www.jinpinlub.com\/fr\/wp-json\/wp\/v2\/media?parent=3982"}],"wp:term":[{"taxonomy":"product_brand","embeddable":true,"href":"https:\/\/www.jinpinlub.com\/fr\/wp-json\/wp\/v2\/product_brand?post=3982"},{"taxonomy":"product_cat","embeddable":true,"href":"https:\/\/www.jinpinlub.com\/fr\/wp-json\/wp\/v2\/product_cat?post=3982"},{"taxonomy":"product_tag","embeddable":true,"href":"https:\/\/www.jinpinlub.com\/fr\/wp-json\/wp\/v2\/product_tag?post=3982"}],"curies":[{"name":"wp","href":"https:\/\/api.w.org\/{rel}","templated":true}]}}