{"id":3992,"date":"2024-12-12T03:47:40","date_gmt":"2024-12-11T19:47:40","guid":{"rendered":"https:\/\/www.jinpinlub.com\/?post_type=product&#038;p=3992"},"modified":"2024-12-12T04:01:46","modified_gmt":"2024-12-11T20:01:46","slug":"pompes-de-lubrification-progressives-a-commande-numerique-automatique-j100-7c","status":"publish","type":"product","link":"https:\/\/www.jinpinlub.com\/fr\/product\/j100-7c-automatic-cnc-progressive-graese-lubrication-pumps\/","title":{"rendered":"Pompes de lubrification progressives \u00e0 commande num\u00e9rique automatique J100-7C"},"content":{"rendered":"<h2>Caract\u00e9ristiques<\/h2>\n<p>\u2013 Haute pr\u00e9cision de mesure, la pompe de lubrification J100 peut mesurer la quantit\u00e9 de graisse fluide jusqu&#039;\u00e0 15 ml\/min, ce qui peut contr\u00f4ler avec pr\u00e9cision le d\u00e9bit de lubrifiant et assurer un effet de lubrification stable et fiable.<br \/>\n\u2013 La pression de travail de la pompe de lubrification J100 peut atteindre un maximum de 80 bars, ce qui r\u00e9pond aux exigences de pression de la plupart des syst\u00e8mes de lubrification et garantit que le lubrifiant est efficacement d\u00e9livr\u00e9 au point de lubrification.<br \/>\n\u2013 Le J100 dispose d&#039;une fonction de surveillance du niveau de liquide et d&#039;alerte pr\u00e9coce, qui peut surveiller le niveau du r\u00e9servoir d&#039;huile ou de la cartouche en temps r\u00e9el, donner une alerte pr\u00e9coce et \u00e9viter une panne de l&#039;\u00e9quipement due \u00e0 un manque de lubrifiant.<br \/>\n\u2013 Le J100 utilise une tension de fonctionnement de 24 V CC avec une faible consommation d&#039;\u00e9nergie, ce qui r\u00e9pond aux exigences d&#039;\u00e9conomie d&#039;\u00e9nergie des \u00e9quipements modernes, r\u00e9duit les co\u00fbts d&#039;exploitation et r\u00e9duit l&#039;impact sur le r\u00e9seau \u00e9lectrique pour assurer une alimentation \u00e9lectrique stable au syst\u00e8me.<br \/>\n\u2013 Plusieurs m\u00e9thodes d\u2019installation, la pompe J100 offre une flexibilit\u00e9 d\u2019installation maximale gr\u00e2ce \u00e0 une plaque de montage avec 4 trous de montage en option.<br \/>\n\u2013 Fonctionnement facile, le bouton de lubrification manuelle est utilis\u00e9 pour d\u00e9marrer ou \u00e9vacuer le syst\u00e8me de lubrification, et la vis d&#039;\u00e9chappement rend le processus d&#039;\u00e9chappement apr\u00e8s le d\u00e9marrage du syst\u00e8me ou le remplacement de la cartouche simple et facile, facile \u00e0 utiliser pour le personnel de maintenance et le d\u00e9bogage de l&#039;\u00e9quipement.<\/p>\n<h2>Sp\u00e9cification<\/h2>\n<table>\n<tbody>\n<tr>\n<td>Mod\u00e8le<\/td>\n<td>J100-7C<\/td>\n<\/tr>\n<tr>\n<td>Temps de lubrification<\/td>\n<td>PLC ou contr\u00f4leur externe<\/td>\n<\/tr>\n<tr>\n<td>Intervalle de temps<\/td>\n<td>PLC ou contr\u00f4leur externe<\/td>\n<\/tr>\n<tr>\n<td>Temp\u00e9rature de fonctionnement<\/td>\n<td>0\u2103~ +50\u00b0C (les conditions de basse temp\u00e9rature n\u00e9cessitent une graisse antigel)<\/td>\n<\/tr>\n<tr>\n<td>Nombre de points de vente<\/td>\n<td>1 ou 2<\/td>\n<\/tr>\n<tr>\n<td>Capacit\u00e9 du r\u00e9servoir<\/td>\n<td>0,3 L, 0,5 L, 0,7 L, 1,5 L<\/td>\n<\/tr>\n<tr>\n<td>Remplissage<\/td>\n<td>Port de remplissage\/amovible\/cartouche<\/td>\n<\/tr>\n<tr>\n<td>Lubrifiant<\/td>\n<td>NLGI 000#~2#<\/td>\n<\/tr>\n<tr>\n<td>Soupape de surpression<\/td>\n<td>Facultatif<\/td>\n<\/tr>\n<tr>\n<td>D\u00e9charge<\/td>\n<td>15 ml\/min<\/td>\n<\/tr>\n<tr>\n<td>Pression de service max.<\/td>\n<td>8,0 MPa<\/td>\n<\/tr>\n<tr>\n<td>Fil de connexion<\/td>\n<td>Sortie \u03a66<\/td>\n<\/tr>\n<tr>\n<td>Tension de fonctionnement<\/td>\n<td>24 V CC<\/td>\n<\/tr>\n<tr>\n<td>Certification<\/td>\n<td>CE<\/td>\n<\/tr>\n<tr>\n<td>Interrupteur de bas niveau<\/td>\n<td>Contact NC<\/td>\n<\/tr>\n<\/tbody>\n<\/table>\n<h2>Pr\u00e9cautions<\/h2>\n<p>\u2013 Le retrait d\u2019une cartouche de graisse non utilis\u00e9e et son raccordement \u00e0 la pompe de lubrification peuvent provoquer un dysfonctionnement d\u00fb \u00e0 l\u2019air r\u00e9siduel dans la cartouche. Assurez-vous que le lubrifiant est enti\u00e8rement consomm\u00e9 avant de le remplacer.<br \/>\n\u2013 Ne mettez pas l\u2019appareil sous tension avec une cartouche vide retir\u00e9e, sinon la pompe de lubrification J100 aspirera de l\u2019air ou des corps \u00e9trangers, provoquant ainsi un dysfonctionnement.<br \/>\n\u2013 Lors du remplacement de la cartouche, n\u2019essuyez pas le pourtour de l\u2019entr\u00e9e de la pompe de lubrification avec un chiffon sale, car cela entra\u00eenerait l\u2019aspiration de corps \u00e9trangers par la pompe de lubrification et un dysfonctionnement de celle-ci.<br \/>\n\u2013 Seules les cartouches standard sont prises en charge. L\u2019utilisation d\u2019une autre graisse peut entra\u00eener un dysfonctionnement du syst\u00e8me.<br \/>\n\u2013 Ne jamais injecter de graisse dans une cartouche vide usag\u00e9e et la r\u00e9utiliser, car cela pourrait provoquer la rupture de la cartouche ou provoquer un dysfonctionnement de la pompe de lubrification en raison de l\u2019entr\u00e9e d\u2019air ou de corps \u00e9trangers.<\/p>\n<h2>Manuels<\/h2>\n<div class=\"sdm_download_button_box_default\"><div class=\"sdm_download_link\"><a href=\"https:\/\/www.jinpinlub.com\/fr\/?sdm_process_download=1&download_id=3960\" class=\"sdm_download white\" title=\"Priv\u00e9\u00a0: J100 Electric Grease Pump\" target=\"&quot;_blank&quot;\">Voir la fiche technique - Pompe \u00e0 graisse J100<\/a><\/div><\/div>","protected":false},"excerpt":{"rendered":"<p>Le J100 fonctionne \u00e0 24 V, 80 bars et sur une large plage de temp\u00e9ratures. Il dispose de fonctions telles que la surveillance du niveau et la lubrification manuelle pour r\u00e9duire les temps d&#039;arr\u00eat. Il dispose d&#039;une vari\u00e9t\u00e9 de sp\u00e9cifications de r\u00e9servoir et de m\u00e9thodes de connexion, d&#039;une installation flexible et est largement utilis\u00e9 dans de nombreux domaines.<\/p>","protected":false},"featured_media":3993,"template":"","meta":{"ocean_post_layout":"","ocean_both_sidebars_style":"","ocean_both_sidebars_content_width":0,"ocean_both_sidebars_sidebars_width":0,"ocean_sidebar":"0","ocean_second_sidebar":"0","ocean_disable_margins":"enable","ocean_add_body_class":"","ocean_shortcode_before_top_bar":"","ocean_shortcode_after_top_bar":"","ocean_shortcode_before_header":"","ocean_shortcode_after_header":"","ocean_has_shortcode":"","ocean_shortcode_after_title":"","ocean_shortcode_before_footer_widgets":"","ocean_shortcode_after_footer_widgets":"","ocean_shortcode_before_footer_bottom":"","ocean_shortcode_after_footer_bottom":"","ocean_display_top_bar":"default","ocean_display_header":"default","ocean_header_style":"","ocean_center_header_left_menu":"0","ocean_custom_header_template":"0","ocean_custom_logo":0,"ocean_custom_retina_logo":0,"ocean_custom_logo_max_width":0,"ocean_custom_logo_tablet_max_width":0,"ocean_custom_logo_mobile_max_width":0,"ocean_custom_logo_max_height":0,"ocean_custom_logo_tablet_max_height":0,"ocean_custom_logo_mobile_max_height":0,"ocean_header_custom_menu":"0","ocean_menu_typo_font_family":"0","ocean_menu_typo_font_subset":"","ocean_menu_typo_font_size":0,"ocean_menu_typo_font_size_tablet":0,"ocean_menu_typo_font_size_mobile":0,"ocean_menu_typo_font_size_unit":"px","ocean_menu_typo_font_weight":"","ocean_menu_typo_font_weight_tablet":"","ocean_menu_typo_font_weight_mobile":"","ocean_menu_typo_transform":"","ocean_menu_typo_transform_tablet":"","ocean_menu_typo_transform_mobile":"","ocean_menu_typo_line_height":0,"ocean_menu_typo_line_height_tablet":0,"ocean_menu_typo_line_height_mobile":0,"ocean_menu_typo_line_height_unit":"","ocean_menu_typo_spacing":0,"ocean_menu_typo_spacing_tablet":0,"ocean_menu_typo_spacing_mobile":0,"ocean_menu_typo_spacing_unit":"","ocean_menu_link_color":"","ocean_menu_link_color_hover":"","ocean_menu_link_color_active":"","ocean_menu_link_background":"","ocean_menu_link_hover_background":"","ocean_menu_link_active_background":"","ocean_menu_social_links_bg":"","ocean_menu_social_hover_links_bg":"","ocean_menu_social_links_color":"","ocean_menu_social_hover_links_color":"","ocean_disable_title":"default","ocean_disable_heading":"default","ocean_post_title":"","ocean_post_subheading":"","ocean_post_title_style":"","ocean_post_title_background_color":"","ocean_post_title_background":0,"ocean_post_title_bg_image_position":"","ocean_post_title_bg_image_attachment":"","ocean_post_title_bg_image_repeat":"","ocean_post_title_bg_image_size":"","ocean_post_title_height":0,"ocean_post_title_bg_overlay":0.5,"ocean_post_title_bg_overlay_color":"","ocean_disable_breadcrumbs":"default","ocean_breadcrumbs_color":"","ocean_breadcrumbs_separator_color":"","ocean_breadcrumbs_links_color":"","ocean_breadcrumbs_links_hover_color":"","ocean_display_footer_widgets":"default","ocean_display_footer_bottom":"default","ocean_custom_footer_template":"0","osh_disable_topbar_sticky":"default","osh_disable_header_sticky":"default","osh_sticky_header_style":"default","osh_sticky_header_effect":"","osh_custom_sticky_logo":0,"osh_custom_retina_sticky_logo":0,"osh_custom_sticky_logo_height":0,"osh_background_color":"","osh_links_color":"","osh_links_hover_color":"","osh_links_active_color":"","osh_links_bg_color":"","osh_links_hover_bg_color":"","osh_links_active_bg_color":"","osh_menu_social_links_color":"","osh_menu_social_hover_links_color":""},"product_brand":[],"product_cat":[42,41],"product_tag":[321,112,76,196,221],"class_list":{"0":"post-3992","1":"product","2":"type-product","3":"status-publish","4":"has-post-thumbnail","6":"product_cat-electric-progressive-pumps","7":"product_cat-progressive-grease-systems","8":"product_tag-automatic-lubrication-system","9":"product_tag-centralized-lubrication-system","10":"product_tag-electric-lubrication-system","11":"product_tag-grease-lubrication-system","12":"product_tag-progressive-lubrication-system","14":"entry","15":"has-media","17":"first","18":"instock","19":"shipping-taxable","20":"product-type-external","21":"col","22":"span_1_of_3","23":"owp-content-center","24":"owp-thumbs-layout-horizontal","25":"owp-btn-very-big","26":"owp-tabs-layout-horizontal"},"_links":{"self":[{"href":"https:\/\/www.jinpinlub.com\/fr\/wp-json\/wp\/v2\/product\/3992","targetHints":{"allow":["GET"]}}],"collection":[{"href":"https:\/\/www.jinpinlub.com\/fr\/wp-json\/wp\/v2\/product"}],"about":[{"href":"https:\/\/www.jinpinlub.com\/fr\/wp-json\/wp\/v2\/types\/product"}],"wp:featuredmedia":[{"embeddable":true,"href":"https:\/\/www.jinpinlub.com\/fr\/wp-json\/wp\/v2\/media\/3993"}],"wp:attachment":[{"href":"https:\/\/www.jinpinlub.com\/fr\/wp-json\/wp\/v2\/media?parent=3992"}],"wp:term":[{"taxonomy":"product_brand","embeddable":true,"href":"https:\/\/www.jinpinlub.com\/fr\/wp-json\/wp\/v2\/product_brand?post=3992"},{"taxonomy":"product_cat","embeddable":true,"href":"https:\/\/www.jinpinlub.com\/fr\/wp-json\/wp\/v2\/product_cat?post=3992"},{"taxonomy":"product_tag","embeddable":true,"href":"https:\/\/www.jinpinlub.com\/fr\/wp-json\/wp\/v2\/product_tag?post=3992"}],"curies":[{"name":"wp","href":"https:\/\/api.w.org\/{rel}","templated":true}]}}