{"id":3997,"date":"2024-12-12T04:17:42","date_gmt":"2024-12-11T20:17:42","guid":{"rendered":"https:\/\/www.jinpinlub.com\/?post_type=product&#038;p=3997"},"modified":"2024-12-12T04:29:59","modified_gmt":"2024-12-11T20:29:59","slug":"pompe-a-piston-a-piston-de-lubrification-electrique-j100-24-v-cc","status":"publish","type":"product","link":"https:\/\/www.jinpinlub.com\/fr\/product\/j100-24vdc-electric-lubrication-greasing-plunger-piston-pump\/","title":{"rendered":"Pompe \u00e0 piston \u00e0 piston de lubrification \u00e9lectrique J100 24 V CC"},"content":{"rendered":"<h2>Caract\u00e9ristiques<\/h2>\n<p>\u2013 Conception compacte : la pompe de lubrification J100 est de petite taille et adapt\u00e9e \u00e0 une installation dans des environnements restreints.<br \/>\n\u2013 Adaptabilit\u00e9 \u00e0 la temp\u00e9rature : il peut fonctionner de mani\u00e8re stable dans une plage de temp\u00e9rature de 0 \u00e0 50\u00b0C, s\u2019adaptant \u00e0 diff\u00e9rentes conditions environnementales int\u00e9rieures.<br \/>\n\u2013 Configuration \u00e0 double sortie : le J100 dispose de deux sorties, qui peuvent fournir une lubrification \u00e0 deux lignes principales du syst\u00e8me de lubrification en m\u00eame temps, am\u00e9liorant ainsi l&#039;efficacit\u00e9 du syst\u00e8me.<br \/>\n\u2013 Surveillance du niveau de liquide et alerte pr\u00e9coce : la pompe de lubrification J100 dispose d&#039;une fonction de surveillance du niveau de liquide int\u00e9gr\u00e9e, qui peut fournir une alerte pr\u00e9coce lorsque le niveau de lubrifiant dans le r\u00e9servoir et la cartouche est bas.<br \/>\n\u2013 Flexibilit\u00e9 d\u2019installation : la pompe de lubrification J100 offre une vari\u00e9t\u00e9 d\u2019options de montage, y compris des supports standard et plusieurs trous de montage pour r\u00e9pondre aux diff\u00e9rentes exigences d\u2019installation.<br \/>\n\u2013 Entretien facile : gr\u00e2ce \u00e0 une vis de purge facilement accessible, le r\u00e9servoir de la pompe de lubrification est disponible dans une vari\u00e9t\u00e9 de capacit\u00e9s, ce qui facilite l&#039;installation, le fonctionnement et l&#039;entretien.<\/p>\n<h2>Sp\u00e9cification<\/h2>\n<table>\n<tbody>\n<tr>\n<td>Mod\u00e8le<\/td>\n<td>J100-3R<\/td>\n<\/tr>\n<tr>\n<td>Temps de lubrification<\/td>\n<td>PLC ou contr\u00f4leur externe<\/td>\n<\/tr>\n<tr>\n<td>Intervalle de temps<\/td>\n<td>PLC ou contr\u00f4leur externe<\/td>\n<\/tr>\n<tr>\n<td>Temp\u00e9rature de fonctionnement<\/td>\n<td>0\u2103~ +50\u00b0C (les conditions de basse temp\u00e9rature n\u00e9cessitent une graisse antigel)<\/td>\n<\/tr>\n<tr>\n<td>Nombre de points de vente<\/td>\n<td>1 ou 2<\/td>\n<\/tr>\n<tr>\n<td>Capacit\u00e9 du r\u00e9servoir<\/td>\n<td>0,3 L, 0,5 L, 0,7 L, 1,5 L<\/td>\n<\/tr>\n<tr>\n<td>Remplissage<\/td>\n<td>Port de remplissage\/amovible\/cartouche<\/td>\n<\/tr>\n<tr>\n<td>Lubrifiant<\/td>\n<td>NLGI 000#~2#<\/td>\n<\/tr>\n<tr>\n<td>Soupape de surpression<\/td>\n<td>Facultatif<\/td>\n<\/tr>\n<tr>\n<td>D\u00e9charge<\/td>\n<td>15 ml\/min<\/td>\n<\/tr>\n<tr>\n<td>Pression de service max.<\/td>\n<td>8,0 MPa<\/td>\n<\/tr>\n<tr>\n<td>Fil de connexion<\/td>\n<td>Sortie \u03a66<\/td>\n<\/tr>\n<tr>\n<td>Tension de fonctionnement<\/td>\n<td>24 V CC<\/td>\n<\/tr>\n<tr>\n<td>Certification<\/td>\n<td>CE<\/td>\n<\/tr>\n<tr>\n<td>Interrupteur de bas niveau<\/td>\n<td>Contact NC<\/td>\n<\/tr>\n<\/tbody>\n<\/table>\n<h2>Pr\u00e9cautions<\/h2>\n<p>Machine de moulage par injection : la pompe de lubrification J100 est utilis\u00e9e pour lubrifier les roulements et les guides lin\u00e9aires des machines de moulage par injection, am\u00e9liorant ainsi l&#039;efficacit\u00e9 de fonctionnement de la machine et prolongeant la dur\u00e9e de vie des composants.<br \/>\nSyst\u00e8me de levage et de hissage : assure la lubrification des engrenages, des poulies et des autres pi\u00e8ces mobiles des syst\u00e8mes de levage et de hissage afin de garantir un fonctionnement s\u00fbr et de prolonger la dur\u00e9e de vie de l&#039;\u00e9quipement.<br \/>\nManutention des mat\u00e9riaux : Dans les \u00e9quipements de manutention tels que les bandes transporteuses et les chariots \u00e9l\u00e9vateurs, la pompe de lubrification J100 assure la lubrification des roulements et des joints, am\u00e9liorant ainsi l&#039;efficacit\u00e9 de fonctionnement et la s\u00e9curit\u00e9.<br \/>\nMachines-outils : Dans diverses machines-outils, la pompe de lubrification J100 assure la lubrification des composants cl\u00e9s tels que les guides, les roulements et les engrenages, r\u00e9duisant ainsi l&#039;usure et am\u00e9liorant la pr\u00e9cision du traitement et l&#039;efficacit\u00e9 de la production.<\/p>\n<h2>Manuels<\/h2>\n<div class=\"sdm_download_button_box_default\"><div class=\"sdm_download_link\"><a href=\"https:\/\/www.jinpinlub.com\/fr\/?sdm_process_download=1&download_id=3960\" class=\"sdm_download white\" title=\"Priv\u00e9\u00a0: J100 Electric Grease Pump\" target=\"&quot;_blank&quot;\">Voir la fiche technique - Pompe \u00e0 graisse J100<\/a><\/div><\/div>","protected":false},"excerpt":{"rendered":"<p>La pompe J100 est une pompe compacte \u00e0 entra\u00eenement \u00e9lectrique efficace et fiable con\u00e7ue pour les syst\u00e8mes de lubrification \u00e0 ligne simple. Elle dispose d&#039;une tension de fonctionnement de 24 V CC et d&#039;une configuration \u00e0 double sortie, qui peut desservir deux lignes de lubrification en m\u00eame temps, prolongeant ainsi les intervalles de maintenance.<\/p>","protected":false},"featured_media":3998,"template":"","meta":{"ocean_post_layout":"","ocean_both_sidebars_style":"","ocean_both_sidebars_content_width":0,"ocean_both_sidebars_sidebars_width":0,"ocean_sidebar":"0","ocean_second_sidebar":"0","ocean_disable_margins":"enable","ocean_add_body_class":"","ocean_shortcode_before_top_bar":"","ocean_shortcode_after_top_bar":"","ocean_shortcode_before_header":"","ocean_shortcode_after_header":"","ocean_has_shortcode":"","ocean_shortcode_after_title":"","ocean_shortcode_before_footer_widgets":"","ocean_shortcode_after_footer_widgets":"","ocean_shortcode_before_footer_bottom":"","ocean_shortcode_after_footer_bottom":"","ocean_display_top_bar":"default","ocean_display_header":"default","ocean_header_style":"","ocean_center_header_left_menu":"0","ocean_custom_header_template":"0","ocean_custom_logo":0,"ocean_custom_retina_logo":0,"ocean_custom_logo_max_width":0,"ocean_custom_logo_tablet_max_width":0,"ocean_custom_logo_mobile_max_width":0,"ocean_custom_logo_max_height":0,"ocean_custom_logo_tablet_max_height":0,"ocean_custom_logo_mobile_max_height":0,"ocean_header_custom_menu":"0","ocean_menu_typo_font_family":"0","ocean_menu_typo_font_subset":"","ocean_menu_typo_font_size":0,"ocean_menu_typo_font_size_tablet":0,"ocean_menu_typo_font_size_mobile":0,"ocean_menu_typo_font_size_unit":"px","ocean_menu_typo_font_weight":"","ocean_menu_typo_font_weight_tablet":"","ocean_menu_typo_font_weight_mobile":"","ocean_menu_typo_transform":"","ocean_menu_typo_transform_tablet":"","ocean_menu_typo_transform_mobile":"","ocean_menu_typo_line_height":0,"ocean_menu_typo_line_height_tablet":0,"ocean_menu_typo_line_height_mobile":0,"ocean_menu_typo_line_height_unit":"","ocean_menu_typo_spacing":0,"ocean_menu_typo_spacing_tablet":0,"ocean_menu_typo_spacing_mobile":0,"ocean_menu_typo_spacing_unit":"","ocean_menu_link_color":"","ocean_menu_link_color_hover":"","ocean_menu_link_color_active":"","ocean_menu_link_background":"","ocean_menu_link_hover_background":"","ocean_menu_link_active_background":"","ocean_menu_social_links_bg":"","ocean_menu_social_hover_links_bg":"","ocean_menu_social_links_color":"","ocean_menu_social_hover_links_color":"","ocean_disable_title":"default","ocean_disable_heading":"default","ocean_post_title":"","ocean_post_subheading":"","ocean_post_title_style":"","ocean_post_title_background_color":"","ocean_post_title_background":0,"ocean_post_title_bg_image_position":"","ocean_post_title_bg_image_attachment":"","ocean_post_title_bg_image_repeat":"","ocean_post_title_bg_image_size":"","ocean_post_title_height":0,"ocean_post_title_bg_overlay":0.5,"ocean_post_title_bg_overlay_color":"","ocean_disable_breadcrumbs":"default","ocean_breadcrumbs_color":"","ocean_breadcrumbs_separator_color":"","ocean_breadcrumbs_links_color":"","ocean_breadcrumbs_links_hover_color":"","ocean_display_footer_widgets":"default","ocean_display_footer_bottom":"default","ocean_custom_footer_template":"0","osh_disable_topbar_sticky":"default","osh_disable_header_sticky":"default","osh_sticky_header_style":"default","osh_sticky_header_effect":"","osh_custom_sticky_logo":0,"osh_custom_retina_sticky_logo":0,"osh_custom_sticky_logo_height":0,"osh_background_color":"","osh_links_color":"","osh_links_hover_color":"","osh_links_active_color":"","osh_links_bg_color":"","osh_links_hover_bg_color":"","osh_links_active_bg_color":"","osh_menu_social_links_color":"","osh_menu_social_hover_links_color":""},"product_brand":[],"product_cat":[38,37],"product_tag":[185,76,93,320,92],"class_list":{"0":"post-3997","1":"product","2":"type-product","3":"status-publish","4":"has-post-thumbnail","6":"product_cat-electric-pressure-relief-pumps","7":"product_cat-single-line-grease-systems","8":"product_tag-electric-grease-pump","9":"product_tag-electric-lubrication-system","10":"product_tag-pressure-relief-lubrication-pump","11":"product_tag-single-line-grease-pump","12":"product_tag-single-line-lubrication-pump","14":"entry","15":"has-media","17":"first","18":"instock","19":"shipping-taxable","20":"product-type-external","21":"col","22":"span_1_of_3","23":"owp-content-center","24":"owp-thumbs-layout-horizontal","25":"owp-btn-very-big","26":"owp-tabs-layout-horizontal"},"_links":{"self":[{"href":"https:\/\/www.jinpinlub.com\/fr\/wp-json\/wp\/v2\/product\/3997","targetHints":{"allow":["GET"]}}],"collection":[{"href":"https:\/\/www.jinpinlub.com\/fr\/wp-json\/wp\/v2\/product"}],"about":[{"href":"https:\/\/www.jinpinlub.com\/fr\/wp-json\/wp\/v2\/types\/product"}],"wp:featuredmedia":[{"embeddable":true,"href":"https:\/\/www.jinpinlub.com\/fr\/wp-json\/wp\/v2\/media\/3998"}],"wp:attachment":[{"href":"https:\/\/www.jinpinlub.com\/fr\/wp-json\/wp\/v2\/media?parent=3997"}],"wp:term":[{"taxonomy":"product_brand","embeddable":true,"href":"https:\/\/www.jinpinlub.com\/fr\/wp-json\/wp\/v2\/product_brand?post=3997"},{"taxonomy":"product_cat","embeddable":true,"href":"https:\/\/www.jinpinlub.com\/fr\/wp-json\/wp\/v2\/product_cat?post=3997"},{"taxonomy":"product_tag","embeddable":true,"href":"https:\/\/www.jinpinlub.com\/fr\/wp-json\/wp\/v2\/product_tag?post=3997"}],"curies":[{"name":"wp","href":"https:\/\/api.w.org\/{rel}","templated":true}]}}