{"id":4002,"date":"2024-12-12T04:49:31","date_gmt":"2024-12-11T20:49:31","guid":{"rendered":"https:\/\/www.jinpinlub.com\/?post_type=product&#038;p=4002"},"modified":"2024-12-12T05:10:59","modified_gmt":"2024-12-11T21:10:59","slug":"systeme-de-lubrification-electrique-a-graisse-j100-avec-interrupteur-de-niveau","status":"publish","type":"product","link":"https:\/\/www.jinpinlub.com\/fr\/product\/j100-electric-grease-lubrication-system-with-level-switch\/","title":{"rendered":"Syst\u00e8me de lubrification \u00e9lectrique \u00e0 graisse J100 avec interrupteur de niveau"},"content":{"rendered":"<h2>Caract\u00e9ristiques<\/h2>\n<p>\u2013 Structure compacte : les pompes de lubrification \u00e0 cartouche et \u00e0 r\u00e9servoir sont con\u00e7ues avec une structure compacte et sont faciles \u00e0 installer. Elles conviennent aux syst\u00e8mes avec un espace d&#039;installation limit\u00e9 et peuvent cr\u00e9er un syst\u00e8me de lubrification \u00e0 ligne unique avec moins de travail d&#039;installation.<br \/>\n\u2013 Remplacement pratique des cartouches : la conception de la cartouche de la pompe de lubrification permet de remplacer rapidement et facilement la cartouche de lubrifiant pour r\u00e9pondre aux besoins des clients et faciliter l&#039;ajustement du lubrifiant par les utilisateurs en fonction des conditions r\u00e9elles.<br \/>\n\u2013 Mode d\u2019entra\u00eenement stable : la pompe de lubrification J100 utilise un moteur \u00e9lectrique pour entra\u00eener le piston de distribution via une came excentrique, ce qui peut assurer une transmission de puissance stable et permettre au lubrifiant d\u2019\u00eatre d\u00e9livr\u00e9 en continu et efficacement \u00e0 la sortie.<br \/>\n\u2013 Protection de r\u00e9gulation de pression : la soupape de surpression lib\u00e8re la pression du syst\u00e8me accumul\u00e9e lors du cycle de lubrification apr\u00e8s l&#039;arr\u00eat du moteur de la pompe, ce qui est essentiel au fonctionnement normal du doseur \u00e0 ligne unique. En m\u00eame temps, la soupape de limitation de pression peut limiter la pression maximale du syst\u00e8me de lubrification centralis\u00e9e \u00e0 80 bars pour assurer un fonctionnement s\u00fbr du syst\u00e8me.<\/p>\n<h2>Sp\u00e9cification<\/h2>\n<table>\n<tbody>\n<tr>\n<td>Mod\u00e8le<\/td>\n<td>J100-5D<\/td>\n<\/tr>\n<tr>\n<td>Temps de lubrification<\/td>\n<td>PLC ou contr\u00f4leur externe<\/td>\n<\/tr>\n<tr>\n<td>Intervalle de temps<\/td>\n<td>PLC ou contr\u00f4leur externe<\/td>\n<\/tr>\n<tr>\n<td>Temp\u00e9rature de fonctionnement<\/td>\n<td>0\u2103~ +50\u00b0C (les conditions de basse temp\u00e9rature n\u00e9cessitent une graisse antigel)<\/td>\n<\/tr>\n<tr>\n<td>Nombre de points de vente<\/td>\n<td>1 ou 2<\/td>\n<\/tr>\n<tr>\n<td>Capacit\u00e9 du r\u00e9servoir<\/td>\n<td>0,3 L, 0,5 L, 0,7 L, 1,5 L<\/td>\n<\/tr>\n<tr>\n<td>Remplissage<\/td>\n<td>Port de remplissage\/amovible\/cartouche<\/td>\n<\/tr>\n<tr>\n<td>Lubrifiant<\/td>\n<td>NLGI 000#~2#<\/td>\n<\/tr>\n<tr>\n<td>Soupape de surpression<\/td>\n<td>Facultatif<\/td>\n<\/tr>\n<tr>\n<td>D\u00e9charge<\/td>\n<td>15 ml\/min<\/td>\n<\/tr>\n<tr>\n<td>Pression de service max.<\/td>\n<td>8,0 MPa<\/td>\n<\/tr>\n<tr>\n<td>Fil de connexion<\/td>\n<td>Sortie \u03a66<\/td>\n<\/tr>\n<tr>\n<td>Tension de fonctionnement<\/td>\n<td>24 V CC<\/td>\n<\/tr>\n<tr>\n<td>Certification<\/td>\n<td>CE<\/td>\n<\/tr>\n<tr>\n<td>Interrupteur de bas niveau<\/td>\n<td>Contact NC<\/td>\n<\/tr>\n<\/tbody>\n<\/table>\n<h2>Pr\u00e9cautions<\/h2>\n<p>\u2013 Avant de raccorder le tuyau au point de lubrification, remplissez d\u2019abord la longue section du tuyau pour aider \u00e0 \u00e9liminer l\u2019air du syst\u00e8me de lubrification centralis\u00e9.<br \/>\n\u2013 Monter la conduite de lubrification sur le dispositif de dosage du syst\u00e8me de lubrification, mais ne pas encore la raccorder \u00e0 l&#039;unit\u00e9 de pompe \u00e0 piston.<br \/>\n\u2013 Pour les pompes de lubrification \u00e0 cartouche, vissez la cartouche. Pour les pompes de lubrification \u00e0 r\u00e9servoir, remplissez le r\u00e9servoir et assurez-vous que la cartouche ou le r\u00e9servoir est pr\u00eat.<br \/>\n\u2013 Tournez la vis de purge de la pompe de lubrification d&#039;un tour, appuyez sur le bouton de purge et maintenez-le enfonc\u00e9 jusqu&#039;\u00e0 ce que le lubrifiant sans bulles soit \u00e9vacu\u00e9 de la vis de purge. Ce processus peut expulser l&#039;air du corps de la pompe et des tuyaux \u00e0 proximit\u00e9. Resserrez ensuite la vis de purge pour emp\u00eacher l&#039;air de p\u00e9n\u00e9trer \u00e0 nouveau dans le syst\u00e8me.<br \/>\n\u2013 Raccorder la conduite de lubrification \u00e0 la sortie de la pompe, appuyer sur le bouton de purge et le maintenir enfonc\u00e9 jusqu&#039;\u00e0 ce que le lubrifiant sans bulles soit \u00e9vacu\u00e9 de la conduite de lubrification, puis rebrancher la conduite de lubrification. Cela garantit que l&#039;air dans la section de la conduite a \u00e9t\u00e9 \u00e9vacu\u00e9.<br \/>\n\u2013 R\u00e9p\u00e9tez la proc\u00e9dure de purge ci-dessus pour purger tous les dispositifs de dosage afin de garantir qu\u2019il n\u2019y a pas d\u2019air entra\u00een\u00e9 dans l\u2019ensemble du syst\u00e8me de lubrification.<\/p>\n<h2>Manuels<\/h2>\n<div class=\"sdm_download_button_box_default\"><div class=\"sdm_download_link\"><a href=\"https:\/\/www.jinpinlub.com\/fr\/?sdm_process_download=1&download_id=3960\" class=\"sdm_download white\" title=\"Priv\u00e9\u00a0: J100 Electric Grease Pump\" target=\"&quot;_blank&quot;\">Voir la fiche technique - Pompe \u00e0 graisse J100<\/a><\/div><\/div>","protected":false},"excerpt":{"rendered":"<p>Le moteur \u00e9lectrique J100 entra\u00eene le piston qui distribue le lubrifiant \u00e0 la sortie de la pompe via la vanne de r\u00e9gulation, puis le transmet au dispositif de dosage \u00e0 une seule conduite. Le syst\u00e8me de commande contr\u00f4le le cycle de lubrification et le pressostat surveille la pression du syst\u00e8me.<\/p>","protected":false},"featured_media":4003,"template":"","meta":{"ocean_post_layout":"","ocean_both_sidebars_style":"","ocean_both_sidebars_content_width":0,"ocean_both_sidebars_sidebars_width":0,"ocean_sidebar":"0","ocean_second_sidebar":"0","ocean_disable_margins":"enable","ocean_add_body_class":"","ocean_shortcode_before_top_bar":"","ocean_shortcode_after_top_bar":"","ocean_shortcode_before_header":"","ocean_shortcode_after_header":"","ocean_has_shortcode":"","ocean_shortcode_after_title":"","ocean_shortcode_before_footer_widgets":"","ocean_shortcode_after_footer_widgets":"","ocean_shortcode_before_footer_bottom":"","ocean_shortcode_after_footer_bottom":"","ocean_display_top_bar":"default","ocean_display_header":"default","ocean_header_style":"","ocean_center_header_left_menu":"0","ocean_custom_header_template":"0","ocean_custom_logo":0,"ocean_custom_retina_logo":0,"ocean_custom_logo_max_width":0,"ocean_custom_logo_tablet_max_width":0,"ocean_custom_logo_mobile_max_width":0,"ocean_custom_logo_max_height":0,"ocean_custom_logo_tablet_max_height":0,"ocean_custom_logo_mobile_max_height":0,"ocean_header_custom_menu":"0","ocean_menu_typo_font_family":"0","ocean_menu_typo_font_subset":"","ocean_menu_typo_font_size":0,"ocean_menu_typo_font_size_tablet":0,"ocean_menu_typo_font_size_mobile":0,"ocean_menu_typo_font_size_unit":"px","ocean_menu_typo_font_weight":"","ocean_menu_typo_font_weight_tablet":"","ocean_menu_typo_font_weight_mobile":"","ocean_menu_typo_transform":"","ocean_menu_typo_transform_tablet":"","ocean_menu_typo_transform_mobile":"","ocean_menu_typo_line_height":0,"ocean_menu_typo_line_height_tablet":0,"ocean_menu_typo_line_height_mobile":0,"ocean_menu_typo_line_height_unit":"","ocean_menu_typo_spacing":0,"ocean_menu_typo_spacing_tablet":0,"ocean_menu_typo_spacing_mobile":0,"ocean_menu_typo_spacing_unit":"","ocean_menu_link_color":"","ocean_menu_link_color_hover":"","ocean_menu_link_color_active":"","ocean_menu_link_background":"","ocean_menu_link_hover_background":"","ocean_menu_link_active_background":"","ocean_menu_social_links_bg":"","ocean_menu_social_hover_links_bg":"","ocean_menu_social_links_color":"","ocean_menu_social_hover_links_color":"","ocean_disable_title":"default","ocean_disable_heading":"default","ocean_post_title":"","ocean_post_subheading":"","ocean_post_title_style":"","ocean_post_title_background_color":"","ocean_post_title_background":0,"ocean_post_title_bg_image_position":"","ocean_post_title_bg_image_attachment":"","ocean_post_title_bg_image_repeat":"","ocean_post_title_bg_image_size":"","ocean_post_title_height":0,"ocean_post_title_bg_overlay":0.5,"ocean_post_title_bg_overlay_color":"","ocean_disable_breadcrumbs":"default","ocean_breadcrumbs_color":"","ocean_breadcrumbs_separator_color":"","ocean_breadcrumbs_links_color":"","ocean_breadcrumbs_links_hover_color":"","ocean_display_footer_widgets":"default","ocean_display_footer_bottom":"default","ocean_custom_footer_template":"0","osh_disable_topbar_sticky":"default","osh_disable_header_sticky":"default","osh_sticky_header_style":"default","osh_sticky_header_effect":"","osh_custom_sticky_logo":0,"osh_custom_retina_sticky_logo":0,"osh_custom_sticky_logo_height":0,"osh_background_color":"","osh_links_color":"","osh_links_hover_color":"","osh_links_active_color":"","osh_links_bg_color":"","osh_links_hover_bg_color":"","osh_links_active_bg_color":"","osh_menu_social_links_color":"","osh_menu_social_hover_links_color":""},"product_brand":[],"product_cat":[38,37],"product_tag":[74,185,76,93,92],"class_list":{"0":"post-4002","1":"product","2":"type-product","3":"status-publish","4":"has-post-thumbnail","6":"product_cat-electric-pressure-relief-pumps","7":"product_cat-single-line-grease-systems","8":"product_tag-automatic-lubrication-pump","9":"product_tag-electric-grease-pump","10":"product_tag-electric-lubrication-system","11":"product_tag-pressure-relief-lubrication-pump","12":"product_tag-single-line-lubrication-pump","14":"entry","15":"has-media","17":"first","18":"instock","19":"shipping-taxable","20":"product-type-external","21":"col","22":"span_1_of_3","23":"owp-content-center","24":"owp-thumbs-layout-horizontal","25":"owp-btn-very-big","26":"owp-tabs-layout-horizontal"},"_links":{"self":[{"href":"https:\/\/www.jinpinlub.com\/fr\/wp-json\/wp\/v2\/product\/4002","targetHints":{"allow":["GET"]}}],"collection":[{"href":"https:\/\/www.jinpinlub.com\/fr\/wp-json\/wp\/v2\/product"}],"about":[{"href":"https:\/\/www.jinpinlub.com\/fr\/wp-json\/wp\/v2\/types\/product"}],"wp:featuredmedia":[{"embeddable":true,"href":"https:\/\/www.jinpinlub.com\/fr\/wp-json\/wp\/v2\/media\/4003"}],"wp:attachment":[{"href":"https:\/\/www.jinpinlub.com\/fr\/wp-json\/wp\/v2\/media?parent=4002"}],"wp:term":[{"taxonomy":"product_brand","embeddable":true,"href":"https:\/\/www.jinpinlub.com\/fr\/wp-json\/wp\/v2\/product_brand?post=4002"},{"taxonomy":"product_cat","embeddable":true,"href":"https:\/\/www.jinpinlub.com\/fr\/wp-json\/wp\/v2\/product_cat?post=4002"},{"taxonomy":"product_tag","embeddable":true,"href":"https:\/\/www.jinpinlub.com\/fr\/wp-json\/wp\/v2\/product_tag?post=4002"}],"curies":[{"name":"wp","href":"https:\/\/api.w.org\/{rel}","templated":true}]}}