{"id":4013,"date":"2024-12-12T17:45:07","date_gmt":"2024-12-12T09:45:07","guid":{"rendered":"https:\/\/www.jinpinlub.com\/?post_type=product&#038;p=4013"},"modified":"2024-12-13T05:49:02","modified_gmt":"2024-12-12T21:49:02","slug":"pompe-de-lubrification-simple-ligne-j200-3r-pour-une-lubrification-precise","status":"publish","type":"product","link":"https:\/\/www.jinpinlub.com\/fr\/product\/j200-3r-single-line-lubrication-pump-for-precise-lubrication\/","title":{"rendered":"Pompe de lubrification \u00e0 ligne simple J200-3R pour une lubrification pr\u00e9cise"},"content":{"rendered":"<h2>Caract\u00e9ristiques<\/h2>\n<p>\u2013 Distribution pr\u00e9cise de la lubrification : la distribution pr\u00e9cise de petites quantit\u00e9s de lubrifiant est obtenue gr\u00e2ce \u00e0 des vannes de dosage pour assurer une lubrification pr\u00e9cise de chaque point de lubrification de la machine.<br \/>\n\u2013 Interrupteur de niveau de liquide : int\u00e9gr\u00e9 dans l&#039;adaptateur de cartouche, il peut arr\u00eater la pompe \u00e0 temps lorsque la cartouche est \u00e0 court d&#039;huile, emp\u00eacher efficacement l&#039;air de se m\u00e9langer dans le syst\u00e8me de lubrification et assurer l&#039;effet de lubrification.<br \/>\n\u2013 Remplacement facile de la cartouche : il doit \u00eatre effectu\u00e9 selon les \u00e9tapes, telles que la rotation pour retirer l&#039;ancienne cartouche, l&#039;installation de la nouvelle cartouche et le serrage du couvercle.<br \/>\n\u2013 R\u00e9servoir amovible : version r\u00e9servoir amovible en option, pas besoin de remplacer la cartouche pour r\u00e9aliser un simple remplissage r\u00e9p\u00e9t\u00e9 de graisse.<br \/>\n\u2013 Forte adaptabilit\u00e9 environnementale : il peut fonctionner \u00e0 une temp\u00e9rature ambiante de 0 \u00e0 50 \u00b0C et une humidit\u00e9 de 35 \u00e0 85%RH, et l&#039;exigence de vibration est inf\u00e9rieure \u00e0 9G (88 m\/s\u00b2), ce qui peut r\u00e9sister \u00e0 l&#039;influence de facteurs environnementaux d\u00e9favorables tels que l&#039;eau, l&#039;huile, les d\u00e9bris, la poussi\u00e8re, etc. dans une certaine mesure.<\/p>\n<h2>Sp\u00e9cification<\/h2>\n<table>\n<tbody>\n<tr>\n<td>Mod\u00e8le<\/td>\n<td>J200-3D<\/td>\n<\/tr>\n<tr>\n<td>Temps de lubrification<\/td>\n<td>PLC ou contr\u00f4leur externe<\/td>\n<\/tr>\n<tr>\n<td>Intervalle de temps<\/td>\n<td>PLC ou contr\u00f4leur externe<\/td>\n<\/tr>\n<tr>\n<td>Temp\u00e9rature de fonctionnement<\/td>\n<td>0\u2103~ +50\u00b0C (les conditions de basse temp\u00e9rature n\u00e9cessitent une graisse antigel)<\/td>\n<\/tr>\n<tr>\n<td>Nombre de points de vente<\/td>\n<td>1 ou 2<\/td>\n<\/tr>\n<tr>\n<td>Capacit\u00e9 du r\u00e9servoir<\/td>\n<td>0,3 L, 0,5 L, 0,7 L<\/td>\n<\/tr>\n<tr>\n<td>Remplissage<\/td>\n<td>R\u00e9servoir\/cartouche amovible<\/td>\n<\/tr>\n<tr>\n<td>Lubrifiant<\/td>\n<td>Graisses de grade NLGI 000~2#<\/td>\n<\/tr>\n<tr>\n<td>Soupape de surpression<\/td>\n<td>Assembl\u00e9<\/td>\n<\/tr>\n<tr>\n<td>D\u00e9charge<\/td>\n<td>7 mL\/min<\/td>\n<\/tr>\n<tr>\n<td>Pression de service max.<\/td>\n<td>5,0 ou 8,0 MPa<\/td>\n<\/tr>\n<tr>\n<td>Fil de connexion<\/td>\n<td>Sortie \u03a66<\/td>\n<\/tr>\n<tr>\n<td>Tension de fonctionnement<\/td>\n<td>24 V CC<\/td>\n<\/tr>\n<tr>\n<td>Certification<\/td>\n<td>CE<\/td>\n<\/tr>\n<tr>\n<td>Interrupteur de bas niveau<\/td>\n<td>Contact NC<\/td>\n<\/tr>\n<\/tbody>\n<\/table>\n<h2>C\u00e2blage<\/h2>\n<p><span id=\"input-sentence~0\">\u2013 Qualifications du personnel : Le c\u00e2blage de la pompe de lubrification doit \u00eatre effectu\u00e9 par du personnel qualifi\u00e9 pour effectuer des travaux \u00e9lectriques afin de garantir que le c\u00e2blage est appropri\u00e9 et s\u00fbr.<br \/>\n\u2013 V\u00e9rification de la polarit\u00e9 : le moteur poss\u00e8de une polarit\u00e9. Lors de la connexion des fils (+) et (-), il convient de se r\u00e9f\u00e9rer au sch\u00e9ma pour une confirmation minutieuse afin d&#039;\u00e9viter une panne de l&#039;\u00e9quipement due \u00e0 une polarit\u00e9 incorrecte.<\/span><span id=\"input-sentence~1\"><br \/>\n\u2013 Mesures d\u2019isolation : Si les fils de l\u2019alimentation 24 V CC peuvent entrer en contact avec le corps de la pompe de lubrification, le corps humain ou les objets environnants, des fils isol\u00e9s doivent \u00eatre utilis\u00e9s pour \u00e9viter les fuites et les accidents de choc \u00e9lectrique.<br \/>\n\u2013 Connexion \u00e0 la terre : connectez le fil de terre au composant d\u00e9sign\u00e9 pour \u00e9viter les fuites et les chocs \u00e9lectriques. En m\u00eame temps, pour \u00e9viter les incendies caus\u00e9s par une surintensit\u00e9, faites attention \u00e0 la limite de courant. Si le courant d\u00e9passe 1,2 A, le m\u00e9canisme d&#039;entra\u00eenement interne de la pompe de lubrification reviendra \u00e0 la position initiale.<\/span><\/p>\n<h2>Manuels<\/h2>\n<div class=\"sdm_download_button_box_default\"><div class=\"sdm_download_link\"><a href=\"https:\/\/www.jinpinlub.com\/fr\/?sdm_process_download=1&download_id=3962\" class=\"sdm_download white\" title=\"Priv\u00e9\u00a0: J200 Electric Pump\" target=\"&quot;_blank&quot;\">Voir la fiche technique - Pompe \u00e0 graisse J200<\/a><\/div><\/div>","protected":false},"excerpt":{"rendered":"<p>Le J200 est un dispositif de lubrification tr\u00e8s efficace dot\u00e9 de caract\u00e9ristiques telles qu&#039;une alimentation 24 V CC, un volume de refoulement de 7 ml\/min et une pression de refoulement de 5 \u00e0 8 MPa. Il convient \u00e0 une vari\u00e9t\u00e9 d&#039;applications industrielles pour assurer un fonctionnement stable \u00e0 long terme de l&#039;\u00e9quipement.<\/p>","protected":false},"featured_media":4014,"template":"","meta":{"ocean_post_layout":"","ocean_both_sidebars_style":"","ocean_both_sidebars_content_width":0,"ocean_both_sidebars_sidebars_width":0,"ocean_sidebar":"0","ocean_second_sidebar":"0","ocean_disable_margins":"enable","ocean_add_body_class":"","ocean_shortcode_before_top_bar":"","ocean_shortcode_after_top_bar":"","ocean_shortcode_before_header":"","ocean_shortcode_after_header":"","ocean_has_shortcode":"","ocean_shortcode_after_title":"","ocean_shortcode_before_footer_widgets":"","ocean_shortcode_after_footer_widgets":"","ocean_shortcode_before_footer_bottom":"","ocean_shortcode_after_footer_bottom":"","ocean_display_top_bar":"default","ocean_display_header":"default","ocean_header_style":"","ocean_center_header_left_menu":"0","ocean_custom_header_template":"0","ocean_custom_logo":0,"ocean_custom_retina_logo":0,"ocean_custom_logo_max_width":0,"ocean_custom_logo_tablet_max_width":0,"ocean_custom_logo_mobile_max_width":0,"ocean_custom_logo_max_height":0,"ocean_custom_logo_tablet_max_height":0,"ocean_custom_logo_mobile_max_height":0,"ocean_header_custom_menu":"0","ocean_menu_typo_font_family":"0","ocean_menu_typo_font_subset":"","ocean_menu_typo_font_size":0,"ocean_menu_typo_font_size_tablet":0,"ocean_menu_typo_font_size_mobile":0,"ocean_menu_typo_font_size_unit":"px","ocean_menu_typo_font_weight":"","ocean_menu_typo_font_weight_tablet":"","ocean_menu_typo_font_weight_mobile":"","ocean_menu_typo_transform":"","ocean_menu_typo_transform_tablet":"","ocean_menu_typo_transform_mobile":"","ocean_menu_typo_line_height":0,"ocean_menu_typo_line_height_tablet":0,"ocean_menu_typo_line_height_mobile":0,"ocean_menu_typo_line_height_unit":"","ocean_menu_typo_spacing":0,"ocean_menu_typo_spacing_tablet":0,"ocean_menu_typo_spacing_mobile":0,"ocean_menu_typo_spacing_unit":"","ocean_menu_link_color":"","ocean_menu_link_color_hover":"","ocean_menu_link_color_active":"","ocean_menu_link_background":"","ocean_menu_link_hover_background":"","ocean_menu_link_active_background":"","ocean_menu_social_links_bg":"","ocean_menu_social_hover_links_bg":"","ocean_menu_social_links_color":"","ocean_menu_social_hover_links_color":"","ocean_disable_title":"default","ocean_disable_heading":"default","ocean_post_title":"","ocean_post_subheading":"","ocean_post_title_style":"","ocean_post_title_background_color":"","ocean_post_title_background":0,"ocean_post_title_bg_image_position":"","ocean_post_title_bg_image_attachment":"","ocean_post_title_bg_image_repeat":"","ocean_post_title_bg_image_size":"","ocean_post_title_height":0,"ocean_post_title_bg_overlay":0.5,"ocean_post_title_bg_overlay_color":"","ocean_disable_breadcrumbs":"default","ocean_breadcrumbs_color":"","ocean_breadcrumbs_separator_color":"","ocean_breadcrumbs_links_color":"","ocean_breadcrumbs_links_hover_color":"","ocean_display_footer_widgets":"default","ocean_display_footer_bottom":"default","ocean_custom_footer_template":"0","osh_disable_topbar_sticky":"default","osh_disable_header_sticky":"default","osh_sticky_header_style":"default","osh_sticky_header_effect":"","osh_custom_sticky_logo":0,"osh_custom_retina_sticky_logo":0,"osh_custom_sticky_logo_height":0,"osh_background_color":"","osh_links_color":"","osh_links_hover_color":"","osh_links_active_color":"","osh_links_bg_color":"","osh_links_hover_bg_color":"","osh_links_active_bg_color":"","osh_menu_social_links_color":"","osh_menu_social_hover_links_color":""},"product_brand":[],"product_cat":[38,37],"product_tag":[191,73,378,379,92],"class_list":{"0":"post-4013","1":"product","2":"type-product","3":"status-publish","4":"has-post-thumbnail","6":"product_cat-electric-pressure-relief-pumps","7":"product_cat-single-line-grease-systems","8":"product_tag-cnc-lubrication-pump","9":"product_tag-electric-lubrication-pump","10":"product_tag-lhl-lubrication-pump","11":"product_tag-machine-tool-lubrication-pump","12":"product_tag-single-line-lubrication-pump","14":"entry","15":"has-media","17":"first","18":"instock","19":"shipping-taxable","20":"product-type-external","21":"col","22":"span_1_of_3","23":"owp-content-center","24":"owp-thumbs-layout-horizontal","25":"owp-btn-very-big","26":"owp-tabs-layout-horizontal"},"_links":{"self":[{"href":"https:\/\/www.jinpinlub.com\/fr\/wp-json\/wp\/v2\/product\/4013","targetHints":{"allow":["GET"]}}],"collection":[{"href":"https:\/\/www.jinpinlub.com\/fr\/wp-json\/wp\/v2\/product"}],"about":[{"href":"https:\/\/www.jinpinlub.com\/fr\/wp-json\/wp\/v2\/types\/product"}],"wp:featuredmedia":[{"embeddable":true,"href":"https:\/\/www.jinpinlub.com\/fr\/wp-json\/wp\/v2\/media\/4014"}],"wp:attachment":[{"href":"https:\/\/www.jinpinlub.com\/fr\/wp-json\/wp\/v2\/media?parent=4013"}],"wp:term":[{"taxonomy":"product_brand","embeddable":true,"href":"https:\/\/www.jinpinlub.com\/fr\/wp-json\/wp\/v2\/product_brand?post=4013"},{"taxonomy":"product_cat","embeddable":true,"href":"https:\/\/www.jinpinlub.com\/fr\/wp-json\/wp\/v2\/product_cat?post=4013"},{"taxonomy":"product_tag","embeddable":true,"href":"https:\/\/www.jinpinlub.com\/fr\/wp-json\/wp\/v2\/product_tag?post=4013"}],"curies":[{"name":"wp","href":"https:\/\/api.w.org\/{rel}","templated":true}]}}