{"id":4018,"date":"2024-12-12T23:27:32","date_gmt":"2024-12-12T15:27:32","guid":{"rendered":"https:\/\/www.jinpinlub.com\/?post_type=product&#038;p=4018"},"modified":"2024-12-13T05:49:09","modified_gmt":"2024-12-12T21:49:09","slug":"pompe-de-lubrification-electrique-j200-5d-avec-reservoir-amovible","status":"publish","type":"product","link":"https:\/\/www.jinpinlub.com\/fr\/product\/j200-5d-electric-lubrication-pump-with-detachable-reservoir\/","title":{"rendered":"Pompe de lubrification \u00e9lectrique J200-5D avec r\u00e9servoir amovible"},"content":{"rendered":"<h2>Caract\u00e9ristiques<\/h2>\n<p><span id=\"input-sentence~0\">1. Alimentation \u00e9lectrique et d\u00e9marrage<br \/>\nLa pompe de lubrification est aliment\u00e9e par une alimentation 24 V CC. Le moteur d\u00e9marre d\u00e8s la mise sous tension. Son courant nominal est de 0,8 A. Dans des conditions normales d&#039;alimentation, le moteur peut fonctionner de mani\u00e8re stable et alimenter la pompe.<\/span><span id=\"input-sentence~1\"><br \/>\n2. Distribution de lubrifiant<br \/>\nLe moteur entra\u00eene la pompe de lubrification. Le lubrifiant est extrait du r\u00e9servoir ou de la cartouche par la structure interne (plongeur, engrenages, etc.) et est distribu\u00e9 \u00e0 chaque point de lubrification de la machine par la canalisation \u00e0 un d\u00e9bit de 7 ml\/min.<\/span><span id=\"input-sentence~2\"> Pendant le processus de livraison, la pression de refoulement peut atteindre 8 MPa.<br \/>\n3. Mesure et contr\u00f4le<br \/>\nDans le syst\u00e8me de lubrification, le distributeur volum\u00e9trique permet un contr\u00f4le pr\u00e9cis de la quantit\u00e9 de lubrifiant \u00e0 distribuer. Ainsi, chaque point de lubrification re\u00e7oit la quantit\u00e9 appropri\u00e9e de lubrifiant afin d&#039;optimiser la lubrification et d&#039;\u00e9viter tout gaspillage. La dur\u00e9e de fonctionnement et l&#039;intervalle de cycle de la pompe de lubrification sont r\u00e9gl\u00e9s par la minuterie install\u00e9e sur la machine et fonctionnent selon un programme configur\u00e9.<\/span><\/p>\n<h2>Sp\u00e9cification<\/h2>\n<table>\n<tbody>\n<tr>\n<td>Mod\u00e8le<\/td>\n<td>J200-5D<\/td>\n<\/tr>\n<tr>\n<td>Temps de lubrification<\/td>\n<td>PLC ou contr\u00f4leur externe<\/td>\n<\/tr>\n<tr>\n<td>Intervalle de temps<\/td>\n<td>PLC ou contr\u00f4leur externe<\/td>\n<\/tr>\n<tr>\n<td>Temp\u00e9rature de fonctionnement<\/td>\n<td>0\u2103~ +50\u00b0C (les conditions de basse temp\u00e9rature n\u00e9cessitent une graisse antigel)<\/td>\n<\/tr>\n<tr>\n<td>Nombre de points de vente<\/td>\n<td>1 ou 2<\/td>\n<\/tr>\n<tr>\n<td>Capacit\u00e9 du r\u00e9servoir<\/td>\n<td>0,3 L, 0,5 L, 0,7 L<\/td>\n<\/tr>\n<tr>\n<td>Remplissage<\/td>\n<td>R\u00e9servoir\/cartouche amovible<\/td>\n<\/tr>\n<tr>\n<td>Lubrifiant<\/td>\n<td>Graisses de grade NLGI 000~2#<\/td>\n<\/tr>\n<tr>\n<td>Soupape de surpression<\/td>\n<td>Assembl\u00e9<\/td>\n<\/tr>\n<tr>\n<td>D\u00e9charge<\/td>\n<td>7 mL\/min<\/td>\n<\/tr>\n<tr>\n<td>Pression de service max.<\/td>\n<td>5,0 ou 8,0 MPa<\/td>\n<\/tr>\n<tr>\n<td>Fil de connexion<\/td>\n<td>Sortie \u03a66<\/td>\n<\/tr>\n<tr>\n<td>Tension de fonctionnement<\/td>\n<td>24 V CC<\/td>\n<\/tr>\n<tr>\n<td>Certification<\/td>\n<td>CE<\/td>\n<\/tr>\n<tr>\n<td>Interrupteur de bas niveau<\/td>\n<td>Contact NC<\/td>\n<\/tr>\n<\/tbody>\n<\/table>\n<h2>Remplissage<\/h2>\n<p><span id=\"input-sentence~0\">\u2013 Remplacez la cartouche une fois que le LHL de la cartouche est compl\u00e8tement \u00e9puis\u00e9 pour \u00e9viter que de l&#039;air ne p\u00e9n\u00e8tre dans la cartouche en raison de la graisse r\u00e9siduelle, ce qui peut provoquer un dysfonctionnement de la pompe de lubrification.<br \/>\n\u2013 Pendant le processus de remplacement de la cartouche, assurez-vous que l\u2019environnement est propre pour \u00e9viter que des corps \u00e9trangers tels que de la poussi\u00e8re et des impuret\u00e9s ne p\u00e9n\u00e8trent dans le corps de la pompe de lubrification ou dans la cartouche.<\/span><span id=\"input-sentence~1\"><br \/>\n\u2013 Il est strictement interdit de mettre sous tension lorsque la cartouche n\u2019est pas install\u00e9e en place ou retir\u00e9e, sinon la pompe de lubrification risque d\u2019aspirer de l\u2019air ou des corps \u00e9trangers.<br \/>\n\u2013 Lors du remplacement de la cartouche, si vous devez essuyer autour de l&#039;orifice d&#039;aspiration d&#039;huile de la pompe, vous devez utiliser un chiffon propre pour \u00e9viter que des corps \u00e9trangers ne soient aspir\u00e9s dans la pompe de lubrification.<br \/>\n\u2013 Utiliser uniquement la cartouche de graisse LHL sp\u00e9cifi\u00e9e. L&#039;utilisation d&#039;autres lubrifiants non sp\u00e9cifi\u00e9s peut entra\u00eener une d\u00e9faillance du syst\u00e8me de lubrification.<br \/>\n\u2013 Ne remplissez jamais la cartouche de graisse vide usag\u00e9e avec du lubrifiant et ne la r\u00e9utilisez pas.<\/span><\/p>\n<h2>Manuels<\/h2>\n<div class=\"sdm_download_button_box_default\"><div class=\"sdm_download_link\"><a href=\"https:\/\/www.jinpinlub.com\/fr\/?sdm_process_download=1&download_id=3962\" class=\"sdm_download white\" title=\"Priv\u00e9\u00a0: J200 Electric Pump\" target=\"&quot;_blank&quot;\">Voir la fiche technique - Pompe \u00e0 graisse J200<\/a><\/div><\/div>","protected":false},"excerpt":{"rendered":"<p>La J200 est une pompe de lubrification \u00e9lectrique, un syst\u00e8me de lubrification simple ligne. Ses principales caract\u00e9ristiques sont les suivantes\u00a0: alimentation 24\u00a0V CC, d\u00e9bit de refoulement de 7\u00a0ml par minute, pression de refoulement de 5\u00a0MPa \u00e0 8\u00a0MPa, compatible avec les graisses au lithium et indice de protection IP54.<\/p>","protected":false},"featured_media":4019,"template":"","meta":{"ocean_post_layout":"","ocean_both_sidebars_style":"","ocean_both_sidebars_content_width":0,"ocean_both_sidebars_sidebars_width":0,"ocean_sidebar":"0","ocean_second_sidebar":"0","ocean_disable_margins":"enable","ocean_add_body_class":"","ocean_shortcode_before_top_bar":"","ocean_shortcode_after_top_bar":"","ocean_shortcode_before_header":"","ocean_shortcode_after_header":"","ocean_has_shortcode":"","ocean_shortcode_after_title":"","ocean_shortcode_before_footer_widgets":"","ocean_shortcode_after_footer_widgets":"","ocean_shortcode_before_footer_bottom":"","ocean_shortcode_after_footer_bottom":"","ocean_display_top_bar":"default","ocean_display_header":"default","ocean_header_style":"","ocean_center_header_left_menu":"0","ocean_custom_header_template":"0","ocean_custom_logo":0,"ocean_custom_retina_logo":0,"ocean_custom_logo_max_width":0,"ocean_custom_logo_tablet_max_width":0,"ocean_custom_logo_mobile_max_width":0,"ocean_custom_logo_max_height":0,"ocean_custom_logo_tablet_max_height":0,"ocean_custom_logo_mobile_max_height":0,"ocean_header_custom_menu":"0","ocean_menu_typo_font_family":"0","ocean_menu_typo_font_subset":"","ocean_menu_typo_font_size":0,"ocean_menu_typo_font_size_tablet":0,"ocean_menu_typo_font_size_mobile":0,"ocean_menu_typo_font_size_unit":"px","ocean_menu_typo_font_weight":"","ocean_menu_typo_font_weight_tablet":"","ocean_menu_typo_font_weight_mobile":"","ocean_menu_typo_transform":"","ocean_menu_typo_transform_tablet":"","ocean_menu_typo_transform_mobile":"","ocean_menu_typo_line_height":0,"ocean_menu_typo_line_height_tablet":0,"ocean_menu_typo_line_height_mobile":0,"ocean_menu_typo_line_height_unit":"","ocean_menu_typo_spacing":0,"ocean_menu_typo_spacing_tablet":0,"ocean_menu_typo_spacing_mobile":0,"ocean_menu_typo_spacing_unit":"","ocean_menu_link_color":"","ocean_menu_link_color_hover":"","ocean_menu_link_color_active":"","ocean_menu_link_background":"","ocean_menu_link_hover_background":"","ocean_menu_link_active_background":"","ocean_menu_social_links_bg":"","ocean_menu_social_hover_links_bg":"","ocean_menu_social_links_color":"","ocean_menu_social_hover_links_color":"","ocean_disable_title":"default","ocean_disable_heading":"default","ocean_post_title":"","ocean_post_subheading":"","ocean_post_title_style":"","ocean_post_title_background_color":"","ocean_post_title_background":0,"ocean_post_title_bg_image_position":"","ocean_post_title_bg_image_attachment":"","ocean_post_title_bg_image_repeat":"","ocean_post_title_bg_image_size":"","ocean_post_title_height":0,"ocean_post_title_bg_overlay":0.5,"ocean_post_title_bg_overlay_color":"","ocean_disable_breadcrumbs":"default","ocean_breadcrumbs_color":"","ocean_breadcrumbs_separator_color":"","ocean_breadcrumbs_links_color":"","ocean_breadcrumbs_links_hover_color":"","ocean_display_footer_widgets":"default","ocean_display_footer_bottom":"default","ocean_custom_footer_template":"0","osh_disable_topbar_sticky":"default","osh_disable_header_sticky":"default","osh_sticky_header_style":"default","osh_sticky_header_effect":"","osh_custom_sticky_logo":0,"osh_custom_retina_sticky_logo":0,"osh_custom_sticky_logo_height":0,"osh_background_color":"","osh_links_color":"","osh_links_hover_color":"","osh_links_active_color":"","osh_links_bg_color":"","osh_links_hover_bg_color":"","osh_links_active_bg_color":"","osh_menu_social_links_color":"","osh_menu_social_hover_links_color":""},"product_brand":[],"product_cat":[38,37],"product_tag":[191,73,378,379,92],"class_list":{"0":"post-4018","1":"product","2":"type-product","3":"status-publish","4":"has-post-thumbnail","6":"product_cat-electric-pressure-relief-pumps","7":"product_cat-single-line-grease-systems","8":"product_tag-cnc-lubrication-pump","9":"product_tag-electric-lubrication-pump","10":"product_tag-lhl-lubrication-pump","11":"product_tag-machine-tool-lubrication-pump","12":"product_tag-single-line-lubrication-pump","14":"entry","15":"has-media","17":"first","18":"instock","19":"shipping-taxable","20":"product-type-external","21":"col","22":"span_1_of_3","23":"owp-content-center","24":"owp-thumbs-layout-horizontal","25":"owp-btn-very-big","26":"owp-tabs-layout-horizontal"},"_links":{"self":[{"href":"https:\/\/www.jinpinlub.com\/fr\/wp-json\/wp\/v2\/product\/4018","targetHints":{"allow":["GET"]}}],"collection":[{"href":"https:\/\/www.jinpinlub.com\/fr\/wp-json\/wp\/v2\/product"}],"about":[{"href":"https:\/\/www.jinpinlub.com\/fr\/wp-json\/wp\/v2\/types\/product"}],"wp:featuredmedia":[{"embeddable":true,"href":"https:\/\/www.jinpinlub.com\/fr\/wp-json\/wp\/v2\/media\/4019"}],"wp:attachment":[{"href":"https:\/\/www.jinpinlub.com\/fr\/wp-json\/wp\/v2\/media?parent=4018"}],"wp:term":[{"taxonomy":"product_brand","embeddable":true,"href":"https:\/\/www.jinpinlub.com\/fr\/wp-json\/wp\/v2\/product_brand?post=4018"},{"taxonomy":"product_cat","embeddable":true,"href":"https:\/\/www.jinpinlub.com\/fr\/wp-json\/wp\/v2\/product_cat?post=4018"},{"taxonomy":"product_tag","embeddable":true,"href":"https:\/\/www.jinpinlub.com\/fr\/wp-json\/wp\/v2\/product_tag?post=4018"}],"curies":[{"name":"wp","href":"https:\/\/api.w.org\/{rel}","templated":true}]}}