{"id":4023,"date":"2024-12-13T04:49:24","date_gmt":"2024-12-12T20:49:24","guid":{"rendered":"https:\/\/www.jinpinlub.com\/?post_type=product&#038;p=4023"},"modified":"2024-12-13T05:49:16","modified_gmt":"2024-12-12T21:49:16","slug":"jinpinlub-j200-cnc-lubrication-pump-for-lhl-grease-cartridge","status":"publish","type":"product","link":"https:\/\/www.jinpinlub.com\/fr\/product\/jinpinlub-j200-cnc-lubrication-pump-for-lhl-grease-cartridge\/","title":{"rendered":"Pompe de lubrification CNC Jinpinlub J200 pour cartouche de graisse LHL"},"content":{"rendered":"<h2>Caract\u00e9ristiques<\/h2>\n<p><span id=\"input-sentence~0\">\u2013 La pression de fonctionnement de cette pompe de lubrification J200 est comprise entre 5 MPa et 8 MPa, ce qui assure une distribution stable et haute pression du lubrifiant.<br \/>\n\u2013 Le d\u00e9bit de lubrifiant de la pompe de lubrification est de 7 ml par minute. Ce d\u00e9bit stable contribue au bon fonctionnement du syst\u00e8me de lubrification.<\/span><span id=\"input-sentence~1\"><br \/>\n\u2013 La pompe de lubrification J20 a un indice de protection IP54, ce qui signifie qu&#039;elle a une bonne r\u00e9sistance \u00e0 la poussi\u00e8re et \u00e0 l&#039;eau et peut fonctionner de mani\u00e8re fiable dans des environnements poussi\u00e9reux et humides.<br \/>\n\u2013 La pompe de lubrification est aliment\u00e9e par une alimentation CC de 24 V. Cette conception garantit non seulement un fonctionnement efficace de la pompe, mais aussi des \u00e9conomies d&#039;\u00e9nergie.<br \/>\n\u2013 La pompe de lubrification est \u00e9quip\u00e9e d&#039;un interrupteur d&#039;alimentation et d&#039;un interrupteur de niveau de lubrifiant en option pour la surveillance et le fonctionnement par l&#039;utilisateur. De plus, une cartouche de graisse amovible sp\u00e9cifique est utilis\u00e9e.<\/span><\/p>\n<h2>Sp\u00e9cification<\/h2>\n<table>\n<tbody>\n<tr>\n<td>Mod\u00e8le<\/td>\n<td>J200-3D<\/td>\n<\/tr>\n<tr>\n<td>Temps de lubrification<\/td>\n<td>PLC ou contr\u00f4leur externe<\/td>\n<\/tr>\n<tr>\n<td>Intervalle de temps<\/td>\n<td>PLC ou contr\u00f4leur externe<\/td>\n<\/tr>\n<tr>\n<td>Temp\u00e9rature de fonctionnement<\/td>\n<td>0\u2103~ +50\u00b0C (les conditions de basse temp\u00e9rature n\u00e9cessitent une graisse antigel)<\/td>\n<\/tr>\n<tr>\n<td>Nombre de points de vente<\/td>\n<td>1 ou 2<\/td>\n<\/tr>\n<tr>\n<td>Capacit\u00e9 du r\u00e9servoir<\/td>\n<td>0,3 L, 0,5 L, 0,7 L<\/td>\n<\/tr>\n<tr>\n<td>Remplissage<\/td>\n<td>R\u00e9servoir\/cartouche amovible<\/td>\n<\/tr>\n<tr>\n<td>Lubrifiant<\/td>\n<td>Graisses de grade NLGI 000~2#<\/td>\n<\/tr>\n<tr>\n<td>Soupape de surpression<\/td>\n<td>Assembl\u00e9<\/td>\n<\/tr>\n<tr>\n<td>D\u00e9charge<\/td>\n<td>7 mL\/min<\/td>\n<\/tr>\n<tr>\n<td>Pression de service max.<\/td>\n<td>5,0 ou 8,0 MPa<\/td>\n<\/tr>\n<tr>\n<td>Fil de connexion<\/td>\n<td>Sortie \u03a66<\/td>\n<\/tr>\n<tr>\n<td>Tension de fonctionnement<\/td>\n<td>24 V CC<\/td>\n<\/tr>\n<tr>\n<td>Certification<\/td>\n<td>CE<\/td>\n<\/tr>\n<tr>\n<td>Interrupteur de bas niveau<\/td>\n<td>Contact NC<\/td>\n<\/tr>\n<\/tbody>\n<\/table>\n<h2>Remplissage<\/h2>\n<p>\u2013 Si la pompe de lubrification ne d\u00e9verse pas de graisse, il se peut qu&#039;il reste moins de graisse dans le r\u00e9servoir. Si la valve ne d\u00e9verse pas de graisse, elle est peut-\u00eatre obstru\u00e9e.<br \/>\n\u2013 Si de l&#039;air est pr\u00e9sent dans la pompe de lubrification, purgez-le conform\u00e9ment aux instructions du manuel d&#039;utilisation. Si de l&#039;air est pr\u00e9sent dans la canalisation principale, retirez le bouchon et actionnez la pompe pour purger l&#039;air.<br \/>\n\u2013 Si la pompe de lubrification ne fonctionne pas, v\u00e9rifiez le branchement de l&#039;alimentation 24 V CC afin de vous assurer que les p\u00f4les positif et n\u00e9gatif des fils sont correctement connect\u00e9s. M\u00eame si la polarit\u00e9 est incorrecte, la pompe ne sera pas endommag\u00e9e, mais une correction est n\u00e9cessaire.<br \/>\n\u2013 Si la pompe de lubrification refoule une faible pression, il peut y avoir une fuite \u00e0 la sortie de la pompe ou au niveau des raccords de la tuyauterie de la machine. Si la tuyauterie est endommag\u00e9e, elle doit \u00eatre remplac\u00e9e.<br \/>\n\u2013 Si la pression de la canalisation principale n&#039;est pas \u00e9tablie, consultez le service apr\u00e8s-vente pour savoir si la pompe de lubrification ne refoule pas de graisse. Il peut \u00e9galement s&#039;agir d&#039;une panne de courant, d&#039;un dommage \u00e0 la canalisation ou de la pr\u00e9sence d&#039;air dans le syst\u00e8me.<\/p>\n<h2>Manuels<\/h2>\n<div class=\"sdm_download_button_box_default\"><div class=\"sdm_download_link\"><a href=\"https:\/\/www.jinpinlub.com\/fr\/?sdm_process_download=1&download_id=3962\" class=\"sdm_download white\" title=\"Priv\u00e9\u00a0: J200 Electric Pump\" target=\"&quot;_blank&quot;\">Voir la fiche technique - Pompe \u00e0 graisse J200<\/a><\/div><\/div>","protected":false},"excerpt":{"rendered":"<p>La pompe de lubrification Jinpinlub J200 est une petite pompe \u00e0 graisse \u00e9lectrique offrant des fonctions de remplissage pratique, de d\u00e9tection automatique de la pression du syst\u00e8me, de contr\u00f4le automatique du temps de fonctionnement et de l&#039;intervalle de temps, ainsi que de d\u00e9compression automatique. Compacte et fiable, elle est id\u00e9ale pour les applications n\u00e9cessitant une maintenance ais\u00e9e.<\/p>","protected":false},"featured_media":4024,"template":"","meta":{"ocean_post_layout":"","ocean_both_sidebars_style":"","ocean_both_sidebars_content_width":0,"ocean_both_sidebars_sidebars_width":0,"ocean_sidebar":"0","ocean_second_sidebar":"0","ocean_disable_margins":"enable","ocean_add_body_class":"","ocean_shortcode_before_top_bar":"","ocean_shortcode_after_top_bar":"","ocean_shortcode_before_header":"","ocean_shortcode_after_header":"","ocean_has_shortcode":"","ocean_shortcode_after_title":"","ocean_shortcode_before_footer_widgets":"","ocean_shortcode_after_footer_widgets":"","ocean_shortcode_before_footer_bottom":"","ocean_shortcode_after_footer_bottom":"","ocean_display_top_bar":"default","ocean_display_header":"default","ocean_header_style":"","ocean_center_header_left_menu":"0","ocean_custom_header_template":"0","ocean_custom_logo":0,"ocean_custom_retina_logo":0,"ocean_custom_logo_max_width":0,"ocean_custom_logo_tablet_max_width":0,"ocean_custom_logo_mobile_max_width":0,"ocean_custom_logo_max_height":0,"ocean_custom_logo_tablet_max_height":0,"ocean_custom_logo_mobile_max_height":0,"ocean_header_custom_menu":"0","ocean_menu_typo_font_family":"0","ocean_menu_typo_font_subset":"","ocean_menu_typo_font_size":0,"ocean_menu_typo_font_size_tablet":0,"ocean_menu_typo_font_size_mobile":0,"ocean_menu_typo_font_size_unit":"px","ocean_menu_typo_font_weight":"","ocean_menu_typo_font_weight_tablet":"","ocean_menu_typo_font_weight_mobile":"","ocean_menu_typo_transform":"","ocean_menu_typo_transform_tablet":"","ocean_menu_typo_transform_mobile":"","ocean_menu_typo_line_height":0,"ocean_menu_typo_line_height_tablet":0,"ocean_menu_typo_line_height_mobile":0,"ocean_menu_typo_line_height_unit":"","ocean_menu_typo_spacing":0,"ocean_menu_typo_spacing_tablet":0,"ocean_menu_typo_spacing_mobile":0,"ocean_menu_typo_spacing_unit":"","ocean_menu_link_color":"","ocean_menu_link_color_hover":"","ocean_menu_link_color_active":"","ocean_menu_link_background":"","ocean_menu_link_hover_background":"","ocean_menu_link_active_background":"","ocean_menu_social_links_bg":"","ocean_menu_social_hover_links_bg":"","ocean_menu_social_links_color":"","ocean_menu_social_hover_links_color":"","ocean_disable_title":"default","ocean_disable_heading":"default","ocean_post_title":"","ocean_post_subheading":"","ocean_post_title_style":"","ocean_post_title_background_color":"","ocean_post_title_background":0,"ocean_post_title_bg_image_position":"","ocean_post_title_bg_image_attachment":"","ocean_post_title_bg_image_repeat":"","ocean_post_title_bg_image_size":"","ocean_post_title_height":0,"ocean_post_title_bg_overlay":0.5,"ocean_post_title_bg_overlay_color":"","ocean_disable_breadcrumbs":"default","ocean_breadcrumbs_color":"","ocean_breadcrumbs_separator_color":"","ocean_breadcrumbs_links_color":"","ocean_breadcrumbs_links_hover_color":"","ocean_display_footer_widgets":"default","ocean_display_footer_bottom":"default","ocean_custom_footer_template":"0","osh_disable_topbar_sticky":"default","osh_disable_header_sticky":"default","osh_sticky_header_style":"default","osh_sticky_header_effect":"","osh_custom_sticky_logo":0,"osh_custom_retina_sticky_logo":0,"osh_custom_sticky_logo_height":0,"osh_background_color":"","osh_links_color":"","osh_links_hover_color":"","osh_links_active_color":"","osh_links_bg_color":"","osh_links_hover_bg_color":"","osh_links_active_bg_color":"","osh_menu_social_links_color":"","osh_menu_social_hover_links_color":""},"product_brand":[],"product_cat":[38,37],"product_tag":[73,380,378,111,92],"class_list":{"0":"post-4023","1":"product","2":"type-product","3":"status-publish","4":"has-post-thumbnail","6":"product_cat-electric-pressure-relief-pumps","7":"product_cat-single-line-grease-systems","8":"product_tag-electric-lubrication-pump","9":"product_tag-jinpuinlub-lubrication-pump","10":"product_tag-lhl-lubrication-pump","11":"product_tag-oil-lubrication-pump","12":"product_tag-single-line-lubrication-pump","14":"entry","15":"has-media","17":"first","18":"instock","19":"shipping-taxable","20":"product-type-external","21":"col","22":"span_1_of_3","23":"owp-content-center","24":"owp-thumbs-layout-horizontal","25":"owp-btn-very-big","26":"owp-tabs-layout-horizontal"},"_links":{"self":[{"href":"https:\/\/www.jinpinlub.com\/fr\/wp-json\/wp\/v2\/product\/4023","targetHints":{"allow":["GET"]}}],"collection":[{"href":"https:\/\/www.jinpinlub.com\/fr\/wp-json\/wp\/v2\/product"}],"about":[{"href":"https:\/\/www.jinpinlub.com\/fr\/wp-json\/wp\/v2\/types\/product"}],"wp:featuredmedia":[{"embeddable":true,"href":"https:\/\/www.jinpinlub.com\/fr\/wp-json\/wp\/v2\/media\/4024"}],"wp:attachment":[{"href":"https:\/\/www.jinpinlub.com\/fr\/wp-json\/wp\/v2\/media?parent=4023"}],"wp:term":[{"taxonomy":"product_brand","embeddable":true,"href":"https:\/\/www.jinpinlub.com\/fr\/wp-json\/wp\/v2\/product_brand?post=4023"},{"taxonomy":"product_cat","embeddable":true,"href":"https:\/\/www.jinpinlub.com\/fr\/wp-json\/wp\/v2\/product_cat?post=4023"},{"taxonomy":"product_tag","embeddable":true,"href":"https:\/\/www.jinpinlub.com\/fr\/wp-json\/wp\/v2\/product_tag?post=4023"}],"curies":[{"name":"wp","href":"https:\/\/api.w.org\/{rel}","templated":true}]}}