{"id":4028,"date":"2024-12-13T05:32:23","date_gmt":"2024-12-12T21:32:23","guid":{"rendered":"https:\/\/www.jinpinlub.com\/?post_type=product&#038;p=4028"},"modified":"2024-12-13T05:48:01","modified_gmt":"2024-12-12T21:48:01","slug":"pompe-de-lubrification-de-precision-amovible-j200-pour-meulage-cnc","status":"publish","type":"product","link":"https:\/\/www.jinpinlub.com\/fr\/product\/j200-detachable-precision-lubrication-pump-for-grinding-cnc\/","title":{"rendered":"Pompe de lubrification de pr\u00e9cision amovible J200 pour meulage CNC"},"content":{"rendered":"<h2>Caract\u00e9ristiques<\/h2>\n<p>Fonction de commutation de niveau<br \/>\nLe contacteur de niveau est int\u00e9gr\u00e9 \u00e0 la pompe de lubrification J200. Lorsque le contacteur de niveau est activ\u00e9, la pompe peut \u00eatre arr\u00eat\u00e9e avant que la graisse ne soit compl\u00e8tement \u00e9puis\u00e9e, ce qui emp\u00eache efficacement l&#039;air de se m\u00e9langer \u00e0 la graisse et assure le fonctionnement normal du syst\u00e8me de lubrification.<br \/>\nRestrictions des conditions de travail<br \/>\nLe contacteur de niveau \u00e9met un signal uniquement lorsque la pompe de lubrification J200 est sous tension. \u00c9tant donn\u00e9 que la pompe s&#039;arr\u00eate lorsque le contacteur de niveau est activ\u00e9, cela peut entra\u00eener un dysfonctionnement du contacteur de pression et l&#039;\u00e9mission d&#039;un signal de pression anormal.<br \/>\nPr\u00e9cautions d&#039;utilisation<br \/>\nL&#039;interrupteur de niveau et l&#039;adaptateur de filtre forment une unit\u00e9 int\u00e9grale. Lorsque la cartouche vide est retir\u00e9e, la sortie anormale c\u00f4t\u00e9 appareil reste pr\u00e9sente. Si l&#039;alimentation est mise sous tension dans ce cas, la pompe de lubrification J200 aspirera de l&#039;air. Par cons\u00e9quent, veillez \u00e0 ins\u00e9rer une nouvelle cartouche avant de remettre l&#039;alimentation sous tension et de lib\u00e9rer la sortie anormale.<\/p>\n<h2>Sp\u00e9cification<\/h2>\n<table>\n<tbody>\n<tr>\n<td>Mod\u00e8le<\/td>\n<td>J200-5D<\/td>\n<\/tr>\n<tr>\n<td>Temps de lubrification<\/td>\n<td>PLC ou contr\u00f4leur externe<\/td>\n<\/tr>\n<tr>\n<td>Intervalle de temps<\/td>\n<td>PLC ou contr\u00f4leur externe<\/td>\n<\/tr>\n<tr>\n<td>Temp\u00e9rature de fonctionnement<\/td>\n<td>0\u2103~ +50\u00b0C (les conditions de basse temp\u00e9rature n\u00e9cessitent une graisse antigel)<\/td>\n<\/tr>\n<tr>\n<td>Nombre de points de vente<\/td>\n<td>1 ou 2<\/td>\n<\/tr>\n<tr>\n<td>Capacit\u00e9 du r\u00e9servoir<\/td>\n<td>0,3 L, 0,5 L, 0,7 L<\/td>\n<\/tr>\n<tr>\n<td>Remplissage<\/td>\n<td>R\u00e9servoir\/cartouche amovible<\/td>\n<\/tr>\n<tr>\n<td>Lubrifiant<\/td>\n<td>Graisses de grade NLGI 000~2#<\/td>\n<\/tr>\n<tr>\n<td>Soupape de surpression<\/td>\n<td>Assembl\u00e9<\/td>\n<\/tr>\n<tr>\n<td>D\u00e9charge<\/td>\n<td>7 mL\/min<\/td>\n<\/tr>\n<tr>\n<td>Pression de service max.<\/td>\n<td>5,0 ou 8,0 MPa<\/td>\n<\/tr>\n<tr>\n<td>Fil de connexion<\/td>\n<td>Sortie \u03a66<\/td>\n<\/tr>\n<tr>\n<td>Tension de fonctionnement<\/td>\n<td>24 V CC<\/td>\n<\/tr>\n<tr>\n<td>Certification<\/td>\n<td>CE<\/td>\n<\/tr>\n<tr>\n<td>Interrupteur de bas niveau<\/td>\n<td>Contact NC<\/td>\n<\/tr>\n<\/tbody>\n<\/table>\n<h2>Pipeline<\/h2>\n<p>1. \u00c9tapes de connexion<br \/>\nRaccorder le tuyau \u00e0 la sortie de la pompe de lubrification. Utiliser un tuyau ayant une r\u00e9sistance \u00e0 la pression de 10 MPa ou plus. Tout d&#039;abord, fixer manuellement le joint pour assurer la stabilit\u00e9 initiale de la connexion. Ensuite, le serrer avec une cl\u00e9. Faire attention \u00e0 la force mod\u00e9r\u00e9e de cette op\u00e9ration. Le couple appropri\u00e9 est de 7,1 N\uff65m.<br \/>\n2. V\u00e9rifiez apr\u00e8s la connexion<br \/>\nUne fois le raccordement termin\u00e9, assurez-vous de v\u00e9rifier soigneusement s&#039;il y a une fuite de graisse au niveau du joint pour assurer l&#039;\u00e9tanch\u00e9it\u00e9 du raccordement. Ensuite, \u00e9vacuez l&#039;air pour \u00e9liminer l&#039;air qui peut exister dans le tuyau et la pompe de lubrification.<br \/>\n3. Description de la situation de pression<br \/>\nBien qu&#039;une pression de 8 MPa ou plus puisse se produire lorsque la conduite principale est courte, cela ne posera pas de probl\u00e8mes dans des conditions normales d&#039;utilisation, mais il est toujours n\u00e9cessaire de faire attention aux changements de pression du syst\u00e8me de lubrification pour s&#039;assurer qu&#039;il se situe dans la plage de fonctionnement normale.<\/p>\n<h2>Manuels<\/h2>\n<div class=\"sdm_download_button_box_default\"><div class=\"sdm_download_link\"><a href=\"https:\/\/www.jinpinlub.com\/fr\/?sdm_process_download=1&download_id=3962\" class=\"sdm_download white\" title=\"Priv\u00e9\u00a0: J200 Electric Pump\" target=\"&quot;_blank&quot;\">Voir la fiche technique - Pompe \u00e0 graisse J200<\/a><\/div><\/div>","protected":false},"excerpt":{"rendered":"<p>Jinpinlub J200 est une pompe de lubrification haute performance. Son d\u00e9bit est pr\u00e9cis, sa conception structurelle est exquise et compacte, son installation est pratique et elle convient \u00e0 divers espaces d&#039;appareils. Son bruit de fonctionnement est extr\u00eamement faible, cr\u00e9ant un environnement de travail silencieux.<\/p>","protected":false},"featured_media":4029,"template":"","meta":{"ocean_post_layout":"","ocean_both_sidebars_style":"","ocean_both_sidebars_content_width":0,"ocean_both_sidebars_sidebars_width":0,"ocean_sidebar":"0","ocean_second_sidebar":"0","ocean_disable_margins":"enable","ocean_add_body_class":"","ocean_shortcode_before_top_bar":"","ocean_shortcode_after_top_bar":"","ocean_shortcode_before_header":"","ocean_shortcode_after_header":"","ocean_has_shortcode":"","ocean_shortcode_after_title":"","ocean_shortcode_before_footer_widgets":"","ocean_shortcode_after_footer_widgets":"","ocean_shortcode_before_footer_bottom":"","ocean_shortcode_after_footer_bottom":"","ocean_display_top_bar":"default","ocean_display_header":"default","ocean_header_style":"","ocean_center_header_left_menu":"0","ocean_custom_header_template":"0","ocean_custom_logo":0,"ocean_custom_retina_logo":0,"ocean_custom_logo_max_width":0,"ocean_custom_logo_tablet_max_width":0,"ocean_custom_logo_mobile_max_width":0,"ocean_custom_logo_max_height":0,"ocean_custom_logo_tablet_max_height":0,"ocean_custom_logo_mobile_max_height":0,"ocean_header_custom_menu":"0","ocean_menu_typo_font_family":"0","ocean_menu_typo_font_subset":"","ocean_menu_typo_font_size":0,"ocean_menu_typo_font_size_tablet":0,"ocean_menu_typo_font_size_mobile":0,"ocean_menu_typo_font_size_unit":"px","ocean_menu_typo_font_weight":"","ocean_menu_typo_font_weight_tablet":"","ocean_menu_typo_font_weight_mobile":"","ocean_menu_typo_transform":"","ocean_menu_typo_transform_tablet":"","ocean_menu_typo_transform_mobile":"","ocean_menu_typo_line_height":0,"ocean_menu_typo_line_height_tablet":0,"ocean_menu_typo_line_height_mobile":0,"ocean_menu_typo_line_height_unit":"","ocean_menu_typo_spacing":0,"ocean_menu_typo_spacing_tablet":0,"ocean_menu_typo_spacing_mobile":0,"ocean_menu_typo_spacing_unit":"","ocean_menu_link_color":"","ocean_menu_link_color_hover":"","ocean_menu_link_color_active":"","ocean_menu_link_background":"","ocean_menu_link_hover_background":"","ocean_menu_link_active_background":"","ocean_menu_social_links_bg":"","ocean_menu_social_hover_links_bg":"","ocean_menu_social_links_color":"","ocean_menu_social_hover_links_color":"","ocean_disable_title":"default","ocean_disable_heading":"default","ocean_post_title":"","ocean_post_subheading":"","ocean_post_title_style":"","ocean_post_title_background_color":"","ocean_post_title_background":0,"ocean_post_title_bg_image_position":"","ocean_post_title_bg_image_attachment":"","ocean_post_title_bg_image_repeat":"","ocean_post_title_bg_image_size":"","ocean_post_title_height":0,"ocean_post_title_bg_overlay":0.5,"ocean_post_title_bg_overlay_color":"","ocean_disable_breadcrumbs":"default","ocean_breadcrumbs_color":"","ocean_breadcrumbs_separator_color":"","ocean_breadcrumbs_links_color":"","ocean_breadcrumbs_links_hover_color":"","ocean_display_footer_widgets":"default","ocean_display_footer_bottom":"default","ocean_custom_footer_template":"0","osh_disable_topbar_sticky":"default","osh_disable_header_sticky":"default","osh_sticky_header_style":"default","osh_sticky_header_effect":"","osh_custom_sticky_logo":0,"osh_custom_retina_sticky_logo":0,"osh_custom_sticky_logo_height":0,"osh_background_color":"","osh_links_color":"","osh_links_hover_color":"","osh_links_active_color":"","osh_links_bg_color":"","osh_links_hover_bg_color":"","osh_links_active_bg_color":"","osh_menu_social_links_color":"","osh_menu_social_hover_links_color":""},"product_brand":[],"product_cat":[38,37],"product_tag":[73,380,378,111,92],"class_list":{"0":"post-4028","1":"product","2":"type-product","3":"status-publish","4":"has-post-thumbnail","6":"product_cat-electric-pressure-relief-pumps","7":"product_cat-single-line-grease-systems","8":"product_tag-electric-lubrication-pump","9":"product_tag-jinpuinlub-lubrication-pump","10":"product_tag-lhl-lubrication-pump","11":"product_tag-oil-lubrication-pump","12":"product_tag-single-line-lubrication-pump","14":"entry","15":"has-media","17":"first","18":"instock","19":"shipping-taxable","20":"product-type-external","21":"col","22":"span_1_of_3","23":"owp-content-center","24":"owp-thumbs-layout-horizontal","25":"owp-btn-very-big","26":"owp-tabs-layout-horizontal"},"_links":{"self":[{"href":"https:\/\/www.jinpinlub.com\/fr\/wp-json\/wp\/v2\/product\/4028","targetHints":{"allow":["GET"]}}],"collection":[{"href":"https:\/\/www.jinpinlub.com\/fr\/wp-json\/wp\/v2\/product"}],"about":[{"href":"https:\/\/www.jinpinlub.com\/fr\/wp-json\/wp\/v2\/types\/product"}],"wp:featuredmedia":[{"embeddable":true,"href":"https:\/\/www.jinpinlub.com\/fr\/wp-json\/wp\/v2\/media\/4029"}],"wp:attachment":[{"href":"https:\/\/www.jinpinlub.com\/fr\/wp-json\/wp\/v2\/media?parent=4028"}],"wp:term":[{"taxonomy":"product_brand","embeddable":true,"href":"https:\/\/www.jinpinlub.com\/fr\/wp-json\/wp\/v2\/product_brand?post=4028"},{"taxonomy":"product_cat","embeddable":true,"href":"https:\/\/www.jinpinlub.com\/fr\/wp-json\/wp\/v2\/product_cat?post=4028"},{"taxonomy":"product_tag","embeddable":true,"href":"https:\/\/www.jinpinlub.com\/fr\/wp-json\/wp\/v2\/product_tag?post=4028"}],"curies":[{"name":"wp","href":"https:\/\/api.w.org\/{rel}","templated":true}]}}