{"id":4035,"date":"2024-12-16T21:43:19","date_gmt":"2024-12-16T13:43:19","guid":{"rendered":"https:\/\/www.jinpinlub.com\/?post_type=product&#038;p=4035"},"modified":"2024-12-16T22:10:13","modified_gmt":"2024-12-16T14:10:13","slug":"systeme-de-lubrification-electrique-progressif-j203-pour-excavatrice","status":"publish","type":"product","link":"https:\/\/www.jinpinlub.com\/fr\/product\/j203-electric-progressive-lubrication-system-for-excavator\/","title":{"rendered":"Syst\u00e8me de lubrification \u00e9lectrique progressif J203 pour excavatrice"},"content":{"rendered":"<h2>Caract\u00e9ristiques<\/h2>\n<p>1. Le corps de la pompe de lubrification a diff\u00e9rentes conceptions : il existe des conceptions avec ou sans plaques suiveuses, les plaques suiveuses am\u00e9liorent la capacit\u00e9 d&#039;absorption d&#039;huile, il existe divers composants de pompe, adapt\u00e9s \u00e0 diff\u00e9rentes graisses, et la conception est flexible.<br \/>\n2. Contr\u00f4le et surveillance pr\u00e9cis : la carte de commande dispose de fonctions riches et peut r\u00e9gler l&#039;heure avec pr\u00e9cision. Certaines pompes de lubrification sont \u00e9quip\u00e9es de capteurs pour surveiller le niveau de liquide. Le traitement du signal n\u00e9cessite une programmation pour assurer un fonctionnement stable.<br \/>\n3. Diverses connexions \u00e9lectriques : tension optionnelle, m\u00e9thodes de connexion multiples, selon le type de pompe de lubrification, doivent suivre les normes pour assurer la s\u00e9curit\u00e9 et le niveau de protection est li\u00e9 aux composants.<br \/>\n4. Bonne adaptabilit\u00e9 environnementale : la temp\u00e9rature affecte les performances, diff\u00e9rentes pompes de lubrification ont des exigences correspondantes, la conception du r\u00e9servoir est diversifi\u00e9e, diff\u00e9rentes capacit\u00e9s de 2L, 4L, 8L, 15L peuvent \u00eatre s\u00e9lectionn\u00e9es, installation flexible et adaptable \u00e0 diverses conditions de travail.<br \/>\n5. Excellente capacit\u00e9 de distribution : le d\u00e9bit de distribution nominal varie en fonction des composants et de la graisse, est affect\u00e9 par de nombreux facteurs, peut \u00eatre ajust\u00e9 et il existe des tableaux pour aider au calcul et au r\u00e9glage.<\/p>\n<h2>Sp\u00e9cification<\/h2>\n<table>\n<tbody>\n<tr>\n<td>Temp\u00e9rature de fonctionnement<\/td>\n<td>(-40\u00b0C \u00e0 +70\u00b0C)<\/td>\n<\/tr>\n<tr>\n<td>Nombre de points de vente<\/td>\n<td>1, 2 ou 3<\/td>\n<\/tr>\n<tr>\n<td>Capacit\u00e9 du r\u00e9servoir<\/td>\n<td>2L, 4L, 8L, 15L<\/td>\n<\/tr>\n<tr>\n<td>Remplissage<\/td>\n<td>Raccord de lubrification hydraulique ou par le haut<\/td>\n<\/tr>\n<tr>\n<td>Lubrifiant<\/td>\n<td>Graisses de grade NLGI 2 minimum, huiles jusqu&#039;\u00e0 40 mm\u00b2\/s (cSt) \u00e0 40\u00b0 C<\/td>\n<\/tr>\n<tr>\n<td>Classe de protection<\/td>\n<td>IP6K 9K<\/td>\n<\/tr>\n<tr>\n<td>Diam\u00e8tre du piston, K5<\/td>\n<td>5 mm, environ 2 cm\u00b3\/min<\/td>\n<\/tr>\n<tr>\n<td>Diam\u00e8tre du piston (standard) K6<\/td>\n<td>6 mm, environ 2,8 cm\u00b3\/min<\/td>\n<\/tr>\n<tr>\n<td>Diam\u00e8tre du piston, K7<\/td>\n<td>7 mm, environ 4 cm\u00b3\/min<\/td>\n<\/tr>\n<tr>\n<td>Pression de service max.<\/td>\n<td>350 bars<\/td>\n<\/tr>\n<tr>\n<td>Fil de connexion<\/td>\n<td>Sol 1\/4<\/td>\n<\/tr>\n<tr>\n<td>Tension de fonctionnement<\/td>\n<td>12 V CC, 24 V CC, 110-240 V CA<\/td>\n<\/tr>\n<\/tbody>\n<\/table>\n<h2>Entretien<\/h2>\n<p>1. Sp\u00e9cifications op\u00e9rationnelles<br \/>\nLe fonctionnement quotidien du syst\u00e8me de lubrification consiste \u00e0 ajouter de la graisse, \u00e0 d\u00e9clencher une lubrification suppl\u00e9mentaire et \u00e0 r\u00e9initialiser les messages d&#039;erreur. Il existe diff\u00e9rentes mani\u00e8res d&#039;ajouter de la graisse et les risques tels que l&#039;extrusion de la pale d&#039;agitation et les blessures dues \u00e0 la tension du ressort doivent \u00eatre \u00e9vit\u00e9s pendant le fonctionnement.<br \/>\nLes op\u00e9rations de d\u00e9clenchement et de r\u00e9initialisation sont effectu\u00e9es \u00e0 l&#039;aide des boutons de la carte de circuit imprim\u00e9 de commande. Le d\u00e9pannage doit \u00eatre effectu\u00e9 avant la r\u00e9initialisation. Les nouveaux param\u00e8tres prendront effet apr\u00e8s le red\u00e9marrage de l&#039;alimentation. Les op\u00e9rations des boutons sont limit\u00e9es dans le temps et dans la fonction.<br \/>\n2. Entretien rigoureux<br \/>\nV\u00e9rifiez r\u00e9guli\u00e8rement et de mani\u00e8re exhaustive le raccordement \u00e9lectrique, les performances, l&#039;installation des composants, la protection contre la pression, l&#039;\u00e9tat de l&#039;\u00e9quipement et les conditions de lubrification des machines et de la pompe de lubrification.<br \/>\nAvant de nettoyer la pompe de lubrification, coupez d&#039;abord l&#039;alimentation \u00e9lectrique, utilisez un produit nettoyant adapt\u00e9 pour \u00e9liminer les r\u00e9sidus, prenez de bonnes protections et \u00e9vitez tout contact avec des substances nocives.<\/p>\n<h2>Manuels<\/h2>\n<div class=\"sdm_download_button_box_default\"><div class=\"sdm_download_link\"><a href=\"https:\/\/www.jinpinlub.com\/fr\/?sdm_process_download=1&download_id=2429\" class=\"sdm_download white\" title=\"Priv\u00e9\u00a0: J203 Grease Pump\" target=\"&quot;_blank&quot;\">Voir la fiche technique - Pompe \u00e0 graisse J203<\/a><\/div><\/div>","protected":false},"excerpt":{"rendered":"<p>Le J203 est un syst\u00e8me de lubrification \u00e9lectrique progressif de Jinpinlub, adapt\u00e9 \u00e0 une vari\u00e9t\u00e9 d&#039;\u00e9quipements industriels. Il est compact, \u00e9conomique, peut fournir jusqu&#039;\u00e0 150 points de lubrification, prend en charge l&#039;alimentation CC ou CA et a une pression de service maximale de 350 bars.<\/p>","protected":false},"featured_media":4036,"template":"","meta":{"ocean_post_layout":"","ocean_both_sidebars_style":"","ocean_both_sidebars_content_width":0,"ocean_both_sidebars_sidebars_width":0,"ocean_sidebar":"0","ocean_second_sidebar":"0","ocean_disable_margins":"enable","ocean_add_body_class":"","ocean_shortcode_before_top_bar":"","ocean_shortcode_after_top_bar":"","ocean_shortcode_before_header":"","ocean_shortcode_after_header":"","ocean_has_shortcode":"","ocean_shortcode_after_title":"","ocean_shortcode_before_footer_widgets":"","ocean_shortcode_after_footer_widgets":"","ocean_shortcode_before_footer_bottom":"","ocean_shortcode_after_footer_bottom":"","ocean_display_top_bar":"default","ocean_display_header":"default","ocean_header_style":"","ocean_center_header_left_menu":"0","ocean_custom_header_template":"0","ocean_custom_logo":0,"ocean_custom_retina_logo":0,"ocean_custom_logo_max_width":0,"ocean_custom_logo_tablet_max_width":0,"ocean_custom_logo_mobile_max_width":0,"ocean_custom_logo_max_height":0,"ocean_custom_logo_tablet_max_height":0,"ocean_custom_logo_mobile_max_height":0,"ocean_header_custom_menu":"0","ocean_menu_typo_font_family":"0","ocean_menu_typo_font_subset":"","ocean_menu_typo_font_size":0,"ocean_menu_typo_font_size_tablet":0,"ocean_menu_typo_font_size_mobile":0,"ocean_menu_typo_font_size_unit":"px","ocean_menu_typo_font_weight":"","ocean_menu_typo_font_weight_tablet":"","ocean_menu_typo_font_weight_mobile":"","ocean_menu_typo_transform":"","ocean_menu_typo_transform_tablet":"","ocean_menu_typo_transform_mobile":"","ocean_menu_typo_line_height":0,"ocean_menu_typo_line_height_tablet":0,"ocean_menu_typo_line_height_mobile":0,"ocean_menu_typo_line_height_unit":"","ocean_menu_typo_spacing":0,"ocean_menu_typo_spacing_tablet":0,"ocean_menu_typo_spacing_mobile":0,"ocean_menu_typo_spacing_unit":"","ocean_menu_link_color":"","ocean_menu_link_color_hover":"","ocean_menu_link_color_active":"","ocean_menu_link_background":"","ocean_menu_link_hover_background":"","ocean_menu_link_active_background":"","ocean_menu_social_links_bg":"","ocean_menu_social_hover_links_bg":"","ocean_menu_social_links_color":"","ocean_menu_social_hover_links_color":"","ocean_disable_title":"default","ocean_disable_heading":"default","ocean_post_title":"","ocean_post_subheading":"","ocean_post_title_style":"","ocean_post_title_background_color":"","ocean_post_title_background":0,"ocean_post_title_bg_image_position":"","ocean_post_title_bg_image_attachment":"","ocean_post_title_bg_image_repeat":"","ocean_post_title_bg_image_size":"","ocean_post_title_height":0,"ocean_post_title_bg_overlay":0.5,"ocean_post_title_bg_overlay_color":"","ocean_disable_breadcrumbs":"default","ocean_breadcrumbs_color":"","ocean_breadcrumbs_separator_color":"","ocean_breadcrumbs_links_color":"","ocean_breadcrumbs_links_hover_color":"","ocean_display_footer_widgets":"default","ocean_display_footer_bottom":"default","ocean_custom_footer_template":"0","osh_disable_topbar_sticky":"default","osh_disable_header_sticky":"default","osh_sticky_header_style":"default","osh_sticky_header_effect":"","osh_custom_sticky_logo":0,"osh_custom_retina_sticky_logo":0,"osh_custom_sticky_logo_height":0,"osh_background_color":"","osh_links_color":"","osh_links_hover_color":"","osh_links_active_color":"","osh_links_bg_color":"","osh_links_hover_bg_color":"","osh_links_active_bg_color":"","osh_menu_social_links_color":"","osh_menu_social_hover_links_color":""},"product_brand":[],"product_cat":[42,41],"product_tag":[74,321,73,78,77],"class_list":{"0":"post-4035","1":"product","2":"type-product","3":"status-publish","4":"has-post-thumbnail","6":"product_cat-electric-progressive-pumps","7":"product_cat-progressive-grease-systems","8":"product_tag-automatic-lubrication-pump","9":"product_tag-automatic-lubrication-system","10":"product_tag-electric-lubrication-pump","11":"product_tag-excavator-lubrication-pump","12":"product_tag-grease-lubrication-pump","14":"entry","15":"has-media","17":"first","18":"instock","19":"shipping-taxable","20":"product-type-external","21":"col","22":"span_1_of_3","23":"owp-content-center","24":"owp-thumbs-layout-horizontal","25":"owp-btn-very-big","26":"owp-tabs-layout-horizontal"},"_links":{"self":[{"href":"https:\/\/www.jinpinlub.com\/fr\/wp-json\/wp\/v2\/product\/4035","targetHints":{"allow":["GET"]}}],"collection":[{"href":"https:\/\/www.jinpinlub.com\/fr\/wp-json\/wp\/v2\/product"}],"about":[{"href":"https:\/\/www.jinpinlub.com\/fr\/wp-json\/wp\/v2\/types\/product"}],"wp:featuredmedia":[{"embeddable":true,"href":"https:\/\/www.jinpinlub.com\/fr\/wp-json\/wp\/v2\/media\/4036"}],"wp:attachment":[{"href":"https:\/\/www.jinpinlub.com\/fr\/wp-json\/wp\/v2\/media?parent=4035"}],"wp:term":[{"taxonomy":"product_brand","embeddable":true,"href":"https:\/\/www.jinpinlub.com\/fr\/wp-json\/wp\/v2\/product_brand?post=4035"},{"taxonomy":"product_cat","embeddable":true,"href":"https:\/\/www.jinpinlub.com\/fr\/wp-json\/wp\/v2\/product_cat?post=4035"},{"taxonomy":"product_tag","embeddable":true,"href":"https:\/\/www.jinpinlub.com\/fr\/wp-json\/wp\/v2\/product_tag?post=4035"}],"curies":[{"name":"wp","href":"https:\/\/api.w.org\/{rel}","templated":true}]}}