{"id":4045,"date":"2024-12-17T01:12:55","date_gmt":"2024-12-16T17:12:55","guid":{"rendered":"https:\/\/www.jinpinlub.com\/?post_type=product&#038;p=4045"},"modified":"2024-12-17T01:54:14","modified_gmt":"2024-12-16T17:54:14","slug":"pompe-a-graisse-electrique-pour-systeme-de-lubrification-centralisee-jinpinlub","status":"publish","type":"product","link":"https:\/\/www.jinpinlub.com\/fr\/product\/jinpinlub-central-lubrication-system-electric-grease-pump\/","title":{"rendered":"Pompe \u00e0 graisse \u00e9lectrique pour syst\u00e8me de lubrification centralis\u00e9e Jinpinlub"},"content":{"rendered":"<h2>Caract\u00e9ristiques<\/h2>\n<p>1. Pompe de lubrification J203 sans plateau suiveur<br \/>\nFonction du r\u00e9servoir et de la palette d&#039;agitation : le r\u00e9servoir d&#039;huile stocke le lubrifiant, le couvercle est anti-pollution et pratique pour le ravitaillement en carburant, et le dispositif de ventilation assure la circulation de l&#039;air dans le r\u00e9servoir d&#039;huile lorsque la pompe fonctionne. La palette d&#039;agitation homog\u00e9n\u00e9ise le lubrifiant et aide la pompe \u00e0 aspirer l&#039;huile.<br \/>\nBase de pompe et connexion interne : La base accueille le moteur, les connexions \u00e9lectriques, les accessoires de remplissage et jusqu&#039;\u00e0 3 \u00e9l\u00e9ments de pompe, et le d\u00e9bit des diff\u00e9rents \u00e9l\u00e9ments varie.<br \/>\n2. Pompe de lubrification J203 avec plateau suiveur<br \/>\nR\u00e9servoir et pi\u00e8ces sp\u00e9ciales : La fonction du r\u00e9servoir est similaire \u00e0 celle de la pompe sans plaque suiveuse, et le dispositif de ventilation joue un r\u00f4le pendant le fonctionnement et le remplissage. La plaque suiveuse nouvellement ajout\u00e9e presse l&#039;huile avec un ressort, et la tige de contact r\u00e9alise la d\u00e9tection et l&#039;indication du niveau de liquide bas via le contact Reed.<br \/>\nExtension de connexion et de fonction : la fonction du bo\u00eetier de pompe reste inchang\u00e9e et la connexion \u00e9lectrique ajoute la fonction d&#039;indication du niveau de liquide. Les types de connexion sont des fiches carr\u00e9es ou des fiches M12.<\/p>\n<h2>Sp\u00e9cification<\/h2>\n<table>\n<tbody>\n<tr>\n<td>Temp\u00e9rature de fonctionnement<\/td>\n<td>(-40\u00b0C \u00e0 +70\u00b0C)<\/td>\n<\/tr>\n<tr>\n<td>Nombre de points de vente<\/td>\n<td>1, 2 ou 3<\/td>\n<\/tr>\n<tr>\n<td>Capacit\u00e9 du r\u00e9servoir<\/td>\n<td>2L, 4L, 8L, 15L<\/td>\n<\/tr>\n<tr>\n<td>Remplissage<\/td>\n<td>Raccord de lubrification hydraulique ou par le haut<\/td>\n<\/tr>\n<tr>\n<td>Lubrifiant<\/td>\n<td>Graisses de grade NLGI 2 minimum, huiles jusqu&#039;\u00e0 40 mm\u00b2\/s (cSt) \u00e0 40\u00b0 C<\/td>\n<\/tr>\n<tr>\n<td>Classe de protection<\/td>\n<td>IP6K 9K<\/td>\n<\/tr>\n<tr>\n<td>Diam\u00e8tre du piston, K5<\/td>\n<td>5 mm, environ 2 cm\u00b3\/min<\/td>\n<\/tr>\n<tr>\n<td>Diam\u00e8tre du piston (standard) K6<\/td>\n<td>6 mm, environ 2,8 cm\u00b3\/min<\/td>\n<\/tr>\n<tr>\n<td>Diam\u00e8tre du piston, K7<\/td>\n<td>7 mm, environ 4 cm\u00b3\/min<\/td>\n<\/tr>\n<tr>\n<td>Pression de service max.<\/td>\n<td>350 bars<\/td>\n<\/tr>\n<tr>\n<td>Fil de connexion<\/td>\n<td>Sol 1\/4<\/td>\n<\/tr>\n<tr>\n<td>Tension de fonctionnement<\/td>\n<td>12 V CC, 24 V CC, 110-240 V CA<\/td>\n<\/tr>\n<\/tbody>\n<\/table>\n<h2><span data-slate-fragment=\"JTVCJTdCJTIydHlwZSUyMiUzQSUyMnBhcmFncmFwaCUyMiUyQyUyMmNoaWxkcmVuJTIyJTNBJTVCJTdCJTIyaWQlMjIlM0ElMjJXUDU4YUw0Snc3JTIyJTJDJTIycGFyYUlkeCUyMiUzQTAlMkMlMjJzcmMlMjIlM0ElMjJtYWludGVuYW5jZSUyMiUyQyUyMmRzdCUyMiUzQSUyMiVFNyVCQiVCNCVFNCVCRiVBRSUyMiUyQyUyMm1ldGFkYXRhJTIyJTNBJTIyJTIyJTJDJTIybWV0YURhdGElMjIlM0ElNUIlNUQlMkMlMjJ0ZXh0JTIyJTNBJTIybWFpbnRlbmFuY2UlMjIlN0QlNUQlN0QlNUQ=\">Entretien<\/span><\/h2>\n<p>1. La pompe de lubrification ne fonctionne pas<br \/>\n\u2013 Panne de courant : la machine sup\u00e9rieure est \u00e9teinte, le c\u00e2ble de connexion est desserr\u00e9 ou endommag\u00e9, le fusible externe est grill\u00e9, v\u00e9rifiez et r\u00e9parez.<br \/>\n\u2013 Probl\u00e8me de mode de fonctionnement : en mode temps de pause, r\u00e9gler le mode de fonctionnement.<br \/>\n\u2013 D\u00e9faillance interne : le moteur, la carte d\u2019alimentation sont endommag\u00e9s ou le c\u00e2ble interne est cass\u00e9, inspection professionnelle et r\u00e9paration ou remplacement des pi\u00e8ces.<br \/>\n2. La pompe de lubrification fonctionne mais l&#039;alimentation en huile est faible ou inexistante<br \/>\n\u2013 D\u00e9faillance d\u2019un composant du syst\u00e8me : le syst\u00e8me de lubrification \u00e9lectrique est bloqu\u00e9, la soupape unidirectionnelle ou la soupape de surpression est endommag\u00e9e, remplacez les pi\u00e8ces d\u00e9fectueuses.<br \/>\n\u2013 Probl\u00e8me de composant de la pompe de lubrification : le trou d\u2019aspiration d\u2019huile est bouch\u00e9, le composant est ferm\u00e9, le lubrifiant pr\u00e9sente des bulles ou une viscosit\u00e9 anormale, v\u00e9rifiez et manipulez les composants de la pompe et le lubrifiant.<br \/>\n\u2013 Probl\u00e8me de dispositif de mesure : le dispositif de mesure est mal configur\u00e9, reconfigurez-le correctement. Assurez-vous que les mesures de s\u00e9curit\u00e9 sont en place et utilisez-le conform\u00e9ment \u00e0 la r\u00e9glementation avant la maintenance.<\/p>\n<h2>Manuels<\/h2>\n<div class=\"sdm_download_button_box_default\"><div class=\"sdm_download_link\"><a href=\"https:\/\/www.jinpinlub.com\/fr\/?sdm_process_download=1&download_id=2429\" class=\"sdm_download white\" title=\"Priv\u00e9\u00a0: J203 Grease Pump\" target=\"&quot;_blank&quot;\">Voir la fiche technique - Pompe \u00e0 graisse J203<\/a><\/div><\/div>","protected":false},"excerpt":{"rendered":"<p>J203 est une pompe de lubrification centralis\u00e9e automatique qui peut prendre en charge jusqu&#039;\u00e0 3 \u00e9l\u00e9ments de pompe et fournir jusqu&#039;\u00e0 150 points de lubrification, adapt\u00e9e \u00e0 des sc\u00e9narios tels que les machines de construction, les ch\u00e2ssis de bus, les machines de petite et moyenne taille et les industries conventionnelles.<\/p>","protected":false},"featured_media":4046,"template":"","meta":{"ocean_post_layout":"","ocean_both_sidebars_style":"","ocean_both_sidebars_content_width":0,"ocean_both_sidebars_sidebars_width":0,"ocean_sidebar":"0","ocean_second_sidebar":"0","ocean_disable_margins":"enable","ocean_add_body_class":"","ocean_shortcode_before_top_bar":"","ocean_shortcode_after_top_bar":"","ocean_shortcode_before_header":"","ocean_shortcode_after_header":"","ocean_has_shortcode":"","ocean_shortcode_after_title":"","ocean_shortcode_before_footer_widgets":"","ocean_shortcode_after_footer_widgets":"","ocean_shortcode_before_footer_bottom":"","ocean_shortcode_after_footer_bottom":"","ocean_display_top_bar":"default","ocean_display_header":"default","ocean_header_style":"","ocean_center_header_left_menu":"0","ocean_custom_header_template":"0","ocean_custom_logo":0,"ocean_custom_retina_logo":0,"ocean_custom_logo_max_width":0,"ocean_custom_logo_tablet_max_width":0,"ocean_custom_logo_mobile_max_width":0,"ocean_custom_logo_max_height":0,"ocean_custom_logo_tablet_max_height":0,"ocean_custom_logo_mobile_max_height":0,"ocean_header_custom_menu":"0","ocean_menu_typo_font_family":"0","ocean_menu_typo_font_subset":"","ocean_menu_typo_font_size":0,"ocean_menu_typo_font_size_tablet":0,"ocean_menu_typo_font_size_mobile":0,"ocean_menu_typo_font_size_unit":"px","ocean_menu_typo_font_weight":"","ocean_menu_typo_font_weight_tablet":"","ocean_menu_typo_font_weight_mobile":"","ocean_menu_typo_transform":"","ocean_menu_typo_transform_tablet":"","ocean_menu_typo_transform_mobile":"","ocean_menu_typo_line_height":0,"ocean_menu_typo_line_height_tablet":0,"ocean_menu_typo_line_height_mobile":0,"ocean_menu_typo_line_height_unit":"","ocean_menu_typo_spacing":0,"ocean_menu_typo_spacing_tablet":0,"ocean_menu_typo_spacing_mobile":0,"ocean_menu_typo_spacing_unit":"","ocean_menu_link_color":"","ocean_menu_link_color_hover":"","ocean_menu_link_color_active":"","ocean_menu_link_background":"","ocean_menu_link_hover_background":"","ocean_menu_link_active_background":"","ocean_menu_social_links_bg":"","ocean_menu_social_hover_links_bg":"","ocean_menu_social_links_color":"","ocean_menu_social_hover_links_color":"","ocean_disable_title":"default","ocean_disable_heading":"default","ocean_post_title":"","ocean_post_subheading":"","ocean_post_title_style":"","ocean_post_title_background_color":"","ocean_post_title_background":0,"ocean_post_title_bg_image_position":"","ocean_post_title_bg_image_attachment":"","ocean_post_title_bg_image_repeat":"","ocean_post_title_bg_image_size":"","ocean_post_title_height":0,"ocean_post_title_bg_overlay":0.5,"ocean_post_title_bg_overlay_color":"","ocean_disable_breadcrumbs":"default","ocean_breadcrumbs_color":"","ocean_breadcrumbs_separator_color":"","ocean_breadcrumbs_links_color":"","ocean_breadcrumbs_links_hover_color":"","ocean_display_footer_widgets":"default","ocean_display_footer_bottom":"default","ocean_custom_footer_template":"0","osh_disable_topbar_sticky":"default","osh_disable_header_sticky":"default","osh_sticky_header_style":"default","osh_sticky_header_effect":"","osh_custom_sticky_logo":0,"osh_custom_retina_sticky_logo":0,"osh_custom_sticky_logo_height":0,"osh_background_color":"","osh_links_color":"","osh_links_hover_color":"","osh_links_active_color":"","osh_links_bg_color":"","osh_links_hover_bg_color":"","osh_links_active_bg_color":"","osh_menu_social_links_color":"","osh_menu_social_hover_links_color":""},"product_brand":[],"product_cat":[42,41],"product_tag":[321,73,76,77,91],"class_list":{"0":"post-4045","1":"product","2":"type-product","3":"status-publish","4":"has-post-thumbnail","6":"product_cat-electric-progressive-pumps","7":"product_cat-progressive-grease-systems","8":"product_tag-automatic-lubrication-system","9":"product_tag-electric-lubrication-pump","10":"product_tag-electric-lubrication-system","11":"product_tag-grease-lubrication-pump","12":"product_tag-progressive-lubrication-pump","14":"entry","15":"has-media","17":"first","18":"instock","19":"shipping-taxable","20":"product-type-external","21":"col","22":"span_1_of_3","23":"owp-content-center","24":"owp-thumbs-layout-horizontal","25":"owp-btn-very-big","26":"owp-tabs-layout-horizontal"},"_links":{"self":[{"href":"https:\/\/www.jinpinlub.com\/fr\/wp-json\/wp\/v2\/product\/4045","targetHints":{"allow":["GET"]}}],"collection":[{"href":"https:\/\/www.jinpinlub.com\/fr\/wp-json\/wp\/v2\/product"}],"about":[{"href":"https:\/\/www.jinpinlub.com\/fr\/wp-json\/wp\/v2\/types\/product"}],"wp:featuredmedia":[{"embeddable":true,"href":"https:\/\/www.jinpinlub.com\/fr\/wp-json\/wp\/v2\/media\/4046"}],"wp:attachment":[{"href":"https:\/\/www.jinpinlub.com\/fr\/wp-json\/wp\/v2\/media?parent=4045"}],"wp:term":[{"taxonomy":"product_brand","embeddable":true,"href":"https:\/\/www.jinpinlub.com\/fr\/wp-json\/wp\/v2\/product_brand?post=4045"},{"taxonomy":"product_cat","embeddable":true,"href":"https:\/\/www.jinpinlub.com\/fr\/wp-json\/wp\/v2\/product_cat?post=4045"},{"taxonomy":"product_tag","embeddable":true,"href":"https:\/\/www.jinpinlub.com\/fr\/wp-json\/wp\/v2\/product_tag?post=4045"}],"curies":[{"name":"wp","href":"https:\/\/api.w.org\/{rel}","templated":true}]}}