{"id":4052,"date":"2025-01-01T21:06:51","date_gmt":"2025-01-01T13:06:51","guid":{"rendered":"https:\/\/www.jinpinlub.com\/?post_type=product&#038;p=4052"},"modified":"2025-01-02T00:29:16","modified_gmt":"2025-01-01T16:29:16","slug":"unite-de-controle-de-lubrification-minimale-mls-0-5l-pour-machine-a-scier","status":"publish","type":"product","link":"https:\/\/www.jinpinlub.com\/fr\/product\/mls-0-5l-minimal-lubrication-control-unit-for-sawing-machine\/","title":{"rendered":"Unit\u00e9 de contr\u00f4le de lubrification minimale MLS 4L pour machine \u00e0 scier"},"content":{"rendered":"<h2>Fonctionnalit\u00e9<\/h2>\n<p>1. Lubrification de pr\u00e9cision : la pompe de micro-lubrification a une bonne capacit\u00e9 de r\u00e9glage, une vis de dosage d&#039;air et un bouton de r\u00e9glage de la course de la pompe qui contr\u00f4lent avec pr\u00e9cision le volume de pulv\u00e9risation de la pompe d&#039;atomisation ; le g\u00e9n\u00e9rateur d&#039;impulsions contr\u00f4lant le taux de cycle de la pompe peut \u00eatre effectu\u00e9 de plusieurs types de mani\u00e8res de r\u00e9glage pr\u00e9cis.<br \/>\n2. Flexibilit\u00e9 de configuration\u00a0: Gr\u00e2ce \u00e0 sa conception modulaire, le client peut configurer le syst\u00e8me selon ses besoins. Il comprend divers types de pompes, de vannes de r\u00e9gulation, de r\u00e9servoirs de stockage de liquide, etc. Diff\u00e9rents sc\u00e9narios d&#039;application sont possibles, avec diff\u00e9rentes structures et combinaisons de composants.<br \/>\n3. Les param\u00e8tres sont d\u00e9termin\u00e9s : pression d&#039;alimentation en air, param\u00e8tre de la pompe de micro-lubrification, d\u00e9bit d&#039;air, fr\u00e9quence du g\u00e9n\u00e9rateur d&#039;impulsions, plage de temp\u00e9rature de travail et de stockage, etc.<\/p>\n<h2>Sp\u00e9cification<\/h2>\n<table>\n<tbody>\n<tr>\n<td>Pression d&#039;air d&#039;alimentation<\/td>\n<td>Air comprim\u00e9 propre et sec, 4~7 bar, 708 LPM minimum<\/td>\n<\/tr>\n<tr>\n<td>Viscosit\u00e9 de la pompe<\/td>\n<td>50 \u00e0 1\u00a0000 suspensions<\/td>\n<\/tr>\n<tr>\n<td>D\u00e9bit de la pompe \u00e0 pleine course<\/td>\n<td>0,033 ml (\u00e9talon 1 goutte), 0,100 ml (\u00e9talon 3 gouttes)<\/td>\n<\/tr>\n<tr>\n<td>D\u00e9bit de la pompe<\/td>\n<td>0 \u00e0 396 ml\/h (\u00e9talon 1 goutte), 0 \u00e0 1 200 ml\/h (\u00e9talon 3 gouttes)<\/td>\n<\/tr>\n<tr>\n<td>D\u00e9bit d&#039;air<\/td>\n<td>0 \u00e0 4 SCFM pour chaque sortie d&#039;air et d&#039;huile, 1 \u00e0 2 SCFM typique<\/td>\n<\/tr>\n<tr>\n<td>G\u00e9n\u00e9rateur d&#039;impulsions<\/td>\n<td>5 \u00e0 50 impulsions\/min, max. 200 impulsions\/min (non recommand\u00e9)<\/td>\n<\/tr>\n<tr>\n<td>Temp\u00e9rature de fonctionnement<\/td>\n<td>0\u2103 ~ +50\u02daC<\/td>\n<\/tr>\n<tr>\n<td>Temp\u00e9rature de stockage<\/td>\n<td>(-16\u2103 ~ +70\u02daC)<\/td>\n<\/tr>\n<tr>\n<td>R\u00e9servoir de fluide<\/td>\n<td>Personnalisable, standard 0,5 L, 1,0 L, 2 L, 4 L<\/td>\n<\/tr>\n<\/tbody>\n<\/table>\n<h2><span data-slate-fragment=\"JTVCJTdCJTIydHlwZSUyMiUzQSUyMnBhcmFncmFwaCUyMiUyQyUyMmNoaWxkcmVuJTIyJTNBJTVCJTdCJTIyaWQlMjIlM0ElMjJXUDU4YUw0Snc3JTIyJTJDJTIycGFyYUlkeCUyMiUzQTAlMkMlMjJzcmMlMjIlM0ElMjJtYWludGVuYW5jZSUyMiUyQyUyMmRzdCUyMiUzQSUyMiVFNyVCQiVCNCVFNCVCRiVBRSUyMiUyQyUyMm1ldGFkYXRhJTIyJTNBJTIyJTIyJTJDJTIybWV0YURhdGElMjIlM0ElNUIlNUQlMkMlMjJ0ZXh0JTIyJTNBJTIybWFpbnRlbmFuY2UlMjIlN0QlNUQlN0QlNUQ=\">Montage<\/span><\/h2>\n<p><span id=\"input-sentence~0\">Emplacement d&#039;installation<br \/>\nLe syst\u00e8me de microlubrification est install\u00e9 \u00e0 proximit\u00e9 de la machine et garantit l&#039;absence d&#039;obstacles susceptibles de comprimer ou de tordre les conduites de sortie ou d&#039;alimentation en gaz. L&#039;appareil doit \u00eatre install\u00e9 avec le r\u00e9servoir de stockage orient\u00e9 vers le haut et en position horizontale.<\/span><span id=\"input-sentence~1\"><br \/>\nM\u00e9thode d&#039;installation<br \/>\nInstallation directe\u00a0: Montez le syst\u00e8me de microlubrification directement sur la machine, en respectant les consignes d&#039;installation pour votre s\u00e9curit\u00e9. Utilisez les vis appropri\u00e9es \u00e0 chaque emplacement d&#039;installation pour une installation correcte.<br \/>\nInstallation magn\u00e9tique\u00a0: L&#039;installation magn\u00e9tique peut \u00e9galement \u00eatre optionnelle, selon les besoins. Le respect des r\u00e8gles de s\u00e9curit\u00e9 lors de l&#039;installation garantit \u00e9galement la stabilit\u00e9 du syst\u00e8me de microlubrification install\u00e9.<\/span><\/p>\n<h2>Manuels<\/h2>\n<div class=\"sdm_download_button_box_default\"><div class=\"sdm_download_link\"><a href=\"https:\/\/www.jinpinlub.com\/fr\/?sdm_process_download=1&download_id=4054\" class=\"sdm_download white\" title=\"Priv\u00e9\u00a0: Minimal Quantity Lubrication\" target=\"&quot;_blank&quot;\">Voir la fiche technique - Lubrification en quantit\u00e9 minimale<\/a><\/div><\/div>","protected":false},"excerpt":{"rendered":"<p>Le syst\u00e8me de microlubrification MLS utilise une pompe volum\u00e9trique aliment\u00e9e par air comprim\u00e9, permettant de contr\u00f4ler avec pr\u00e9cision le d\u00e9bit du brouillard d&#039;huile. Il se caract\u00e9rise par une conception modulaire, des performances fiables, une configuration flexible et une installation facile.<\/p>","protected":false},"featured_media":4057,"template":"","meta":{"ocean_post_layout":"","ocean_both_sidebars_style":"","ocean_both_sidebars_content_width":0,"ocean_both_sidebars_sidebars_width":0,"ocean_sidebar":"0","ocean_second_sidebar":"0","ocean_disable_margins":"enable","ocean_add_body_class":"","ocean_shortcode_before_top_bar":"","ocean_shortcode_after_top_bar":"","ocean_shortcode_before_header":"","ocean_shortcode_after_header":"","ocean_has_shortcode":"","ocean_shortcode_after_title":"","ocean_shortcode_before_footer_widgets":"","ocean_shortcode_after_footer_widgets":"","ocean_shortcode_before_footer_bottom":"","ocean_shortcode_after_footer_bottom":"","ocean_display_top_bar":"default","ocean_display_header":"default","ocean_header_style":"","ocean_center_header_left_menu":"0","ocean_custom_header_template":"0","ocean_custom_logo":0,"ocean_custom_retina_logo":0,"ocean_custom_logo_max_width":0,"ocean_custom_logo_tablet_max_width":0,"ocean_custom_logo_mobile_max_width":0,"ocean_custom_logo_max_height":0,"ocean_custom_logo_tablet_max_height":0,"ocean_custom_logo_mobile_max_height":0,"ocean_header_custom_menu":"0","ocean_menu_typo_font_family":"0","ocean_menu_typo_font_subset":"","ocean_menu_typo_font_size":0,"ocean_menu_typo_font_size_tablet":0,"ocean_menu_typo_font_size_mobile":0,"ocean_menu_typo_font_size_unit":"px","ocean_menu_typo_font_weight":"","ocean_menu_typo_font_weight_tablet":"","ocean_menu_typo_font_weight_mobile":"","ocean_menu_typo_transform":"","ocean_menu_typo_transform_tablet":"","ocean_menu_typo_transform_mobile":"","ocean_menu_typo_line_height":0,"ocean_menu_typo_line_height_tablet":0,"ocean_menu_typo_line_height_mobile":0,"ocean_menu_typo_line_height_unit":"","ocean_menu_typo_spacing":0,"ocean_menu_typo_spacing_tablet":0,"ocean_menu_typo_spacing_mobile":0,"ocean_menu_typo_spacing_unit":"","ocean_menu_link_color":"","ocean_menu_link_color_hover":"","ocean_menu_link_color_active":"","ocean_menu_link_background":"","ocean_menu_link_hover_background":"","ocean_menu_link_active_background":"","ocean_menu_social_links_bg":"","ocean_menu_social_hover_links_bg":"","ocean_menu_social_links_color":"","ocean_menu_social_hover_links_color":"","ocean_disable_title":"default","ocean_disable_heading":"default","ocean_post_title":"","ocean_post_subheading":"","ocean_post_title_style":"","ocean_post_title_background_color":"","ocean_post_title_background":0,"ocean_post_title_bg_image_position":"","ocean_post_title_bg_image_attachment":"","ocean_post_title_bg_image_repeat":"","ocean_post_title_bg_image_size":"","ocean_post_title_height":0,"ocean_post_title_bg_overlay":0.5,"ocean_post_title_bg_overlay_color":"","ocean_disable_breadcrumbs":"default","ocean_breadcrumbs_color":"","ocean_breadcrumbs_separator_color":"","ocean_breadcrumbs_links_color":"","ocean_breadcrumbs_links_hover_color":"","ocean_display_footer_widgets":"default","ocean_display_footer_bottom":"default","ocean_custom_footer_template":"0","osh_disable_topbar_sticky":"default","osh_disable_header_sticky":"default","osh_sticky_header_style":"default","osh_sticky_header_effect":"","osh_custom_sticky_logo":0,"osh_custom_retina_sticky_logo":0,"osh_custom_sticky_logo_height":0,"osh_background_color":"","osh_links_color":"","osh_links_hover_color":"","osh_links_active_color":"","osh_links_bg_color":"","osh_links_hover_bg_color":"","osh_links_active_bg_color":"","osh_menu_social_links_color":"","osh_menu_social_hover_links_color":""},"product_brand":[],"product_cat":[46],"product_tag":[386,382,388,381,387],"class_list":{"0":"post-4052","1":"product","2":"type-product","3":"status-publish","4":"has-post-thumbnail","6":"product_cat-oil-mist-lubrication-systems","7":"product_tag-micro-lubrication-system","8":"product_tag-minimal-quantity-lubrication","9":"product_tag-minimum-quantity-lubrication","10":"product_tag-mql-lubrication-pump","11":"product_tag-oil-mist-coolant-pumps","13":"entry","14":"has-media","16":"first","17":"instock","18":"shipping-taxable","19":"product-type-external","20":"col","21":"span_1_of_3","22":"owp-content-center","23":"owp-thumbs-layout-horizontal","24":"owp-btn-very-big","25":"owp-tabs-layout-horizontal"},"_links":{"self":[{"href":"https:\/\/www.jinpinlub.com\/fr\/wp-json\/wp\/v2\/product\/4052","targetHints":{"allow":["GET"]}}],"collection":[{"href":"https:\/\/www.jinpinlub.com\/fr\/wp-json\/wp\/v2\/product"}],"about":[{"href":"https:\/\/www.jinpinlub.com\/fr\/wp-json\/wp\/v2\/types\/product"}],"wp:featuredmedia":[{"embeddable":true,"href":"https:\/\/www.jinpinlub.com\/fr\/wp-json\/wp\/v2\/media\/4057"}],"wp:attachment":[{"href":"https:\/\/www.jinpinlub.com\/fr\/wp-json\/wp\/v2\/media?parent=4052"}],"wp:term":[{"taxonomy":"product_brand","embeddable":true,"href":"https:\/\/www.jinpinlub.com\/fr\/wp-json\/wp\/v2\/product_brand?post=4052"},{"taxonomy":"product_cat","embeddable":true,"href":"https:\/\/www.jinpinlub.com\/fr\/wp-json\/wp\/v2\/product_cat?post=4052"},{"taxonomy":"product_tag","embeddable":true,"href":"https:\/\/www.jinpinlub.com\/fr\/wp-json\/wp\/v2\/product_tag?post=4052"}],"curies":[{"name":"wp","href":"https:\/\/api.w.org\/{rel}","templated":true}]}}