{"id":4064,"date":"2025-01-01T23:46:16","date_gmt":"2025-01-01T15:46:16","guid":{"rendered":"https:\/\/www.jinpinlub.com\/?post_type=product&#038;p=4064"},"modified":"2025-01-02T00:24:58","modified_gmt":"2025-01-01T16:24:58","slug":"unite-de-lubrification-a-quantite-minimale-mls-pour-les-processus-de-coupe","status":"publish","type":"product","link":"https:\/\/www.jinpinlub.com\/fr\/product\/mls-minimal-quantity-lubrication-unit-for-cutting-processes\/","title":{"rendered":"Unit\u00e9 de lubrification \u00e0 quantit\u00e9 minimale MLS pour les processus de coupe"},"content":{"rendered":"<h2>Fonctionnalit\u00e9<\/h2>\n<p><span id=\"input-sentence~0\">\u2013 Lubrification pr\u00e9cise : MLS utilise une pompe \u00e0 d\u00e9placement positif variable qui permet d\u2019\u00e9jecter du liquide \u00e0 un d\u00e9bit pr\u00e9cis, r\u00e9duisant ainsi les d\u00e9chets et augmentant l\u2019efficacit\u00e9.<br \/>\n\u2013 Conception modulaire : la conception modulaire permet aux utilisateurs d\u2019ajouter ou de r\u00e9duire le nombre de pompes et de configurer un syst\u00e8me de micro-lubrification avec diff\u00e9rents ports de sortie en fonction des exigences sp\u00e9cifiques \u00e0 l\u2019application.<\/span><span id=\"input-sentence~1\"><br \/>\n<span id=\"input-sentence~0\">&#8211; <\/span>Pompe volum\u00e9trique : La pompe volum\u00e9trique du syst\u00e8me de micro-lubrification assure un d\u00e9bit constant m\u00eame en cas de variations de pression, ce qui est essentiel pour une lubrification pr\u00e9cise.<br \/>\n<span id=\"input-sentence~0\">&#8211; <\/span>Fonctionnement \u00e0 air comprim\u00e9 : L&#039;ensemble du microsyst\u00e8me repose uniquement sur l&#039;air comprim\u00e9, sans n\u00e9cessiter de source d&#039;alimentation suppl\u00e9mentaire, simplifiant ainsi l&#039;installation et le fonctionnement tout en r\u00e9duisant la consommation d&#039;\u00e9nergie.<\/span><\/p>\n<h2>Sp\u00e9cification<\/h2>\n<table>\n<tbody>\n<tr>\n<td>Pression d&#039;air d&#039;alimentation<\/td>\n<td>Air comprim\u00e9 propre et sec, 4~7 bar, 708 LPM minimum<\/td>\n<\/tr>\n<tr>\n<td>Viscosit\u00e9 de la pompe<\/td>\n<td>50 \u00e0 1\u00a0000 suspensions<\/td>\n<\/tr>\n<tr>\n<td>D\u00e9bit de la pompe \u00e0 pleine course<\/td>\n<td>0,033 ml (\u00e9talon 1 goutte), 0,100 ml (\u00e9talon 3 gouttes)<\/td>\n<\/tr>\n<tr>\n<td>D\u00e9bit de la pompe<\/td>\n<td>0 \u00e0 396 ml\/h (\u00e9talon 1 goutte), 0 \u00e0 1 200 ml\/h (\u00e9talon 3 gouttes)<\/td>\n<\/tr>\n<tr>\n<td>D\u00e9bit d&#039;air<\/td>\n<td>0 \u00e0 4 SCFM pour chaque sortie d&#039;air et d&#039;huile, 1 \u00e0 2 SCFM typique<\/td>\n<\/tr>\n<tr>\n<td>G\u00e9n\u00e9rateur d&#039;impulsions<\/td>\n<td>5 \u00e0 50 impulsions\/min, max. 200 impulsions\/min (non recommand\u00e9)<\/td>\n<\/tr>\n<tr>\n<td>Temp\u00e9rature de fonctionnement<\/td>\n<td>0\u2103 ~ +50\u02daC<\/td>\n<\/tr>\n<tr>\n<td>Temp\u00e9rature de stockage<\/td>\n<td>(-16\u2103 ~ +70\u02daC)<\/td>\n<\/tr>\n<tr>\n<td>R\u00e9servoir de fluide<\/td>\n<td>Personnalisable, standard 0,5 L, 1,0 L, 2 L, 4 L<\/td>\n<\/tr>\n<\/tbody>\n<\/table>\n<h2>Ajustement<\/h2>\n<p>La position de la buse est cruciale pour l&#039;effet de micro-lubrification et doit \u00eatre plac\u00e9e dans la position optimale en fonction des diff\u00e9rentes m\u00e9thodes de traitement (telles que le fraisage de la face d&#039;extr\u00e9mit\u00e9, le fraisage p\u00e9riph\u00e9rique, etc.), en veillant \u00e0 ce que le bloc de couplage de la buse soit horizontal ou point\u00e9 vers le bas.<br \/>\nAu cours du processus d&#039;utilisation, si l&#039;effet de lubrification par brouillard d&#039;huile n&#039;est pas bon ou si la position de la buse change, il doit \u00eatre ajust\u00e9 \u00e0 temps, ce qui contribue \u00e0 maintenir les bonnes performances de lubrification du syst\u00e8me et fait \u00e9galement partie des travaux de maintenance.<br \/>\nLes diff\u00e9rents types de buses de lubrification minimale (plastique souple, cuivre semi-rigide, acier inoxydable, etc.) ont leurs propres caract\u00e9ristiques et il convient de veiller \u00e0 \u00e9viter tout dommage lors de leur utilisation. Par exemple, les buses en plastique souple sont sujettes aux contacts et aux d\u00e9placements, les buses en cuivre semi-rigides peuvent \u00eatre \u00e9crouies par pliages r\u00e9p\u00e9t\u00e9s, et les buses en acier inoxydable offrent une bonne rigidit\u00e9, mais ne se plient ni ne se d\u00e9forment facilement.<\/p>\n<h2>Manuels<\/h2>\n<div class=\"sdm_download_button_box_default\"><div class=\"sdm_download_link\"><a href=\"https:\/\/www.jinpinlub.com\/fr\/?sdm_process_download=1&download_id=4054\" class=\"sdm_download white\" title=\"Priv\u00e9\u00a0: Minimal Quantity Lubrication\" target=\"&quot;_blank&quot;\">Voir la fiche technique - Lubrification en quantit\u00e9 minimale<\/a><\/div><\/div>","protected":false},"excerpt":{"rendered":"<p>Le syst\u00e8me de microlubrification MLS est r\u00e9put\u00e9 pour sa conception pr\u00e9cise, simple et modulaire. Il sert de pompe d&#039;atomisation pour les m\u00e9langes air-huile. Il utilise une pompe volum\u00e9trique pour assurer une injection continue et pr\u00e9cise, fonctionnant \u00e0 l&#039;air comprim\u00e9.<\/p>","protected":false},"featured_media":4061,"template":"","meta":{"ocean_post_layout":"","ocean_both_sidebars_style":"","ocean_both_sidebars_content_width":0,"ocean_both_sidebars_sidebars_width":0,"ocean_sidebar":"0","ocean_second_sidebar":"0","ocean_disable_margins":"enable","ocean_add_body_class":"","ocean_shortcode_before_top_bar":"","ocean_shortcode_after_top_bar":"","ocean_shortcode_before_header":"","ocean_shortcode_after_header":"","ocean_has_shortcode":"","ocean_shortcode_after_title":"","ocean_shortcode_before_footer_widgets":"","ocean_shortcode_after_footer_widgets":"","ocean_shortcode_before_footer_bottom":"","ocean_shortcode_after_footer_bottom":"","ocean_display_top_bar":"default","ocean_display_header":"default","ocean_header_style":"","ocean_center_header_left_menu":"0","ocean_custom_header_template":"0","ocean_custom_logo":0,"ocean_custom_retina_logo":0,"ocean_custom_logo_max_width":0,"ocean_custom_logo_tablet_max_width":0,"ocean_custom_logo_mobile_max_width":0,"ocean_custom_logo_max_height":0,"ocean_custom_logo_tablet_max_height":0,"ocean_custom_logo_mobile_max_height":0,"ocean_header_custom_menu":"0","ocean_menu_typo_font_family":"0","ocean_menu_typo_font_subset":"","ocean_menu_typo_font_size":0,"ocean_menu_typo_font_size_tablet":0,"ocean_menu_typo_font_size_mobile":0,"ocean_menu_typo_font_size_unit":"px","ocean_menu_typo_font_weight":"","ocean_menu_typo_font_weight_tablet":"","ocean_menu_typo_font_weight_mobile":"","ocean_menu_typo_transform":"","ocean_menu_typo_transform_tablet":"","ocean_menu_typo_transform_mobile":"","ocean_menu_typo_line_height":0,"ocean_menu_typo_line_height_tablet":0,"ocean_menu_typo_line_height_mobile":0,"ocean_menu_typo_line_height_unit":"","ocean_menu_typo_spacing":0,"ocean_menu_typo_spacing_tablet":0,"ocean_menu_typo_spacing_mobile":0,"ocean_menu_typo_spacing_unit":"","ocean_menu_link_color":"","ocean_menu_link_color_hover":"","ocean_menu_link_color_active":"","ocean_menu_link_background":"","ocean_menu_link_hover_background":"","ocean_menu_link_active_background":"","ocean_menu_social_links_bg":"","ocean_menu_social_hover_links_bg":"","ocean_menu_social_links_color":"","ocean_menu_social_hover_links_color":"","ocean_disable_title":"default","ocean_disable_heading":"default","ocean_post_title":"","ocean_post_subheading":"","ocean_post_title_style":"","ocean_post_title_background_color":"","ocean_post_title_background":0,"ocean_post_title_bg_image_position":"","ocean_post_title_bg_image_attachment":"","ocean_post_title_bg_image_repeat":"","ocean_post_title_bg_image_size":"","ocean_post_title_height":0,"ocean_post_title_bg_overlay":0.5,"ocean_post_title_bg_overlay_color":"","ocean_disable_breadcrumbs":"default","ocean_breadcrumbs_color":"","ocean_breadcrumbs_separator_color":"","ocean_breadcrumbs_links_color":"","ocean_breadcrumbs_links_hover_color":"","ocean_display_footer_widgets":"default","ocean_display_footer_bottom":"default","ocean_custom_footer_template":"0","osh_disable_topbar_sticky":"default","osh_disable_header_sticky":"default","osh_sticky_header_style":"default","osh_sticky_header_effect":"","osh_custom_sticky_logo":0,"osh_custom_retina_sticky_logo":0,"osh_custom_sticky_logo_height":0,"osh_background_color":"","osh_links_color":"","osh_links_hover_color":"","osh_links_active_color":"","osh_links_bg_color":"","osh_links_hover_bg_color":"","osh_links_active_bg_color":"","osh_menu_social_links_color":"","osh_menu_social_hover_links_color":""},"product_brand":[],"product_cat":[46],"product_tag":[385,383,382,381,384],"class_list":{"0":"post-4064","1":"product","2":"type-product","3":"status-publish","4":"has-post-thumbnail","6":"product_cat-oil-mist-lubrication-systems","7":"product_tag-cooling-lubrication-system","8":"product_tag-micro-lubrication-pump","9":"product_tag-minimal-quantity-lubrication","10":"product_tag-mql-lubrication-pump","11":"product_tag-oil-mist-lubrication-system","13":"entry","14":"has-media","16":"first","17":"instock","18":"shipping-taxable","19":"product-type-external","20":"col","21":"span_1_of_3","22":"owp-content-center","23":"owp-thumbs-layout-horizontal","24":"owp-btn-very-big","25":"owp-tabs-layout-horizontal"},"_links":{"self":[{"href":"https:\/\/www.jinpinlub.com\/fr\/wp-json\/wp\/v2\/product\/4064","targetHints":{"allow":["GET"]}}],"collection":[{"href":"https:\/\/www.jinpinlub.com\/fr\/wp-json\/wp\/v2\/product"}],"about":[{"href":"https:\/\/www.jinpinlub.com\/fr\/wp-json\/wp\/v2\/types\/product"}],"wp:featuredmedia":[{"embeddable":true,"href":"https:\/\/www.jinpinlub.com\/fr\/wp-json\/wp\/v2\/media\/4061"}],"wp:attachment":[{"href":"https:\/\/www.jinpinlub.com\/fr\/wp-json\/wp\/v2\/media?parent=4064"}],"wp:term":[{"taxonomy":"product_brand","embeddable":true,"href":"https:\/\/www.jinpinlub.com\/fr\/wp-json\/wp\/v2\/product_brand?post=4064"},{"taxonomy":"product_cat","embeddable":true,"href":"https:\/\/www.jinpinlub.com\/fr\/wp-json\/wp\/v2\/product_cat?post=4064"},{"taxonomy":"product_tag","embeddable":true,"href":"https:\/\/www.jinpinlub.com\/fr\/wp-json\/wp\/v2\/product_tag?post=4064"}],"curies":[{"name":"wp","href":"https:\/\/api.w.org\/{rel}","templated":true}]}}