{"id":4065,"date":"2025-01-02T01:03:48","date_gmt":"2025-01-01T17:03:48","guid":{"rendered":"https:\/\/www.jinpinlub.com\/?post_type=product&#038;p=4065"},"modified":"2025-01-11T11:48:58","modified_gmt":"2025-01-11T03:48:58","slug":"systeme-de-lubrification-par-pulverisation-de-micro-precision-pour-la-coupe-des-metaux","status":"publish","type":"product","link":"https:\/\/www.jinpinlub.com\/fr\/product\/micro-precision-spray-lubrication-system-for-metal-cutting\/","title":{"rendered":"Syst\u00e8me de lubrification par pulv\u00e9risation de micro-pr\u00e9cision pour la d\u00e9coupe des m\u00e9taux"},"content":{"rendered":"<h2>Fonctionnalit\u00e9<\/h2>\n<p><span id=\"input-sentence~0\">\u2013 M\u00e9lange air et huile : la pompe de lubrification \u00e0 quantit\u00e9 minimale peut fournir un m\u00e9lange d\u2019air et d\u2019huile qui peut \u00eatre utilis\u00e9 pour diff\u00e9rents sc\u00e9narios d\u2019application n\u00e9cessitant une lubrification pr\u00e9cise.<br \/>\n\u2013 Fonction de r\u00e9glage : Le r\u00e9gulateur de course et le g\u00e9n\u00e9rateur d&#039;impulsions dans la pompe de lubrification \u00e0 quantit\u00e9 minimale permettent aux utilisateurs de r\u00e9guler le d\u00e9bit de circulation et le d\u00e9bit par course de la pompe en fonction des besoins, d&#039;o\u00f9 une r\u00e9gulation pr\u00e9cise.<\/span><span id=\"input-sentence~1\"><br \/>\n<span id=\"input-sentence~0\">&#8211; <\/span>Respectueux de l&#039;environnement : l&#039;huile de guidage pour machine-outil ISO VG 68 recommand\u00e9e par la pompe pr\u00e9sente des caract\u00e9ristiques respectueuses de l&#039;environnement et une lubrification pr\u00e9cise par micro-brouillard d&#039;huile peut encore r\u00e9duire l&#039;impact sur l&#039;environnement.<br \/>\n<span id=\"input-sentence~0\">&#8211; <\/span>Mat\u00e9riaux hautes performances : Les buses de diff\u00e9rents mat\u00e9riaux conviennent \u00e0 diff\u00e9rents environnements de travail, comme les buses en acier inoxydable pour les environnements n\u00e9cessitant une grande rigidit\u00e9, tandis que les buses en plastique flexible conviennent aux environnements n\u00e9cessitant un r\u00e9glage facile de la direction.<\/span><\/p>\n<h2>Sp\u00e9cification<\/h2>\n<table>\n<tbody>\n<tr>\n<td>Pression d&#039;air d&#039;alimentation<\/td>\n<td>Air comprim\u00e9 propre et sec, 4~7 bar, 708 LPM minimum<\/td>\n<\/tr>\n<tr>\n<td>Viscosit\u00e9 de la pompe<\/td>\n<td>50 \u00e0 1\u00a0000 suspensions<\/td>\n<\/tr>\n<tr>\n<td>D\u00e9bit de la pompe \u00e0 pleine course<\/td>\n<td>0,033 ml (\u00e9talon 1 goutte), 0,100 ml (\u00e9talon 3 gouttes)<\/td>\n<\/tr>\n<tr>\n<td>D\u00e9bit de la pompe<\/td>\n<td>0 \u00e0 396 ml\/h (\u00e9talon 1 goutte), 0 \u00e0 1 200 ml\/h (\u00e9talon 3 gouttes)<\/td>\n<\/tr>\n<tr>\n<td>D\u00e9bit d&#039;air<\/td>\n<td>0 \u00e0 4 SCFM pour chaque sortie d&#039;air et d&#039;huile, 1 \u00e0 2 SCFM typique<\/td>\n<\/tr>\n<tr>\n<td>G\u00e9n\u00e9rateur d&#039;impulsions<\/td>\n<td>5 \u00e0 50 impulsions\/min, max. 200 impulsions\/min (non recommand\u00e9)<\/td>\n<\/tr>\n<tr>\n<td>Temp\u00e9rature de fonctionnement<\/td>\n<td>0\u2103 ~ +50\u02daC<\/td>\n<\/tr>\n<tr>\n<td>Temp\u00e9rature de stockage<\/td>\n<td>(-16\u2103 ~ +70\u02daC)<\/td>\n<\/tr>\n<tr>\n<td>R\u00e9servoir de fluide<\/td>\n<td>Personnalisable, standard 0,5 L, 1,0 L, 2 L, 4 L<\/td>\n<\/tr>\n<\/tbody>\n<\/table>\n<h2>Montage<\/h2>\n<p><span id=\"input-sentence~0\">1. Pr\u00e9paration de l&#039;installation\u00a0: Lire le manuel d&#039;utilisation, comprendre les principes du syst\u00e8me de lubrification minimale, les fonctions des composants et les m\u00e9thodes de r\u00e9glage. Pr\u00e9parer tous les outils n\u00e9cessaires au montage.<br \/>\n2. Emplacement d&#039;installation : Choisissez un endroit proche de la machine et facile \u00e0 utiliser et \u00e0 entretenir, en vous assurant que la pompe de lubrification \u00e0 quantit\u00e9 minimale est install\u00e9e horizontalement avec le r\u00e9servoir de stockage de liquide vers le haut.<\/span><span id=\"input-sentence~1\"><br \/>\n3. M\u00e9thode d&#039;installation\u00a0: Fixation par vis \u00e0 quatre points d&#039;installation, syst\u00e8me de lubrification minimal. L&#039;aimant du bo\u00eetier doit \u00eatre install\u00e9 dans un endroit propre et plat.<br \/>\n4. Connexion d&#039;air : Maintenez la pression d&#039;alimentation en air entre 4 et 7 bars, connectez la conduite d&#039;alimentation en air via le filtre \u00e0 air et scellez l&#039;interface.<br \/>\n5. Remplissage d&#039;huile fluide\u00a0: Versez de l&#039;huile fluide de qualit\u00e9 jusqu&#039;\u00e0 75% du volume du r\u00e9servoir. Pendant le remplissage, appuyez sur le couvercle pour \u00e9vacuer l&#039;air exc\u00e9dentaire.<\/span><\/p>\n<h2>Manuels<\/h2>\n<div class=\"sdm_download_button_box_default\"><div class=\"sdm_download_link\"><a href=\"https:\/\/www.jinpinlub.com\/fr\/?sdm_process_download=1&download_id=4054\" class=\"sdm_download white\" title=\"Priv\u00e9\u00a0: Minimal Quantity Lubrication\" target=\"&quot;_blank&quot;\">Voir la fiche technique - Lubrification en quantit\u00e9 minimale<\/a><\/div><\/div>","protected":false},"excerpt":{"rendered":"<p>La pompe de microlubrification MLS remplace le syst\u00e8me traditionnel de refroidissement par liquide de coupe hydrosoluble. Elle pulv\u00e9rise un m\u00e9lange d&#039;air et d&#039;huile dans la zone de traitement par atomisation haute pression, permettant ainsi une r\u00e9partition plus uniforme d&#039;une petite quantit\u00e9 d&#039;huile lubrifiante.<\/p>","protected":false},"featured_media":4066,"template":"","meta":{"ocean_post_layout":"","ocean_both_sidebars_style":"","ocean_both_sidebars_content_width":0,"ocean_both_sidebars_sidebars_width":0,"ocean_sidebar":"0","ocean_second_sidebar":"0","ocean_disable_margins":"enable","ocean_add_body_class":"","ocean_shortcode_before_top_bar":"","ocean_shortcode_after_top_bar":"","ocean_shortcode_before_header":"","ocean_shortcode_after_header":"","ocean_has_shortcode":"","ocean_shortcode_after_title":"","ocean_shortcode_before_footer_widgets":"","ocean_shortcode_after_footer_widgets":"","ocean_shortcode_before_footer_bottom":"","ocean_shortcode_after_footer_bottom":"","ocean_display_top_bar":"default","ocean_display_header":"default","ocean_header_style":"","ocean_center_header_left_menu":"0","ocean_custom_header_template":"0","ocean_custom_logo":0,"ocean_custom_retina_logo":0,"ocean_custom_logo_max_width":0,"ocean_custom_logo_tablet_max_width":0,"ocean_custom_logo_mobile_max_width":0,"ocean_custom_logo_max_height":0,"ocean_custom_logo_tablet_max_height":0,"ocean_custom_logo_mobile_max_height":0,"ocean_header_custom_menu":"0","ocean_menu_typo_font_family":"0","ocean_menu_typo_font_subset":"","ocean_menu_typo_font_size":0,"ocean_menu_typo_font_size_tablet":0,"ocean_menu_typo_font_size_mobile":0,"ocean_menu_typo_font_size_unit":"px","ocean_menu_typo_font_weight":"","ocean_menu_typo_font_weight_tablet":"","ocean_menu_typo_font_weight_mobile":"","ocean_menu_typo_transform":"","ocean_menu_typo_transform_tablet":"","ocean_menu_typo_transform_mobile":"","ocean_menu_typo_line_height":0,"ocean_menu_typo_line_height_tablet":0,"ocean_menu_typo_line_height_mobile":0,"ocean_menu_typo_line_height_unit":"","ocean_menu_typo_spacing":0,"ocean_menu_typo_spacing_tablet":0,"ocean_menu_typo_spacing_mobile":0,"ocean_menu_typo_spacing_unit":"","ocean_menu_link_color":"","ocean_menu_link_color_hover":"","ocean_menu_link_color_active":"","ocean_menu_link_background":"","ocean_menu_link_hover_background":"","ocean_menu_link_active_background":"","ocean_menu_social_links_bg":"","ocean_menu_social_hover_links_bg":"","ocean_menu_social_links_color":"","ocean_menu_social_hover_links_color":"","ocean_disable_title":"default","ocean_disable_heading":"default","ocean_post_title":"","ocean_post_subheading":"","ocean_post_title_style":"","ocean_post_title_background_color":"","ocean_post_title_background":0,"ocean_post_title_bg_image_position":"","ocean_post_title_bg_image_attachment":"","ocean_post_title_bg_image_repeat":"","ocean_post_title_bg_image_size":"","ocean_post_title_height":0,"ocean_post_title_bg_overlay":0.5,"ocean_post_title_bg_overlay_color":"","ocean_disable_breadcrumbs":"default","ocean_breadcrumbs_color":"","ocean_breadcrumbs_separator_color":"","ocean_breadcrumbs_links_color":"","ocean_breadcrumbs_links_hover_color":"","ocean_display_footer_widgets":"default","ocean_display_footer_bottom":"default","ocean_custom_footer_template":"0","osh_disable_topbar_sticky":"default","osh_disable_header_sticky":"default","osh_sticky_header_style":"default","osh_sticky_header_effect":"","osh_custom_sticky_logo":0,"osh_custom_retina_sticky_logo":0,"osh_custom_sticky_logo_height":0,"osh_background_color":"","osh_links_color":"","osh_links_hover_color":"","osh_links_active_color":"","osh_links_bg_color":"","osh_links_hover_bg_color":"","osh_links_active_bg_color":"","osh_menu_social_links_color":"","osh_menu_social_hover_links_color":""},"product_brand":[],"product_cat":[46],"product_tag":[386,382,387,389,390],"class_list":{"0":"post-4065","1":"product","2":"type-product","3":"status-publish","4":"has-post-thumbnail","6":"product_cat-oil-mist-lubrication-systems","7":"product_tag-micro-lubrication-system","8":"product_tag-minimal-quantity-lubrication","9":"product_tag-oil-mist-coolant-pumps","10":"product_tag-pneumatic-oil-mist-pump","11":"product_tag-pneumatic-spray-pump","13":"entry","14":"has-media","16":"first","17":"instock","18":"featured","19":"shipping-taxable","20":"product-type-external","21":"col","22":"span_1_of_3","23":"owp-content-center","24":"owp-thumbs-layout-horizontal","25":"owp-btn-very-big","26":"owp-tabs-layout-horizontal"},"_links":{"self":[{"href":"https:\/\/www.jinpinlub.com\/fr\/wp-json\/wp\/v2\/product\/4065","targetHints":{"allow":["GET"]}}],"collection":[{"href":"https:\/\/www.jinpinlub.com\/fr\/wp-json\/wp\/v2\/product"}],"about":[{"href":"https:\/\/www.jinpinlub.com\/fr\/wp-json\/wp\/v2\/types\/product"}],"wp:featuredmedia":[{"embeddable":true,"href":"https:\/\/www.jinpinlub.com\/fr\/wp-json\/wp\/v2\/media\/4066"}],"wp:attachment":[{"href":"https:\/\/www.jinpinlub.com\/fr\/wp-json\/wp\/v2\/media?parent=4065"}],"wp:term":[{"taxonomy":"product_brand","embeddable":true,"href":"https:\/\/www.jinpinlub.com\/fr\/wp-json\/wp\/v2\/product_brand?post=4065"},{"taxonomy":"product_cat","embeddable":true,"href":"https:\/\/www.jinpinlub.com\/fr\/wp-json\/wp\/v2\/product_cat?post=4065"},{"taxonomy":"product_tag","embeddable":true,"href":"https:\/\/www.jinpinlub.com\/fr\/wp-json\/wp\/v2\/product_tag?post=4065"}],"curies":[{"name":"wp","href":"https:\/\/api.w.org\/{rel}","templated":true}]}}