{"id":4070,"date":"2025-01-02T01:48:41","date_gmt":"2025-01-01T17:48:41","guid":{"rendered":"https:\/\/www.jinpinlub.com\/?post_type=product&#038;p=4070"},"modified":"2025-01-02T02:05:48","modified_gmt":"2025-01-01T18:05:48","slug":"personnaliser-le-dispositif-de-micro-lubrification-pneumatique-pour-la-scie","status":"publish","type":"product","link":"https:\/\/www.jinpinlub.com\/fr\/product\/customize-pneumatic-micro-lubrication-device-for-saw-machine\/","title":{"rendered":"Personnaliser le dispositif de micro-lubrification pneumatique pour la scie"},"content":{"rendered":"<h2>Fonctionnalit\u00e9<\/h2>\n<p><span id=\"input-sentence~0\">\u2013 Facile \u00e0 installer et \u00e0 entretenir : ce syst\u00e8me de micro-lubrification est con\u00e7u pour une installation et un entretien faciles, permettant ainsi de r\u00e9duire les temps d\u2019arr\u00eat des machines.<br \/>\n\u2013 Large gamme de possibilit\u00e9s de configuration : Le syst\u00e8me de lubrification \u00e0 quantit\u00e9 minimale, avec sa conception modulaire, peut \u00eatre appliqu\u00e9 \u00e0 diverses applications industrielles allant du simple au complexe et peut \u00eatre personnalis\u00e9 en fonction des besoins, quel que soit l&#039;orifice de sortie de lubrification ou la capacit\u00e9 du r\u00e9servoir.<\/span><span id=\"input-sentence~1\"><br \/>\n<span id=\"input-sentence~0\">&#8211; <\/span>Forte adaptabilit\u00e9 : l&#039;huile de guidage pour machines-outils VG 68 peut \u00e9galement fonctionner avec des fluides de diff\u00e9rentes viscosit\u00e9s dans la plage de param\u00e8tres pour diff\u00e9rentes applications industrielles.<br \/>\n<span id=\"input-sentence~0\">&#8211; <\/span>Adaptabilit\u00e9 \u00e0 la temp\u00e9rature : Ce syst\u00e8me de refroidissement par brouillard d&#039;huile est con\u00e7u pour s&#039;adapter aux changements de temp\u00e9rature extr\u00eames et assurer la stabilit\u00e9 et la fiabilit\u00e9 dans diff\u00e9rents environnements dans la plage de temp\u00e9rature de fonctionnement.<\/span><\/p>\n<h2>Sp\u00e9cification<\/h2>\n<table>\n<tbody>\n<tr>\n<td>Pression d&#039;air d&#039;alimentation<\/td>\n<td>Air comprim\u00e9 propre et sec, 4~7 bar, 708 LPM minimum<\/td>\n<\/tr>\n<tr>\n<td>Viscosit\u00e9 de la pompe<\/td>\n<td>50 \u00e0 1\u00a0000 suspensions<\/td>\n<\/tr>\n<tr>\n<td>D\u00e9bit de la pompe \u00e0 pleine course<\/td>\n<td>0,033 ml (\u00e9talon 1 goutte), 0,100 ml (\u00e9talon 3 gouttes)<\/td>\n<\/tr>\n<tr>\n<td>D\u00e9bit de la pompe<\/td>\n<td>0 \u00e0 396 ml\/h (\u00e9talon 1 goutte), 0 \u00e0 1 200 ml\/h (\u00e9talon 3 gouttes)<\/td>\n<\/tr>\n<tr>\n<td>D\u00e9bit d&#039;air<\/td>\n<td>0 \u00e0 4 SCFM pour chaque sortie d&#039;air et d&#039;huile, 1 \u00e0 2 SCFM typique<\/td>\n<\/tr>\n<tr>\n<td>G\u00e9n\u00e9rateur d&#039;impulsions<\/td>\n<td>5 \u00e0 50 impulsions\/min, max. 200 impulsions\/min (non recommand\u00e9)<\/td>\n<\/tr>\n<tr>\n<td>Temp\u00e9rature de fonctionnement<\/td>\n<td>0\u2103 ~ +50\u02daC<\/td>\n<\/tr>\n<tr>\n<td>Temp\u00e9rature de stockage<\/td>\n<td>(-16\u2103 ~ +70\u02daC)<\/td>\n<\/tr>\n<tr>\n<td>R\u00e9servoir de fluide<\/td>\n<td>Personnalisable, standard 0,5 L, 1,0 L, 2 L, 4 L<\/td>\n<\/tr>\n<\/tbody>\n<\/table>\n<h2>Application<\/h2>\n<p>\u2013 Centre d\u2019usinage : Dans les centres d\u2019usinage CNC, le syst\u00e8me de micro-lubrification MQL remplace la lubrification par \u00e9mulsion traditionnelle, r\u00e9duisant ainsi le traitement des liquides r\u00e9siduels et les probl\u00e8mes de protection de l\u2019environnement.<br \/>\n\u200c- Tour\u200c : Sur les tours, le syst\u00e8me MQL r\u00e9duit le gaspillage d&#039;huile de lubrification et les probl\u00e8mes de nettoyage caus\u00e9s par une grande quantit\u00e9 de lubrification par pulv\u00e9risation. Gr\u00e2ce \u00e0 la micro-lubrification, le frottement entre l&#039;outil et la pi\u00e8ce est r\u00e9duit et l&#039;efficacit\u00e9 de coupe est am\u00e9lior\u00e9e.<br \/>\n\u2013 Machine \u00e0 scier : Sur les machines \u00e0 scier, le syst\u00e8me MQL remplace la lubrification traditionnelle par \u00e9mulsion, am\u00e9liore l\u2019environnement de travail et r\u00e9duit les probl\u00e8mes de mauvaise lubrification et d\u2019usure des outils.<br \/>\n\u2013 Traitement de l&#039;aluminium et du cuivre : le syst\u00e8me MQL est utilis\u00e9 pour la d\u00e9coupe et le sciage de barres d&#039;aluminium et de barres de cuivre, la d\u00e9coupe et le sciage de diverses sp\u00e9cifications de lingots d&#039;aluminium et de cuivre, le fraisage de lingots de plaques et la d\u00e9coupe de profil\u00e9s apr\u00e8s extrusion par extrudeuses. La dur\u00e9e de vie de l&#039;outil est prolong\u00e9e de 2 \u00e0 3 fois et l&#039;efficacit\u00e9 de la production de traitement est augment\u00e9e de plus de 50%.<\/p>\n<h2>Manuels<\/h2>\n<div class=\"sdm_download_button_box_default\"><div class=\"sdm_download_link\"><a href=\"https:\/\/www.jinpinlub.com\/fr\/?sdm_process_download=1&download_id=4054\" class=\"sdm_download white\" title=\"Priv\u00e9\u00a0: Minimal Quantity Lubrication\" target=\"&quot;_blank&quot;\">Voir la fiche technique - Lubrification en quantit\u00e9 minimale<\/a><\/div><\/div>","protected":false},"excerpt":{"rendered":"<p>Le syst\u00e8me MQL (Minimum Quantity Lubrication) est un dispositif qui permet une lubrification et un refroidissement efficaces en pulv\u00e9risant du lubrifiant sous forme d&#039;atomisation ou de pulv\u00e9risation fine directement dans la zone de traitement, tout en r\u00e9duisant l&#039;utilisation \u00e0 grande \u00e9chelle du liquide de refroidissement traditionnel.<\/p>","protected":false},"featured_media":4071,"template":"","meta":{"ocean_post_layout":"","ocean_both_sidebars_style":"","ocean_both_sidebars_content_width":0,"ocean_both_sidebars_sidebars_width":0,"ocean_sidebar":"0","ocean_second_sidebar":"0","ocean_disable_margins":"enable","ocean_add_body_class":"","ocean_shortcode_before_top_bar":"","ocean_shortcode_after_top_bar":"","ocean_shortcode_before_header":"","ocean_shortcode_after_header":"","ocean_has_shortcode":"","ocean_shortcode_after_title":"","ocean_shortcode_before_footer_widgets":"","ocean_shortcode_after_footer_widgets":"","ocean_shortcode_before_footer_bottom":"","ocean_shortcode_after_footer_bottom":"","ocean_display_top_bar":"default","ocean_display_header":"default","ocean_header_style":"","ocean_center_header_left_menu":"0","ocean_custom_header_template":"0","ocean_custom_logo":0,"ocean_custom_retina_logo":0,"ocean_custom_logo_max_width":0,"ocean_custom_logo_tablet_max_width":0,"ocean_custom_logo_mobile_max_width":0,"ocean_custom_logo_max_height":0,"ocean_custom_logo_tablet_max_height":0,"ocean_custom_logo_mobile_max_height":0,"ocean_header_custom_menu":"0","ocean_menu_typo_font_family":"0","ocean_menu_typo_font_subset":"","ocean_menu_typo_font_size":0,"ocean_menu_typo_font_size_tablet":0,"ocean_menu_typo_font_size_mobile":0,"ocean_menu_typo_font_size_unit":"px","ocean_menu_typo_font_weight":"","ocean_menu_typo_font_weight_tablet":"","ocean_menu_typo_font_weight_mobile":"","ocean_menu_typo_transform":"","ocean_menu_typo_transform_tablet":"","ocean_menu_typo_transform_mobile":"","ocean_menu_typo_line_height":0,"ocean_menu_typo_line_height_tablet":0,"ocean_menu_typo_line_height_mobile":0,"ocean_menu_typo_line_height_unit":"","ocean_menu_typo_spacing":0,"ocean_menu_typo_spacing_tablet":0,"ocean_menu_typo_spacing_mobile":0,"ocean_menu_typo_spacing_unit":"","ocean_menu_link_color":"","ocean_menu_link_color_hover":"","ocean_menu_link_color_active":"","ocean_menu_link_background":"","ocean_menu_link_hover_background":"","ocean_menu_link_active_background":"","ocean_menu_social_links_bg":"","ocean_menu_social_hover_links_bg":"","ocean_menu_social_links_color":"","ocean_menu_social_hover_links_color":"","ocean_disable_title":"default","ocean_disable_heading":"default","ocean_post_title":"","ocean_post_subheading":"","ocean_post_title_style":"","ocean_post_title_background_color":"","ocean_post_title_background":0,"ocean_post_title_bg_image_position":"","ocean_post_title_bg_image_attachment":"","ocean_post_title_bg_image_repeat":"","ocean_post_title_bg_image_size":"","ocean_post_title_height":0,"ocean_post_title_bg_overlay":0.5,"ocean_post_title_bg_overlay_color":"","ocean_disable_breadcrumbs":"default","ocean_breadcrumbs_color":"","ocean_breadcrumbs_separator_color":"","ocean_breadcrumbs_links_color":"","ocean_breadcrumbs_links_hover_color":"","ocean_display_footer_widgets":"default","ocean_display_footer_bottom":"default","ocean_custom_footer_template":"0","osh_disable_topbar_sticky":"default","osh_disable_header_sticky":"default","osh_sticky_header_style":"default","osh_sticky_header_effect":"","osh_custom_sticky_logo":0,"osh_custom_retina_sticky_logo":0,"osh_custom_sticky_logo_height":0,"osh_background_color":"","osh_links_color":"","osh_links_hover_color":"","osh_links_active_color":"","osh_links_bg_color":"","osh_links_hover_bg_color":"","osh_links_active_bg_color":"","osh_menu_social_links_color":"","osh_menu_social_hover_links_color":""},"product_brand":[],"product_cat":[46],"product_tag":[385,383,381,384,389],"class_list":{"0":"post-4070","1":"product","2":"type-product","3":"status-publish","4":"has-post-thumbnail","6":"product_cat-oil-mist-lubrication-systems","7":"product_tag-cooling-lubrication-system","8":"product_tag-micro-lubrication-pump","9":"product_tag-mql-lubrication-pump","10":"product_tag-oil-mist-lubrication-system","11":"product_tag-pneumatic-oil-mist-pump","13":"entry","14":"has-media","16":"first","17":"instock","18":"shipping-taxable","19":"product-type-external","20":"col","21":"span_1_of_3","22":"owp-content-center","23":"owp-thumbs-layout-horizontal","24":"owp-btn-very-big","25":"owp-tabs-layout-horizontal"},"_links":{"self":[{"href":"https:\/\/www.jinpinlub.com\/fr\/wp-json\/wp\/v2\/product\/4070","targetHints":{"allow":["GET"]}}],"collection":[{"href":"https:\/\/www.jinpinlub.com\/fr\/wp-json\/wp\/v2\/product"}],"about":[{"href":"https:\/\/www.jinpinlub.com\/fr\/wp-json\/wp\/v2\/types\/product"}],"wp:featuredmedia":[{"embeddable":true,"href":"https:\/\/www.jinpinlub.com\/fr\/wp-json\/wp\/v2\/media\/4071"}],"wp:attachment":[{"href":"https:\/\/www.jinpinlub.com\/fr\/wp-json\/wp\/v2\/media?parent=4070"}],"wp:term":[{"taxonomy":"product_brand","embeddable":true,"href":"https:\/\/www.jinpinlub.com\/fr\/wp-json\/wp\/v2\/product_brand?post=4070"},{"taxonomy":"product_cat","embeddable":true,"href":"https:\/\/www.jinpinlub.com\/fr\/wp-json\/wp\/v2\/product_cat?post=4070"},{"taxonomy":"product_tag","embeddable":true,"href":"https:\/\/www.jinpinlub.com\/fr\/wp-json\/wp\/v2\/product_tag?post=4070"}],"curies":[{"name":"wp","href":"https:\/\/api.w.org\/{rel}","templated":true}]}}