{"id":4075,"date":"2025-01-02T03:59:02","date_gmt":"2025-01-01T19:59:02","guid":{"rendered":"https:\/\/www.jinpinlub.com\/?post_type=product&#038;p=4075"},"modified":"2025-01-02T04:17:15","modified_gmt":"2025-01-01T20:17:15","slug":"pompe-de-lubrification-personnalisee-a-quantite-minimale-pour-le-percage-de-trous","status":"publish","type":"product","link":"https:\/\/www.jinpinlub.com\/fr\/product\/custom-minimal-quantity-lubrication-pump-for-hole-drilling\/","title":{"rendered":"Pompe de lubrification personnalis\u00e9e \u00e0 quantit\u00e9 minimale pour le per\u00e7age de trous"},"content":{"rendered":"<h2>Fonctionnalit\u00e9<\/h2>\n<p>1. Capacit\u00e9 du r\u00e9servoir : le syst\u00e8me de lubrification \u00e0 quantit\u00e9 minimale MLS fournit des r\u00e9servoirs de stockage de diff\u00e9rentes capacit\u00e9s, avec une capacit\u00e9 standard de 05L, 1L, 2L, 4L, les utilisateurs peuvent choisir le r\u00e9servoir de stockage appropri\u00e9 en fonction de l&#039;utilisation r\u00e9elle.<br \/>\n2. Contr\u00f4le du d\u00e9bit d&#039;air : Le d\u00e9bit d&#039;air de la pompe d&#039;atomisation est contr\u00f4l\u00e9 par la vis de dosage d&#039;air, et la densit\u00e9 et la distance de pulv\u00e9risation sont d\u00e9termin\u00e9es par la vis de dosage d&#039;air et le bouton de r\u00e9glage de la course de la pompe.<br \/>\n3. R\u00e9glage de la fr\u00e9quence du g\u00e9n\u00e9rateur d&#039;impulsions : Le g\u00e9n\u00e9rateur d&#039;impulsions de la lubrification \u00e0 quantit\u00e9 minimale MLS est une minuterie pneumatique variable sp\u00e9cialement con\u00e7ue et fabriqu\u00e9e utilis\u00e9e pour contr\u00f4ler la vitesse de circulation de la pompe, avec une fr\u00e9quence recommand\u00e9e de 5 \u00e0 50 impulsions par minute.<br \/>\n4. Sortie de contr\u00f4le de la vanne \u00e9lectromagn\u00e9tique : Le circuit pneumatique de la lubrification \u00e0 quantit\u00e9 minimale MLS peut \u00e9galement \u00eatre contr\u00f4l\u00e9 par une vanne \u00e9lectromagn\u00e9tique, et la fr\u00e9quence d&#039;entr\u00e9e d&#039;air peut \u00eatre r\u00e9gl\u00e9e pour obtenir un contr\u00f4le pr\u00e9cis de la fr\u00e9quence de sortie de la pompe d&#039;atomisation via la vanne \u00e9lectromagn\u00e9tique.<\/p>\n<h2>Sp\u00e9cification<\/h2>\n<table>\n<tbody>\n<tr>\n<td>Pression d&#039;air d&#039;alimentation<\/td>\n<td>Air comprim\u00e9 propre et sec, 4~7 bar, 708 LPM minimum<\/td>\n<\/tr>\n<tr>\n<td>Viscosit\u00e9 de la pompe<\/td>\n<td>50 \u00e0 1\u00a0000 suspensions<\/td>\n<\/tr>\n<tr>\n<td>D\u00e9bit de la pompe \u00e0 pleine course<\/td>\n<td>0,033 ml (\u00e9talon 1 goutte), 0,100 ml (\u00e9talon 3 gouttes)<\/td>\n<\/tr>\n<tr>\n<td>D\u00e9bit de la pompe<\/td>\n<td>0 \u00e0 396 ml\/h (\u00e9talon 1 goutte), 0 \u00e0 1 200 ml\/h (\u00e9talon 3 gouttes)<\/td>\n<\/tr>\n<tr>\n<td>D\u00e9bit d&#039;air<\/td>\n<td>0 \u00e0 4 SCFM pour chaque sortie d&#039;air et d&#039;huile, 1 \u00e0 2 SCFM typique<\/td>\n<\/tr>\n<tr>\n<td>G\u00e9n\u00e9rateur d&#039;impulsions<\/td>\n<td>5 \u00e0 50 impulsions\/min, max. 200 impulsions\/min (non recommand\u00e9)<\/td>\n<\/tr>\n<tr>\n<td>Temp\u00e9rature de fonctionnement<\/td>\n<td>0\u2103 ~ +50\u02daC<\/td>\n<\/tr>\n<tr>\n<td>Temp\u00e9rature de stockage<\/td>\n<td>(-16\u2103 ~ +70\u02daC)<\/td>\n<\/tr>\n<tr>\n<td>R\u00e9servoir de fluide<\/td>\n<td>Personnalisable, standard 0,5 L, 1,0 L, 2 L, 4 L<\/td>\n<\/tr>\n<\/tbody>\n<\/table>\n<h2>Buses<\/h2>\n<p>\u2013 Syst\u00e8me MQL avec buse en plastique flexible<br \/>\nAvantages\u00a0: Il est facile d&#039;aligner la position o\u00f9 la pulv\u00e9risation est n\u00e9cessaire et ne durcit pas en cas de pliage r\u00e9p\u00e9t\u00e9. Inconv\u00e9nients\u00a0: Il est facile \u00e0 manipuler et \u00e0 d\u00e9placer. La sortie de pulv\u00e9risation est conique, avec un angle d&#039;ouverture d&#039;environ 15 \u00e0 20 degr\u00e9s.<br \/>\n\u2013 Syst\u00e8me MQL avec buse en cuivre semi-rigide<br \/>\nAvantages\u00a0: Il offre un bon \u00e9quilibre entre flexibilit\u00e9 et rigidit\u00e9, se plie et se moule facilement, et conserve sa forme m\u00eame sous une force d&#039;impact mod\u00e9r\u00e9e. Inconv\u00e9nients\u00a0: Des pliages r\u00e9p\u00e9t\u00e9s entra\u00eenent un \u00e9crouissage, pouvant entra\u00eener la rupture du corps de la buse. Le jet est conique, avec un angle d&#039;ouverture d&#039;environ 15 \u00e0 20 degr\u00e9s.<br \/>\n\u2013 Syst\u00e8me MQL avec buse en acier inoxydable<br \/>\nAvantages\u00a0: Bonne rigidit\u00e9, difficile \u00e0 plier ou \u00e0 d\u00e9former, adapt\u00e9 \u00e0 une installation fixe et capable de r\u00e9sister \u00e0 des forces \u00e9lev\u00e9es. Inconv\u00e9nients\u00a0: Sortie conique du jet, angle d&#039;ouverture d&#039;environ 15 \u00e0 20 degr\u00e9s.<\/p>\n<h2>Manuels<\/h2>\n<div class=\"sdm_download_button_box_default\"><div class=\"sdm_download_link\"><a href=\"https:\/\/www.jinpinlub.com\/fr\/?sdm_process_download=1&download_id=4054\" class=\"sdm_download white\" title=\"Priv\u00e9\u00a0: Minimal Quantity Lubrication\" target=\"&quot;_blank&quot;\">Voir la fiche technique - Lubrification en quantit\u00e9 minimale<\/a><\/div><\/div>","protected":false},"excerpt":{"rendered":"<p>Le syst\u00e8me de lubrification \u00e0 quantit\u00e9 minimale MQL utilise une pompe volum\u00e9trique fonctionnant \u00e0 l&#039;air comprim\u00e9. Sa conception modulaire permet une personnalisation optimale, avec un d\u00e9bit pr\u00e9cis r\u00e9glable gr\u00e2ce aux vis de dosage d&#039;air et aux boutons de r\u00e9glage de la course de la pompe.<\/p>","protected":false},"featured_media":4079,"template":"","meta":{"ocean_post_layout":"","ocean_both_sidebars_style":"","ocean_both_sidebars_content_width":0,"ocean_both_sidebars_sidebars_width":0,"ocean_sidebar":"0","ocean_second_sidebar":"0","ocean_disable_margins":"enable","ocean_add_body_class":"","ocean_shortcode_before_top_bar":"","ocean_shortcode_after_top_bar":"","ocean_shortcode_before_header":"","ocean_shortcode_after_header":"","ocean_has_shortcode":"","ocean_shortcode_after_title":"","ocean_shortcode_before_footer_widgets":"","ocean_shortcode_after_footer_widgets":"","ocean_shortcode_before_footer_bottom":"","ocean_shortcode_after_footer_bottom":"","ocean_display_top_bar":"default","ocean_display_header":"default","ocean_header_style":"","ocean_center_header_left_menu":"0","ocean_custom_header_template":"0","ocean_custom_logo":0,"ocean_custom_retina_logo":0,"ocean_custom_logo_max_width":0,"ocean_custom_logo_tablet_max_width":0,"ocean_custom_logo_mobile_max_width":0,"ocean_custom_logo_max_height":0,"ocean_custom_logo_tablet_max_height":0,"ocean_custom_logo_mobile_max_height":0,"ocean_header_custom_menu":"0","ocean_menu_typo_font_family":"0","ocean_menu_typo_font_subset":"","ocean_menu_typo_font_size":0,"ocean_menu_typo_font_size_tablet":0,"ocean_menu_typo_font_size_mobile":0,"ocean_menu_typo_font_size_unit":"px","ocean_menu_typo_font_weight":"","ocean_menu_typo_font_weight_tablet":"","ocean_menu_typo_font_weight_mobile":"","ocean_menu_typo_transform":"","ocean_menu_typo_transform_tablet":"","ocean_menu_typo_transform_mobile":"","ocean_menu_typo_line_height":0,"ocean_menu_typo_line_height_tablet":0,"ocean_menu_typo_line_height_mobile":0,"ocean_menu_typo_line_height_unit":"","ocean_menu_typo_spacing":0,"ocean_menu_typo_spacing_tablet":0,"ocean_menu_typo_spacing_mobile":0,"ocean_menu_typo_spacing_unit":"","ocean_menu_link_color":"","ocean_menu_link_color_hover":"","ocean_menu_link_color_active":"","ocean_menu_link_background":"","ocean_menu_link_hover_background":"","ocean_menu_link_active_background":"","ocean_menu_social_links_bg":"","ocean_menu_social_hover_links_bg":"","ocean_menu_social_links_color":"","ocean_menu_social_hover_links_color":"","ocean_disable_title":"default","ocean_disable_heading":"default","ocean_post_title":"","ocean_post_subheading":"","ocean_post_title_style":"","ocean_post_title_background_color":"","ocean_post_title_background":0,"ocean_post_title_bg_image_position":"","ocean_post_title_bg_image_attachment":"","ocean_post_title_bg_image_repeat":"","ocean_post_title_bg_image_size":"","ocean_post_title_height":0,"ocean_post_title_bg_overlay":0.5,"ocean_post_title_bg_overlay_color":"","ocean_disable_breadcrumbs":"default","ocean_breadcrumbs_color":"","ocean_breadcrumbs_separator_color":"","ocean_breadcrumbs_links_color":"","ocean_breadcrumbs_links_hover_color":"","ocean_display_footer_widgets":"default","ocean_display_footer_bottom":"default","ocean_custom_footer_template":"0","osh_disable_topbar_sticky":"default","osh_disable_header_sticky":"default","osh_sticky_header_style":"default","osh_sticky_header_effect":"","osh_custom_sticky_logo":0,"osh_custom_retina_sticky_logo":0,"osh_custom_sticky_logo_height":0,"osh_background_color":"","osh_links_color":"","osh_links_hover_color":"","osh_links_active_color":"","osh_links_bg_color":"","osh_links_hover_bg_color":"","osh_links_active_bg_color":"","osh_menu_social_links_color":"","osh_menu_social_hover_links_color":""},"product_brand":[],"product_cat":[46],"product_tag":[385,386,382,389,390],"class_list":{"0":"post-4075","1":"product","2":"type-product","3":"status-publish","4":"has-post-thumbnail","6":"product_cat-oil-mist-lubrication-systems","7":"product_tag-cooling-lubrication-system","8":"product_tag-micro-lubrication-system","9":"product_tag-minimal-quantity-lubrication","10":"product_tag-pneumatic-oil-mist-pump","11":"product_tag-pneumatic-spray-pump","13":"entry","14":"has-media","16":"first","17":"instock","18":"shipping-taxable","19":"product-type-external","20":"col","21":"span_1_of_3","22":"owp-content-center","23":"owp-thumbs-layout-horizontal","24":"owp-btn-very-big","25":"owp-tabs-layout-horizontal"},"_links":{"self":[{"href":"https:\/\/www.jinpinlub.com\/fr\/wp-json\/wp\/v2\/product\/4075","targetHints":{"allow":["GET"]}}],"collection":[{"href":"https:\/\/www.jinpinlub.com\/fr\/wp-json\/wp\/v2\/product"}],"about":[{"href":"https:\/\/www.jinpinlub.com\/fr\/wp-json\/wp\/v2\/types\/product"}],"wp:featuredmedia":[{"embeddable":true,"href":"https:\/\/www.jinpinlub.com\/fr\/wp-json\/wp\/v2\/media\/4079"}],"wp:attachment":[{"href":"https:\/\/www.jinpinlub.com\/fr\/wp-json\/wp\/v2\/media?parent=4075"}],"wp:term":[{"taxonomy":"product_brand","embeddable":true,"href":"https:\/\/www.jinpinlub.com\/fr\/wp-json\/wp\/v2\/product_brand?post=4075"},{"taxonomy":"product_cat","embeddable":true,"href":"https:\/\/www.jinpinlub.com\/fr\/wp-json\/wp\/v2\/product_cat?post=4075"},{"taxonomy":"product_tag","embeddable":true,"href":"https:\/\/www.jinpinlub.com\/fr\/wp-json\/wp\/v2\/product_tag?post=4075"}],"curies":[{"name":"wp","href":"https:\/\/api.w.org\/{rel}","templated":true}]}}