{"id":4080,"date":"2025-01-02T04:38:57","date_gmt":"2025-01-01T20:38:57","guid":{"rendered":"https:\/\/www.jinpinlub.com\/?post_type=product&#038;p=4080"},"modified":"2025-01-02T04:50:49","modified_gmt":"2025-01-01T20:50:49","slug":"systeme-de-refroidissement-a-lubrification-minimale-mql-personnalise","status":"publish","type":"product","link":"https:\/\/www.jinpinlub.com\/fr\/product\/customized-mql-minimal-quantity-lubrication-cooling-system\/","title":{"rendered":"Syst\u00e8me de refroidissement par lubrification \u00e0 quantit\u00e9 minimale MQL personnalis\u00e9"},"content":{"rendered":"<h2>Fonctionnalit\u00e9<\/h2>\n<p>\u2013 Filtre \u00e0 air : Configuration standard du syst\u00e8me de lubrification MQL avec bo\u00eetier en acier, utilis\u00e9 pour filtrer les impuret\u00e9s dans l&#039;air.<br \/>\n\u2013 Vanne de r\u00e9gulation : le syst\u00e8me de lubrification MQL comprend une \u00e9lectrovanne, une vanne pilote d&#039;air, une vanne manuelle ou une vanne \u00e0 pied, et la m\u00e9thode de contr\u00f4le appropri\u00e9e peut \u00eatre s\u00e9lectionn\u00e9e en fonction des besoins sp\u00e9cifiques.<br \/>\n\u2013 Pompe volum\u00e9trique : pr\u00e9cise et fiable, avec un d\u00e9bit de course complet de 0,033 mL, 0,100 mL ou 0,045 mL.<br \/>\n\u2013 G\u00e9n\u00e9rateur d&#039;impulsions pneumatiques : contr\u00f4le la vitesse du cycle de la pompe d&#039;atomisation, et sa fr\u00e9quence est affect\u00e9e par les changements de pression d&#039;air et les changements m\u00e9caniques et peut \u00eatre ajust\u00e9e.<br \/>\n\u2013 Vis de dosage d&#039;air : utilis\u00e9e pour contr\u00f4ler le d\u00e9bit d&#039;air de la buse de la pompe d&#039;atomisation et r\u00e9gler l&#039;effet de pulv\u00e9risation avec le bouton de r\u00e9glage de la course de la pompe.<br \/>\n\u2013 Bouton de r\u00e9glage de la course de la pompe : Contr\u00f4le la quantit\u00e9 de liquide d\u00e9livr\u00e9e par course pour obtenir un r\u00e9glage pr\u00e9cis du d\u00e9bit d&#039;huile.<br \/>\n\u2013 R\u00e9servoir : le syst\u00e8me de lubrification MQL dispose d\u2019une vari\u00e9t\u00e9 de capacit\u00e9s au choix, telles que 0,5 L, 1,0 L, 2,0 L, 4,0 L, et peut \u00e9galement \u00eatre personnalis\u00e9 en fonction des besoins.<\/p>\n<h2>Sp\u00e9cification<\/h2>\n<table>\n<tbody>\n<tr>\n<td>Pression d&#039;air d&#039;alimentation<\/td>\n<td>Air comprim\u00e9 propre et sec, 4~7 bar, 708 LPM minimum<\/td>\n<\/tr>\n<tr>\n<td>Viscosit\u00e9 de la pompe<\/td>\n<td>50 \u00e0 1\u00a0000 suspensions<\/td>\n<\/tr>\n<tr>\n<td>D\u00e9bit de la pompe \u00e0 pleine course<\/td>\n<td>0,033 ml (\u00e9talon 1 goutte), 0,100 ml (\u00e9talon 3 gouttes)<\/td>\n<\/tr>\n<tr>\n<td>D\u00e9bit de la pompe<\/td>\n<td>0 \u00e0 396 ml\/h (\u00e9talon 1 goutte), 0 \u00e0 1 200 ml\/h (\u00e9talon 3 gouttes)<\/td>\n<\/tr>\n<tr>\n<td>D\u00e9bit d&#039;air<\/td>\n<td>0 \u00e0 4 SCFM pour chaque sortie d&#039;air et d&#039;huile, 1 \u00e0 2 SCFM typique<\/td>\n<\/tr>\n<tr>\n<td>G\u00e9n\u00e9rateur d&#039;impulsions<\/td>\n<td>5 \u00e0 50 impulsions\/min, max. 200 impulsions\/min (non recommand\u00e9)<\/td>\n<\/tr>\n<tr>\n<td>Temp\u00e9rature de fonctionnement<\/td>\n<td>0\u2103 ~ +50\u02daC<\/td>\n<\/tr>\n<tr>\n<td>Temp\u00e9rature de stockage<\/td>\n<td>(-16\u2103 ~ +70\u02daC)<\/td>\n<\/tr>\n<tr>\n<td>R\u00e9servoir de fluide<\/td>\n<td>Personnalisable, standard 0,5 L, 1,0 L, 2 L, 4 L<\/td>\n<\/tr>\n<\/tbody>\n<\/table>\n<h2>Principe<\/h2>\n<p>Principe de fonctionnement de la pompe<br \/>\nLa source d&#039;alimentation du syst\u00e8me MQL : Il utilise une pompe volum\u00e9trique pneumatique pour r\u00e9aliser la distribution et le dosage de l&#039;huile.<br \/>\nM\u00e9thode de dosage : La pompe d&#039;atomisation contr\u00f4le le d\u00e9bit d&#039;air \u00e0 travers la vis de dosage d&#039;air et fonctionne avec le bouton de r\u00e9glage de la course pour obtenir un dosage et un rendement pr\u00e9cis du m\u00e9lange d&#039;huile et d&#039;air.<br \/>\nPrincipe d&#039;atomisation<br \/>\nDans la pompe d&#039;atomisation du syst\u00e8me MQL, l&#039;huile et l&#039;air sont s\u00e9par\u00e9s jusqu&#039;au point d&#039;application. Gr\u00e2ce \u00e0 la sortie coaxiale, le fluide et l&#039;air sont combin\u00e9s \u00e0 l&#039;extr\u00e9mit\u00e9 de la buse, et la chemise d&#039;air entourant la sortie du fluide atomise uniform\u00e9ment le fluide.<br \/>\nPrincipe du g\u00e9n\u00e9rateur d&#039;impulsions<br \/>\nLe g\u00e9n\u00e9rateur d&#039;impulsions du syst\u00e8me MQL contr\u00f4le la cadence de la pompe en r\u00e9gulant le rythme marche\/arr\u00eat de l&#039;air comprim\u00e9. Pour un contr\u00f4le pr\u00e9cis, utilisez le commutateur d&#039;air r\u00e9glable et r\u00e9glez la fr\u00e9quence \u00e0 l&#039;aide du bouton.<\/p>\n<h2>Manuels<\/h2>\n<div class=\"sdm_download_button_box_default\"><div class=\"sdm_download_link\"><a href=\"https:\/\/www.jinpinlub.com\/fr\/?sdm_process_download=1&download_id=4054\" class=\"sdm_download white\" title=\"Priv\u00e9\u00a0: Minimal Quantity Lubrication\" target=\"&quot;_blank&quot;\">Voir la fiche technique - Lubrification en quantit\u00e9 minimale<\/a><\/div><\/div>","protected":false},"excerpt":{"rendered":"<p>Le syst\u00e8me de lubrification minimale Jinpinlub MLS est g\u00e9n\u00e9ralement utilis\u00e9 pour le per\u00e7age, le tournage, le fraisage et d&#039;autres proc\u00e9d\u00e9s d&#039;usinage. Gr\u00e2ce \u00e0 la lubrification minimale par brouillard d&#039;huile, il r\u00e9duit efficacement l&#039;usure, la chaleur et les copeaux, tout en pr\u00e9servant la propret\u00e9 de la pi\u00e8ce et de l&#039;outil.<\/p>","protected":false},"featured_media":4081,"template":"","meta":{"ocean_post_layout":"","ocean_both_sidebars_style":"","ocean_both_sidebars_content_width":0,"ocean_both_sidebars_sidebars_width":0,"ocean_sidebar":"0","ocean_second_sidebar":"0","ocean_disable_margins":"enable","ocean_add_body_class":"","ocean_shortcode_before_top_bar":"","ocean_shortcode_after_top_bar":"","ocean_shortcode_before_header":"","ocean_shortcode_after_header":"","ocean_has_shortcode":"","ocean_shortcode_after_title":"","ocean_shortcode_before_footer_widgets":"","ocean_shortcode_after_footer_widgets":"","ocean_shortcode_before_footer_bottom":"","ocean_shortcode_after_footer_bottom":"","ocean_display_top_bar":"default","ocean_display_header":"default","ocean_header_style":"","ocean_center_header_left_menu":"0","ocean_custom_header_template":"0","ocean_custom_logo":0,"ocean_custom_retina_logo":0,"ocean_custom_logo_max_width":0,"ocean_custom_logo_tablet_max_width":0,"ocean_custom_logo_mobile_max_width":0,"ocean_custom_logo_max_height":0,"ocean_custom_logo_tablet_max_height":0,"ocean_custom_logo_mobile_max_height":0,"ocean_header_custom_menu":"0","ocean_menu_typo_font_family":"0","ocean_menu_typo_font_subset":"","ocean_menu_typo_font_size":0,"ocean_menu_typo_font_size_tablet":0,"ocean_menu_typo_font_size_mobile":0,"ocean_menu_typo_font_size_unit":"px","ocean_menu_typo_font_weight":"","ocean_menu_typo_font_weight_tablet":"","ocean_menu_typo_font_weight_mobile":"","ocean_menu_typo_transform":"","ocean_menu_typo_transform_tablet":"","ocean_menu_typo_transform_mobile":"","ocean_menu_typo_line_height":0,"ocean_menu_typo_line_height_tablet":0,"ocean_menu_typo_line_height_mobile":0,"ocean_menu_typo_line_height_unit":"","ocean_menu_typo_spacing":0,"ocean_menu_typo_spacing_tablet":0,"ocean_menu_typo_spacing_mobile":0,"ocean_menu_typo_spacing_unit":"","ocean_menu_link_color":"","ocean_menu_link_color_hover":"","ocean_menu_link_color_active":"","ocean_menu_link_background":"","ocean_menu_link_hover_background":"","ocean_menu_link_active_background":"","ocean_menu_social_links_bg":"","ocean_menu_social_hover_links_bg":"","ocean_menu_social_links_color":"","ocean_menu_social_hover_links_color":"","ocean_disable_title":"default","ocean_disable_heading":"default","ocean_post_title":"","ocean_post_subheading":"","ocean_post_title_style":"","ocean_post_title_background_color":"","ocean_post_title_background":0,"ocean_post_title_bg_image_position":"","ocean_post_title_bg_image_attachment":"","ocean_post_title_bg_image_repeat":"","ocean_post_title_bg_image_size":"","ocean_post_title_height":0,"ocean_post_title_bg_overlay":0.5,"ocean_post_title_bg_overlay_color":"","ocean_disable_breadcrumbs":"default","ocean_breadcrumbs_color":"","ocean_breadcrumbs_separator_color":"","ocean_breadcrumbs_links_color":"","ocean_breadcrumbs_links_hover_color":"","ocean_display_footer_widgets":"default","ocean_display_footer_bottom":"default","ocean_custom_footer_template":"0","osh_disable_topbar_sticky":"default","osh_disable_header_sticky":"default","osh_sticky_header_style":"default","osh_sticky_header_effect":"","osh_custom_sticky_logo":0,"osh_custom_retina_sticky_logo":0,"osh_custom_sticky_logo_height":0,"osh_background_color":"","osh_links_color":"","osh_links_hover_color":"","osh_links_active_color":"","osh_links_bg_color":"","osh_links_hover_bg_color":"","osh_links_active_bg_color":"","osh_menu_social_links_color":"","osh_menu_social_hover_links_color":""},"product_brand":[],"product_cat":[46],"product_tag":[385,381,384,389,390],"class_list":{"0":"post-4080","1":"product","2":"type-product","3":"status-publish","4":"has-post-thumbnail","6":"product_cat-oil-mist-lubrication-systems","7":"product_tag-cooling-lubrication-system","8":"product_tag-mql-lubrication-pump","9":"product_tag-oil-mist-lubrication-system","10":"product_tag-pneumatic-oil-mist-pump","11":"product_tag-pneumatic-spray-pump","13":"entry","14":"has-media","16":"first","17":"instock","18":"shipping-taxable","19":"product-type-external","20":"col","21":"span_1_of_3","22":"owp-content-center","23":"owp-thumbs-layout-horizontal","24":"owp-btn-very-big","25":"owp-tabs-layout-horizontal"},"_links":{"self":[{"href":"https:\/\/www.jinpinlub.com\/fr\/wp-json\/wp\/v2\/product\/4080","targetHints":{"allow":["GET"]}}],"collection":[{"href":"https:\/\/www.jinpinlub.com\/fr\/wp-json\/wp\/v2\/product"}],"about":[{"href":"https:\/\/www.jinpinlub.com\/fr\/wp-json\/wp\/v2\/types\/product"}],"wp:featuredmedia":[{"embeddable":true,"href":"https:\/\/www.jinpinlub.com\/fr\/wp-json\/wp\/v2\/media\/4081"}],"wp:attachment":[{"href":"https:\/\/www.jinpinlub.com\/fr\/wp-json\/wp\/v2\/media?parent=4080"}],"wp:term":[{"taxonomy":"product_brand","embeddable":true,"href":"https:\/\/www.jinpinlub.com\/fr\/wp-json\/wp\/v2\/product_brand?post=4080"},{"taxonomy":"product_cat","embeddable":true,"href":"https:\/\/www.jinpinlub.com\/fr\/wp-json\/wp\/v2\/product_cat?post=4080"},{"taxonomy":"product_tag","embeddable":true,"href":"https:\/\/www.jinpinlub.com\/fr\/wp-json\/wp\/v2\/product_tag?post=4080"}],"curies":[{"name":"wp","href":"https:\/\/api.w.org\/{rel}","templated":true}]}}