{"id":4106,"date":"2025-01-12T04:27:01","date_gmt":"2025-01-11T20:27:01","guid":{"rendered":"https:\/\/www.jinpinlub.com\/?post_type=product&#038;p=4106"},"modified":"2025-01-12T05:38:44","modified_gmt":"2025-01-11T21:38:44","slug":"pompes-de-lubrification-electriques-a-cartouche-de-decharge-de-pression-jhgs4","status":"publish","type":"product","link":"https:\/\/www.jinpinlub.com\/fr\/produit\/pompes-de-lubrification-electriques-a-cartouche-de-decharge-de-pression-jhgs4\/","title":{"rendered":"Pompes de lubrification \u00e9lectriques \u00e0 cartouche de d\u00e9charge de pression JHGS4"},"content":{"rendered":"<h2>Op\u00e9ration<\/h2>\n<p>1. Pour le type JHGS4, veuillez utiliser la m\u00e9thode de remplacement de la cartouche pour remplir la graisse. \u00c9tant donn\u00e9 qu&#039;un ressort puissant est install\u00e9 dans le couvercle, lorsque le couvercle est desserr\u00e9, veuillez \u00e9viter que le couvercle ne sorte en raison de la force du ressort.<br \/>\n2. La plage de viscosit\u00e9 du lubrifiant applicable est NLGI 000, 00, 0, 1#. Lorsque le volume de graisse est inf\u00e9rieur au niveau normal, veuillez remplacer imm\u00e9diatement la nouvelle cartouche.<br \/>\n3. Lorsque vous utilisez la pompe de lubrification pour la premi\u00e8re fois ou lorsque le lubrifiant ne peut pas \u00eatre pomp\u00e9 ou que la cartouche est remplac\u00e9e, vous devez d&#039;abord effectuer une action d&#039;\u00e9chappement via la fonction de lubrification forc\u00e9e et l&#039;orifice d&#039;\u00e9chappement conform\u00e9ment au manuel d&#039;utilisation.<br \/>\n4. Lorsque vous utilisez la pompe de lubrification pour la premi\u00e8re fois, remplissez la conduite principale et la conduite de d\u00e9rivation avec de la graisse via la pompe de lubrification ou la machine de remplissage de graisse, puis connectez le distributeur.<br \/>\n5. Lorsque le volume de lubrifiant de la pompe de lubrification est trop faible, remplacez imm\u00e9diatement la nouvelle cartouche pour \u00e9viter que la pompe n&#039;aspire de l&#039;air et ne parvienne pas \u00e0 pomper l&#039;huile.<br \/>\n6. Lorsque la valeur de pression de la pompe de lubrification \u00e9lectrique ne correspond pas \u00e0 la valeur par d\u00e9faut, vous pouvez r\u00e9gler la vanne de r\u00e9gulation de pression conform\u00e9ment au manuel d&#039;utilisation.<\/p>\n<h2>Sp\u00e9cification<\/h2>\n<table>\n<tbody>\n<tr>\n<td>Mod\u00e8le<\/td>\n<td>JHGS4<\/td>\n<\/tr>\n<tr>\n<td>Temps de lubrification<\/td>\n<td>PLC ou contr\u00f4leur externe<\/td>\n<\/tr>\n<tr>\n<td>Intervalle de temps<\/td>\n<td>PLC ou contr\u00f4leur externe<\/td>\n<\/tr>\n<tr>\n<td>Temp\u00e9rature de fonctionnement<\/td>\n<td>0\u2103~ +50\u00b0C (les conditions de basse temp\u00e9rature n\u00e9cessitent une graisse antigel)<\/td>\n<\/tr>\n<tr>\n<td>Nombre de points de vente<\/td>\n<td>1<\/td>\n<\/tr>\n<tr>\n<td>Capacit\u00e9 du r\u00e9servoir<\/td>\n<td>0,7 L<\/td>\n<\/tr>\n<tr>\n<td>Remplissage<\/td>\n<td>Cartouche<\/td>\n<\/tr>\n<tr>\n<td>Lubrifiant<\/td>\n<td>Graisses de grade NLGI 000~1#<\/td>\n<\/tr>\n<tr>\n<td>Soupape de surpression<\/td>\n<td>Assembl\u00e9<\/td>\n<\/tr>\n<tr>\n<td>D\u00e9charge<\/td>\n<td>15 ml\/min<\/td>\n<\/tr>\n<tr>\n<td>Pression de service max.<\/td>\n<td>8,0 MPa<\/td>\n<\/tr>\n<tr>\n<td>Fil de connexion<\/td>\n<td>Sortie \u03a66 ou \u03a68<\/td>\n<\/tr>\n<tr>\n<td>Tension de fonctionnement<\/td>\n<td>12\/24 V CC, 110\/220 V CA, 220\/380 3~380 V CA<\/td>\n<\/tr>\n<tr>\n<td>Certification<\/td>\n<td>CE<\/td>\n<\/tr>\n<tr>\n<td>Interrupteur de bas niveau<\/td>\n<td>Contact NPN-NO, PNP-NO<\/td>\n<\/tr>\n<\/tbody>\n<\/table>\n<h2>Pr\u00e9caution<\/h2>\n<p>1. Cette pompe de lubrification utilise du NBR et du VITON comme composants d&#039;\u00e9tanch\u00e9it\u00e9. N&#039;utilisez aucun lubrifiant susceptible d&#039;endommager ces mat\u00e9riaux.<br \/>\n2. Pour \u00e9viter que de l&#039;air ne p\u00e9n\u00e8tre dans la cartouche, veuillez presser un peu de lubrifiant avant de l&#039;installer lors du remplacement de la cartouche.<br \/>\n3. Lorsque la graisse lubrifiante de la cartouche JHGS4 est \u00e9puis\u00e9e, il est interdit de la remplir \u00e0 nouveau et de la r\u00e9utiliser. Une nouvelle cartouche doit \u00eatre utilis\u00e9e pour la remplacer.<br \/>\n4. Si la pompe de lubrification \u00e9lectrique JHGS4 fonctionne pendant une longue p\u00e9riode, le moteur interne chauffera, ce qui affectera la temp\u00e9rature de la machine elle-m\u00eame. Par cons\u00e9quent, le temps d&#039;intervalle de la pompe de lubrification doit \u00eatre r\u00e9gl\u00e9 \u00e0 plus de 10 fois le temps d&#039;action pour permettre au moteur de dissiper efficacement la chaleur. Par exemple : le temps d&#039;action est r\u00e9gl\u00e9 sur 60 secondes, donc la valeur minimale de r\u00e9glage du temps d&#039;intervalle doit \u00eatre de 600 secondes.<br \/>\n5. En ce qui concerne le r\u00e9glage du temps de la pompe de lubrification \u00e9lectrique, la premi\u00e8re action de lubrification apr\u00e8s la mise en marche de la machine le lendemain de l&#039;arr\u00eat peut avoir une pression insuffisante. Cela est d\u00fb au fait que la pression r\u00e9siduelle \u00e0 l&#039;int\u00e9rieur du tuyau d&#039;huile a \u00e9t\u00e9 compl\u00e8tement rel\u00e2ch\u00e9e. Il est recommand\u00e9 que le temps de l&#039;action du premier d\u00e9marrage soit sup\u00e9rieur \u00e0 140% de l&#039;action normale.<\/p>\n<h2>Manuels<\/h2>\n<div class=\"sdm_download_button_box_default\"><div class=\"sdm_download_link\"><a href=\"https:\/\/www.jinpinlub.com\/fr\/?sdm_process_download=1&download_id=4088\" class=\"sdm_download white\" title=\"Priv\u00e9\u00a0: JHGS4 Pressure-relief Pump\" target=\"&quot;_blank&quot;\">Voir la fiche technique - Pompe \u00e0 graisse JHGS4<\/a><\/div><\/div>","protected":false},"excerpt":{"rendered":"<p>JHGS4 est une pompe de lubrification \u00e9lectrique \u00e0 cartouche simple ligne \u00e0 d\u00e9charge de pression contr\u00f4l\u00e9e par un automate programmable h\u00f4te. Lorsque le lubrifiant de la cartouche est \u00e9puis\u00e9, les utilisateurs n&#039;ont qu&#039;\u00e0 le remplacer par une cartouche standard, ce qui est pratique pour l&#039;exploitation et la maintenance.<\/p>","protected":false},"featured_media":4102,"template":"","meta":{"ocean_post_layout":"","ocean_both_sidebars_style":"","ocean_both_sidebars_content_width":0,"ocean_both_sidebars_sidebars_width":0,"ocean_sidebar":"0","ocean_second_sidebar":"0","ocean_disable_margins":"enable","ocean_add_body_class":"","ocean_shortcode_before_top_bar":"","ocean_shortcode_after_top_bar":"","ocean_shortcode_before_header":"","ocean_shortcode_after_header":"","ocean_has_shortcode":"","ocean_shortcode_after_title":"","ocean_shortcode_before_footer_widgets":"","ocean_shortcode_after_footer_widgets":"","ocean_shortcode_before_footer_bottom":"","ocean_shortcode_after_footer_bottom":"","ocean_display_top_bar":"default","ocean_display_header":"default","ocean_header_style":"","ocean_center_header_left_menu":"0","ocean_custom_header_template":"0","ocean_custom_logo":0,"ocean_custom_retina_logo":0,"ocean_custom_logo_max_width":0,"ocean_custom_logo_tablet_max_width":0,"ocean_custom_logo_mobile_max_width":0,"ocean_custom_logo_max_height":0,"ocean_custom_logo_tablet_max_height":0,"ocean_custom_logo_mobile_max_height":0,"ocean_header_custom_menu":"0","ocean_menu_typo_font_family":"0","ocean_menu_typo_font_subset":"","ocean_menu_typo_font_size":0,"ocean_menu_typo_font_size_tablet":0,"ocean_menu_typo_font_size_mobile":0,"ocean_menu_typo_font_size_unit":"px","ocean_menu_typo_font_weight":"","ocean_menu_typo_font_weight_tablet":"","ocean_menu_typo_font_weight_mobile":"","ocean_menu_typo_transform":"","ocean_menu_typo_transform_tablet":"","ocean_menu_typo_transform_mobile":"","ocean_menu_typo_line_height":0,"ocean_menu_typo_line_height_tablet":0,"ocean_menu_typo_line_height_mobile":0,"ocean_menu_typo_line_height_unit":"","ocean_menu_typo_spacing":0,"ocean_menu_typo_spacing_tablet":0,"ocean_menu_typo_spacing_mobile":0,"ocean_menu_typo_spacing_unit":"","ocean_menu_link_color":"","ocean_menu_link_color_hover":"","ocean_menu_link_color_active":"","ocean_menu_link_background":"","ocean_menu_link_hover_background":"","ocean_menu_link_active_background":"","ocean_menu_social_links_bg":"","ocean_menu_social_hover_links_bg":"","ocean_menu_social_links_color":"","ocean_menu_social_hover_links_color":"","ocean_disable_title":"default","ocean_disable_heading":"default","ocean_post_title":"","ocean_post_subheading":"","ocean_post_title_style":"","ocean_post_title_background_color":"","ocean_post_title_background":0,"ocean_post_title_bg_image_position":"","ocean_post_title_bg_image_attachment":"","ocean_post_title_bg_image_repeat":"","ocean_post_title_bg_image_size":"","ocean_post_title_height":0,"ocean_post_title_bg_overlay":0.5,"ocean_post_title_bg_overlay_color":"","ocean_disable_breadcrumbs":"default","ocean_breadcrumbs_color":"","ocean_breadcrumbs_separator_color":"","ocean_breadcrumbs_links_color":"","ocean_breadcrumbs_links_hover_color":"","ocean_display_footer_widgets":"default","ocean_display_footer_bottom":"default","ocean_custom_footer_template":"0","osh_disable_topbar_sticky":"default","osh_disable_header_sticky":"default","osh_sticky_header_style":"default","osh_sticky_header_effect":"","osh_custom_sticky_logo":0,"osh_custom_retina_sticky_logo":0,"osh_custom_sticky_logo_height":0,"osh_background_color":"","osh_links_color":"","osh_links_hover_color":"","osh_links_active_color":"","osh_links_bg_color":"","osh_links_hover_bg_color":"","osh_links_active_bg_color":"","osh_menu_social_links_color":"","osh_menu_social_hover_links_color":""},"product_brand":[],"product_cat":[37,38],"product_tag":[393,392,391,73,76],"class_list":{"0":"post-4106","1":"product","2":"type-product","3":"status-publish","4":"has-post-thumbnail","6":"product_cat-single-line-grease-systems","7":"product_cat-electric-pressure-relief-pumps","8":"product_tag-dc-pressure-lubricator","9":"product_tag-electric-lube-system","10":"product_tag-electric-lubricant-pump","11":"product_tag-electric-lubrication-pump","12":"product_tag-electric-lubrication-system","14":"entry","15":"has-media","17":"first","18":"instock","19":"shipping-taxable","20":"product-type-external","21":"col","22":"span_1_of_3","23":"owp-content-center","24":"owp-thumbs-layout-horizontal","25":"owp-btn-very-big","26":"owp-tabs-layout-horizontal"},"_links":{"self":[{"href":"https:\/\/www.jinpinlub.com\/fr\/wp-json\/wp\/v2\/product\/4106","targetHints":{"allow":["GET"]}}],"collection":[{"href":"https:\/\/www.jinpinlub.com\/fr\/wp-json\/wp\/v2\/product"}],"about":[{"href":"https:\/\/www.jinpinlub.com\/fr\/wp-json\/wp\/v2\/types\/product"}],"wp:featuredmedia":[{"embeddable":true,"href":"https:\/\/www.jinpinlub.com\/fr\/wp-json\/wp\/v2\/media\/4102"}],"wp:attachment":[{"href":"https:\/\/www.jinpinlub.com\/fr\/wp-json\/wp\/v2\/media?parent=4106"}],"wp:term":[{"taxonomy":"product_brand","embeddable":true,"href":"https:\/\/www.jinpinlub.com\/fr\/wp-json\/wp\/v2\/product_brand?post=4106"},{"taxonomy":"product_cat","embeddable":true,"href":"https:\/\/www.jinpinlub.com\/fr\/wp-json\/wp\/v2\/product_cat?post=4106"},{"taxonomy":"product_tag","embeddable":true,"href":"https:\/\/www.jinpinlub.com\/fr\/wp-json\/wp\/v2\/product_tag?post=4106"}],"curies":[{"name":"wp","href":"https:\/\/api.w.org\/{rel}","templated":true}]}}