{"id":4107,"date":"2025-01-12T05:29:09","date_gmt":"2025-01-11T21:29:09","guid":{"rendered":"https:\/\/www.jinpinlub.com\/?post_type=product&#038;p=4107"},"modified":"2025-01-12T05:38:24","modified_gmt":"2025-01-11T21:38:24","slug":"systeme-de-lubrification-electrique-progressif-a-cartouche-jhgs2","status":"publish","type":"product","link":"https:\/\/www.jinpinlub.com\/fr\/product\/jhgs2-cartridge-type-progressive-electric-grease-lube-system\/","title":{"rendered":"Syst\u00e8me de lubrification \u00e9lectrique progressif \u00e0 cartouche JHGS2"},"content":{"rendered":"<h2>Fonctionnalit\u00e9<\/h2>\n<p>\u2013 Contr\u00f4le pr\u00e9cis : le temps de lubrification et l&#039;intervalle de temps de la pompe de lubrification \u00e9lectrique JHGS2 sont contr\u00f4l\u00e9s avec pr\u00e9cision par PLC, et la fr\u00e9quence et la dur\u00e9e de lubrification peuvent \u00eatre ajust\u00e9es de mani\u00e8re flexible en fonction des exigences de fonctionnement des diff\u00e9rents \u00e9quipements.<br \/>\n\u2013 Surveillance du niveau de liquide : la pompe de lubrification peut \u00eatre install\u00e9e avec un d\u00e9tecteur de niveau de liquide bas, qui peut envoyer automatiquement un signal lorsque le niveau d&#039;huile est bas.<br \/>\nLubrifiant adaptable\u00a0: la pompe de lubrification est compatible avec les lubrifiants NLGI 000, 00, 0 et 1#. Sa large gamme d&#039;applications lui permet de s&#039;adapter \u00e0 diff\u00e9rents sc\u00e9narios de travail.<br \/>\n\u2013 D\u00e9bit stable : La pompe de lubrification automatique a une pression de service de 8,0 MPa et un d\u00e9bit de 15 ml\/min. Elle garantit un transport du lubrifiant vers chaque point de lubrification de l&#039;\u00e9quipement avec un d\u00e9bit et une pression stables.<br \/>\n\u2013 Nombreux accessoires\u00a0: Cette pompe de lubrification progressive est compatible avec divers accessoires, tels que les distributeurs progressifs JSV, les adaptateurs PD et PH, etc. De plus, elle peut \u00eatre combin\u00e9e avec diff\u00e9rents types d&#039;\u00e9quipements et de syst\u00e8mes.<br \/>\n\u2013 Alimentation flexible\u00a0: la pompe de lubrification fournit diff\u00e9rentes tensions, telles que 110\u00a0VCA, 220\u00a0VCA, 12\u00a0V CC, 24\u00a0V CC, etc. L&#039;utilisateur peut choisir en fonction de son utilisation.<\/p>\n<h2>Sp\u00e9cification<\/h2>\n<table>\n<tbody>\n<tr>\n<td>Mod\u00e8le<\/td>\n<td>JHGS2<\/td>\n<\/tr>\n<tr>\n<td>Temps de lubrification<\/td>\n<td>PLC ou contr\u00f4leur externe<\/td>\n<\/tr>\n<tr>\n<td>Intervalle de temps<\/td>\n<td>PLC ou contr\u00f4leur externe<\/td>\n<\/tr>\n<tr>\n<td>Temp\u00e9rature de fonctionnement<\/td>\n<td>0\u2103~ +50\u00b0C (les conditions de basse temp\u00e9rature n\u00e9cessitent une graisse antigel)<\/td>\n<\/tr>\n<tr>\n<td>Nombre de points de vente<\/td>\n<td>1<\/td>\n<\/tr>\n<tr>\n<td>Capacit\u00e9 du r\u00e9servoir<\/td>\n<td>0,7 L<\/td>\n<\/tr>\n<tr>\n<td>Remplissage<\/td>\n<td>Cartouche<\/td>\n<\/tr>\n<tr>\n<td>Lubrifiant<\/td>\n<td>Graisses de grade NLGI 000~1#<\/td>\n<\/tr>\n<tr>\n<td>Soupape de surpression<\/td>\n<td>Assembl\u00e9<\/td>\n<\/tr>\n<tr>\n<td>D\u00e9charge<\/td>\n<td>15 ml\/min<\/td>\n<\/tr>\n<tr>\n<td>Pression de service max.<\/td>\n<td>8,0 MPa<\/td>\n<\/tr>\n<tr>\n<td>Raccords de raccordement<\/td>\n<td>Sortie \u03a66 ou \u03a68<\/td>\n<\/tr>\n<tr>\n<td>Tension de fonctionnement<\/td>\n<td>12\/24 V CC, 110\/220 V CA, 220\/380 3~380 V CA<\/td>\n<\/tr>\n<tr>\n<td>Certification<\/td>\n<td>CE<\/td>\n<\/tr>\n<tr>\n<td>Interrupteur de bas niveau<\/td>\n<td>PAS de contact<\/td>\n<\/tr>\n<\/tbody>\n<\/table>\n<h2>D\u00e9pannage<\/h2>\n<p>\u2013 La pompe de lubrification ne peut pas refouler ou le d\u00e9bit est insuffisant\u00a0: le moteur ne fonctionne pas, tourne en sens inverse, la qualit\u00e9 n&#039;est pas constante, la sortie est obstru\u00e9e et il y a de l&#039;air dans la cartouche. Les solutions incluent la d\u00e9tection de la tension d&#039;entr\u00e9e, le remplacement du moteur, le rec\u00e2blage, le nettoyage ou le remplacement du joint de sortie, la purge, etc.<br \/>\n\u2013 Fuite de lubrifiant\u00a0: la cartouche peut \u00eatre endommag\u00e9e ou d\u00e9form\u00e9e, mal verrouill\u00e9e ou le joint torique reliant la cartouche manquant ou d\u00e9t\u00e9rior\u00e9. Les solutions appropri\u00e9es sont\u00a0: remplacer la cartouche, reverrouiller, ajouter ou remplacer le joint torique.<br \/>\n\u2013 Pression anormale\u00a0: des impuret\u00e9s dans le piston de la pompe de lubrification, une pression pr\u00e9r\u00e9gl\u00e9e insuffisante et une rupture de canalisation peuvent \u00eatre \u00e0 l&#039;origine de ce probl\u00e8me. Pour r\u00e9soudre ce probl\u00e8me, nettoyez le piston, r\u00e9glez la vanne de r\u00e9gulation de pression et remplacez la canalisation.<br \/>\n\u2013 L&#039;aiguille du manom\u00e8tre ne revient pas \u00e0 z\u00e9ro ou s&#039;arr\u00eate\u00a0: le manom\u00e8tre peut \u00eatre d\u00e9fectueux ou contenir de l&#039;air dans la pompe de lubrification. La solution consiste \u00e0 remplacer le manom\u00e8tre ou \u00e0 effectuer une vidange.<\/p>\n<h2>Manuels<\/h2>\n<div class=\"sdm_download_button_box_default\"><div class=\"sdm_download_link\"><a href=\"https:\/\/www.jinpinlub.com\/fr\/?sdm_process_download=1&download_id=4086\" class=\"sdm_download white\" title=\"Priv\u00e9\u00a0: JHGS2 Progressive Pump\" target=\"&quot;_blank&quot;\">Voir la fiche technique - Pompe \u00e0 graisse JHGS2<\/a><\/div><\/div>","protected":false},"excerpt":{"rendered":"<p>La JHGS2 est une pompe de lubrification \u00e9lectrique progressive, adapt\u00e9e \u00e0 diff\u00e9rentes viscosit\u00e9s de graisse, avec une pression de 8 MPa et un d\u00e9bit de 15 ml\/min, et plusieurs tensions en option. Sa structure simple mais robuste facilite son utilisation et son entretien gr\u00e2ce au remplacement de la cartouche.<\/p>","protected":false},"featured_media":4108,"template":"","meta":{"ocean_post_layout":"","ocean_both_sidebars_style":"","ocean_both_sidebars_content_width":0,"ocean_both_sidebars_sidebars_width":0,"ocean_sidebar":"0","ocean_second_sidebar":"0","ocean_disable_margins":"enable","ocean_add_body_class":"","ocean_shortcode_before_top_bar":"","ocean_shortcode_after_top_bar":"","ocean_shortcode_before_header":"","ocean_shortcode_after_header":"","ocean_has_shortcode":"","ocean_shortcode_after_title":"","ocean_shortcode_before_footer_widgets":"","ocean_shortcode_after_footer_widgets":"","ocean_shortcode_before_footer_bottom":"","ocean_shortcode_after_footer_bottom":"","ocean_display_top_bar":"default","ocean_display_header":"default","ocean_header_style":"","ocean_center_header_left_menu":"0","ocean_custom_header_template":"0","ocean_custom_logo":0,"ocean_custom_retina_logo":0,"ocean_custom_logo_max_width":0,"ocean_custom_logo_tablet_max_width":0,"ocean_custom_logo_mobile_max_width":0,"ocean_custom_logo_max_height":0,"ocean_custom_logo_tablet_max_height":0,"ocean_custom_logo_mobile_max_height":0,"ocean_header_custom_menu":"0","ocean_menu_typo_font_family":"0","ocean_menu_typo_font_subset":"","ocean_menu_typo_font_size":0,"ocean_menu_typo_font_size_tablet":0,"ocean_menu_typo_font_size_mobile":0,"ocean_menu_typo_font_size_unit":"px","ocean_menu_typo_font_weight":"","ocean_menu_typo_font_weight_tablet":"","ocean_menu_typo_font_weight_mobile":"","ocean_menu_typo_transform":"","ocean_menu_typo_transform_tablet":"","ocean_menu_typo_transform_mobile":"","ocean_menu_typo_line_height":0,"ocean_menu_typo_line_height_tablet":0,"ocean_menu_typo_line_height_mobile":0,"ocean_menu_typo_line_height_unit":"","ocean_menu_typo_spacing":0,"ocean_menu_typo_spacing_tablet":0,"ocean_menu_typo_spacing_mobile":0,"ocean_menu_typo_spacing_unit":"","ocean_menu_link_color":"","ocean_menu_link_color_hover":"","ocean_menu_link_color_active":"","ocean_menu_link_background":"","ocean_menu_link_hover_background":"","ocean_menu_link_active_background":"","ocean_menu_social_links_bg":"","ocean_menu_social_hover_links_bg":"","ocean_menu_social_links_color":"","ocean_menu_social_hover_links_color":"","ocean_disable_title":"default","ocean_disable_heading":"default","ocean_post_title":"","ocean_post_subheading":"","ocean_post_title_style":"","ocean_post_title_background_color":"","ocean_post_title_background":0,"ocean_post_title_bg_image_position":"","ocean_post_title_bg_image_attachment":"","ocean_post_title_bg_image_repeat":"","ocean_post_title_bg_image_size":"","ocean_post_title_height":0,"ocean_post_title_bg_overlay":0.5,"ocean_post_title_bg_overlay_color":"","ocean_disable_breadcrumbs":"default","ocean_breadcrumbs_color":"","ocean_breadcrumbs_separator_color":"","ocean_breadcrumbs_links_color":"","ocean_breadcrumbs_links_hover_color":"","ocean_display_footer_widgets":"default","ocean_display_footer_bottom":"default","ocean_custom_footer_template":"0","osh_disable_topbar_sticky":"default","osh_disable_header_sticky":"default","osh_sticky_header_style":"default","osh_sticky_header_effect":"","osh_custom_sticky_logo":0,"osh_custom_retina_sticky_logo":0,"osh_custom_sticky_logo_height":0,"osh_background_color":"","osh_links_color":"","osh_links_hover_color":"","osh_links_active_color":"","osh_links_bg_color":"","osh_links_hover_bg_color":"","osh_links_active_bg_color":"","osh_menu_social_links_color":"","osh_menu_social_hover_links_color":""},"product_brand":[],"product_cat":[42,41],"product_tag":[321,73,196,91,221],"class_list":{"0":"post-4107","1":"product","2":"type-product","3":"status-publish","4":"has-post-thumbnail","6":"product_cat-electric-progressive-pumps","7":"product_cat-progressive-grease-systems","8":"product_tag-automatic-lubrication-system","9":"product_tag-electric-lubrication-pump","10":"product_tag-grease-lubrication-system","11":"product_tag-progressive-lubrication-pump","12":"product_tag-progressive-lubrication-system","14":"entry","15":"has-media","17":"first","18":"instock","19":"shipping-taxable","20":"product-type-external","21":"col","22":"span_1_of_3","23":"owp-content-center","24":"owp-thumbs-layout-horizontal","25":"owp-btn-very-big","26":"owp-tabs-layout-horizontal"},"_links":{"self":[{"href":"https:\/\/www.jinpinlub.com\/fr\/wp-json\/wp\/v2\/product\/4107","targetHints":{"allow":["GET"]}}],"collection":[{"href":"https:\/\/www.jinpinlub.com\/fr\/wp-json\/wp\/v2\/product"}],"about":[{"href":"https:\/\/www.jinpinlub.com\/fr\/wp-json\/wp\/v2\/types\/product"}],"wp:featuredmedia":[{"embeddable":true,"href":"https:\/\/www.jinpinlub.com\/fr\/wp-json\/wp\/v2\/media\/4108"}],"wp:attachment":[{"href":"https:\/\/www.jinpinlub.com\/fr\/wp-json\/wp\/v2\/media?parent=4107"}],"wp:term":[{"taxonomy":"product_brand","embeddable":true,"href":"https:\/\/www.jinpinlub.com\/fr\/wp-json\/wp\/v2\/product_brand?post=4107"},{"taxonomy":"product_cat","embeddable":true,"href":"https:\/\/www.jinpinlub.com\/fr\/wp-json\/wp\/v2\/product_cat?post=4107"},{"taxonomy":"product_tag","embeddable":true,"href":"https:\/\/www.jinpinlub.com\/fr\/wp-json\/wp\/v2\/product_tag?post=4107"}],"curies":[{"name":"wp","href":"https:\/\/api.w.org\/{rel}","templated":true}]}}