{"id":4112,"date":"2025-01-18T03:10:27","date_gmt":"2025-01-17T19:10:27","guid":{"rendered":"https:\/\/www.jinpinlub.com\/?post_type=product&#038;p=4112"},"modified":"2025-01-18T03:35:14","modified_gmt":"2025-01-17T19:35:14","slug":"graisseur-automatique-monopoint-a-ressort-reglable","status":"publish","type":"product","link":"https:\/\/www.jinpinlub.com\/fr\/product\/adjustable-spring-driven-single-point-automatic-lubricator\/","title":{"rendered":"Graisseur automatique \u00e0 point unique \u00e0 ressort r\u00e9glable"},"content":{"rendered":"<h2>Fonctionnalit\u00e9<\/h2>\n<p>1. Les graisseurs automatiques r\u00e9glables sont class\u00e9s par type de lubrifiant. Les mod\u00e8les GP sont destin\u00e9s \u00e0 la graisse, tandis que les mod\u00e8les OP et CP-36C sont destin\u00e9s \u00e0 l&#039;huile.<br \/>\n2. Tous les mod\u00e8les peuvent distribuer automatiquement le lubrifiant \u00e0 un seul point de lubrification de mani\u00e8re constante.<br \/>\n3. Le CP-36C est \u00e9quip\u00e9 d&#039;une brosse mais sans adaptateurs.<br \/>\n4. Tous les mod\u00e8les conviennent \u00e0 la lubrification des guides lin\u00e9aires, des roulements et des arbres de moteur.<br \/>\n5. Tous les mod\u00e8les sont \u00e9quip\u00e9s de r\u00e9gulateurs de volume permettant d&#039;ajuster le volume de lubrifiant selon les besoins. Pour les mod\u00e8les OP<br \/>\net CP-36C, tournez les boutons de r\u00e9glage du volume dans le sens des aiguilles d&#039;une montre jusqu&#039;au point z\u00e9ro lorsqu&#039;ils ne sont pas utilis\u00e9s.<br \/>\n6. Mod\u00e8les GP : remplissez de graisse par les graisseurs et fermez le bouchon du graisseur apr\u00e8s avoir rempli la graisse.<br \/>\n7. Mod\u00e8les OP et CP-36C : remplissez l&#039;huile par l&#039;entr\u00e9e d&#039;huile et remettez le couvercle d&#039;huile une fois termin\u00e9.<br \/>\n8. N&#039;utilisez pas de solvants organiques tels que le tolu\u00e8ne ou le t\u00e9trachlorure de carbone pour nettoyer le r\u00e9servoir de lubrifiant.<\/p>\n<h2>Sp\u00e9cification<\/h2>\n<p>Nom : Graisseur monopoint GP<br \/>\nM\u00e9thode d&#039;entra\u00eenement : \u00c0 ressort<br \/>\nTemps de vidange : 3 \u00e0 5 ans<br \/>\nD\u00e9charge : Ajuster en fonction des besoins<br \/>\nTemp\u00e9rature de fonctionnement : -20 \u2103~+155 \u2103<br \/>\nLubrifiants : huile ou graisse \u2264 NLGI#2<br \/>\nNiveau de protection : IP68<br \/>\nPoids net : 200-250 g<br \/>\nCertificat: Certification CE<\/p>\n<h2>Montage<\/h2>\n<p>Comme indiqu\u00e9 sur le sch\u00e9ma, s\u00e9lectionnez l&#039;un des trois types de filetage d&#039;adaptateur\u00a0: 1\/4\u2033PT19, 1\/8\u2033PT28 et 1\/4\u2033UNF28 pour l&#039;installation de coudes \u00e0 45\u00b0, 90\u00b0 et 180\u00b0.<br \/>\nM\u00e9thode de r\u00e9gulation :<br \/>\nEn fonction de la taille du roulement et de la quantit\u00e9 de graisse, r\u00e9glez la vanne \u00e0 pointeau pour la quantit\u00e9 de graisse de sortie appropri\u00e9e.<br \/>\nEn fonction de la graduation sur la tasse, tournez la vanne \u00e0 aiguille pour r\u00e9gler la quantit\u00e9 de graisse.<br \/>\nLorsque la vanne \u00e0 aiguille est tourn\u00e9e \u00e0 90\u00b0, cela signifie que le trou de sortie mesure 0,12 mm.<br \/>\nLorsque la vanne \u00e0 aiguille est tourn\u00e9e d&#039;un tour complet, cela signifie que le trou de sortie est de 0,45 mm.<br \/>\nLe fil \u00e0 ressort est fabriqu\u00e9 \u00e0 partir de fil \u00e0 piano allemand, ne le remplacez pas de toute fa\u00e7on.<br \/>\nLes conseils pour r\u00e9guler la quantit\u00e9 de graisse produite sont les suivants :<br \/>\n1. Pour un r\u00e9glage plus pr\u00e9cis, veuillez vous r\u00e9f\u00e9rer \u00e0 la temp\u00e9rature ambiante (int\u00e9rieure, ext\u00e9rieure, basse ou haute temp\u00e9rature), \u00e0 la taille du roulement, \u00e0 la vitesse de rotation et \u00e0 la viscosit\u00e9 de la graisse. La quantit\u00e9 de graisse recommand\u00e9e doit \u00eatre ajust\u00e9e comme suit\u00a0:<br \/>\nPour NLGI 0\u00a0: veuillez tourner la vanne d&#039;1,5 tour. Pendant le travail, maintenez un tour minimum de 1,0 tour.<br \/>\nPour NLGI 1\u00a0: effectuez trois tours de la vanne. Pendant le travail, effectuez au moins deux tours.<br \/>\nPour NLGI 2\u00a0: effectuez 3 \u00e0 5\u00a0tours avec la vanne. Pendant le travail, effectuez au moins 3\u00a0tours.<br \/>\nVeuillez ne pas utiliser de graisse durcie ou de graisse saponifi\u00e9e, puis alimenter une quantit\u00e9 de graisse appropri\u00e9e en fonction des conditions de travail.<br \/>\nDe plus, lors de la recharge du doseur, la vanne \u00e0 aiguille doit \u00eatre maintenue ouverte pour \u00e9vacuer la vieille graisse.<\/p>\n<h2>Manuels<\/h2>\n<div class=\"sdm_download_button_box_default\"><div class=\"sdm_download_link\"><a href=\"https:\/\/www.jinpinlub.com\/fr\/?sdm_process_download=1&download_id=4117\" class=\"sdm_download white\" title=\"Priv\u00e9\u00a0: GP single-point lubricator\" target=\"&quot;_blank&quot;\">Voir la fiche technique - Lubrificateur monopoint GP<\/a><\/div><\/div>","protected":false},"excerpt":{"rendered":"<p>Le graisseur monopoint JINPINLUB est un graisseur automatique r\u00e9glable, entra\u00een\u00e9 par ressort. Il est divis\u00e9 en deux types\u00a0: GP pour la graisse et OP pour l&#039;huile. Tous les mod\u00e8les alimentent automatiquement et de mani\u00e8re stable un point de lubrification unique et conviennent \u00e0 des composants tels que les guidages lin\u00e9aires.<\/p>","protected":false},"featured_media":4115,"template":"","meta":{"ocean_post_layout":"","ocean_both_sidebars_style":"","ocean_both_sidebars_content_width":0,"ocean_both_sidebars_sidebars_width":0,"ocean_sidebar":"0","ocean_second_sidebar":"0","ocean_disable_margins":"enable","ocean_add_body_class":"","ocean_shortcode_before_top_bar":"","ocean_shortcode_after_top_bar":"","ocean_shortcode_before_header":"","ocean_shortcode_after_header":"","ocean_has_shortcode":"","ocean_shortcode_after_title":"","ocean_shortcode_before_footer_widgets":"","ocean_shortcode_after_footer_widgets":"","ocean_shortcode_before_footer_bottom":"","ocean_shortcode_after_footer_bottom":"","ocean_display_top_bar":"default","ocean_display_header":"default","ocean_header_style":"","ocean_center_header_left_menu":"0","ocean_custom_header_template":"0","ocean_custom_logo":0,"ocean_custom_retina_logo":0,"ocean_custom_logo_max_width":0,"ocean_custom_logo_tablet_max_width":0,"ocean_custom_logo_mobile_max_width":0,"ocean_custom_logo_max_height":0,"ocean_custom_logo_tablet_max_height":0,"ocean_custom_logo_mobile_max_height":0,"ocean_header_custom_menu":"0","ocean_menu_typo_font_family":"0","ocean_menu_typo_font_subset":"","ocean_menu_typo_font_size":0,"ocean_menu_typo_font_size_tablet":0,"ocean_menu_typo_font_size_mobile":0,"ocean_menu_typo_font_size_unit":"px","ocean_menu_typo_font_weight":"","ocean_menu_typo_font_weight_tablet":"","ocean_menu_typo_font_weight_mobile":"","ocean_menu_typo_transform":"","ocean_menu_typo_transform_tablet":"","ocean_menu_typo_transform_mobile":"","ocean_menu_typo_line_height":0,"ocean_menu_typo_line_height_tablet":0,"ocean_menu_typo_line_height_mobile":0,"ocean_menu_typo_line_height_unit":"","ocean_menu_typo_spacing":0,"ocean_menu_typo_spacing_tablet":0,"ocean_menu_typo_spacing_mobile":0,"ocean_menu_typo_spacing_unit":"","ocean_menu_link_color":"","ocean_menu_link_color_hover":"","ocean_menu_link_color_active":"","ocean_menu_link_background":"","ocean_menu_link_hover_background":"","ocean_menu_link_active_background":"","ocean_menu_social_links_bg":"","ocean_menu_social_hover_links_bg":"","ocean_menu_social_links_color":"","ocean_menu_social_hover_links_color":"","ocean_disable_title":"default","ocean_disable_heading":"default","ocean_post_title":"","ocean_post_subheading":"","ocean_post_title_style":"","ocean_post_title_background_color":"","ocean_post_title_background":0,"ocean_post_title_bg_image_position":"","ocean_post_title_bg_image_attachment":"","ocean_post_title_bg_image_repeat":"","ocean_post_title_bg_image_size":"","ocean_post_title_height":0,"ocean_post_title_bg_overlay":0.5,"ocean_post_title_bg_overlay_color":"","ocean_disable_breadcrumbs":"default","ocean_breadcrumbs_color":"","ocean_breadcrumbs_separator_color":"","ocean_breadcrumbs_links_color":"","ocean_breadcrumbs_links_hover_color":"","ocean_display_footer_widgets":"default","ocean_display_footer_bottom":"default","ocean_custom_footer_template":"0","osh_disable_topbar_sticky":"default","osh_disable_header_sticky":"default","osh_sticky_header_style":"default","osh_sticky_header_effect":"","osh_custom_sticky_logo":0,"osh_custom_retina_sticky_logo":0,"osh_custom_sticky_logo_height":0,"osh_background_color":"","osh_links_color":"","osh_links_hover_color":"","osh_links_active_color":"","osh_links_bg_color":"","osh_links_hover_bg_color":"","osh_links_active_bg_color":"","osh_menu_social_links_color":"","osh_menu_social_hover_links_color":""},"product_brand":[],"product_cat":[33],"product_tag":[396,394,395,102,103],"class_list":{"0":"post-4112","1":"product","2":"type-product","3":"status-publish","4":"has-post-thumbnail","6":"product_cat-single-point-lubricators","7":"product_tag-automatic-lubricator","8":"product_tag-bearing-single-point-lubrication","9":"product_tag-single-point-grease-lubrication","10":"product_tag-single-point-lubrication-pump","11":"product_tag-single-point-lubricator","13":"entry","14":"has-media","16":"first","17":"instock","18":"featured","19":"shipping-taxable","20":"product-type-external","21":"col","22":"span_1_of_3","23":"owp-content-center","24":"owp-thumbs-layout-horizontal","25":"owp-btn-very-big","26":"owp-tabs-layout-horizontal"},"_links":{"self":[{"href":"https:\/\/www.jinpinlub.com\/fr\/wp-json\/wp\/v2\/product\/4112","targetHints":{"allow":["GET"]}}],"collection":[{"href":"https:\/\/www.jinpinlub.com\/fr\/wp-json\/wp\/v2\/product"}],"about":[{"href":"https:\/\/www.jinpinlub.com\/fr\/wp-json\/wp\/v2\/types\/product"}],"wp:featuredmedia":[{"embeddable":true,"href":"https:\/\/www.jinpinlub.com\/fr\/wp-json\/wp\/v2\/media\/4115"}],"wp:attachment":[{"href":"https:\/\/www.jinpinlub.com\/fr\/wp-json\/wp\/v2\/media?parent=4112"}],"wp:term":[{"taxonomy":"product_brand","embeddable":true,"href":"https:\/\/www.jinpinlub.com\/fr\/wp-json\/wp\/v2\/product_brand?post=4112"},{"taxonomy":"product_cat","embeddable":true,"href":"https:\/\/www.jinpinlub.com\/fr\/wp-json\/wp\/v2\/product_cat?post=4112"},{"taxonomy":"product_tag","embeddable":true,"href":"https:\/\/www.jinpinlub.com\/fr\/wp-json\/wp\/v2\/product_tag?post=4112"}],"curies":[{"name":"wp","href":"https:\/\/api.w.org\/{rel}","templated":true}]}}