{"id":4119,"date":"2025-01-18T18:26:38","date_gmt":"2025-01-18T10:26:38","guid":{"rendered":"https:\/\/www.jinpinlub.com\/?post_type=product&#038;p=4119"},"modified":"2025-01-18T21:30:25","modified_gmt":"2025-01-18T13:30:25","slug":"adaptateurs-de-bagues-de-compression-en-laiton-pa-raccords-a-compression","status":"publish","type":"product","link":"https:\/\/www.jinpinlub.com\/fr\/produit\/adaptateurs-de-bagues-de-compression-en-laiton-pa-raccords-a-compression\/","title":{"rendered":"Adaptateurs de bagues de compression en laiton PA Raccords \u00e0 compression"},"content":{"rendered":"<h2>Fonctionnalit\u00e9<\/h2>\n<p>\u2013 La bague de compression est install\u00e9e dans un style de bague, qui est \u00e9troitement combin\u00e9e, pas facile \u00e0 desserrer et \u00e0 tomber, a une bonne \u00e9tanch\u00e9it\u00e9 et emp\u00eache efficacement les fuites.<br \/>\n\u2013 La bague de compression peut supporter une pression de 3 MPa et fonctionner de mani\u00e8re stable dans des circuits d\u2019huile haute pression ou des syst\u00e8mes pneumatiques.<br \/>\n\u2013 La temp\u00e9rature de fonctionnement de la bague de compression r\u00e9siste \u00e0 la plage de -20\u2103 \u00e0 80\u2103, ce qui peut r\u00e9pondre \u00e0 diff\u00e9rents climats et environnements industriels.<br \/>\n\u2013 Le mat\u00e9riau de la bague de compression est en laiton, qui pr\u00e9sente une r\u00e9sistance \u00e9lev\u00e9e et une r\u00e9sistance \u00e0 la corrosion, prolonge la dur\u00e9e de vie et r\u00e9duit les co\u00fbts de maintenance.<\/p>\n<h2>Sp\u00e9cification<\/h2>\n<figure id=\"attachment_4125\" aria-describedby=\"caption-attachment-4125\" style=\"width: 800px\" class=\"wp-caption alignnone\"><img loading=\"lazy\" decoding=\"async\" class=\"size-full wp-image-4125\" src=\"https:\/\/www.jinpinlub.com\/wp-content\/uploads\/2025\/01\/brass-compression-bushing-6.jpg\" alt=\"douille de compression en laiton (6)\" width=\"800\" height=\"508\" srcset=\"https:\/\/www.jinpinlub.com\/wp-content\/uploads\/2025\/01\/brass-compression-bushing-6.jpg 800w, https:\/\/www.jinpinlub.com\/wp-content\/uploads\/2025\/01\/brass-compression-bushing-6-300x191.jpg 300w, https:\/\/www.jinpinlub.com\/wp-content\/uploads\/2025\/01\/brass-compression-bushing-6-768x488.jpg 768w, https:\/\/www.jinpinlub.com\/wp-content\/uploads\/2025\/01\/brass-compression-bushing-6-18x12.jpg 18w\" sizes=\"auto, (max-width: 800px) 100vw, 800px\" \/><figcaption id=\"caption-attachment-4125\" class=\"wp-caption-text\">douille de compression en laiton (6)<\/figcaption><\/figure>\n<h2>Principe<\/h2>\n<p>Joint de compression : Fondamentalement, la philosophie de fonctionnement des joints de compression PA est que, lors du vissage de l&#039;\u00e9crou, la virole interne ou la bague d&#039;\u00e9tanch\u00e9it\u00e9 se d\u00e9forme et se comprime pour saisir fermement la paroi ext\u00e9rieure du tuyau et fournir une connexion \u00e9tanche qui r\u00e9siste aux fuites de fluide.<br \/>\nLa fixation m\u00e9canique fait r\u00e9f\u00e9rence \u00e0 une technique qui repose sur le vissage du filetage, qui va relier fermement le joint au tuyau ou \u00e0 d&#039;autres raccords de tuyauterie tout en supportant une certaine pression et tension pour assurer la stabilit\u00e9 de la connexion.<\/p>\n<figure id=\"attachment_4124\" aria-describedby=\"caption-attachment-4124\" style=\"width: 800px\" class=\"wp-caption alignnone\"><img loading=\"lazy\" decoding=\"async\" class=\"size-full wp-image-4124\" src=\"https:\/\/www.jinpinlub.com\/wp-content\/uploads\/2025\/01\/brass-compression-bushing-5.jpg\" alt=\"douille de compression en laiton (5)\" width=\"800\" height=\"800\" srcset=\"https:\/\/www.jinpinlub.com\/wp-content\/uploads\/2025\/01\/brass-compression-bushing-5.jpg 800w, https:\/\/www.jinpinlub.com\/wp-content\/uploads\/2025\/01\/brass-compression-bushing-5-300x300.jpg 300w, https:\/\/www.jinpinlub.com\/wp-content\/uploads\/2025\/01\/brass-compression-bushing-5-150x150.jpg 150w, https:\/\/www.jinpinlub.com\/wp-content\/uploads\/2025\/01\/brass-compression-bushing-5-768x768.jpg 768w, https:\/\/www.jinpinlub.com\/wp-content\/uploads\/2025\/01\/brass-compression-bushing-5-12x12.jpg 12w, https:\/\/www.jinpinlub.com\/wp-content\/uploads\/2025\/01\/brass-compression-bushing-5-600x600.jpg 600w, https:\/\/www.jinpinlub.com\/wp-content\/uploads\/2025\/01\/brass-compression-bushing-5-100x100.jpg 100w\" sizes=\"auto, (max-width: 800px) 100vw, 800px\" \/><figcaption id=\"caption-attachment-4124\" class=\"wp-caption-text\">douille de compression en laiton (5)<\/figcaption><\/figure>\n<h2>Manuels<\/h2>\n<div class=\"sdm_download_button_box_default\"><div class=\"sdm_download_link\"><a href=\"https:\/\/www.jinpinlub.com\/fr\/?sdm_process_download=1&download_id=3172\" class=\"sdm_download white\" title=\"Priv\u00e9\u00a0: PA\/PB\/PD\/Connector\" target=\"&quot;_blank&quot;\">Voir la fiche technique - Connecteur PA\/PB\/PD<\/a><\/div><\/div>","protected":false},"excerpt":{"rendered":"<p>Les bagues de compression PA sont g\u00e9n\u00e9ralement utilis\u00e9es pour raccorder les conduites d&#039;huile et les conduites d&#039;air dans les syst\u00e8mes hydrauliques et pneumatiques des machines-outils. Elles sont \u00e9galement utilis\u00e9es pour les raccordements de canalisations dans les lignes de production automatis\u00e9es, telles que le transport d&#039;air comprim\u00e9 et de liquides de refroidissement.<\/p>","protected":false},"featured_media":4120,"template":"","meta":{"ocean_post_layout":"","ocean_both_sidebars_style":"","ocean_both_sidebars_content_width":0,"ocean_both_sidebars_sidebars_width":0,"ocean_sidebar":"0","ocean_second_sidebar":"0","ocean_disable_margins":"enable","ocean_add_body_class":"","ocean_shortcode_before_top_bar":"","ocean_shortcode_after_top_bar":"","ocean_shortcode_before_header":"","ocean_shortcode_after_header":"","ocean_has_shortcode":"","ocean_shortcode_after_title":"","ocean_shortcode_before_footer_widgets":"","ocean_shortcode_after_footer_widgets":"","ocean_shortcode_before_footer_bottom":"","ocean_shortcode_after_footer_bottom":"","ocean_display_top_bar":"default","ocean_display_header":"default","ocean_header_style":"","ocean_center_header_left_menu":"0","ocean_custom_header_template":"0","ocean_custom_logo":0,"ocean_custom_retina_logo":0,"ocean_custom_logo_max_width":0,"ocean_custom_logo_tablet_max_width":0,"ocean_custom_logo_mobile_max_width":0,"ocean_custom_logo_max_height":0,"ocean_custom_logo_tablet_max_height":0,"ocean_custom_logo_mobile_max_height":0,"ocean_header_custom_menu":"0","ocean_menu_typo_font_family":"0","ocean_menu_typo_font_subset":"","ocean_menu_typo_font_size":0,"ocean_menu_typo_font_size_tablet":0,"ocean_menu_typo_font_size_mobile":0,"ocean_menu_typo_font_size_unit":"px","ocean_menu_typo_font_weight":"","ocean_menu_typo_font_weight_tablet":"","ocean_menu_typo_font_weight_mobile":"","ocean_menu_typo_transform":"","ocean_menu_typo_transform_tablet":"","ocean_menu_typo_transform_mobile":"","ocean_menu_typo_line_height":0,"ocean_menu_typo_line_height_tablet":0,"ocean_menu_typo_line_height_mobile":0,"ocean_menu_typo_line_height_unit":"","ocean_menu_typo_spacing":0,"ocean_menu_typo_spacing_tablet":0,"ocean_menu_typo_spacing_mobile":0,"ocean_menu_typo_spacing_unit":"","ocean_menu_link_color":"","ocean_menu_link_color_hover":"","ocean_menu_link_color_active":"","ocean_menu_link_background":"","ocean_menu_link_hover_background":"","ocean_menu_link_active_background":"","ocean_menu_social_links_bg":"","ocean_menu_social_hover_links_bg":"","ocean_menu_social_links_color":"","ocean_menu_social_hover_links_color":"","ocean_disable_title":"default","ocean_disable_heading":"default","ocean_post_title":"","ocean_post_subheading":"","ocean_post_title_style":"","ocean_post_title_background_color":"","ocean_post_title_background":0,"ocean_post_title_bg_image_position":"","ocean_post_title_bg_image_attachment":"","ocean_post_title_bg_image_repeat":"","ocean_post_title_bg_image_size":"","ocean_post_title_height":0,"ocean_post_title_bg_overlay":0.5,"ocean_post_title_bg_overlay_color":"","ocean_disable_breadcrumbs":"default","ocean_breadcrumbs_color":"","ocean_breadcrumbs_separator_color":"","ocean_breadcrumbs_links_color":"","ocean_breadcrumbs_links_hover_color":"","ocean_display_footer_widgets":"default","ocean_display_footer_bottom":"default","ocean_custom_footer_template":"0","osh_disable_topbar_sticky":"default","osh_disable_header_sticky":"default","osh_sticky_header_style":"default","osh_sticky_header_effect":"","osh_custom_sticky_logo":0,"osh_custom_retina_sticky_logo":0,"osh_custom_sticky_logo_height":0,"osh_background_color":"","osh_links_color":"","osh_links_hover_color":"","osh_links_active_color":"","osh_links_bg_color":"","osh_links_hover_bg_color":"","osh_links_active_bg_color":"","osh_menu_social_links_color":"","osh_menu_social_hover_links_color":""},"product_brand":[],"product_cat":[31],"product_tag":[400,401,399,397,398],"class_list":{"0":"post-4119","1":"product","2":"type-product","3":"status-publish","4":"has-post-thumbnail","6":"product_cat-lube-system-accessories","7":"product_tag-brass-connector","8":"product_tag-brass-pipe-fittings","9":"product_tag-compression-adapter","10":"product_tag-compression-bushing","11":"product_tag-compression-connector","13":"entry","14":"has-media","16":"first","17":"instock","18":"shipping-taxable","19":"product-type-external","20":"col","21":"span_1_of_3","22":"owp-content-center","23":"owp-thumbs-layout-horizontal","24":"owp-btn-very-big","25":"owp-tabs-layout-horizontal"},"_links":{"self":[{"href":"https:\/\/www.jinpinlub.com\/fr\/wp-json\/wp\/v2\/product\/4119","targetHints":{"allow":["GET"]}}],"collection":[{"href":"https:\/\/www.jinpinlub.com\/fr\/wp-json\/wp\/v2\/product"}],"about":[{"href":"https:\/\/www.jinpinlub.com\/fr\/wp-json\/wp\/v2\/types\/product"}],"wp:featuredmedia":[{"embeddable":true,"href":"https:\/\/www.jinpinlub.com\/fr\/wp-json\/wp\/v2\/media\/4120"}],"wp:attachment":[{"href":"https:\/\/www.jinpinlub.com\/fr\/wp-json\/wp\/v2\/media?parent=4119"}],"wp:term":[{"taxonomy":"product_brand","embeddable":true,"href":"https:\/\/www.jinpinlub.com\/fr\/wp-json\/wp\/v2\/product_brand?post=4119"},{"taxonomy":"product_cat","embeddable":true,"href":"https:\/\/www.jinpinlub.com\/fr\/wp-json\/wp\/v2\/product_cat?post=4119"},{"taxonomy":"product_tag","embeddable":true,"href":"https:\/\/www.jinpinlub.com\/fr\/wp-json\/wp\/v2\/product_tag?post=4119"}],"curies":[{"name":"wp","href":"https:\/\/api.w.org\/{rel}","templated":true}]}}