{"id":4139,"date":"2025-01-19T06:17:06","date_gmt":"2025-01-18T22:17:06","guid":{"rendered":"https:\/\/www.jinpinlub.com\/?post_type=product&#038;p=4139"},"modified":"2025-01-19T06:48:10","modified_gmt":"2025-01-18T22:48:10","slug":"inserts-de-tube-en-laiton-pi-pour-raccords-a-compression-de-tube-en-nylon","status":"publish","type":"product","link":"https:\/\/www.jinpinlub.com\/fr\/product\/pi-brass-tube-inserts-for-nylon-tube-compression-fittings\/","title":{"rendered":"Inserts de tube en laiton PI pour raccords \u00e0 compression de tube en nylon"},"content":{"rendered":"<h2>Fonctionnalit\u00e9<\/h2>\n<p>R\u00e9sistance et duret\u00e9 : les inserts de tubes en laiton ont une r\u00e9sistance et une duret\u00e9 \u00e9lev\u00e9es, peuvent r\u00e9sister \u00e0 certaines pressions et \u00e0 l&#039;usure et assurent la stabilit\u00e9 et la durabilit\u00e9 des tuyaux d&#039;huile de lubrification pendant l&#039;utilisation.<br \/>\nR\u00e9sistance \u00e0 la corrosion : les inserts de tubes en laiton pr\u00e9sentent une bonne r\u00e9sistance \u00e0 la corrosion dans une vari\u00e9t\u00e9 de milieux, en particulier dans des milieux tels que l&#039;huile lubrifiante.<\/p>\n<h2>Sp\u00e9cification<\/h2>\n<figure id=\"attachment_4138\" aria-describedby=\"caption-attachment-4138\" style=\"width: 800px\" class=\"wp-caption alignnone\"><img loading=\"lazy\" decoding=\"async\" class=\"size-full wp-image-4138\" src=\"https:\/\/www.jinpinlub.com\/wp-content\/uploads\/2025\/01\/Brass-tube-insert-5.jpg\" alt=\"Insert de tube en laiton (5)\" width=\"800\" height=\"490\" srcset=\"https:\/\/www.jinpinlub.com\/wp-content\/uploads\/2025\/01\/Brass-tube-insert-5.jpg 800w, https:\/\/www.jinpinlub.com\/wp-content\/uploads\/2025\/01\/Brass-tube-insert-5-300x184.jpg 300w, https:\/\/www.jinpinlub.com\/wp-content\/uploads\/2025\/01\/Brass-tube-insert-5-768x470.jpg 768w, https:\/\/www.jinpinlub.com\/wp-content\/uploads\/2025\/01\/Brass-tube-insert-5-18x12.jpg 18w\" sizes=\"auto, (max-width: 800px) 100vw, 800px\" \/><figcaption id=\"caption-attachment-4138\" class=\"wp-caption-text\">Insert de tube en laiton (5)<\/figcaption><\/figure>\n<h2>Application<\/h2>\n<p>Raccordement de tuyau d&#039;huile de lubrification : les inserts en laiton sont souvent utilis\u00e9s dans les pi\u00e8ces de raccordement des tubes d&#039;huile de lubrification pour les sceller et les fixer, assurant ainsi un \u00e9coulement fluide de l&#039;huile de lubrification dans le pipeline.<br \/>\nProtection contre l&#039;usure : Dans certaines pi\u00e8ces plus sujettes \u00e0 l&#039;usure, telles que les pompes \u00e0 huile, les joints de conduites d&#039;huile, etc., les inserts en laiton peuvent jouer un r\u00f4le protecteur et r\u00e9duire l&#039;usure.<\/p>\n<figure id=\"attachment_4124\" aria-describedby=\"caption-attachment-4124\" style=\"width: 800px\" class=\"wp-caption alignnone\"><img loading=\"lazy\" decoding=\"async\" class=\"size-full wp-image-4124\" src=\"https:\/\/www.jinpinlub.com\/wp-content\/uploads\/2025\/01\/brass-compression-bushing-5.jpg\" alt=\"douille de compression en laiton (5)\" width=\"800\" height=\"800\" srcset=\"https:\/\/www.jinpinlub.com\/wp-content\/uploads\/2025\/01\/brass-compression-bushing-5.jpg 800w, https:\/\/www.jinpinlub.com\/wp-content\/uploads\/2025\/01\/brass-compression-bushing-5-300x300.jpg 300w, https:\/\/www.jinpinlub.com\/wp-content\/uploads\/2025\/01\/brass-compression-bushing-5-150x150.jpg 150w, https:\/\/www.jinpinlub.com\/wp-content\/uploads\/2025\/01\/brass-compression-bushing-5-768x768.jpg 768w, https:\/\/www.jinpinlub.com\/wp-content\/uploads\/2025\/01\/brass-compression-bushing-5-12x12.jpg 12w, https:\/\/www.jinpinlub.com\/wp-content\/uploads\/2025\/01\/brass-compression-bushing-5-600x600.jpg 600w, https:\/\/www.jinpinlub.com\/wp-content\/uploads\/2025\/01\/brass-compression-bushing-5-100x100.jpg 100w\" sizes=\"auto, (max-width: 800px) 100vw, 800px\" \/><figcaption id=\"caption-attachment-4124\" class=\"wp-caption-text\">douille de compression en laiton (5)<\/figcaption><\/figure>\n<h2>Manuels<\/h2>\n<div class=\"sdm_download_button_box_default\"><div class=\"sdm_download_link\"><a href=\"https:\/\/www.jinpinlub.com\/fr\/?sdm_process_download=1&download_id=4140\" class=\"sdm_download white\" title=\"Priv\u00e9\u00a0: PH PI PR PF Adapter\" target=\"&quot;_blank&quot;\">Voir la fiche technique - Adaptateur PH PI PR PF<\/a><\/div><\/div>","protected":false},"excerpt":{"rendered":"<p>L&#039;insert de tube de lubrification en nylon est une bague ins\u00e9r\u00e9e \u00e0 l&#039;int\u00e9rieur du tube de lubrification. Son mat\u00e9riau principal est le laiton. Il est principalement utilis\u00e9 pour la connexion entre le tube en nylon et les raccords afin d&#039;emp\u00eacher toute fuite d&#039;huile de lubrification lors de son \u00e9coulement.<\/p>","protected":false},"featured_media":4134,"template":"","meta":{"ocean_post_layout":"","ocean_both_sidebars_style":"","ocean_both_sidebars_content_width":0,"ocean_both_sidebars_sidebars_width":0,"ocean_sidebar":"0","ocean_second_sidebar":"0","ocean_disable_margins":"enable","ocean_add_body_class":"","ocean_shortcode_before_top_bar":"","ocean_shortcode_after_top_bar":"","ocean_shortcode_before_header":"","ocean_shortcode_after_header":"","ocean_has_shortcode":"","ocean_shortcode_after_title":"","ocean_shortcode_before_footer_widgets":"","ocean_shortcode_after_footer_widgets":"","ocean_shortcode_before_footer_bottom":"","ocean_shortcode_after_footer_bottom":"","ocean_display_top_bar":"default","ocean_display_header":"default","ocean_header_style":"","ocean_center_header_left_menu":"0","ocean_custom_header_template":"0","ocean_custom_logo":0,"ocean_custom_retina_logo":0,"ocean_custom_logo_max_width":0,"ocean_custom_logo_tablet_max_width":0,"ocean_custom_logo_mobile_max_width":0,"ocean_custom_logo_max_height":0,"ocean_custom_logo_tablet_max_height":0,"ocean_custom_logo_mobile_max_height":0,"ocean_header_custom_menu":"0","ocean_menu_typo_font_family":"0","ocean_menu_typo_font_subset":"","ocean_menu_typo_font_size":0,"ocean_menu_typo_font_size_tablet":0,"ocean_menu_typo_font_size_mobile":0,"ocean_menu_typo_font_size_unit":"px","ocean_menu_typo_font_weight":"","ocean_menu_typo_font_weight_tablet":"","ocean_menu_typo_font_weight_mobile":"","ocean_menu_typo_transform":"","ocean_menu_typo_transform_tablet":"","ocean_menu_typo_transform_mobile":"","ocean_menu_typo_line_height":0,"ocean_menu_typo_line_height_tablet":0,"ocean_menu_typo_line_height_mobile":0,"ocean_menu_typo_line_height_unit":"","ocean_menu_typo_spacing":0,"ocean_menu_typo_spacing_tablet":0,"ocean_menu_typo_spacing_mobile":0,"ocean_menu_typo_spacing_unit":"","ocean_menu_link_color":"","ocean_menu_link_color_hover":"","ocean_menu_link_color_active":"","ocean_menu_link_background":"","ocean_menu_link_hover_background":"","ocean_menu_link_active_background":"","ocean_menu_social_links_bg":"","ocean_menu_social_hover_links_bg":"","ocean_menu_social_links_color":"","ocean_menu_social_hover_links_color":"","ocean_disable_title":"default","ocean_disable_heading":"default","ocean_post_title":"","ocean_post_subheading":"","ocean_post_title_style":"","ocean_post_title_background_color":"","ocean_post_title_background":0,"ocean_post_title_bg_image_position":"","ocean_post_title_bg_image_attachment":"","ocean_post_title_bg_image_repeat":"","ocean_post_title_bg_image_size":"","ocean_post_title_height":0,"ocean_post_title_bg_overlay":0.5,"ocean_post_title_bg_overlay_color":"","ocean_disable_breadcrumbs":"default","ocean_breadcrumbs_color":"","ocean_breadcrumbs_separator_color":"","ocean_breadcrumbs_links_color":"","ocean_breadcrumbs_links_hover_color":"","ocean_display_footer_widgets":"default","ocean_display_footer_bottom":"default","ocean_custom_footer_template":"0","osh_disable_topbar_sticky":"default","osh_disable_header_sticky":"default","osh_sticky_header_style":"default","osh_sticky_header_effect":"","osh_custom_sticky_logo":0,"osh_custom_retina_sticky_logo":0,"osh_custom_sticky_logo_height":0,"osh_background_color":"","osh_links_color":"","osh_links_hover_color":"","osh_links_active_color":"","osh_links_bg_color":"","osh_links_hover_bg_color":"","osh_links_active_bg_color":"","osh_menu_social_links_color":"","osh_menu_social_hover_links_color":""},"product_brand":[],"product_cat":[31],"product_tag":[400,404,407,405,406],"class_list":{"0":"post-4139","1":"product","2":"type-product","3":"status-publish","4":"has-post-thumbnail","6":"product_cat-lube-system-accessories","7":"product_tag-brass-connector","8":"product_tag-brass-tube-insert","9":"product_tag-oil-tube-fittings","10":"product_tag-ttube-inserts","11":"product_tag-tube-lining","13":"entry","14":"has-media","16":"first","17":"instock","18":"shipping-taxable","19":"product-type-external","20":"col","21":"span_1_of_3","22":"owp-content-center","23":"owp-thumbs-layout-horizontal","24":"owp-btn-very-big","25":"owp-tabs-layout-horizontal"},"_links":{"self":[{"href":"https:\/\/www.jinpinlub.com\/fr\/wp-json\/wp\/v2\/product\/4139","targetHints":{"allow":["GET"]}}],"collection":[{"href":"https:\/\/www.jinpinlub.com\/fr\/wp-json\/wp\/v2\/product"}],"about":[{"href":"https:\/\/www.jinpinlub.com\/fr\/wp-json\/wp\/v2\/types\/product"}],"wp:featuredmedia":[{"embeddable":true,"href":"https:\/\/www.jinpinlub.com\/fr\/wp-json\/wp\/v2\/media\/4134"}],"wp:attachment":[{"href":"https:\/\/www.jinpinlub.com\/fr\/wp-json\/wp\/v2\/media?parent=4139"}],"wp:term":[{"taxonomy":"product_brand","embeddable":true,"href":"https:\/\/www.jinpinlub.com\/fr\/wp-json\/wp\/v2\/product_brand?post=4139"},{"taxonomy":"product_cat","embeddable":true,"href":"https:\/\/www.jinpinlub.com\/fr\/wp-json\/wp\/v2\/product_cat?post=4139"},{"taxonomy":"product_tag","embeddable":true,"href":"https:\/\/www.jinpinlub.com\/fr\/wp-json\/wp\/v2\/product_tag?post=4139"}],"curies":[{"name":"wp","href":"https:\/\/api.w.org\/{rel}","templated":true}]}}