{"id":10,"date":"2024-06-27T01:15:31","date_gmt":"2024-06-27T01:15:31","guid":{"rendered":"https:\/\/www.jinpinlub.com\/?page_id=10"},"modified":"2024-07-26T17:45:16","modified_gmt":"2024-07-26T17:45:16","slug":"feltetelek","status":"publish","type":"page","link":"https:\/\/www.jinpinlub.com\/hu\/terms-conditions\/","title":{"rendered":"\u00c1ltal\u00e1nos Szerz\u0151d\u00e9si Felt\u00e9telek"},"content":{"rendered":"<div class=\"wp-block-ogb-columns ogb-block ogb-columns ogb-columns-2d38864a\"><div class=\"ogb-columns-container\">\n<div class=\"ogb-block ogb-column ogb-column-6b50ea06\"><div class=\"ogb-column-container\">\n<h2>\u00c1ltal\u00e1nos Szerz\u0151d\u00e9si Felt\u00e9telek<\/h2>\n<p>Utols\u00f3 friss\u00edt\u00e9s: 2024. j\u00fanius 27<\/p>\n<p>K\u00e9rj\u00fck, hogy Szolg\u00e1ltat\u00e1sunk haszn\u00e1lata el\u0151tt figyelmesen olvassa el ezeket a felt\u00e9teleket.<\/p>\n<h2>\u00c9rtelmez\u00e9s \u00e9s defin\u00edci\u00f3k<\/h2>\n<h3>\u00c9rtelmez\u00e9s<\/h3>\n<p>Azok a szavak, amelyek kezd\u0151bet\u0171j\u00e9t nagybet\u0171vel \u00edrj\u00e1k, a k\u00f6vetkez\u0151 felt\u00e9telek mellett hat\u00e1rozz\u00e1k meg a jelent\u00e9s\u00fcket. A k\u00f6vetkez\u0151 meghat\u00e1roz\u00e1sok jelent\u00e9se ugyanaz, f\u00fcggetlen\u00fcl att\u00f3l, hogy egyes vagy t\u00f6bbes sz\u00e1mban szerepelnek.<\/p>\n<h3>Meghat\u00e1roz\u00e1sok<\/h3>\n<p>A jelen \u00c1ltal\u00e1nos Szerz\u0151d\u00e9si Felt\u00e9telek alkalmaz\u00e1s\u00e1ban:<\/p>\n<ul>\n<li>\n<p><strong>Le\u00e1nyv\u00e1llalat<\/strong> olyan entit\u00e1st jelent, amely egy f\u00e9l ellen\u0151rz\u00e9se alatt \u00e1ll, egy f\u00e9l ir\u00e1ny\u00edt\u00e1sa alatt \u00e1ll vagy k\u00f6z\u00f6s ir\u00e1ny\u00edt\u00e1s alatt \u00e1ll, ahol az \u201eir\u00e1ny\u00edt\u00e1s\u201d az 50% vagy t\u00f6bb r\u00e9szv\u00e9ny, r\u00e9szv\u00e9nyr\u00e9szesed\u00e9s vagy egy\u00e9b, az igazgat\u00f3k vagy m\u00e1s ir\u00e1ny\u00edt\u00f3 hat\u00f3s\u00e1g megv\u00e1laszt\u00e1s\u00e1ra szavaz\u00e1sra jogosult \u00e9rt\u00e9kpap\u00edrok tulajdonjog\u00e1t jelenti.<\/p>\n<\/li>\n<li>\n<p><strong>Orsz\u00e1g<\/strong> utal: K\u00edn\u00e1ra<\/p>\n<\/li>\n<li>\n<p><strong>V\u00e1llalat<\/strong> (a jelen Szerz\u0151d\u00e9sben \u201eV\u00e1llalat\u201d, \u201eMi\u201d, \u201eMi\u201d vagy \u201eMi\u201d n\u00e9ven hivatkozunk) a Jinpinhui Co., Ltd., 29 Yuanwuji Rd, Dongguan v\u00e1rosra utal.<\/p>\n<\/li>\n<li>\n<p><strong>Eszk\u00f6z<\/strong> minden olyan eszk\u00f6zt jelent, amely hozz\u00e1f\u00e9rhet a Szolg\u00e1ltat\u00e1shoz, p\u00e9ld\u00e1ul sz\u00e1m\u00edt\u00f3g\u00e9p, mobiltelefon vagy digit\u00e1lis t\u00e1blag\u00e9p.<\/p>\n<\/li>\n<li>\n<p><strong>Szolg\u00e1ltat\u00e1s<\/strong> a Weboldalra hivatkozik.<\/p>\n<\/li>\n<li>\n<p><strong>\u00c1ltal\u00e1nos Szerz\u0151d\u00e9si Felt\u00e9telek<\/strong> (m\u00e1s n\u00e9ven \u201eFelt\u00e9telek\u201d): jelen Felt\u00e9telek \u00e9s felt\u00e9telek, amelyek az \u00d6n \u00e9s a V\u00e1llalat k\u00f6z\u00f6tt a Szolg\u00e1ltat\u00e1s haszn\u00e1lat\u00e1ra vonatkoz\u00f3 teljes meg\u00e1llapod\u00e1st alkotj\u00e1k. <\/p>\n<\/li>\n<li>\n<p><strong>Harmadik f\u00e9l k\u00f6z\u00f6ss\u00e9gi m\u00e9diaszolg\u00e1ltat\u00e1sa<\/strong> harmadik f\u00e9l \u00e1ltal biztos\u00edtott b\u00e1rmely szolg\u00e1ltat\u00e1s vagy tartalom (bele\u00e9rtve az adatokat, inform\u00e1ci\u00f3kat, term\u00e9keket vagy szolg\u00e1ltat\u00e1sokat), amelyet a Szolg\u00e1ltat\u00e1s megjelen\u00edthet, tartalmazhat vagy el\u00e9rhet\u0151v\u00e9 tehet.<\/p>\n<\/li>\n<li>\n<p><strong>Weboldal<\/strong> a Jinpinlub-ra vonatkozik, amely innen \u00e9rhet\u0151 el <a href=\"https:\/\/www.jinpinlub.com\/hu\/\" rel=\"external nofollow noopener\" target=\"_blank\">https:\/\/www.jinpinlub.com\/<\/a><\/p>\n<\/li>\n<li>\n<p><strong>Te<\/strong> a Szolg\u00e1ltat\u00e1shoz hozz\u00e1f\u00e9r\u0151 vagy azt haszn\u00e1l\u00f3 mag\u00e1nszem\u00e9lyt, vagy azt a t\u00e1rsas\u00e1got vagy m\u00e1s jogi szem\u00e9lyt jelenti, amelynek nev\u00e9ben az adott szem\u00e9ly hozz\u00e1f\u00e9r a Szolg\u00e1ltat\u00e1shoz vagy azt haszn\u00e1lja, adott esetben.<\/p>\n<\/li>\n<\/ul>\n<h2>Nyugt\u00e1z\u00e1s<\/h2>\n<p>Ezek a Szolg\u00e1ltat\u00e1s haszn\u00e1lat\u00e1ra vonatkoz\u00f3 Felt\u00e9telek, valamint az \u00d6n \u00e9s a V\u00e1llalat k\u00f6z\u00f6tt \u00e9rv\u00e9nyben l\u00e9v\u0151 szerz\u0151d\u00e9s. Jelen \u00c1ltal\u00e1nos Szerz\u0151d\u00e9si Felt\u00e9telek r\u00f6gz\u00edtik minden felhaszn\u00e1l\u00f3 jogait \u00e9s k\u00f6telezetts\u00e9geit a Szolg\u00e1ltat\u00e1s haszn\u00e1lat\u00e1val kapcsolatban.<\/p>\n<p>A Szolg\u00e1ltat\u00e1shoz val\u00f3 hozz\u00e1f\u00e9r\u00e9s \u00e9s annak haszn\u00e1lat\u00e1nak felt\u00e9tele, hogy \u00d6n elfogadja \u00e9s betartja a jelen Felt\u00e9teleket. A jelen \u00c1ltal\u00e1nos Szerz\u0151d\u00e9si Felt\u00e9telek minden l\u00e1togat\u00f3ra, felhaszn\u00e1l\u00f3ra \u00e9s m\u00e1sokra vonatkoznak, akik hozz\u00e1f\u00e9rnek vagy haszn\u00e1lj\u00e1k a Szolg\u00e1ltat\u00e1st.<\/p>\n<p>A Szolg\u00e1ltat\u00e1s el\u00e9r\u00e9s\u00e9vel vagy haszn\u00e1lat\u00e1val \u00d6n mag\u00e1ra n\u00e9zve k\u00f6telez\u0151nek ismeri el ezeket a felt\u00e9teleket. Ha nem \u00e9rt egyet a jelen Felt\u00e9telek b\u00e1rmely r\u00e9sz\u00e9vel, akkor nem f\u00e9rhet hozz\u00e1 a Szolg\u00e1ltat\u00e1shoz.<\/p>\n<p>\u00d6n kijelenti, hogy elm\u00falt 18. \u00e9let\u00e9v\u00e9t bet\u00f6lt\u00f6tte. A T\u00e1rsas\u00e1g nem enged\u00e9lyezi 18 \u00e9ven aluliak sz\u00e1m\u00e1ra a Szolg\u00e1ltat\u00e1s haszn\u00e1lat\u00e1t.<\/p>\n<p>A Szolg\u00e1ltat\u00e1shoz val\u00f3 hozz\u00e1f\u00e9r\u00e9s \u00e9s a szolg\u00e1ltat\u00e1s haszn\u00e1lat\u00e1nak felt\u00e9tele az is, hogy \u00d6n elfogadja \u00e9s betartja a V\u00e1llalat adatv\u00e9delmi szab\u00e1lyzat\u00e1t. Adatv\u00e9delmi szab\u00e1lyzatunk le\u00edrja az Alkalmaz\u00e1s vagy a Webhely haszn\u00e1lata sor\u00e1n az \u00d6n szem\u00e9lyes adatainak gy\u0171jt\u00e9s\u00e9re, felhaszn\u00e1l\u00e1s\u00e1ra \u00e9s k\u00f6zz\u00e9t\u00e9tel\u00e9re vonatkoz\u00f3 ir\u00e1nyelveinket \u00e9s elj\u00e1r\u00e1sainkat, valamint t\u00e1j\u00e9koztatja \u00d6nt az \u00d6n adatv\u00e9delmi jogair\u00f3l \u00e9s arr\u00f3l, hogy a t\u00f6rv\u00e9ny hogyan v\u00e9di \u00d6nt. K\u00e9rj\u00fck, hogy szolg\u00e1ltat\u00e1sunk haszn\u00e1lata el\u0151tt figyelmesen olvassa el Adatv\u00e9delmi szab\u00e1lyzatunkat.<\/p>\n<h2>M\u00e1s webhelyekre mutat\u00f3 hivatkoz\u00e1sok<\/h2>\n<p>Szolg\u00e1ltat\u00e1sunk tartalmazhat hivatkoz\u00e1sokat harmadik felek webhelyeire vagy szolg\u00e1ltat\u00e1sokra, amelyek nem a V\u00e1llalat tulajdon\u00e1ban vagy ellen\u0151rz\u00e9se alatt \u00e1llnak.<\/p>\n<p>A V\u00e1llalatnak nincs ellen\u0151rz\u00e9se harmadik felek webhelyeinek vagy szolg\u00e1ltat\u00e1sainak tartalma, adatv\u00e9delmi szab\u00e1lyzatai vagy gyakorlata felett, \u00e9s nem v\u00e1llal felel\u0151ss\u00e9get azok\u00e9rt. \u00d6n tudom\u00e1sul veszi \u00e9s elfogadja tov\u00e1bb\u00e1, hogy a V\u00e1llalat sem k\u00f6zvetlen\u00fcl, sem k\u00f6zvetve nem felel\u0151s semmilyen k\u00e1r\u00e9rt vagy vesztes\u00e9g\u00e9rt, amelyet a webhelyen el\u00e9rhet\u0151 b\u00e1rmely ilyen tartalom, \u00e1ru vagy szolg\u00e1ltat\u00e1s haszn\u00e1lata vagy az azokra val\u00f3 t\u00e1maszkod\u00e1s okoz, vagy azzal \u00f6sszef\u00fcgg\u00e9sben okozott. vagy b\u00e1rmely ilyen webhelyen vagy szolg\u00e1ltat\u00e1son kereszt\u00fcl.<\/p>\n<p>Nyomat\u00e9kosan javasoljuk, hogy olvassa el az \u00d6n \u00e1ltal felkeresett harmadik felek webhelyeinek vagy szolg\u00e1ltat\u00e1sainak felt\u00e9teleit \u00e9s adatv\u00e9delmi szab\u00e1lyzat\u00e1t.<\/p>\n<h2>Felmond\u00e1s<\/h2>\n<p>Az \u00d6n hozz\u00e1f\u00e9r\u00e9s\u00e9t azonnal, el\u0151zetes \u00e9rtes\u00edt\u00e9s \u00e9s felel\u0151ss\u00e9g n\u00e9lk\u00fcl, b\u00e1rmilyen okb\u00f3l megsz\u00fcntethetj\u00fck vagy felf\u00fcggeszthetj\u00fck, bele\u00e9rtve a korl\u00e1toz\u00e1sok n\u00e9lk\u00fcl, ha \u00d6n megs\u00e9rti ezeket a felt\u00e9teleket.<\/p>\n<p>A felmond\u00e1st k\u00f6vet\u0151en a Szolg\u00e1ltat\u00e1s haszn\u00e1lat\u00e1ra vonatkoz\u00f3 joga azonnal megsz\u0171nik.<\/p>\n<h2>A felel\u0151ss\u00e9g korl\u00e1toz\u00e1sa<\/h2>\n<p>Az \u00d6n \u00e1ltal esetlegesen elszenvedett k\u00e1rok ellen\u00e9re a V\u00e1llalat \u00e9s b\u00e1rmely besz\u00e1ll\u00edt\u00f3ja teljes felel\u0151ss\u00e9ge a jelen Felt\u00e9telek b\u00e1rmely rendelkez\u00e9se \u00e9rtelm\u00e9ben, valamint az \u00d6n kiz\u00e1r\u00f3lagos jogorvoslati lehet\u0151s\u00e9ge a fentiek mindegyik\u00e9re az \u00d6n \u00e1ltal a Szolg\u00e1ltat\u00e1son kereszt\u00fcl t\u00e9nylegesen kifizetett \u00f6sszegre vagy 100 USD-ra korl\u00e1toz\u00f3dik. ha nem v\u00e1s\u00e1rolt semmit a Szolg\u00e1ltat\u00e1son kereszt\u00fcl.<\/p>\n<p>A hat\u00e1lyos jogszab\u00e1lyok \u00e1ltal megengedett maxim\u00e1lis m\u00e9rt\u00e9kig a V\u00e1llalat vagy besz\u00e1ll\u00edt\u00f3i semmilyen esetben sem felel\u0151sek semmilyen k\u00fcl\u00f6nleges, v\u00e9letlen, k\u00f6zvetett vagy k\u00f6vetkezm\u00e9nyes k\u00e1r\u00e9rt (ide\u00e9rtve, de nem kiz\u00e1r\u00f3lagosan a haszon elveszt\u00e9se, adatveszt\u00e9s vagy egy\u00e9b inform\u00e1ci\u00f3, \u00fczleti megszak\u00edt\u00e1s, szem\u00e9lyi s\u00e9r\u00fcl\u00e9s, a mag\u00e1n\u00e9let elveszt\u00e9se, amely a Szolg\u00e1ltat\u00e1s, harmadik f\u00e9lt\u0151l sz\u00e1rmaz\u00f3 szoftver \u00e9s\/vagy harmadik f\u00e9lt\u0151l sz\u00e1rmaz\u00f3 hardver haszn\u00e1lat\u00e1b\u00f3l vagy haszn\u00e1lat\u00e1nak k\u00e9ptelens\u00e9g\u00e9b\u0151l ered, vagy b\u00e1rmilyen m\u00f3don \u00f6sszef\u00fcgg a Szolg\u00e1ltat\u00e1ssal, vagy egy\u00e9bk\u00e9nt a jelen Felt\u00e9telek b\u00e1rmely rendelkez\u00e9s\u00e9vel \u00f6sszef\u00fcgg\u00e9sben), m\u00e9g akkor is, ha a T\u00e1rsas\u00e1got vagy b\u00e1rmely sz\u00e1ll\u00edt\u00f3t t\u00e1j\u00e9koztatt\u00e1k az ilyen k\u00e1rok lehet\u0151s\u00e9g\u00e9r\u0151l, \u00e9s akkor is, ha a jogorvoslat alapvet\u0151 c\u00e9lj\u00e1t nem szolg\u00e1lja.<\/p>\n<p>Egyes \u00e1llamok nem teszik lehet\u0151v\u00e9 a v\u00e9lelmezett garanci\u00e1k kiz\u00e1r\u00e1s\u00e1t vagy a felel\u0151ss\u00e9g korl\u00e1toz\u00e1s\u00e1t a v\u00e9letlen vagy k\u00f6vetkezm\u00e9nyes k\u00e1rok\u00e9rt, ami azt jelenti, hogy a fenti korl\u00e1toz\u00e1sok n\u00e9melyike nem \u00e9rv\u00e9nyes\u00fcl. Ezekben az \u00e1llamokban mindk\u00e9t f\u00e9l felel\u0151ss\u00e9ge a t\u00f6rv\u00e9ny \u00e1ltal megengedett legnagyobb m\u00e9rt\u00e9kben korl\u00e1tozott.<\/p>\n<h2>\u201eAHOGY VAN\u201d \u00e9s \u201eAHOGY EL\u00c9RHET\u0150\u201d Jogi nyilatkozat<\/h2>\n<p>A Szolg\u00e1ltat\u00e1st \u201eAHOGY VAN\u201d \u00e9s \u201eAHOGY EL\u00c9RHET\u0150\u201d ny\u00fajtjuk, minden hib\u00e1val \u00e9s hib\u00e1val, mindenf\u00e9le garancia n\u00e9lk\u00fcl. A hat\u00e1lyos jogszab\u00e1lyok \u00e1ltal megengedett maxim\u00e1lis m\u00e9rt\u00e9kig a V\u00e1llalat a saj\u00e1t nev\u00e9ben \u00e9s Le\u00e1nyv\u00e1llalatai, valamint azok licencad\u00f3i \u00e9s szolg\u00e1ltat\u00f3i nev\u00e9ben kifejezetten elz\u00e1r minden garanci\u00e1t, legyen az kifejezett, hallgat\u00f3lagos, t\u00f6rv\u00e9nyi vagy egy\u00e9b, a Szolg\u00e1ltat\u00e1s, bele\u00e9rtve az eladhat\u00f3s\u00e1gra, az adott c\u00e9lra val\u00f3 alkalmass\u00e1gra, a jogc\u00edmre \u00e9s a jogs\u00e9rt\u00e9s hi\u00e1ny\u00e1ra vonatkoz\u00f3 \u00f6sszes hallgat\u00f3lagos garanci\u00e1t, valamint a keresked\u00e9sb\u0151l, a teljes\u00edtm\u00e9nyb\u0151l, a haszn\u00e1latb\u00f3l vagy a kereskedelmi gyakorlatb\u00f3l fakad\u00f3 garanci\u00e1kat. A fentiek korl\u00e1toz\u00e1sa n\u00e9lk\u00fcl a V\u00e1llalat nem v\u00e1llal garanci\u00e1t vagy k\u00f6telezetts\u00e9get, \u00e9s nem v\u00e1llal semmilyen nyilatkozatot arra vonatkoz\u00f3an, hogy a Szolg\u00e1ltat\u00e1s megfelel az \u00d6n ig\u00e9nyeinek, el\u00e9ri a k\u00edv\u00e1nt eredm\u00e9nyt, kompatibilis lesz, vagy m\u00e1s szoftverrel, alkalmaz\u00e1ssal, rendszerrel vagy szolg\u00e1ltat\u00e1ssal m\u0171k\u00f6dik, m\u0171k\u00f6dik. megszak\u00edt\u00e1s n\u00e9lk\u00fcl meg kell felelnie b\u00e1rmely teljes\u00edtm\u00e9ny- vagy megb\u00edzhat\u00f3s\u00e1gi szabv\u00e1nynak, vagy hibamentesnek kell lennie, vagy hogy a hib\u00e1k vagy hi\u00e1nyoss\u00e1gok kijav\u00edthat\u00f3k vagy kijav\u00edthat\u00f3k.<\/p>\n<p>A fentiek korl\u00e1toz\u00e1sa n\u00e9lk\u00fcl sem a T\u00e1rsas\u00e1g, sem a t\u00e1rsas\u00e1g szolg\u00e1ltat\u00f3ja nem v\u00e1llal semmilyen kifejezett vagy hallgat\u00f3lagos nyilatkozatot vagy garanci\u00e1t: (i) a Szolg\u00e1ltat\u00e1s m\u0171k\u00f6d\u00e9s\u00e9re vagy el\u00e9rhet\u0151s\u00e9g\u00e9re, illetve az inform\u00e1ci\u00f3kra, tartalomra, anyagokra vagy term\u00e9kekre vonatkoz\u00f3an tartalmazza; (ii) a Szolg\u00e1ltat\u00e1s zavartalan vagy hibamentes lesz; (iii) a Szolg\u00e1ltat\u00e1son kereszt\u00fcl ny\u00fajtott inform\u00e1ci\u00f3k vagy tartalom pontoss\u00e1g\u00e1ra, megb\u00edzhat\u00f3s\u00e1g\u00e1ra vagy aktualit\u00e1s\u00e1ra vonatkoz\u00f3an; vagy (iv) a Szolg\u00e1ltat\u00e1s, annak szerverei, a V\u00e1llalatt\u00f3l vagy nev\u00e9ben k\u00fcld\u00f6tt tartalom vagy e-mailek v\u00edrusokt\u00f3l, szkriptekt\u0151l, tr\u00f3jai fal\u00f3t\u00f3l, f\u00e9rgekt\u0151l, rosszindulat\u00fa programokt\u00f3l, id\u0151z\u00edtett bomb\u00e1kt\u00f3l vagy egy\u00e9b k\u00e1ros \u00f6sszetev\u0151kt\u0151l mentesek.<\/p>\n<p>Egyes joghat\u00f3s\u00e1gok nem teszik lehet\u0151v\u00e9 bizonyos t\u00edpus\u00fa garanci\u00e1k vagy korl\u00e1toz\u00e1sok kiz\u00e1r\u00e1s\u00e1t a fogyaszt\u00f3 vonatkoz\u00f3 t\u00f6rv\u00e9nyes jogaira vonatkoz\u00f3an, \u00edgy el\u0151fordulhat, hogy a fenti kiz\u00e1r\u00e1sok \u00e9s korl\u00e1toz\u00e1sok egy r\u00e9sze vagy mindegyike nem vonatkozik \u00d6nre. Ebben az esetben azonban az e pontban foglalt kiz\u00e1r\u00e1sokat \u00e9s korl\u00e1toz\u00e1sokat a vonatkoz\u00f3 jogszab\u00e1lyok szerint \u00e9rv\u00e9nyes\u00edthet\u0151 legnagyobb m\u00e9rt\u00e9kben kell alkalmazni.<\/p>\n<h2>Ir\u00e1nyad\u00f3 t\u00f6rv\u00e9ny<\/h2>\n<p>A jelen Felt\u00e9telekre \u00e9s a Szolg\u00e1ltat\u00e1s \u00d6n \u00e1ltali haszn\u00e1lat\u00e1ra az orsz\u00e1g t\u00f6rv\u00e9nyei az ir\u00e1nyad\u00f3k, kiv\u00e9ve a koll\u00edzi\u00f3s szab\u00e1lyokat. Az Alkalmaz\u00e1s \u00d6n \u00e1ltali haszn\u00e1lat\u00e1ra egy\u00e9b helyi, \u00e1llami, nemzeti vagy nemzetk\u00f6zi t\u00f6rv\u00e9nyek is vonatkozhatnak.<\/p>\n<h2>Vit\u00e1k megold\u00e1sa<\/h2>\n<p>Ha b\u00e1rmilyen agg\u00e1lya vagy vit\u00e1ja van a Szolg\u00e1ltat\u00e1ssal kapcsolatban, \u00d6n beleegyezik abba, hogy a vit\u00e1t el\u0151sz\u00f6r inform\u00e1lisan, a V\u00e1llalathoz fordulva pr\u00f3b\u00e1lja meg rendezni.<\/p>\n<h2>Eur\u00f3pai Uni\u00f3s (EU) felhaszn\u00e1l\u00f3k sz\u00e1m\u00e1ra<\/h2>\n<p>Ha \u00d6n az Eur\u00f3pai Uni\u00f3 fogyaszt\u00f3ja, akkor a lak\u00f3helye szerinti orsz\u00e1g jogszab\u00e1lyainak minden k\u00f6telez\u0151 rendelkez\u00e9se hasznot h\u00faz.<\/p>\n<h2>Egyes\u00fclt \u00c1llamok jogi megfelel\u0151s\u00e9ge<\/h2>\n<p>\u00d6n kijelenti \u00e9s szavatolja, hogy (i) nem tart\u00f3zkodik olyan orsz\u00e1gban, amelyre az Egyes\u00fclt \u00c1llamok korm\u00e1nya embarg\u00f3ja vonatkozik, vagy amelyet az Egyes\u00fclt \u00c1llamok korm\u00e1nya &quot;terrorizmust t\u00e1mogat\u00f3&quot; orsz\u00e1gk\u00e9nt jel\u00f6lt meg, \u00e9s (ii) \u00d6n nem szerepel az Egyes\u00fclt \u00c1llamok korm\u00e1ny\u00e1nak tiltott vagy korl\u00e1tozott felek list\u00e1j\u00e1n.<\/p>\n<h2>Elv\u00e1laszthat\u00f3s\u00e1g \u00e9s lemond\u00e1s<\/h2>\n<h3>Elv\u00e1laszthat\u00f3s\u00e1g<\/h3>\n<p>Ha a jelen Felt\u00e9telek b\u00e1rmely rendelkez\u00e9se v\u00e9grehajthatatlannak vagy \u00e9rv\u00e9nytelennek bizonyul, az adott rendelkez\u00e9st \u00fagy m\u00f3dos\u00edtj\u00e1k \u00e9s \u00e9rtelmezik, hogy az a vonatkoz\u00f3 jogszab\u00e1lyok szerint a lehet\u0151 legnagyobb m\u00e9rt\u00e9kben megval\u00f3s\u00edtsa az adott rendelkez\u00e9s c\u00e9ljait, a t\u00f6bbi rendelkez\u00e9s pedig tov\u00e1bbra is \u00e9rv\u00e9nyben marad.<\/p>\n<h3>Lemond\u00e1s<\/h3>\n<p>Az itt meghat\u00e1rozottak kiv\u00e9tel\u00e9vel a jelen Felt\u00e9telek szerinti jog gyakorl\u00e1s\u00e1nak vagy k\u00f6telezetts\u00e9g teljes\u00edt\u00e9s\u00e9nek megk\u00f6vetel\u00e9s\u00e9nek elmulaszt\u00e1sa nem befoly\u00e1solja a felek azon k\u00e9pess\u00e9g\u00e9t, hogy ezt a jog\u00e1t gyakorolj\u00e1k, vagy ezt k\u00f6vet\u0151en b\u00e1rmikor megk\u00f6vetelj\u00e9k az ilyen teljes\u00edt\u00e9st, \u00e9s a jogs\u00e9rt\u00e9sr\u0151l val\u00f3 lemond\u00e1s nem jelenti a k\u00f6telezetts\u00e9gr\u0151l val\u00f3 lemond\u00e1st. b\u00e1rmilyen k\u00e9s\u0151bbi jogs\u00e9rt\u00e9s.<\/p>\n<h2>Ford\u00edt\u00e1s Tolm\u00e1csol\u00e1s<\/h2>\n<p>El\u0151fordulhat, hogy ezeket a felt\u00e9teleket leford\u00edtott\u00e1k, ha Szolg\u00e1ltat\u00e1sunkon el\u00e9rhet\u0151v\u00e9 tett\u00fck azokat. \u00d6n elfogadja, hogy vita eset\u00e9n az eredeti angol sz\u00f6veg az ir\u00e1nyad\u00f3.<\/p>\n<h2>A jelen \u00c1ltal\u00e1nos Szerz\u0151d\u00e9si Felt\u00e9telek v\u00e1ltoz\u00e1sai<\/h2>\n<p>Fenntartjuk magunknak a jogot, hogy saj\u00e1t bel\u00e1t\u00e1sunk szerint b\u00e1rmikor m\u00f3dos\u00edtsuk vagy kicser\u00e9lj\u00fck jelen Felt\u00e9teleket. Ha a fel\u00fclvizsg\u00e1lat l\u00e9nyeges Minden \u00e9sszer\u0171 er\u0151fesz\u00edt\u00e9st megtesz\u00fcnk annak \u00e9rdek\u00e9ben, hogy az \u00faj felt\u00e9telek hat\u00e1lyba l\u00e9p\u00e9se el\u0151tt legal\u00e1bb 30 nappal kor\u00e1bban \u00e9rtes\u00edts\u00fck. Azt, hogy mi min\u0151s\u00fcl l\u00e9nyeges v\u00e1ltoz\u00e1snak, saj\u00e1t bel\u00e1t\u00e1sunk szerint hat\u00e1rozzuk meg.<\/p>\n<p>Ha a m\u00f3dos\u00edt\u00e1sok hat\u00e1lyba l\u00e9p\u00e9s\u00e9t k\u00f6vet\u0151en tov\u00e1bbra is hozz\u00e1f\u00e9r vagy haszn\u00e1lja Szolg\u00e1ltat\u00e1sunkat, \u00d6n beleegyezik a m\u00f3dos\u00edtott felt\u00e9telek betart\u00e1s\u00e1ba. Ha \u00d6n r\u00e9szben vagy eg\u00e9szben nem \u00e9rt egyet az \u00faj felt\u00e9telekkel, k\u00e9rj\u00fck, hagyja abba a weboldal \u00e9s a Szolg\u00e1ltat\u00e1s haszn\u00e1lat\u00e1t.<\/p>\n<h2>L\u00e9pjen kapcsolatba vel\u00fcnk<\/h2>\n<p>Ha b\u00e1rmilyen k\u00e9rd\u00e9se van jelen \u00c1ltal\u00e1nos Szerz\u0151d\u00e9si Felt\u00e9telekkel kapcsolatban, forduljon hozz\u00e1nk:<\/p>\n<ul>\n<li>Weboldalunk ezen oldal\u00e1nak megl\u00e1togat\u00e1s\u00e1val: <a href=\"https:\/\/www.jinpinlub.com\/hu\/erintkezes\/\" rel=\"external nofollow noopener\" target=\"_blank\">https:\/\/www.jinpinlub.com\/contact\/<\/a><\/li>\n<\/ul>\n<\/div><\/div>\n<\/div><\/div>","protected":false},"excerpt":{"rendered":"","protected":false},"author":1,"featured_media":0,"parent":0,"menu_order":0,"comment_status":"closed","ping_status":"closed","template":"","meta":{"ocean_post_layout":"","ocean_both_sidebars_style":"","ocean_both_sidebars_content_width":0,"ocean_both_sidebars_sidebars_width":0,"ocean_sidebar":"","ocean_second_sidebar":"","ocean_disable_margins":"enable","ocean_add_body_class":"","ocean_shortcode_before_top_bar":"","ocean_shortcode_after_top_bar":"","ocean_shortcode_before_header":"","ocean_shortcode_after_header":"","ocean_has_shortcode":"","ocean_shortcode_after_title":"","ocean_shortcode_before_footer_widgets":"","ocean_shortcode_after_footer_widgets":"","ocean_shortcode_before_footer_bottom":"","ocean_shortcode_after_footer_bottom":"","ocean_display_top_bar":"default","ocean_display_header":"default","ocean_header_style":"","ocean_center_header_left_menu":"","ocean_custom_header_template":"","ocean_custom_logo":0,"ocean_custom_retina_logo":0,"ocean_custom_logo_max_width":0,"ocean_custom_logo_tablet_max_width":0,"ocean_custom_logo_mobile_max_width":0,"ocean_custom_logo_max_height":0,"ocean_custom_logo_tablet_max_height":0,"ocean_custom_logo_mobile_max_height":0,"ocean_header_custom_menu":"","ocean_menu_typo_font_family":"","ocean_menu_typo_font_subset":"","ocean_menu_typo_font_size":0,"ocean_menu_typo_font_size_tablet":0,"ocean_menu_typo_font_size_mobile":0,"ocean_menu_typo_font_size_unit":"px","ocean_menu_typo_font_weight":"","ocean_menu_typo_font_weight_tablet":"","ocean_menu_typo_font_weight_mobile":"","ocean_menu_typo_transform":"","ocean_menu_typo_transform_tablet":"","ocean_menu_typo_transform_mobile":"","ocean_menu_typo_line_height":0,"ocean_menu_typo_line_height_tablet":0,"ocean_menu_typo_line_height_mobile":0,"ocean_menu_typo_line_height_unit":"","ocean_menu_typo_spacing":0,"ocean_menu_typo_spacing_tablet":0,"ocean_menu_typo_spacing_mobile":0,"ocean_menu_typo_spacing_unit":"","ocean_menu_link_color":"","ocean_menu_link_color_hover":"","ocean_menu_link_color_active":"","ocean_menu_link_background":"","ocean_menu_link_hover_background":"","ocean_menu_link_active_background":"","ocean_menu_social_links_bg":"","ocean_menu_social_hover_links_bg":"","ocean_menu_social_links_color":"","ocean_menu_social_hover_links_color":"","ocean_disable_title":"default","ocean_disable_heading":"default","ocean_post_title":"","ocean_post_subheading":"","ocean_post_title_style":"","ocean_post_title_background_color":"","ocean_post_title_background":0,"ocean_post_title_bg_image_position":"","ocean_post_title_bg_image_attachment":"","ocean_post_title_bg_image_repeat":"","ocean_post_title_bg_image_size":"","ocean_post_title_height":0,"ocean_post_title_bg_overlay":0.5,"ocean_post_title_bg_overlay_color":"","ocean_disable_breadcrumbs":"default","ocean_breadcrumbs_color":"","ocean_breadcrumbs_separator_color":"","ocean_breadcrumbs_links_color":"","ocean_breadcrumbs_links_hover_color":"","ocean_display_footer_widgets":"default","ocean_display_footer_bottom":"default","ocean_custom_footer_template":"","osh_disable_topbar_sticky":"default","osh_disable_header_sticky":"default","osh_sticky_header_style":"default","osh_sticky_header_effect":"","osh_custom_sticky_logo":0,"osh_custom_retina_sticky_logo":0,"osh_custom_sticky_logo_height":0,"osh_background_color":"","osh_links_color":"","osh_links_hover_color":"","osh_links_active_color":"","osh_links_bg_color":"","osh_links_hover_bg_color":"","osh_links_active_bg_color":"","osh_menu_social_links_color":"","osh_menu_social_hover_links_color":"","footnotes":""},"class_list":["post-10","page","type-page","status-publish","hentry","entry","owp-thumbs-layout-horizontal","owp-btn-very-big","owp-tabs-layout-horizontal","has-no-thumbnails"],"_links":{"self":[{"href":"https:\/\/www.jinpinlub.com\/hu\/wp-json\/wp\/v2\/pages\/10","targetHints":{"allow":["GET"]}}],"collection":[{"href":"https:\/\/www.jinpinlub.com\/hu\/wp-json\/wp\/v2\/pages"}],"about":[{"href":"https:\/\/www.jinpinlub.com\/hu\/wp-json\/wp\/v2\/types\/page"}],"author":[{"embeddable":true,"href":"https:\/\/www.jinpinlub.com\/hu\/wp-json\/wp\/v2\/users\/1"}],"replies":[{"embeddable":true,"href":"https:\/\/www.jinpinlub.com\/hu\/wp-json\/wp\/v2\/comments?post=10"}],"version-history":[{"count":0,"href":"https:\/\/www.jinpinlub.com\/hu\/wp-json\/wp\/v2\/pages\/10\/revisions"}],"wp:attachment":[{"href":"https:\/\/www.jinpinlub.com\/hu\/wp-json\/wp\/v2\/media?parent=10"}],"curies":[{"name":"wp","href":"https:\/\/api.w.org\/{rel}","templated":true}]}}