{"id":1817,"date":"2024-06-26T23:57:12","date_gmt":"2024-06-26T23:57:12","guid":{"rendered":"https:\/\/www.jinpinlub.com\/?page_id=1817"},"modified":"2024-07-28T11:36:08","modified_gmt":"2024-07-28T11:36:08","slug":"gyakori-kerdesek","status":"publish","type":"page","link":"https:\/\/www.jinpinlub.com\/hu\/faqs\/","title":{"rendered":"GYIK"},"content":{"rendered":"<div class=\"wp-block-ogb-columns ogb-block ogb-columns ogb-columns-a90745be\"><div class=\"ogb-columns-container\">\n<div class=\"ogb-block ogb-column ogb-column-73727ad4\"><div class=\"ogb-column-container\">\n<ol class=\"wp-block-list\">\n<li><strong>\u00d6n kereskedelmi c\u00e9g vagy gy\u00e1rt\u00f3?<\/strong><br>\u2014\u2014 K\u00fcl\u00f6nf\u00e9le k\u00f6zpontos\u00edtott ken\u00e9si rendszerek biztos\u00edt\u00e1s\u00e1ra szakosodott besz\u00e1ll\u00edt\u00f3 vagyunk professzion\u00e1lis gy\u00e1rakkal \u00e9s m\u0171szaki csapatokkal. Term\u00e9keink CE \u00e9s RoHS tan\u00fas\u00edtv\u00e1nnyal rendelkeznek, gy\u00e1raink ISO-9001 min\u0151s\u00edt\u00e9ssel \u00e9s sz\u00e1mos term\u00e9ktechnol\u00f3giai szabadalommal rendelkeznek.<\/li>\n\n\n\n<li><strong>Melyek c\u00e9g\u00fcnk f\u0151 term\u00e9kei?<\/strong><br>\u2014\u2014K\u00fcl\u00f6nb\u00f6z\u0151 k\u00f6zponti ken\u0151rendszerekre \u00f6sszpontos\u00edtunk, bele\u00e9rtve a zs\u00edrken\u0151rendszereket, v\u00e9konyolaj-ken\u0151rendszereket, egysoros ken\u0151rendszereket, progressz\u00edv ken\u00e9si rendszereket, k\u00e9tsoros ken\u00e9si rendszereket, egypontos ken\u0151szivatty\u00fakat, k\u00e9zi ken\u00e9si rendszereinket stb. csapata t\u00f6bb mint 10 \u00e9ves tapasztalattal, kiv\u00e1l\u00f3 term\u00e9kmin\u0151s\u00e9ggel \u00e9s er\u0151s versenyk\u00e9pess\u00e9ggel rendelkezik.<\/li>\n\n\n\n<li><strong>Mi\u00e9rt v\u00e1lassz minket?<\/strong><br>\u2014\u2014T\u00f6bb mint 10 \u00e9ve a k\u00f6zpontos\u00edtott ken\u0151rendszer-megold\u00e1sok szolg\u00e1ltat\u00f3ira koncentr\u00e1lunk. T\u00f6bb mint 30 orsz\u00e1gban szolg\u00e1ltunk ki \u00fcgyfeleinket. T\u00f6bb t\u00edzezer ken\u0151szivatty\u00fa-\u00e1llom\u00e1st biztos\u00edtottunk \u00fcgyfeleink sz\u00e1m\u00e1ra szerte a vil\u00e1gon. Teljes megold\u00e1st tudunk ny\u00fajtani \u00d6nnek. Sz\u00fcks\u00e9g eset\u00e9n OEM \u00e9s ODM term\u00e9kek is biztos\u00edthat\u00f3k. A legjobb \u00e1rat, a legjobb min\u0151s\u00e9get \u00e9s szolg\u00e1ltat\u00e1st ny\u00fajtjuk \u00d6nnek. Term\u00e9keink a piac k\u00f6z\u00e9ps\u0151 \u00e9s fels\u0151 szegmens\u00e9ben helyezkednek el. Minden term\u00e9k garant\u00e1lja a min\u0151s\u00e9get \u00e9s a mennyis\u00e9get, valamint az \u00e9rt\u00e9kes\u00edt\u00e9s ut\u00e1ni \u00e9rt\u00e9kes\u00edt\u00e9st, \u00e9s az \u00e1rnak vannak el\u0151nyei a piacon.<\/li>\n\n\n\n<li><strong>Hogyan garant\u00e1ljuk a min\u0151s\u00e9get?<\/strong><br>\u2014\u2014A gy\u00e1rt\u00e1s sor\u00e1n komplett min\u0151s\u00e9gellen\u0151rz\u0151 csapattal \u00e9s a nemzetk\u00f6zi szabv\u00e1nyoknak megfelel\u0151 folyamatokkal rendelkez\u00fcnk. Professzion\u00e1lis vizsg\u00e1l\u00f3berendez\u00e9sekkel rendelkez\u00fcnk, \u00e9s szigor\u00fa teszteket v\u00e9gz\u00fcnk a term\u00e9keken, bele\u00e9rtve az \u00e9lettartam-tesztet, h\u0151m\u00e9rs\u00e9klet-tesztet, nyom\u00e1stesztet stb. ISO9001-es \u00e9s CE-tan\u00fas\u00edtv\u00e1nnyal rendelkez\u00fcnk. Minden egyes t\u00e9telt tesztelnek, miel\u0151tt elhagyj\u00e1k a gy\u00e1rat, \u00e9s az ellen\u0151rz\u0151 list\u00e1t egyenk\u00e9nt ellen\u0151rzik a mennyis\u00e9g pontoss\u00e1g\u00e1nak biztos\u00edt\u00e1sa \u00e9rdek\u00e9ben.<\/li>\n\n\n\n<li><strong>Hogyan lehet \u00e1raj\u00e1nlatot k\u00e9rni?<\/strong><br>\u2014\u2014 Miel\u0151tt hozz\u00e1nk fordulna, tekintse meg term\u00e9kkatal\u00f3gusunkat \u00e9s term\u00e9kadatlapunkat, majd ez alapj\u00e1n adja meg a k\u00edv\u00e1nt term\u00e9k rendel\u00e9si k\u00f3dj\u00e1t. Elmondhat n\u00e9h\u00e1ny r\u00e9szletet a ken\u00e9si rendszer ig\u00e9nyeir\u0151l is, mint p\u00e9ld\u00e1ul a ken\u0151szivatty\u00fa teljes\u00edtm\u00e9nye, a felhaszn\u00e1lt ken\u0151anyag, a fesz\u00fclts\u00e9g, a nyom\u00e1s, a ken\u00e9si pontok sz\u00e1ma, a cs\u0151hossz stb. Szakm\u00e9rn\u00f6keink r\u00e9szletes javaslatokkal l\u00e1tj\u00e1k el modellek \u00e9s specifik\u00e1ci\u00f3k.<\/li>\n\n\n\n<li><strong>Mennyi id\u0151n bel\u00fcl kaphatok \u00e1raj\u00e1nlatot?<\/strong><br>--- \u00c1ltal\u00e1ban 8 \u00f3r\u00e1n bel\u00fcl \u00e1raj\u00e1nlatot adunk a megkeres\u00e9s be\u00e9rkez\u00e9s\u00e9t k\u00f6vet\u0151en. Ha s\u00fcrg\u0151sen \u00e1rat szeretne k\u00e9rni, h\u00edvjon minket, hagyjon \u00fczenetet, vagy k\u00fcldj\u00f6n \u00fczenetet a Whatsappon kereszt\u00fcl.<\/li>\n\n\n\n<li><strong>Milyen az \u00e1ra?<\/strong><br>\u2014\u2014Kiv\u00e1l\u00f3 min\u0151s\u00e9g\u0171 \u00e9s versenyk\u00e9pes term\u00e9keket k\u00edn\u00e1lunk, biztos\u00edtva a kiv\u00e1l\u00f3 min\u0151s\u00e9get, mik\u00f6zben versenyk\u00e9pes \u00e1rakat k\u00edn\u00e1lunk.<\/li>\n\n\n\n<li><strong>Milyen a sz\u00e1ll\u00edt\u00e1si id\u0151d?<\/strong><br>\u2014\u2014Ha kis t\u00e9teles rendel\u00e9sr\u0151l van sz\u00f3, 3 napon bel\u00fcl elk\u00fcldhet\u0151. Ha nagy t\u00e9telr\u0151l van sz\u00f3, kb f\u00e9l h\u00f3napon bel\u00fcl is tudjuk sz\u00e1ll\u00edtani. A konkr\u00e9t id\u0151 a term\u00e9kt\u0151l \u00e9s a testreszab\u00e1st\u00f3l f\u00fcgg.<\/li>\n\n\n\n<li><strong>Mi a minim\u00e1lis rendel\u00e9si mennyis\u00e9g?<\/strong><br>\u2014\u2014A szabv\u00e1nyos term\u00e9kekn\u00e9l a minim\u00e1lis rendel\u00e9si mennyis\u00e9g alkudhat\u00f3. A k\u00fcl\u00f6nb\u00f6z\u0151 modellek minim\u00e1lis rendel\u00e9si mennyis\u00e9ge elt\u00e9r\u0151, \u00e9s n\u00e9h\u00e1nyhoz nincs minim\u00e1lis rendel\u00e9si mennyis\u00e9g. Az OEM megrendel\u00e9sekhez term\u00e9keinket a k\u00fcl\u00f6nf\u00e9le ig\u00e9nyek kiel\u00e9g\u00edt\u00e9s\u00e9re tudjuk biztos\u00edtani \u00e9s be\u00e1ll\u00edtani. Ez\u00e9rt a minim\u00e1lis rendel\u00e9si mennyis\u00e9g \u00e9s az \u00e1r nagym\u00e9rt\u00e9kben v\u00e1ltozhat a m\u00e9rett\u0151l, az anyagt\u00f3l \u00e9s az egy\u00e9b jellemz\u0151kt\u0151l, p\u00e9ld\u00e1ul a dr\u00e1ga term\u00e9kekt\u0151l vagy a szabv\u00e1nyos term\u00e9kekt\u0151l f\u00fcgg\u0151en. A minim\u00e1lis rendel\u00e9si mennyis\u00e9g \u00e1ltal\u00e1ban alacsonyabb.<\/li>\n\n\n\n<li><strong>Tud OEM vagy ODM term\u00e9keket biztos\u00edtani?<\/strong><br>\u2014\u2014Igen, az \u00d6n mint\u00e1i vagy m\u0171szaki rajzai alapj\u00e1n tudunk gy\u00e1rtani, \u00e9s k\u00e9sz\u00edthet\u00fcnk form\u00e1kat \u00e9s r\u00f6gz\u00edt\u0151ket. \u00c1ltal\u00e1ban az \u00d6n ig\u00e9nyei m\u00f3dos\u00edthat\u00f3k term\u00e9ktechnol\u00f3gi\u00e1nkban, hogy el\u00e9rj\u00e9k.<\/li>\n\n\n\n<li><strong>Lehetek az \u00fcgyn\u00f6ke az orsz\u00e1gomban?<\/strong><br>\u2014\u2014Hossz\u00fa t\u00e1v\u00fa egy\u00fcttm\u0171k\u00f6d\u00e9sre sz\u00e1m\u00edtunk, ha van \u00f6tletetek, r\u00e9szletesen tudunk kommunik\u00e1lni, partnerek kellenek a k\u00f6z\u00f6s \u00e9rt\u00e9kteremt\u00e9shez.<\/li>\n\n\n\n<li><strong>Mennyi a term\u00e9k garanci\u00e1lis ideje?<\/strong><br>\u2014\u2014 Term\u00e9keink garanci\u00e1lis ideje egy \u00e9v.<\/li>\n\n\n\n<li><strong>Hogyan szerezhetek be n\u00e9h\u00e1ny mint\u00e1t?<\/strong><br>\u2014\u2014\u00c1ltal\u00e1ban nem tudunk ingyenes mint\u00e1t biztos\u00edtani, k\u00e9rj\u00fck, fizesse ki a minta \u00e9s a fut\u00e1r d\u00edj\u00e1t, a minta d\u00edja levonhat\u00f3 az els\u0151 nagy rendel\u00e9sn\u00e9l.<\/li>\n\n\n\n<li><strong>Mekkora a versenyk\u00e9pes termel\u00e9si kapacit\u00e1sa?<\/strong><br>\u2014\u2014Havi gy\u00e1rt\u00e1s t\u00f6bb mint 5000 k\u00e9szletb\u0151l.<\/li>\n\n\n\n<li><strong>Milyen fizet\u00e9si m\u00f3dokat fogad el c\u00e9ge?<\/strong><br>\u2014\u2014Elfogadjuk a T\/T (banki \u00e1tutal\u00e1s), Western Union, Paypal, Alipay, WeChat Pay.<\/li>\n\n\n\n<li><strong>Milyen sz\u00e1ll\u00edt\u00e1si felt\u00e9telek vannak?<\/strong><br>\u2014\u2014EXW, FOB, CFR, CIF, DAP, DDP<\/li>\n\n\n\n<li><strong>Milyen sz\u00e1ll\u00edt\u00e1si m\u00f3dot biztos\u00edt?<\/strong><br>\u2014\u2014Ha kis mennyis\u00e9g\u0171 term\u00e9ket rendel, javasoljuk a nemzetk\u00f6zi expressz sz\u00e1ll\u00edt\u00e1st, p\u00e9ld\u00e1ul DHL, FedEx, UPS, EMS stb. Ha a rendel\u00e9si mennyis\u00e9g nagy, t\u00f6bbf\u00e9le sz\u00e1ll\u00edt\u00e1si m\u00f3dot t\u00e1mogatunk, p\u00e9ld\u00e1ul expressz, l\u00e9gi, tengeri, vas\u00fat stb. Seg\u00edt\u00fcnk m\u00e1s besz\u00e1ll\u00edt\u00f3k \u00e1ruinak rakt\u00e1runkban val\u00f3 t\u00e1rol\u00e1s\u00e1ban \u00e9s egyben sz\u00e1ll\u00edt\u00e1s\u00e1ban is.<\/li>\n\n\n\n<li><strong>Milyen a csomagol\u00e1s?<\/strong><br>\u2014\u2014Szabv\u00e1nyos export kartondobozok, fadobozok \u00e9s egy\u00e9b tengerre alkalmas csomagol\u00e1sok. Miel\u0151tt kifizeti az egyenleget, hogy megbizonyosodjon arr\u00f3l, hogy minden term\u00e9kre sz\u00fcks\u00e9ge van, megmutatunk k\u00e9peket, rajzokat, vide\u00f3kat stb. a sz\u00e1ll\u00edt\u00e1s el\u0151tt.<\/li>\n\n\n\n<li><strong>Milyen az \u00e9rt\u00e9kes\u00edt\u00e9s ut\u00e1ni szolg\u00e1ltat\u00e1s?<\/strong><br>\u2014\u2014Miut\u00e1n az \u00fcgyf\u00e9l k\u00e9rd\u00e9st tesz fel, 24 \u00f3r\u00e1n bel\u00fcl v\u00e1laszolunk.<\/li>\n<\/ol>\n<\/div><\/div>\n<\/div><\/div>","protected":false},"excerpt":{"rendered":"","protected":false},"author":1,"featured_media":0,"parent":0,"menu_order":0,"comment_status":"closed","ping_status":"closed","template":"","meta":{"ocean_post_layout":"full-screen","ocean_both_sidebars_style":"","ocean_both_sidebars_content_width":0,"ocean_both_sidebars_sidebars_width":0,"ocean_sidebar":"0","ocean_second_sidebar":"0","ocean_disable_margins":"on","ocean_add_body_class":"","ocean_shortcode_before_top_bar":"","ocean_shortcode_after_top_bar":"","ocean_shortcode_before_header":"","ocean_shortcode_after_header":"","ocean_has_shortcode":"","ocean_shortcode_after_title":"","ocean_shortcode_before_footer_widgets":"","ocean_shortcode_after_footer_widgets":"","ocean_shortcode_before_footer_bottom":"","ocean_shortcode_after_footer_bottom":"","ocean_display_top_bar":"default","ocean_display_header":"default","ocean_header_style":"","ocean_center_header_left_menu":"0","ocean_custom_header_template":"0","ocean_custom_logo":0,"ocean_custom_retina_logo":0,"ocean_custom_logo_max_width":0,"ocean_custom_logo_tablet_max_width":0,"ocean_custom_logo_mobile_max_width":0,"ocean_custom_logo_max_height":0,"ocean_custom_logo_tablet_max_height":0,"ocean_custom_logo_mobile_max_height":0,"ocean_header_custom_menu":"0","ocean_menu_typo_font_family":"0","ocean_menu_typo_font_subset":"","ocean_menu_typo_font_size":0,"ocean_menu_typo_font_size_tablet":0,"ocean_menu_typo_font_size_mobile":0,"ocean_menu_typo_font_size_unit":"px","ocean_menu_typo_font_weight":"","ocean_menu_typo_font_weight_tablet":"","ocean_menu_typo_font_weight_mobile":"","ocean_menu_typo_transform":"","ocean_menu_typo_transform_tablet":"","ocean_menu_typo_transform_mobile":"","ocean_menu_typo_line_height":0,"ocean_menu_typo_line_height_tablet":0,"ocean_menu_typo_line_height_mobile":0,"ocean_menu_typo_line_height_unit":"","ocean_menu_typo_spacing":0,"ocean_menu_typo_spacing_tablet":0,"ocean_menu_typo_spacing_mobile":0,"ocean_menu_typo_spacing_unit":"","ocean_menu_link_color":"","ocean_menu_link_color_hover":"","ocean_menu_link_color_active":"","ocean_menu_link_background":"","ocean_menu_link_hover_background":"","ocean_menu_link_active_background":"","ocean_menu_social_links_bg":"","ocean_menu_social_hover_links_bg":"","ocean_menu_social_links_color":"","ocean_menu_social_hover_links_color":"","ocean_disable_title":"default","ocean_disable_heading":"default","ocean_post_title":"","ocean_post_subheading":"","ocean_post_title_style":"","ocean_post_title_background_color":"","ocean_post_title_background":0,"ocean_post_title_bg_image_position":"","ocean_post_title_bg_image_attachment":"","ocean_post_title_bg_image_repeat":"","ocean_post_title_bg_image_size":"","ocean_post_title_height":0,"ocean_post_title_bg_overlay":0.5,"ocean_post_title_bg_overlay_color":"","ocean_disable_breadcrumbs":"default","ocean_breadcrumbs_color":"","ocean_breadcrumbs_separator_color":"","ocean_breadcrumbs_links_color":"","ocean_breadcrumbs_links_hover_color":"","ocean_display_footer_widgets":"default","ocean_display_footer_bottom":"default","ocean_custom_footer_template":"0","osh_disable_topbar_sticky":"default","osh_disable_header_sticky":"default","osh_sticky_header_style":"default","osh_sticky_header_effect":"","osh_custom_sticky_logo":0,"osh_custom_retina_sticky_logo":0,"osh_custom_sticky_logo_height":0,"osh_background_color":"","osh_links_color":"","osh_links_hover_color":"","osh_links_active_color":"","osh_links_bg_color":"","osh_links_hover_bg_color":"","osh_links_active_bg_color":"","osh_menu_social_links_color":"","osh_menu_social_hover_links_color":"","footnotes":""},"class_list":["post-1817","page","type-page","status-publish","hentry","entry","owp-thumbs-layout-horizontal","owp-btn-very-big","owp-tabs-layout-horizontal","has-no-thumbnails"],"_links":{"self":[{"href":"https:\/\/www.jinpinlub.com\/hu\/wp-json\/wp\/v2\/pages\/1817","targetHints":{"allow":["GET"]}}],"collection":[{"href":"https:\/\/www.jinpinlub.com\/hu\/wp-json\/wp\/v2\/pages"}],"about":[{"href":"https:\/\/www.jinpinlub.com\/hu\/wp-json\/wp\/v2\/types\/page"}],"author":[{"embeddable":true,"href":"https:\/\/www.jinpinlub.com\/hu\/wp-json\/wp\/v2\/users\/1"}],"replies":[{"embeddable":true,"href":"https:\/\/www.jinpinlub.com\/hu\/wp-json\/wp\/v2\/comments?post=1817"}],"version-history":[{"count":0,"href":"https:\/\/www.jinpinlub.com\/hu\/wp-json\/wp\/v2\/pages\/1817\/revisions"}],"wp:attachment":[{"href":"https:\/\/www.jinpinlub.com\/hu\/wp-json\/wp\/v2\/media?parent=1817"}],"curies":[{"name":"wp","href":"https:\/\/api.w.org\/{rel}","templated":true}]}}