{"id":2437,"date":"2024-07-16T09:24:04","date_gmt":"2024-07-16T09:24:04","guid":{"rendered":"https:\/\/www.jinpinlub.com\/?post_type=product&#038;p=2437"},"modified":"2025-01-11T11:50:24","modified_gmt":"2025-01-11T03:50:24","slug":"j203-zsir-kenoszivattyu-progressziv-kenesi-rendszerekhez","status":"publish","type":"product","link":"https:\/\/www.jinpinlub.com\/hu\/product\/j203-grease-lubricaton-pump-for-progressive-lubrication-system\/","title":{"rendered":"J203 zs\u00edrken\u0151 szivatty\u00fa progressz\u00edv ken\u00e9si rendszerhez"},"content":{"rendered":"<h2>Jellemz\u0151k<\/h2>\n<p>1. Nagy hat\u00e9konys\u00e1g: A J203 fejlett dugatty\u00fas szivatty\u00fatechnol\u00f3gi\u00e1t haszn\u00e1l, hogy stabil sz\u00e1ll\u00edt\u00e1st biztos\u00edtson nagy nyom\u00e1ssal \u00e9s nagy sebess\u00e9ggel, \u00edgy jelent\u0151sen jav\u00edtva a ken\u00e9si hat\u00e9konys\u00e1got.<br \/>\n2. Megb\u00edzhat\u00f3s\u00e1g: A ken\u0151szivatty\u00fa teste nagy szil\u00e1rds\u00e1g\u00fa anyagokb\u00f3l k\u00e9sz\u00fcl, hosszir\u00e1nyban szigor\u00fa min\u0151s\u00e9gellen\u0151rz\u00e9ssel \u00e9s tesztel\u00e9ssel, hogy biztos\u00edtsa a hossz\u00fa t\u00e1v\u00fa stabil m\u0171k\u00f6d\u00e9st k\u00fcl\u00f6nb\u00f6z\u0151 munkak\u00f6r\u00fclm\u00e9nyek k\u00f6z\u00f6tt.<br \/>\n3. \u00c1ll\u00edthat\u00f3: A zs\u00edrszivatty\u00fa kimeneti nyom\u00e1sa \u00e9s \u00e1raml\u00e1sa a val\u00f3s ig\u00e9nyeknek megfelel\u0151en \u00e1ll\u00edthat\u00f3, hogy megfeleljen a k\u00fcl\u00f6nb\u00f6z\u0151 berendez\u00e9sek ken\u00e9si k\u00f6vetelm\u00e9nyeinek.<br \/>\n4. Biztons\u00e1gos: Sz\u00e1mos biztons\u00e1gi v\u00e9d\u0151berendez\u00e9s, mint p\u00e9ld\u00e1ul a t\u00falterhel\u00e9s elleni v\u00e9delem \u00e9s a nyom\u00e1sriaszt\u00f3, biztos\u00edtja a berendez\u00e9s id\u0151ben t\u00f6rt\u00e9n\u0151 le\u00e1ll\u00edt\u00e1s\u00e1t rendellenes k\u00f6r\u00fclm\u00e9nyek k\u00f6z\u00f6tt a k\u00e1rosod\u00e1sok \u00e9s balesetek elker\u00fcl\u00e9se \u00e9rdek\u00e9ben.<\/p>\n<h2>Specifik\u00e1ci\u00f3<\/h2>\n<table>\n<tbody>\n<tr>\n<td>\u00dczemi h\u0151m\u00e9rs\u00e9klet<\/td>\n<td>(-40\u00b0C \u00e9s +70\u00b0C k\u00f6z\u00f6tt)<\/td>\n<\/tr>\n<tr>\n<td>Az \u00fczletek sz\u00e1ma<\/td>\n<td>1, 2 vagy 3<\/td>\n<\/tr>\n<tr>\n<td>A t\u00e1roz\u00f3 kapacit\u00e1sa<\/td>\n<td>2L, 4L, 8L<\/td>\n<\/tr>\n<tr>\n<td>\u00dajrat\u00f6lt\u00e9s<\/td>\n<td>Hidraulikus ken\u0151szerelv\u00e9ny vagy fel\u00fclr\u0151l<\/td>\n<\/tr>\n<tr>\n<td>Ken\u0151anyag<\/td>\n<td>Legal\u00e1bb NLGI 2. fokozat\u00fa zs\u00edrok, olajok 40 mm\u00b2\/s-ig (cSt) 40\u00b0C-on<\/td>\n<\/tr>\n<tr>\n<td>V\u00e9delmi oszt\u00e1ly<\/td>\n<td>IP6K 9K<\/td>\n<\/tr>\n<tr>\n<td>Dugatty\u00fa \u00e1tm\u00e9r\u0151, K5<\/td>\n<td>5 mm, kb. 2 cm\u00b3\/perc<\/td>\n<\/tr>\n<tr>\n<td>Dugatty\u00fa \u00e1tm\u00e9r\u0151, (standard) K6<\/td>\n<td>6 mm, kb. 2,8 cm\u00b3\/perc<\/td>\n<\/tr>\n<tr>\n<td>Dugatty\u00fa \u00e1tm\u00e9r\u0151, K7<\/td>\n<td>7 mm, kb. 4 cm\u00b3\/perc<\/td>\n<\/tr>\n<tr>\n<td>Max. \u00fczemi nyom\u00e1s<\/td>\n<td>350 bar<\/td>\n<\/tr>\n<tr>\n<td>Csatlakoz\u00f3 menet<\/td>\n<td>G 1\/4<\/td>\n<\/tr>\n<tr>\n<td>\u00dczemi fesz\u00fclts\u00e9g<\/td>\n<td>12VDC, 24VDC, 110-240 VAC<\/td>\n<\/tr>\n<\/tbody>\n<\/table>\n<h2>Alkalmaz\u00e1sok<\/h2>\n<p>1. G\u00e9pgy\u00e1rt\u00e1s: Ez folyamatos \u00e9s stabil ken\u00e9si rendszert biztos\u00edt n\u00e9h\u00e1ny fontos alkatr\u00e9szhez, p\u00e9ld\u00e1ul csap\u00e1gyakhoz \u00e9s fogaskerekekhez, amelyeket szersz\u00e1mg\u00e9pekben, \u00e9p\u00edt\u0151ipari g\u00e9pekben \u00e9s b\u00e1ny\u00e1szati g\u00e9pekben haszn\u00e1lnak.<br \/>\n2. Sz\u00e1ll\u00edt\u00e1s: Sz\u00e1razf\u00f6ldi, v\u00edzi \u00e9s l\u00e9gi sz\u00e1ll\u00edt\u00f3eszk\u00f6z\u00f6k motorj\u00e1nak \u00e9s er\u0151\u00e1tviteli rendszereinek f\u0151bb munkar\u00e9szeiben v\u00e9gzett munka.<br \/>\n3. Petrolk\u00e9mia: A petrolk\u00e9miai ipar berendez\u00e9seinek gy\u00e1rt\u00e1sa sor\u00e1n garant\u00e1lja a z\u00f6kken\u0151mentes m\u0171k\u00f6d\u00e9st \u00e9s cs\u00f6kkenti a kulcsfontoss\u00e1g\u00fa berendez\u00e9sek kop\u00e1s\u00e1t \u00e9s meghib\u00e1sod\u00e1s\u00e1t.<br \/>\n4. Vas- \u00e9s ac\u00e9lkoh\u00e1szat: t\u00e1mogatja a hengerm\u0171vek, ac\u00e9lgy\u00e1rt\u00f3 berendez\u00e9sek \u00e9s m\u00e1sok gy\u00e1rt\u00f3sorainak ken\u00e9si rendszereit.<\/p>\n<h2>K\u00e9zik\u00f6nyvek<\/h2>\n<div class=\"sdm_download_button_box_default\"><div class=\"sdm_download_link\"><a href=\"https:\/\/www.jinpinlub.com\/hu\/?sdm_process_download=1&download_id=2429\" class=\"sdm_download white\" title=\"Mag\u00e1n: J203 Grease Pump\" target=\"&quot;_blank&quot;\">Adatlap megtekint\u00e9se - J203 zs\u00edrszivatty\u00fa<\/a><\/div><\/div>","protected":false},"excerpt":{"rendered":"<p>A J203 ken\u0151szivatty\u00fa egy professzion\u00e1lis ken\u0151szivatty\u00fa, amelyet ipari alkalmaz\u00e1sokhoz terveztek. Energiatakar\u00e9kos kialak\u00edt\u00e1st alkalmaz, \u00e9s stabil \u00e9s folyamatos ken\u0151anyag-kibocs\u00e1t\u00e1st biztos\u00edt a berendez\u00e9s kulcsfontoss\u00e1g\u00fa r\u00e9szeinek ken\u00e9s\u00e9hez, ez\u00e1ltal hat\u00e9konyan meghosszabb\u00edtja a berendez\u00e9s \u00e9lettartam\u00e1t.<\/p>","protected":false},"featured_media":2438,"template":"","meta":{"ocean_post_layout":"","ocean_both_sidebars_style":"","ocean_both_sidebars_content_width":0,"ocean_both_sidebars_sidebars_width":0,"ocean_sidebar":"0","ocean_second_sidebar":"0","ocean_disable_margins":"enable","ocean_add_body_class":"","ocean_shortcode_before_top_bar":"","ocean_shortcode_after_top_bar":"","ocean_shortcode_before_header":"","ocean_shortcode_after_header":"","ocean_has_shortcode":"","ocean_shortcode_after_title":"","ocean_shortcode_before_footer_widgets":"","ocean_shortcode_after_footer_widgets":"","ocean_shortcode_before_footer_bottom":"","ocean_shortcode_after_footer_bottom":"","ocean_display_top_bar":"default","ocean_display_header":"default","ocean_header_style":"","ocean_center_header_left_menu":"0","ocean_custom_header_template":"0","ocean_custom_logo":0,"ocean_custom_retina_logo":0,"ocean_custom_logo_max_width":0,"ocean_custom_logo_tablet_max_width":0,"ocean_custom_logo_mobile_max_width":0,"ocean_custom_logo_max_height":0,"ocean_custom_logo_tablet_max_height":0,"ocean_custom_logo_mobile_max_height":0,"ocean_header_custom_menu":"0","ocean_menu_typo_font_family":"0","ocean_menu_typo_font_subset":"","ocean_menu_typo_font_size":0,"ocean_menu_typo_font_size_tablet":0,"ocean_menu_typo_font_size_mobile":0,"ocean_menu_typo_font_size_unit":"px","ocean_menu_typo_font_weight":"","ocean_menu_typo_font_weight_tablet":"","ocean_menu_typo_font_weight_mobile":"","ocean_menu_typo_transform":"","ocean_menu_typo_transform_tablet":"","ocean_menu_typo_transform_mobile":"","ocean_menu_typo_line_height":0,"ocean_menu_typo_line_height_tablet":0,"ocean_menu_typo_line_height_mobile":0,"ocean_menu_typo_line_height_unit":"","ocean_menu_typo_spacing":0,"ocean_menu_typo_spacing_tablet":0,"ocean_menu_typo_spacing_mobile":0,"ocean_menu_typo_spacing_unit":"","ocean_menu_link_color":"","ocean_menu_link_color_hover":"","ocean_menu_link_color_active":"","ocean_menu_link_background":"","ocean_menu_link_hover_background":"","ocean_menu_link_active_background":"","ocean_menu_social_links_bg":"","ocean_menu_social_hover_links_bg":"","ocean_menu_social_links_color":"","ocean_menu_social_hover_links_color":"","ocean_disable_title":"default","ocean_disable_heading":"default","ocean_post_title":"","ocean_post_subheading":"","ocean_post_title_style":"","ocean_post_title_background_color":"","ocean_post_title_background":0,"ocean_post_title_bg_image_position":"","ocean_post_title_bg_image_attachment":"","ocean_post_title_bg_image_repeat":"","ocean_post_title_bg_image_size":"","ocean_post_title_height":0,"ocean_post_title_bg_overlay":0.5,"ocean_post_title_bg_overlay_color":"","ocean_disable_breadcrumbs":"default","ocean_breadcrumbs_color":"","ocean_breadcrumbs_separator_color":"","ocean_breadcrumbs_links_color":"","ocean_breadcrumbs_links_hover_color":"","ocean_display_footer_widgets":"default","ocean_display_footer_bottom":"default","ocean_custom_footer_template":"0","osh_disable_topbar_sticky":"default","osh_disable_header_sticky":"default","osh_sticky_header_style":"default","osh_sticky_header_effect":"","osh_custom_sticky_logo":0,"osh_custom_retina_sticky_logo":0,"osh_custom_sticky_logo_height":0,"osh_background_color":"","osh_links_color":"","osh_links_hover_color":"","osh_links_active_color":"","osh_links_bg_color":"","osh_links_hover_bg_color":"","osh_links_active_bg_color":"","osh_menu_social_links_color":"","osh_menu_social_hover_links_color":""},"product_brand":[],"product_cat":[42,41],"product_tag":[74,73,75],"class_list":{"0":"post-2437","1":"product","2":"type-product","3":"status-publish","4":"has-post-thumbnail","6":"product_cat-electric-progressive-pumps","7":"product_cat-progressive-grease-systems","8":"product_tag-automatic-lubrication-pump","9":"product_tag-electric-lubrication-pump","10":"product_tag-electric-lubrication-station","12":"entry","13":"has-media","15":"first","16":"instock","17":"shipping-taxable","18":"product-type-external","19":"col","20":"span_1_of_3","21":"owp-content-center","22":"owp-thumbs-layout-horizontal","23":"owp-btn-very-big","24":"owp-tabs-layout-horizontal"},"_links":{"self":[{"href":"https:\/\/www.jinpinlub.com\/hu\/wp-json\/wp\/v2\/product\/2437","targetHints":{"allow":["GET"]}}],"collection":[{"href":"https:\/\/www.jinpinlub.com\/hu\/wp-json\/wp\/v2\/product"}],"about":[{"href":"https:\/\/www.jinpinlub.com\/hu\/wp-json\/wp\/v2\/types\/product"}],"wp:featuredmedia":[{"embeddable":true,"href":"https:\/\/www.jinpinlub.com\/hu\/wp-json\/wp\/v2\/media\/2438"}],"wp:attachment":[{"href":"https:\/\/www.jinpinlub.com\/hu\/wp-json\/wp\/v2\/media?parent=2437"}],"wp:term":[{"taxonomy":"product_brand","embeddable":true,"href":"https:\/\/www.jinpinlub.com\/hu\/wp-json\/wp\/v2\/product_brand?post=2437"},{"taxonomy":"product_cat","embeddable":true,"href":"https:\/\/www.jinpinlub.com\/hu\/wp-json\/wp\/v2\/product_cat?post=2437"},{"taxonomy":"product_tag","embeddable":true,"href":"https:\/\/www.jinpinlub.com\/hu\/wp-json\/wp\/v2\/product_tag?post=2437"}],"curies":[{"name":"wp","href":"https:\/\/api.w.org\/{rel}","templated":true}]}}