{"id":2442,"date":"2024-07-16T09:52:35","date_gmt":"2024-07-16T09:52:35","guid":{"rendered":"https:\/\/www.jinpinlub.com\/?post_type=product&#038;p=2442"},"modified":"2024-08-06T19:01:00","modified_gmt":"2024-08-06T19:01:00","slug":"automata-dugattyus-zsir-kenoszivattyu-j203-mobil-kotrashoz","status":"publish","type":"product","link":"https:\/\/www.jinpinlub.com\/hu\/product\/auto-piston-grease-lubrication-pump-j203-for-mobile-excavating\/","title":{"rendered":"Auto dugatty\u00fas zs\u00edr ken\u0151szivatty\u00fa J203 mobil kotr\u00e1shoz"},"content":{"rendered":"<h2>Jellemz\u0151k<\/h2>\n<p>T\u00f6bbfunkci\u00f3s: Sokf\u00e9le felhaszn\u00e1l\u00e1sra alkalmazhat\u00f3, bele\u00e9rtve az \u00e9p\u00edt\u0151ipari g\u00e9peket, aut\u00f3busz-alv\u00e1zakat, kis- \u00e9s k\u00f6zepes m\u00e9ret\u0171 g\u00e9peket, valamint a hagyom\u00e1nyos ipart.<br \/>\nKompakt \u00e9s k\u00f6nny\u0171: Helytakar\u00e9kos kialak\u00edt\u00e1s; szerel\u00e9se \u00e9s karbantart\u00e1sa k\u00f6nnyen elv\u00e9gezhet\u0151.<br \/>\nK\u00f6lts\u00e9ghat\u00e9kony: P\u00e9nzt takar\u00edt meg az \u00fcgyfelek sz\u00e1m\u00e1ra, mivel gazdas\u00e1gos ken\u00e9si megold\u00e1sokat k\u00edn\u00e1l.<br \/>\nFesz\u00fclts\u00e9g opci\u00f3k: t\u00e1mogatja a 12V \u00e9s 24V DC, AC, t\u00e1mogatja az automatikus kapcsol\u00e1st 110V~220V AC.<br \/>\nSz\u00e1mos k\u00fcl\u00f6n v\u00e1laszthat\u00f3 szivatty\u00faelem, p\u00e9ld\u00e1ul K5, K6, K7, KR, \u00e9s 2, 4 vagy 8 literes tart\u00e1lyt\u00e9rfogat v\u00e1laszthat\u00f3.<\/p>\n<h2>Specifik\u00e1ci\u00f3<\/h2>\n<table>\n<tbody>\n<tr>\n<td>\u00dczemi h\u0151m\u00e9rs\u00e9klet<\/td>\n<td>(-40\u00b0C \u00e9s +70\u00b0C k\u00f6z\u00f6tt)<\/td>\n<\/tr>\n<tr>\n<td>Az \u00fczletek sz\u00e1ma<\/td>\n<td>1, 2 vagy 3<\/td>\n<\/tr>\n<tr>\n<td>A t\u00e1roz\u00f3 kapacit\u00e1sa<\/td>\n<td>2L, 4L, 8L<\/td>\n<\/tr>\n<tr>\n<td>\u00dajrat\u00f6lt\u00e9s<\/td>\n<td>Hidraulikus ken\u0151szerelv\u00e9ny vagy fel\u00fclr\u0151l<\/td>\n<\/tr>\n<tr>\n<td>Ken\u0151anyag<\/td>\n<td>Legal\u00e1bb NLGI 2. fokozat\u00fa zs\u00edrok, olajok 40 mm\u00b2\/s-ig (cSt) 40\u00b0C-on<\/td>\n<\/tr>\n<tr>\n<td>V\u00e9delmi oszt\u00e1ly<\/td>\n<td>IP6K 9K<\/td>\n<\/tr>\n<tr>\n<td>Dugatty\u00fa \u00e1tm\u00e9r\u0151, K5<\/td>\n<td>5 mm, kb. 2 cm\u00b3\/perc<\/td>\n<\/tr>\n<tr>\n<td>Dugatty\u00fa \u00e1tm\u00e9r\u0151, (standard) K6<\/td>\n<td>6 mm, kb. 2,8 cm\u00b3\/perc<\/td>\n<\/tr>\n<tr>\n<td>Dugatty\u00fa \u00e1tm\u00e9r\u0151, K7<\/td>\n<td>7 mm, kb. 4 cm\u00b3\/perc<\/td>\n<\/tr>\n<tr>\n<td>Max. \u00fczemi nyom\u00e1s<\/td>\n<td>350 bar<\/td>\n<\/tr>\n<tr>\n<td>Csatlakoz\u00f3 menet<\/td>\n<td>G 1\/4<\/td>\n<\/tr>\n<tr>\n<td>\u00dczemi fesz\u00fclts\u00e9g<\/td>\n<td>12VDC, 24VDC, 110-240 VAC<\/td>\n<\/tr>\n<\/tbody>\n<\/table>\n<h2>Alkalmaz\u00e1sok<\/h2>\n<p>Egy integr\u00e1lt motor hajtja, hogy a ken\u0151anyagot a f\u0151vezet\u00e9kbe fecskendezze, \u00e9s az olajoz\u00f3n kereszt\u00fcl egyenletesen tudja elosztani a ken\u0151anyagot minden ken\u00e9si ponton. Ez a term\u00e9k progressz\u00edv automatikus ken\u00e9si rendszerekhez alkalmas, \u00e9s a cs\u0151vezet\u00e9k hossz\u00e1t\u00f3l f\u00fcgg\u0151en ak\u00e1r 150 ken\u00e9si pontot is biztos\u00edthat.<br \/>\nA J203 ken\u0151szivatty\u00fa \u00e9p\u00edt\u0151ipari g\u00e9pekben, busz alv\u00e1zakban, kis- \u00e9s k\u00f6zepes m\u00e9ret\u0171 g\u00e9pekben \u00e9s hagyom\u00e1nyos iparban haszn\u00e1lhat\u00f3. K\u00fcl\u00f6nf\u00e9le mobil alkalmaz\u00e1sokban, kerekes rakod\u00f3kban, kotr\u00f3g\u00e9pekben \u00e9s \u00e1ltal\u00e1nos ipari berendez\u00e9sekben, p\u00e9ld\u00e1ul komb\u00e1jnokban, b\u00e1l\u00e1z\u00f3kban \u00e9s sil\u00f3komb\u00e1jnokban fontos szerepet kell j\u00e1tszania.<\/p>\n<h2>K\u00e9zik\u00f6nyvek<\/h2>\n<div class=\"sdm_download_button_box_default\"><div class=\"sdm_download_link\"><a href=\"https:\/\/www.jinpinlub.com\/hu\/?sdm_process_download=1&download_id=2429\" class=\"sdm_download white\" title=\"Mag\u00e1n: J203 Grease Pump\" target=\"&quot;_blank&quot;\">Adatlap megtekint\u00e9se - J203 zs\u00edrszivatty\u00fa<\/a><\/div><\/div>","protected":false},"excerpt":{"rendered":"<p>A J203 kompakt, k\u00f6nnyen telep\u00edthet\u0151 \u00e9s karbantarthat\u00f3, olyan anyagokb\u00f3l k\u00e9sz\u00fclt, amelyek ellen\u00e1llnak a durva k\u00f6rnyezeti hat\u00e1soknak, \u00e9s hossz\u00fa \u00e9lettartammal rendelkezik. A zs\u00edrszivatty\u00fa intelligens vez\u00e9rl\u0151rendszerrel van felszerelve, amely k\u00e9pes automatikusan be\u00e1ll\u00edtani a ken\u0151anyag mennyis\u00e9g\u00e9t a t\u00e9nyleges ig\u00e9nyeknek megfelel\u0151en.<\/p>","protected":false},"featured_media":2443,"template":"","meta":{"ocean_post_layout":"","ocean_both_sidebars_style":"","ocean_both_sidebars_content_width":0,"ocean_both_sidebars_sidebars_width":0,"ocean_sidebar":"0","ocean_second_sidebar":"0","ocean_disable_margins":"enable","ocean_add_body_class":"","ocean_shortcode_before_top_bar":"","ocean_shortcode_after_top_bar":"","ocean_shortcode_before_header":"","ocean_shortcode_after_header":"","ocean_has_shortcode":"","ocean_shortcode_after_title":"","ocean_shortcode_before_footer_widgets":"","ocean_shortcode_after_footer_widgets":"","ocean_shortcode_before_footer_bottom":"","ocean_shortcode_after_footer_bottom":"","ocean_display_top_bar":"default","ocean_display_header":"default","ocean_header_style":"","ocean_center_header_left_menu":"0","ocean_custom_header_template":"0","ocean_custom_logo":0,"ocean_custom_retina_logo":0,"ocean_custom_logo_max_width":0,"ocean_custom_logo_tablet_max_width":0,"ocean_custom_logo_mobile_max_width":0,"ocean_custom_logo_max_height":0,"ocean_custom_logo_tablet_max_height":0,"ocean_custom_logo_mobile_max_height":0,"ocean_header_custom_menu":"0","ocean_menu_typo_font_family":"0","ocean_menu_typo_font_subset":"","ocean_menu_typo_font_size":0,"ocean_menu_typo_font_size_tablet":0,"ocean_menu_typo_font_size_mobile":0,"ocean_menu_typo_font_size_unit":"px","ocean_menu_typo_font_weight":"","ocean_menu_typo_font_weight_tablet":"","ocean_menu_typo_font_weight_mobile":"","ocean_menu_typo_transform":"","ocean_menu_typo_transform_tablet":"","ocean_menu_typo_transform_mobile":"","ocean_menu_typo_line_height":0,"ocean_menu_typo_line_height_tablet":0,"ocean_menu_typo_line_height_mobile":0,"ocean_menu_typo_line_height_unit":"","ocean_menu_typo_spacing":0,"ocean_menu_typo_spacing_tablet":0,"ocean_menu_typo_spacing_mobile":0,"ocean_menu_typo_spacing_unit":"","ocean_menu_link_color":"","ocean_menu_link_color_hover":"","ocean_menu_link_color_active":"","ocean_menu_link_background":"","ocean_menu_link_hover_background":"","ocean_menu_link_active_background":"","ocean_menu_social_links_bg":"","ocean_menu_social_hover_links_bg":"","ocean_menu_social_links_color":"","ocean_menu_social_hover_links_color":"","ocean_disable_title":"default","ocean_disable_heading":"default","ocean_post_title":"","ocean_post_subheading":"","ocean_post_title_style":"","ocean_post_title_background_color":"","ocean_post_title_background":0,"ocean_post_title_bg_image_position":"","ocean_post_title_bg_image_attachment":"","ocean_post_title_bg_image_repeat":"","ocean_post_title_bg_image_size":"","ocean_post_title_height":0,"ocean_post_title_bg_overlay":0.5,"ocean_post_title_bg_overlay_color":"","ocean_disable_breadcrumbs":"default","ocean_breadcrumbs_color":"","ocean_breadcrumbs_separator_color":"","ocean_breadcrumbs_links_color":"","ocean_breadcrumbs_links_hover_color":"","ocean_display_footer_widgets":"default","ocean_display_footer_bottom":"default","ocean_custom_footer_template":"0","osh_disable_topbar_sticky":"default","osh_disable_header_sticky":"default","osh_sticky_header_style":"default","osh_sticky_header_effect":"","osh_custom_sticky_logo":0,"osh_custom_retina_sticky_logo":0,"osh_custom_sticky_logo_height":0,"osh_background_color":"","osh_links_color":"","osh_links_hover_color":"","osh_links_active_color":"","osh_links_bg_color":"","osh_links_hover_bg_color":"","osh_links_active_bg_color":"","osh_menu_social_links_color":"","osh_menu_social_hover_links_color":""},"product_brand":[],"product_cat":[42,41],"product_tag":[76,78,77],"class_list":{"0":"post-2442","1":"product","2":"type-product","3":"status-publish","4":"has-post-thumbnail","6":"product_cat-electric-progressive-pumps","7":"product_cat-progressive-grease-systems","8":"product_tag-electric-lubrication-system","9":"product_tag-excavator-lubrication-pump","10":"product_tag-grease-lubrication-pump","12":"entry","13":"has-media","15":"first","16":"instock","17":"shipping-taxable","18":"product-type-external","19":"col","20":"span_1_of_3","21":"owp-content-center","22":"owp-thumbs-layout-horizontal","23":"owp-btn-very-big","24":"owp-tabs-layout-horizontal"},"_links":{"self":[{"href":"https:\/\/www.jinpinlub.com\/hu\/wp-json\/wp\/v2\/product\/2442","targetHints":{"allow":["GET"]}}],"collection":[{"href":"https:\/\/www.jinpinlub.com\/hu\/wp-json\/wp\/v2\/product"}],"about":[{"href":"https:\/\/www.jinpinlub.com\/hu\/wp-json\/wp\/v2\/types\/product"}],"wp:featuredmedia":[{"embeddable":true,"href":"https:\/\/www.jinpinlub.com\/hu\/wp-json\/wp\/v2\/media\/2443"}],"wp:attachment":[{"href":"https:\/\/www.jinpinlub.com\/hu\/wp-json\/wp\/v2\/media?parent=2442"}],"wp:term":[{"taxonomy":"product_brand","embeddable":true,"href":"https:\/\/www.jinpinlub.com\/hu\/wp-json\/wp\/v2\/product_brand?post=2442"},{"taxonomy":"product_cat","embeddable":true,"href":"https:\/\/www.jinpinlub.com\/hu\/wp-json\/wp\/v2\/product_cat?post=2442"},{"taxonomy":"product_tag","embeddable":true,"href":"https:\/\/www.jinpinlub.com\/hu\/wp-json\/wp\/v2\/product_tag?post=2442"}],"curies":[{"name":"wp","href":"https:\/\/api.w.org\/{rel}","templated":true}]}}