{"id":2447,"date":"2024-07-16T20:25:08","date_gmt":"2024-07-16T20:25:08","guid":{"rendered":"https:\/\/www.jinpinlub.com\/?post_type=product&#038;p=2447"},"modified":"2024-08-06T09:30:27","modified_gmt":"2024-08-06T09:30:27","slug":"dpb1-kivalo-minosegu-nyomas-alatti-olajeloszto-terfogatszivattyuhoz","status":"publish","type":"product","link":"https:\/\/www.jinpinlub.com\/hu\/product\/dpb1-high-quality-pressurized-oil-distributor-for-volume-pump\/","title":{"rendered":"DPB1 kiv\u00e1l\u00f3 min\u0151s\u00e9g\u0171 nyom\u00e1s alatti olajeloszt\u00f3 t\u00e9rfogatszivatty\u00fahoz"},"content":{"rendered":"<h2>Jellemz\u0151k<\/h2>\n<p>1. Pontos kis\u00fct\u00e9s, a ken\u00e9si pont k\u00f6vetelm\u00e9nyei alapj\u00e1n v\u00e1laszthat\u00f3.<br \/>\n2. T\u00e9rfogatm\u00e9r\u0151 szivatty\u00faval haszn\u00e1lj\u00e1k a ken\u0151anyag ki\u00fcr\u00edt\u00e9s\u00e9re, amikor a szivatty\u00fa kimeneti nyom\u00e1sa el\u00e9ri az eloszt\u00f3 nyom\u00e1s\u00e1t.<br \/>\n3. A szabv\u00e1nyos kivitel sleeve t\u00edpus\u00fa, h\u00fcvelyes csatlakoz\u00f3kkal.<br \/>\n4. A gyorscsatlakoz\u00f3 nejloncs\u0151vel t\u00f6rt\u00e9n\u0151 haszn\u00e1lata javasolt.<\/p>\n<h2>Specifik\u00e1ci\u00f3<\/h2>\n<table>\n<tbody>\n<tr>\n<td>M\u0171k\u00f6d\u00e9si elv<\/td>\n<td>Nyom\u00e1s alatti eloszt\u00f3<\/td>\n<\/tr>\n<tr>\n<td>Outlets<\/td>\n<td>2, 3, 4, 5, 6, 8 ,10<\/td>\n<\/tr>\n<tr>\n<td>Olajmennyis\u00e9g adagol\u00e1sa<\/td>\n<td>0,03, 0,06, 0,10, 0,16 ml\/ciklus<\/td>\n<\/tr>\n<tr>\n<td>Ken\u0151anyag<\/td>\n<td>32-90 cSt@40\u00b0C (olaj), \u2264NLGI 0 (zs\u00edr)<\/td>\n<\/tr>\n<tr>\n<td>\u00dczemi h\u0151m\u00e9rs\u00e9klet<\/td>\n<td>0 \u00e9s +80 \u00b0C k\u00f6z\u00f6tt<\/td>\n<\/tr>\n<tr>\n<td>\u00dczemi nyom\u00e1s<\/td>\n<td>8-30 bar (olaj), 20-50 bar (zs\u00edr)<\/td>\n<\/tr>\n<tr>\n<td>Anyag<\/td>\n<td>Cink pr\u00e9s\u00f6ntv\u00e9ny, s\u00e1rgar\u00e9z<\/td>\n<\/tr>\n<tr>\n<td>Csatlakoz\u00f3 kimenet<\/td>\n<td>Bemenet \u03a66 (M10x1), Kimenet \u03a64 (M8x1)<\/td>\n<\/tr>\n<tr>\n<td>Kimeneti szerelv\u00e9nyek<\/td>\n<td>Ujj t\u00edpus, Gyors t\u00edpus<\/td>\n<\/tr>\n<tr>\n<td>Be\u00e9p\u00edt\u00e9si helyzet<\/td>\n<td>B\u00e1rmilyen<\/td>\n<\/tr>\n<\/tbody>\n<\/table>\n<h2>Alapelv<\/h2>\n<p>1. A kiszivatty\u00fazott olaj felnyomja az eserny\u0151szelepet az eloszt\u00f3ban.<br \/>\n2. Miut\u00e1n az eserny\u0151szelep lez\u00e1rja a magr\u00fad k\u00f6z\u00e9ps\u0151 furat\u00e1t, az olajnyom\u00e1s a dugatty\u00fat a rug\u00f3er\u0151vel szemben felfel\u00e9 k\u00e9nyszer\u00edti.<br \/>\n\u00e9s \u00fcr\u00edtse ki az eredetileg a fels\u0151 kamr\u00e1ban t\u00e1rolt olajat.<br \/>\n3. Amikor a dugatty\u00fa az olajkamra tetej\u00e9re mozdul, az olaj\u00fcr\u00edt\u00e9s befejez\u0151d\u00f6tt.<br \/>\n4. Amikor a szivatty\u00fa le\u00e1ll\u00edtja az olajell\u00e1t\u00e1st, a nyom\u00e1shat\u00e1rol\u00f3 szelep aktiv\u00e1l\u00f3dik, a rendszer nyom\u00e1sa leesik, \u00e9s a dugatty\u00fa<br \/>\nvisszat\u00e9r a rug\u00f3er\u0151 hat\u00e1s\u00e1ra. Amikor az eserny\u0151szelep elz\u00e1rja az olajbevezet\u0151 ny\u00edl\u00e1st, a dugatty\u00fa az als\u00f3 kamr\u00e1ban l\u00e9v\u0151 olajat lenyomja<br \/>\na fels\u0151 kamr\u00e1t a magr\u00fad kis lyukon kereszt\u00fcl, \u00e9s az olajt\u00e1rol\u00e1s a k\u00f6vetkez\u0151 ciklushoz befejez\u0151d\u00f6tt.<\/p>\n<h2>K\u00e9zik\u00f6nyvek<\/h2>\n<div class=\"sdm_download_button_box_default\"><div class=\"sdm_download_link\"><a href=\"https:\/\/www.jinpinlub.com\/hu\/?sdm_process_download=1&download_id=2458\" class=\"sdm_download white\" title=\"Mag\u00e1n: DPB Lubrication Distributor\" target=\"&quot;_blank&quot;\">Adatlap megtekint\u00e9se \u2013 DPB Distributor<\/a><\/div><\/div>","protected":false},"excerpt":{"rendered":"<p>A DPB1 nyom\u00e1s alatti eloszt\u00f3 egy t\u00e9rfogati ken\u0151rendszerekben haszn\u00e1lt eszk\u00f6z, f\u0151k\u00e9nt a ken\u0151olaj eloszt\u00e1s\u00e1nak pontos szab\u00e1lyoz\u00e1s\u00e1ra. \u00c1ltal\u00e1ban rug\u00f3s dugatty\u00fas szerkezetet alkalmaz az olaj t\u00e1rol\u00e1s\u00e1ra \u00e9s ki\u00fcr\u00edt\u00e9s\u00e9re a rendszer nyom\u00e1s\u00e1nak \u00e9s nyom\u00e1s\u00e1nak cs\u00f6kkent\u00e9s\u00e9vel.<\/p>","protected":false},"featured_media":2448,"template":"","meta":{"ocean_post_layout":"","ocean_both_sidebars_style":"","ocean_both_sidebars_content_width":0,"ocean_both_sidebars_sidebars_width":0,"ocean_sidebar":"0","ocean_second_sidebar":"0","ocean_disable_margins":"enable","ocean_add_body_class":"","ocean_shortcode_before_top_bar":"","ocean_shortcode_after_top_bar":"","ocean_shortcode_before_header":"","ocean_shortcode_after_header":"","ocean_has_shortcode":"","ocean_shortcode_after_title":"","ocean_shortcode_before_footer_widgets":"","ocean_shortcode_after_footer_widgets":"","ocean_shortcode_before_footer_bottom":"","ocean_shortcode_after_footer_bottom":"","ocean_display_top_bar":"default","ocean_display_header":"default","ocean_header_style":"","ocean_center_header_left_menu":"0","ocean_custom_header_template":"0","ocean_custom_logo":0,"ocean_custom_retina_logo":0,"ocean_custom_logo_max_width":0,"ocean_custom_logo_tablet_max_width":0,"ocean_custom_logo_mobile_max_width":0,"ocean_custom_logo_max_height":0,"ocean_custom_logo_tablet_max_height":0,"ocean_custom_logo_mobile_max_height":0,"ocean_header_custom_menu":"0","ocean_menu_typo_font_family":"0","ocean_menu_typo_font_subset":"","ocean_menu_typo_font_size":0,"ocean_menu_typo_font_size_tablet":0,"ocean_menu_typo_font_size_mobile":0,"ocean_menu_typo_font_size_unit":"px","ocean_menu_typo_font_weight":"","ocean_menu_typo_font_weight_tablet":"","ocean_menu_typo_font_weight_mobile":"","ocean_menu_typo_transform":"","ocean_menu_typo_transform_tablet":"","ocean_menu_typo_transform_mobile":"","ocean_menu_typo_line_height":0,"ocean_menu_typo_line_height_tablet":0,"ocean_menu_typo_line_height_mobile":0,"ocean_menu_typo_line_height_unit":"","ocean_menu_typo_spacing":0,"ocean_menu_typo_spacing_tablet":0,"ocean_menu_typo_spacing_mobile":0,"ocean_menu_typo_spacing_unit":"","ocean_menu_link_color":"","ocean_menu_link_color_hover":"","ocean_menu_link_color_active":"","ocean_menu_link_background":"","ocean_menu_link_hover_background":"","ocean_menu_link_active_background":"","ocean_menu_social_links_bg":"","ocean_menu_social_hover_links_bg":"","ocean_menu_social_links_color":"","ocean_menu_social_hover_links_color":"","ocean_disable_title":"default","ocean_disable_heading":"default","ocean_post_title":"","ocean_post_subheading":"","ocean_post_title_style":"","ocean_post_title_background_color":"","ocean_post_title_background":0,"ocean_post_title_bg_image_position":"","ocean_post_title_bg_image_attachment":"","ocean_post_title_bg_image_repeat":"","ocean_post_title_bg_image_size":"","ocean_post_title_height":0,"ocean_post_title_bg_overlay":0.5,"ocean_post_title_bg_overlay_color":"","ocean_disable_breadcrumbs":"default","ocean_breadcrumbs_color":"","ocean_breadcrumbs_separator_color":"","ocean_breadcrumbs_links_color":"","ocean_breadcrumbs_links_hover_color":"","ocean_display_footer_widgets":"default","ocean_display_footer_bottom":"default","ocean_custom_footer_template":"0","osh_disable_topbar_sticky":"default","osh_disable_header_sticky":"default","osh_sticky_header_style":"default","osh_sticky_header_effect":"","osh_custom_sticky_logo":0,"osh_custom_retina_sticky_logo":0,"osh_custom_sticky_logo_height":0,"osh_background_color":"","osh_links_color":"","osh_links_hover_color":"","osh_links_active_color":"","osh_links_bg_color":"","osh_links_hover_bg_color":"","osh_links_active_bg_color":"","osh_menu_social_links_color":"","osh_menu_social_hover_links_color":""},"product_brand":[],"product_cat":[49,47],"product_tag":[81,80,79],"class_list":{"0":"post-2447","1":"product","2":"type-product","3":"status-publish","4":"has-post-thumbnail","6":"product_cat-volumetric-oil-injectors","7":"product_cat-volumetric-thin-oil-systems","8":"product_tag-pressurized-oil-distributor","9":"product_tag-volumetric-oil-distributor","10":"product_tag-volumetric-oil-injector","12":"entry","13":"has-media","15":"first","16":"instock","17":"shipping-taxable","18":"product-type-external","19":"col","20":"span_1_of_3","21":"owp-content-center","22":"owp-thumbs-layout-horizontal","23":"owp-btn-very-big","24":"owp-tabs-layout-horizontal"},"_links":{"self":[{"href":"https:\/\/www.jinpinlub.com\/hu\/wp-json\/wp\/v2\/product\/2447","targetHints":{"allow":["GET"]}}],"collection":[{"href":"https:\/\/www.jinpinlub.com\/hu\/wp-json\/wp\/v2\/product"}],"about":[{"href":"https:\/\/www.jinpinlub.com\/hu\/wp-json\/wp\/v2\/types\/product"}],"wp:featuredmedia":[{"embeddable":true,"href":"https:\/\/www.jinpinlub.com\/hu\/wp-json\/wp\/v2\/media\/2448"}],"wp:attachment":[{"href":"https:\/\/www.jinpinlub.com\/hu\/wp-json\/wp\/v2\/media?parent=2447"}],"wp:term":[{"taxonomy":"product_brand","embeddable":true,"href":"https:\/\/www.jinpinlub.com\/hu\/wp-json\/wp\/v2\/product_brand?post=2447"},{"taxonomy":"product_cat","embeddable":true,"href":"https:\/\/www.jinpinlub.com\/hu\/wp-json\/wp\/v2\/product_cat?post=2447"},{"taxonomy":"product_tag","embeddable":true,"href":"https:\/\/www.jinpinlub.com\/hu\/wp-json\/wp\/v2\/product_tag?post=2447"}],"curies":[{"name":"wp","href":"https:\/\/api.w.org\/{rel}","templated":true}]}}