{"id":2485,"date":"2024-07-17T02:49:22","date_gmt":"2024-07-17T02:49:22","guid":{"rendered":"https:\/\/www.jinpinlub.com\/?post_type=product&#038;p=2485"},"modified":"2024-07-17T04:02:47","modified_gmt":"2024-07-17T04:02:47","slug":"legkiszoritasos-befecskendezo-szelep-olajkeno-rendszerhez","status":"publish","type":"product","link":"https:\/\/www.jinpinlub.com\/hu\/product\/lt-positive-displacement-injector-for-oil-lubrication-system\/","title":{"rendered":"LT kiszor\u00edt\u00e1sos befecskendez\u0151 szelep olajken\u0151 rendszerhez"},"content":{"rendered":"<h2>Jellemz\u0151k<\/h2>\n<p>1. Pontos olajmennyis\u00e9ggel rendelkez\u0151 nyom\u00e1scs\u00f6kkent\u0151 ken\u0151szivatty\u00faval kell felszerelni, amely ig\u00e9ny szerint v\u00e1laszthat\u00f3.<br \/>\n2. Minden konnektorhoz tartozik egy jelz\u0151r\u00fad a vizu\u00e1lis \u00e9rz\u00e9kel\u00e9shez, a jel\u00e9rz\u00e9kel\u00e9shez pedig k\u00f6zel\u00edt\u00e9skapcsol\u00f3 vagy mikrokapcsol\u00f3 v\u00e1laszthat\u00f3.<br \/>\n3. A szabv\u00e1nyos k\u00f6zel\u00edt\u00e9skapcsol\u00f3 egy alaphelyzetben z\u00e1rt \u00e9rintkez\u0151, \u00e9s v\u00e1laszthat\u00f3 egy alaphelyzetben nyitott \u00e9rintkez\u0151 is.<br \/>\n4. A mikrokapcsol\u00f3 csak a 0,5 ml-es kimenetre szerelhet\u0151 fel, az NO \u00e9s az NC \u00e9rintkez\u0151k opcion\u00e1lisak.<br \/>\n5. A szabv\u00e1nyos LT eloszt\u00f3 \u00e9rv\u00e9gcsatlakoz\u00f3val van felszerelve, a gyorscsatlakoz\u00f3 pedig opcion\u00e1lis.<\/p>\n<h2>Specifik\u00e1ci\u00f3<\/h2>\n<table>\n<tbody>\n<tr>\n<td>M\u0171k\u00f6d\u00e9si elv<\/td>\n<td>Pozit\u00edv elmozdul\u00e1s\u00fa injektor<\/td>\n<\/tr>\n<tr>\n<td>Outlets<\/td>\n<td>2, 3, 4, 5, 6, 7<\/td>\n<\/tr>\n<tr>\n<td>Olajmennyis\u00e9g adagol\u00e1sa<\/td>\n<td>0,1, 0,2, 0,3, 0,4, 0,5, 0,06 ml\/ciklus<\/td>\n<\/tr>\n<tr>\n<td>Ken\u0151anyag<\/td>\n<td>32-90 cSt 40 \u00b0C<\/td>\n<\/tr>\n<tr>\n<td>\u00dczemi h\u0151m\u00e9rs\u00e9klet<\/td>\n<td>0 \u00e9s +80 \u00b0C k\u00f6z\u00f6tt<\/td>\n<\/tr>\n<tr>\n<td>\u00dczemi nyom\u00e1s<\/td>\n<td>8-30 bar<\/td>\n<\/tr>\n<tr>\n<td>Anyag<\/td>\n<td>Cink pr\u00e9s\u00f6ntv\u00e9ny, s\u00e1rgar\u00e9z<\/td>\n<\/tr>\n<tr>\n<td>Csatlakoz\u00f3 kimenet<\/td>\n<td>Bemenet \u03a66 (M10x1), Kimenet \u03a64 (M8x1)<\/td>\n<\/tr>\n<tr>\n<td>Kimeneti szerelv\u00e9nyek<\/td>\n<td>Ujj t\u00edpus, Gyors t\u00edpus<\/td>\n<\/tr>\n<tr>\n<td>Be\u00e9p\u00edt\u00e9si helyzet<\/td>\n<td>B\u00e1rmilyen<\/td>\n<\/tr>\n<\/tbody>\n<\/table>\n<h2>Alapelv<\/h2>\n<p>Az LT f\u0151k\u00e9nt az adagol\u00f3dugatty\u00fa m\u0171k\u00f6d\u00e9s\u00e9n \u00e9s az eserny\u0151 alak\u00fa k\u00e9tutas szelep egy\u00fcttm\u0171k\u00f6d\u00e9s\u00e9n alapul. Amikor a ken\u0151szivatty\u00fa \u00e1ltal szivatty\u00fazott olajat befecskendezik a f\u0151cs\u0151b\u0151l, az eserny\u0151 alak\u00fa k\u00e9tir\u00e1ny\u00fa szelepet megnyomj\u00e1k, \u00edgy az olaj a dugatty\u00fakamr\u00e1ba \u00e1ramlik, \u00e9s \u00e1tnyom\u00f3dik a j\u00e1raton. A nyom\u00f3olaj hat\u00e1s\u00e1ra az adagol\u00f3dugatty\u00fa lefel\u00e9 mozog, felhalmoz\u00f3dik az olaj \u00e9s \u00f6sszenyomja a rug\u00f3t. A f\u0151cs\u0151ben l\u00e9v\u0151 olajnyom\u00e1s kienged\u00e9sekor (azaz nyom\u00e1scs\u00f6kkent\u00e9sn\u00e9l) az eserny\u0151 alak\u00fa szelep a nyom\u00e1sk\u00fcl\u00f6nbs\u00e9g hat\u00e1s\u00e1ra elmozdul, \u00e9s egy\u00fattal kinyitja a kimenetet, \u00edgy a lak\u00f3kamr\u00e1ban felgy\u00fclemlett olaj a olajcs\u00f6vet a kimeneten kereszt\u00fcl.<\/p>\n<h2>K\u00e9zik\u00f6nyvek<\/h2>\n<div class=\"sdm_download_button_box_default\"><div class=\"sdm_download_link\"><a href=\"https:\/\/www.jinpinlub.com\/hu\/?sdm_process_download=1&download_id=2475\" class=\"sdm_download white\" title=\"Mag\u00e1n: LT Pressure-relief Distributor\" target=\"&quot;_blank&quot;\">Adatlap megtekint\u00e9se \u2013 LT forgalmaz\u00f3<\/a><\/div><\/div>","protected":false},"excerpt":{"rendered":"<p>Az LT nyom\u00e1smentes\u00edtett eloszt\u00f3kat sz\u00e9les k\u00f6rben haszn\u00e1lj\u00e1k olyan ipari berendez\u00e9sekben, amelyek pontos ken\u00e9st ig\u00e9nyelnek, mint p\u00e9ld\u00e1ul hideghengerl\u00e9si folyamat berendez\u00e9sek, fr\u00f6ccs\u00f6nt\u0151 g\u00e9pek, fr\u00f6ccs\u00f6nt\u0151 g\u00e9pek stb. A hossz\u00fa t\u00e1v\u00fa m\u0171k\u00f6d\u00e9s \u00e9rdek\u00e9ben stabil ken\u0151olaj-ell\u00e1t\u00e1st ig\u00e9nyelnek.<\/p>","protected":false},"featured_media":2490,"template":"","meta":{"ocean_post_layout":"","ocean_both_sidebars_style":"","ocean_both_sidebars_content_width":0,"ocean_both_sidebars_sidebars_width":0,"ocean_sidebar":"0","ocean_second_sidebar":"0","ocean_disable_margins":"enable","ocean_add_body_class":"","ocean_shortcode_before_top_bar":"","ocean_shortcode_after_top_bar":"","ocean_shortcode_before_header":"","ocean_shortcode_after_header":"","ocean_has_shortcode":"","ocean_shortcode_after_title":"","ocean_shortcode_before_footer_widgets":"","ocean_shortcode_after_footer_widgets":"","ocean_shortcode_before_footer_bottom":"","ocean_shortcode_after_footer_bottom":"","ocean_display_top_bar":"default","ocean_display_header":"default","ocean_header_style":"","ocean_center_header_left_menu":"0","ocean_custom_header_template":"0","ocean_custom_logo":0,"ocean_custom_retina_logo":0,"ocean_custom_logo_max_width":0,"ocean_custom_logo_tablet_max_width":0,"ocean_custom_logo_mobile_max_width":0,"ocean_custom_logo_max_height":0,"ocean_custom_logo_tablet_max_height":0,"ocean_custom_logo_mobile_max_height":0,"ocean_header_custom_menu":"0","ocean_menu_typo_font_family":"0","ocean_menu_typo_font_subset":"","ocean_menu_typo_font_size":0,"ocean_menu_typo_font_size_tablet":0,"ocean_menu_typo_font_size_mobile":0,"ocean_menu_typo_font_size_unit":"px","ocean_menu_typo_font_weight":"","ocean_menu_typo_font_weight_tablet":"","ocean_menu_typo_font_weight_mobile":"","ocean_menu_typo_transform":"","ocean_menu_typo_transform_tablet":"","ocean_menu_typo_transform_mobile":"","ocean_menu_typo_line_height":0,"ocean_menu_typo_line_height_tablet":0,"ocean_menu_typo_line_height_mobile":0,"ocean_menu_typo_line_height_unit":"","ocean_menu_typo_spacing":0,"ocean_menu_typo_spacing_tablet":0,"ocean_menu_typo_spacing_mobile":0,"ocean_menu_typo_spacing_unit":"","ocean_menu_link_color":"","ocean_menu_link_color_hover":"","ocean_menu_link_color_active":"","ocean_menu_link_background":"","ocean_menu_link_hover_background":"","ocean_menu_link_active_background":"","ocean_menu_social_links_bg":"","ocean_menu_social_hover_links_bg":"","ocean_menu_social_links_color":"","ocean_menu_social_hover_links_color":"","ocean_disable_title":"default","ocean_disable_heading":"default","ocean_post_title":"","ocean_post_subheading":"","ocean_post_title_style":"","ocean_post_title_background_color":"","ocean_post_title_background":0,"ocean_post_title_bg_image_position":"","ocean_post_title_bg_image_attachment":"","ocean_post_title_bg_image_repeat":"","ocean_post_title_bg_image_size":"","ocean_post_title_height":0,"ocean_post_title_bg_overlay":0.5,"ocean_post_title_bg_overlay_color":"","ocean_disable_breadcrumbs":"default","ocean_breadcrumbs_color":"","ocean_breadcrumbs_separator_color":"","ocean_breadcrumbs_links_color":"","ocean_breadcrumbs_links_hover_color":"","ocean_display_footer_widgets":"default","ocean_display_footer_bottom":"default","ocean_custom_footer_template":"0","osh_disable_topbar_sticky":"default","osh_disable_header_sticky":"default","osh_sticky_header_style":"default","osh_sticky_header_effect":"","osh_custom_sticky_logo":0,"osh_custom_retina_sticky_logo":0,"osh_custom_sticky_logo_height":0,"osh_background_color":"","osh_links_color":"","osh_links_hover_color":"","osh_links_active_color":"","osh_links_bg_color":"","osh_links_hover_bg_color":"","osh_links_active_bg_color":"","osh_menu_social_links_color":"","osh_menu_social_hover_links_color":""},"product_brand":[],"product_cat":[49,47],"product_tag":[82,83,84],"class_list":{"0":"post-2485","1":"product","2":"type-product","3":"status-publish","4":"has-post-thumbnail","6":"product_cat-volumetric-oil-injectors","7":"product_cat-volumetric-thin-oil-systems","8":"product_tag-positive-displacement-injector","9":"product_tag-pressure-relief-distributor","10":"product_tag-volumetric-distributor","12":"entry","13":"has-media","15":"first","16":"instock","17":"shipping-taxable","18":"product-type-external","19":"col","20":"span_1_of_3","21":"owp-content-center","22":"owp-thumbs-layout-horizontal","23":"owp-btn-very-big","24":"owp-tabs-layout-horizontal"},"_links":{"self":[{"href":"https:\/\/www.jinpinlub.com\/hu\/wp-json\/wp\/v2\/product\/2485","targetHints":{"allow":["GET"]}}],"collection":[{"href":"https:\/\/www.jinpinlub.com\/hu\/wp-json\/wp\/v2\/product"}],"about":[{"href":"https:\/\/www.jinpinlub.com\/hu\/wp-json\/wp\/v2\/types\/product"}],"wp:featuredmedia":[{"embeddable":true,"href":"https:\/\/www.jinpinlub.com\/hu\/wp-json\/wp\/v2\/media\/2490"}],"wp:attachment":[{"href":"https:\/\/www.jinpinlub.com\/hu\/wp-json\/wp\/v2\/media?parent=2485"}],"wp:term":[{"taxonomy":"product_brand","embeddable":true,"href":"https:\/\/www.jinpinlub.com\/hu\/wp-json\/wp\/v2\/product_brand?post=2485"},{"taxonomy":"product_cat","embeddable":true,"href":"https:\/\/www.jinpinlub.com\/hu\/wp-json\/wp\/v2\/product_cat?post=2485"},{"taxonomy":"product_tag","embeddable":true,"href":"https:\/\/www.jinpinlub.com\/hu\/wp-json\/wp\/v2\/product_tag?post=2485"}],"curies":[{"name":"wp","href":"https:\/\/api.w.org\/{rel}","templated":true}]}}