{"id":2494,"date":"2024-07-17T08:36:45","date_gmt":"2024-07-17T08:36:45","guid":{"rendered":"https:\/\/www.jinpinlub.com\/?post_type=product&#038;p=2494"},"modified":"2024-08-06T18:08:15","modified_gmt":"2024-08-06T18:08:15","slug":"mgk-nyomascsokkento-eloszto-egysoros-zsirrendszerhez","status":"publish","type":"product","link":"https:\/\/www.jinpinlub.com\/hu\/product\/mgk-pressure-relief-distributor-for-single-line-grease-system\/","title":{"rendered":"MGK nyom\u00e1scs\u00f6kkent\u0151 eloszt\u00f3 egysoros zs\u00edrrendszerhez"},"content":{"rendered":"<h2>Jellemz\u0151k<\/h2>\n<p>1. Nyom\u00e1s alatt \u00e1ll\u00f3 mennyis\u00e9gi adagol\u00f3szelep, k\u00f6zvetlen nyom\u00e1sm\u0171k\u00f6d\u00e9s\u0171 t\u00edpus.<br \/>\nA szivatty\u00fa \u00e1ltal sz\u00e1ll\u00edtott nyom\u00f3olaj mozg\u00e1sba hozza az adagol\u00f3szelepbe \u00e9p\u00edtett dugatty\u00fat, ami a mennyis\u00e9gi ken\u0151anyag ki\u00fcr\u00edt\u00e9s\u00e9t k\u00e9nyszer\u00edti ki.<br \/>\nAmikor a szivatty\u00fa le\u00e1ll, az adagol\u00f3r\u00e9sz dugatty\u00faja a rug\u00f3er\u0151 hat\u00e1s\u00e1ra vissza\u00e1ll, vagyis a mennyis\u00e9gi ken\u0151anyag t\u00e1rol\u00f3dik.<br \/>\n2. Pontos kis\u00fct\u00e9s, az adagol\u00f3 r\u00e9sz csak egyszer ker\u00fcl kis\u00fct\u00e9sre egy cikluson bel\u00fcl, \u00e9s a rendszerben az egym\u00e1s k\u00f6z\u00f6tti t\u00e1vols\u00e1g, legyen az t\u00e1voli, k\u00f6zeli, magas vagy alacsony, v\u00edzszintes vagy f\u00fcgg\u0151leges be\u00e9p\u00edt\u00e9s, nincs hat\u00e1ssal a kis\u00fct\u00e9sre.<br \/>\n3. K\u00e9nyszerkis\u00fcl\u00e9s, \u00e9rz\u00e9keny akci\u00f3. K\u00e9t t\u00f6m\u00edt\u00e9st haszn\u00e1lnak, hogy megakad\u00e1lyozz\u00e1k a ki\u00fcr\u00edtett visszafoly\u00e1st.<br \/>\n4. Az adagol\u00f3szelepek az egyes ken\u00e9si pontok ig\u00e9nyei alapj\u00e1n v\u00e1laszthat\u00f3k ki, \u00e9s az MGJ csom\u00f3ponttal kombin\u00e1lva, sorosan vagy p\u00e1rhuzamosan haszn\u00e1lhat\u00f3k.<br \/>\n5. H\u00fcvely t\u00edpusa: A \u03a64 nylon cs\u00f6vet PA-4 csatlakoz\u00f3val \u00e9s PB-4 kett\u0151s k\u00fapos \u00e9rv\u00e9gh\u00fcvellyel kell kombin\u00e1lni. Gyors bedughat\u00f3 t\u00edpus: \u03a64 nyloncs\u0151 behelyezhet\u0151.<br \/>\n6. NLGI 000#, 00# zs\u00edrhoz alkalmazhat\u00f3.<\/p>\n<h2>Specifik\u00e1ci\u00f3<\/h2>\n<table>\n<tbody>\n<tr>\n<td>M\u0171k\u00f6d\u00e9si elv<\/td>\n<td>Nyom\u00e1scs\u00f6kkent\u0151 adagol\u00f3szelep<\/td>\n<\/tr>\n<tr>\n<td>Az \u00fczletek sz\u00e1ma<\/td>\n<td>1, 2, 3, 4, 5<\/td>\n<\/tr>\n<tr>\n<td>M\u00e9r\u00e9si mennyis\u00e9g<\/td>\n<td>0,03, 0,05, 0,13, 0,20, 0,30, 0,50 ml\/ciklus<\/td>\n<\/tr>\n<tr>\n<td>Ken\u0151anyag<\/td>\n<td>NLGI 000#, 00# zs\u00edr.<\/td>\n<\/tr>\n<tr>\n<td>\u00dczemi h\u0151m\u00e9rs\u00e9klet<\/td>\n<td>0 \u00e9s +80 \u00b0C k\u00f6z\u00f6tt<\/td>\n<\/tr>\n<tr>\n<td>\u00dczemi nyom\u00e1s<\/td>\n<td>0,5-1,5 MPa<\/td>\n<\/tr>\n<tr>\n<td>Anyag<\/td>\n<td>R\u00e9z, alum\u00ednium \u00f6tv\u00f6zet<\/td>\n<\/tr>\n<tr>\n<td>Csatlakoz\u00f3 kimenet<\/td>\n<td>Bemenet Rc1\/8, Kimenet \u03a64 (Rc1\/8)<\/td>\n<\/tr>\n<tr>\n<td>Kimeneti szerelv\u00e9nyek<\/td>\n<td>Ujj t\u00edpus, Gyors t\u00edpus<\/td>\n<\/tr>\n<tr>\n<td>Be\u00e9p\u00edt\u00e9si helyzet<\/td>\n<td>B\u00e1rmilyen<\/td>\n<\/tr>\n<\/tbody>\n<\/table>\n<h2>Alkalmaz\u00e1s<\/h2>\n<p>Az egysoros nyom\u00e1scs\u00f6kkent\u0151 zs\u00edr-ken\u0151rendszer speci\u00e1lis eloszt\u00f3it sz\u00e9les k\u00f6rben haszn\u00e1lj\u00e1k a prec\u00edz ken\u00e9st ig\u00e9nyl\u0151 mechanikus berendez\u00e9sekben, p\u00e9ld\u00e1ul \u00e9p\u00edt\u0151ipari g\u00e9pekben, b\u00e1ny\u00e1szati g\u00e9pekben, aut\u00f3gy\u00e1rt\u00e1sban stb. K\u00fcl\u00f6n\u00f6sen alkalmasak azokra az alkalmakra, ahol sok ken\u00e9si pont van, \u00e9s sz\u00fcks\u00e9ges annak biztos\u00edt\u00e1s\u00e1hoz, hogy minden egyes pont megfelel\u0151en kenhet\u0151 legyen.<\/p>\n<h2>K\u00e9zik\u00f6nyvek<\/h2>\n<div class=\"sdm_download_button_box_default\"><div class=\"sdm_download_link\"><a href=\"https:\/\/www.jinpinlub.com\/hu\/?sdm_process_download=1&download_id=2470\" class=\"sdm_download white\" title=\"Mag\u00e1n: MGK Metering Valve\" target=\"&quot;_blank&quot;\">Adatlap megtekint\u00e9se - MGK adagol\u00f3szelep<\/a><\/div><\/div>","protected":false},"excerpt":{"rendered":"<p>Az MGK egysoros nyom\u00e1scs\u00f6kkent\u0151 zs\u00edreloszt\u00f3 egyetlen t\u00e1pvezet\u00e9ken kereszt\u00fcl sz\u00e1ll\u00edtja a ken\u0151anyagot a k\u00fcl\u00f6nb\u00f6z\u0151 ken\u00e9si pontokhoz. Minden forgalmaz\u00f3 pontosan tudja szab\u00e1lyozni a ken\u0151anyag mennyis\u00e9g\u00e9t, hogy biztos\u00edtsa a berendez\u00e9s norm\u00e1l m\u0171k\u00f6d\u00e9s\u00e9t \u00e9s karbantart\u00e1s\u00e1t.<\/p>","protected":false},"featured_media":2495,"template":"","meta":{"ocean_post_layout":"","ocean_both_sidebars_style":"","ocean_both_sidebars_content_width":0,"ocean_both_sidebars_sidebars_width":0,"ocean_sidebar":"0","ocean_second_sidebar":"0","ocean_disable_margins":"enable","ocean_add_body_class":"","ocean_shortcode_before_top_bar":"","ocean_shortcode_after_top_bar":"","ocean_shortcode_before_header":"","ocean_shortcode_after_header":"","ocean_has_shortcode":"","ocean_shortcode_after_title":"","ocean_shortcode_before_footer_widgets":"","ocean_shortcode_after_footer_widgets":"","ocean_shortcode_before_footer_bottom":"","ocean_shortcode_after_footer_bottom":"","ocean_display_top_bar":"default","ocean_display_header":"default","ocean_header_style":"","ocean_center_header_left_menu":"0","ocean_custom_header_template":"0","ocean_custom_logo":0,"ocean_custom_retina_logo":0,"ocean_custom_logo_max_width":0,"ocean_custom_logo_tablet_max_width":0,"ocean_custom_logo_mobile_max_width":0,"ocean_custom_logo_max_height":0,"ocean_custom_logo_tablet_max_height":0,"ocean_custom_logo_mobile_max_height":0,"ocean_header_custom_menu":"0","ocean_menu_typo_font_family":"0","ocean_menu_typo_font_subset":"","ocean_menu_typo_font_size":0,"ocean_menu_typo_font_size_tablet":0,"ocean_menu_typo_font_size_mobile":0,"ocean_menu_typo_font_size_unit":"px","ocean_menu_typo_font_weight":"","ocean_menu_typo_font_weight_tablet":"","ocean_menu_typo_font_weight_mobile":"","ocean_menu_typo_transform":"","ocean_menu_typo_transform_tablet":"","ocean_menu_typo_transform_mobile":"","ocean_menu_typo_line_height":0,"ocean_menu_typo_line_height_tablet":0,"ocean_menu_typo_line_height_mobile":0,"ocean_menu_typo_line_height_unit":"","ocean_menu_typo_spacing":0,"ocean_menu_typo_spacing_tablet":0,"ocean_menu_typo_spacing_mobile":0,"ocean_menu_typo_spacing_unit":"","ocean_menu_link_color":"","ocean_menu_link_color_hover":"","ocean_menu_link_color_active":"","ocean_menu_link_background":"","ocean_menu_link_hover_background":"","ocean_menu_link_active_background":"","ocean_menu_social_links_bg":"","ocean_menu_social_hover_links_bg":"","ocean_menu_social_links_color":"","ocean_menu_social_hover_links_color":"","ocean_disable_title":"default","ocean_disable_heading":"default","ocean_post_title":"","ocean_post_subheading":"","ocean_post_title_style":"","ocean_post_title_background_color":"","ocean_post_title_background":0,"ocean_post_title_bg_image_position":"","ocean_post_title_bg_image_attachment":"","ocean_post_title_bg_image_repeat":"","ocean_post_title_bg_image_size":"","ocean_post_title_height":0,"ocean_post_title_bg_overlay":0.5,"ocean_post_title_bg_overlay_color":"","ocean_disable_breadcrumbs":"default","ocean_breadcrumbs_color":"","ocean_breadcrumbs_separator_color":"","ocean_breadcrumbs_links_color":"","ocean_breadcrumbs_links_hover_color":"","ocean_display_footer_widgets":"default","ocean_display_footer_bottom":"default","ocean_custom_footer_template":"0","osh_disable_topbar_sticky":"default","osh_disable_header_sticky":"default","osh_sticky_header_style":"default","osh_sticky_header_effect":"","osh_custom_sticky_logo":0,"osh_custom_retina_sticky_logo":0,"osh_custom_sticky_logo_height":0,"osh_background_color":"","osh_links_color":"","osh_links_hover_color":"","osh_links_active_color":"","osh_links_bg_color":"","osh_links_hover_bg_color":"","osh_links_active_bg_color":"","osh_menu_social_links_color":"","osh_menu_social_hover_links_color":""},"product_brand":[],"product_cat":[40,37],"product_tag":[87,85,86],"class_list":{"0":"post-2494","1":"product","2":"type-product","3":"status-publish","4":"has-post-thumbnail","6":"product_cat-pressure-relief-metering-valves","7":"product_cat-single-line-grease-systems","8":"product_tag-grease-distributor","9":"product_tag-pressure-relief-metering-valve","10":"product_tag-single-line-distributor","12":"entry","13":"has-media","15":"first","16":"instock","17":"shipping-taxable","18":"product-type-external","19":"col","20":"span_1_of_3","21":"owp-content-center","22":"owp-thumbs-layout-horizontal","23":"owp-btn-very-big","24":"owp-tabs-layout-horizontal"},"_links":{"self":[{"href":"https:\/\/www.jinpinlub.com\/hu\/wp-json\/wp\/v2\/product\/2494","targetHints":{"allow":["GET"]}}],"collection":[{"href":"https:\/\/www.jinpinlub.com\/hu\/wp-json\/wp\/v2\/product"}],"about":[{"href":"https:\/\/www.jinpinlub.com\/hu\/wp-json\/wp\/v2\/types\/product"}],"wp:featuredmedia":[{"embeddable":true,"href":"https:\/\/www.jinpinlub.com\/hu\/wp-json\/wp\/v2\/media\/2495"}],"wp:attachment":[{"href":"https:\/\/www.jinpinlub.com\/hu\/wp-json\/wp\/v2\/media?parent=2494"}],"wp:term":[{"taxonomy":"product_brand","embeddable":true,"href":"https:\/\/www.jinpinlub.com\/hu\/wp-json\/wp\/v2\/product_brand?post=2494"},{"taxonomy":"product_cat","embeddable":true,"href":"https:\/\/www.jinpinlub.com\/hu\/wp-json\/wp\/v2\/product_cat?post=2494"},{"taxonomy":"product_tag","embeddable":true,"href":"https:\/\/www.jinpinlub.com\/hu\/wp-json\/wp\/v2\/product_tag?post=2494"}],"curies":[{"name":"wp","href":"https:\/\/api.w.org\/{rel}","templated":true}]}}