{"id":2524,"date":"2024-07-17T11:28:45","date_gmt":"2024-07-17T11:28:45","guid":{"rendered":"https:\/\/www.jinpinlub.com\/?post_type=product&#038;p=2524"},"modified":"2024-08-30T10:15:54","modified_gmt":"2024-08-30T02:15:54","slug":"jdl-4-elektromos-terfogatkiszoritasos-kenoszivattyu-cnc-hez","status":"publish","type":"product","link":"https:\/\/www.jinpinlub.com\/hu\/product\/jdl-4-electric-positive-displacement-lubrication-pump-for-cnc\/","title":{"rendered":"JDL-4 elektromos nyom\u00e1skiszor\u00edt\u00e1sos ken\u0151szivatty\u00fa CNC-hez"},"content":{"rendered":"<h2>Jellemz\u0151k<\/h2>\n<p>1. A ken\u0151anyag \u00e9s az intervallum idej\u00e9t PLC vez\u00e9rli.<br \/>\n2. Nyom\u00e1skapcsol\u00f3val annak \u00e9szlel\u00e9s\u00e9re, hogy az olajk\u00f6r s\u00e9r\u00fclt-e.<br \/>\n3. \u00dasz\u00f3kapcsol\u00f3val az alacsony folyad\u00e9kszint \u00e9szlel\u00e9s\u00e9re \u00e9s automatikus jel k\u00fcld\u00e9s\u00e9re.<br \/>\n4. Nyom\u00e1sm\u00e9r\u0151vel az olajszivatty\u00fa \u00fczemi nyom\u00e1s\u00e1nak \u00e9rz\u00e9kel\u00e9s\u00e9re.<br \/>\n5. K\u00e9nyszer\u00edtett ken\u0151gombbal, folyamatos ken\u00e9s kevesebb, mint 3 percig a motor t\u00falterhel\u00e9s\u00e9nek elker\u00fcl\u00e9se \u00e9rdek\u00e9ben.<br \/>\n6. Amikor a motor magas h\u0151m\u00e9rs\u00e9klet elleni v\u00e9delme m\u0171k\u00f6d\u00e9sbe l\u00e9p, k\u00f6r\u00fclbel\u00fcl 10 percre le\u00e1ll.<br \/>\n7. Szikrasz\u0171r\u0151 hozz\u00e1adhat\u00f3 a fesz\u00fclts\u00e9g \u00e9s a szikr\u00e1k interferenci\u00e1j\u00e1nak elnyom\u00e1s\u00e1ra a PLC-n.<br \/>\n8. Volumetrikus eloszt\u00f3val kell haszn\u00e1lni.<\/p>\n<h2>Specifik\u00e1ci\u00f3<\/h2>\n<table>\n<tbody>\n<tr>\n<td>Id\u0151z\u00edt\u0151<\/td>\n<td>PLC<\/td>\n<\/tr>\n<tr>\n<td>\u00dczemi h\u0151m\u00e9rs\u00e9klet<\/td>\n<td>0-+50\u00b0C<\/td>\n<\/tr>\n<tr>\n<td>Az \u00fczletek sz\u00e1ma<\/td>\n<td>1<\/td>\n<\/tr>\n<tr>\n<td>A t\u00e1roz\u00f3 kapacit\u00e1sa<\/td>\n<td>2L, 3L, 4L, 8L<\/td>\n<\/tr>\n<tr>\n<td>\u00dajrat\u00f6lt\u00e9s<\/td>\n<td>Fel\u00fclr\u0151l<\/td>\n<\/tr>\n<tr>\n<td>Ken\u0151anyag<\/td>\n<td>32-68cSt@40 \u2103<\/td>\n<\/tr>\n<tr>\n<td>V\u00e9delmi oszt\u00e1ly<\/td>\n<td>IP54<\/td>\n<\/tr>\n<tr>\n<td>Kis\u00fcl\u00e9s<\/td>\n<td>150 ml\/perc<\/td>\n<\/tr>\n<tr>\n<td>Max. \u00fczemi nyom\u00e1s<\/td>\n<td>1,8 MPa<\/td>\n<\/tr>\n<tr>\n<td>Csatlakoz\u00f3 menet<\/td>\n<td>Kimenet \u03a66<\/td>\n<\/tr>\n<tr>\n<td>\u00dczemi fesz\u00fclts\u00e9g<\/td>\n<td>110VAC, 220VAC<\/td>\n<\/tr>\n<tr>\n<td>Tan\u00fas\u00edtv\u00e1ny<\/td>\n<td>CE<\/td>\n<\/tr>\n<tr>\n<td>Be\u00e9p\u00edt\u00e9si helyzet<\/td>\n<td>F\u00fcgg\u0151leges<\/td>\n<\/tr>\n<\/tbody>\n<\/table>\n<h2>Alkalmaz\u00e1sok<\/h2>\n<p>A pozit\u00edv l\u00f6kett\u00e9rfogat\u00fa olajos ken\u0151szivatty\u00fak f\u0151k\u00e9nt olyan mennyis\u00e9g\u0171 ken\u0151olaj biztos\u00edt\u00e1s\u00e1ra szolg\u00e1lnak, amelyet adagolnak, hogy megk\u00f6nny\u00edts\u00e9k a mechanikai kezel\u00e9st \u00e9s cs\u00f6kkents\u00e9k a felhord\u00e1st. Sz\u00e9les k\u00f6rben haszn\u00e1lj\u00e1k a k\u00f6vetkez\u0151 ter\u00fcleteken:<br \/>\n1. G\u00e9pi felszerel\u00e9sek: bele\u00e9rtve az esztergag\u00e9peket, mar\u00f3g\u00e9peket \u00e9s \u00edgy tov\u00e1bb, amelyek k\u00fcl\u00f6nf\u00e9le j\u00e1r\u00f3alkatr\u00e9szeik ken\u00e9s\u00e9t ig\u00e9nylik.<br \/>\n2. Pr\u00e9s\u00f6nt\u0151 eszk\u00f6z: magas h\u0151m\u00e9rs\u00e9klet, nagy ig\u00e9nybev\u00e9tel\u0171 \u00fczemi k\u00f6rnyezet, megb\u00edzhat\u00f3 ken\u00e9st ig\u00e9nyel.<br \/>\n3. Textilipari g\u00e9pek: sz\u00f6v\u0151sz\u00e9kek, fon\u00f3g\u00e9pek \u00e9s m\u00e9g sok m\u00e1s. Folyamatoss\u00e1gra v\u00e1gyik a m\u0171k\u00f6d\u00e9s\u00fckben.<br \/>\n4. Nyomdag\u00e9pek: tiszta s\u00e9t\u00e1khoz \u00e9s a nyomtat\u00e1si m\u0171veletek pontoss\u00e1g\u00e1hoz.<br \/>\n5. \u00c9lelmiszer- \u00e9s csomagol\u00f3g\u00e9pek: a magas higi\u00e9niai k\u00f6vetelm\u00e9nyek mellett.<\/p>\n<h2>K\u00e9zik\u00f6nyvek<\/h2>\n<div class=\"sdm_download_button_box_default\"><div class=\"sdm_download_link\"><a href=\"https:\/\/www.jinpinlub.com\/hu\/?sdm_process_download=1&download_id=2466\" class=\"sdm_download white\" title=\"Mag\u00e1n: JDL4 Volumetric Pump\" target=\"&quot;_blank&quot;\">Adatlap megtekint\u00e9se - JDL4 szivatty\u00fa<\/a><\/div><\/div>","protected":false},"excerpt":{"rendered":"<p>A JDL-4 rendszer olajszivatty\u00fat, t\u00e9rfogateloszt\u00f3t, olajcs\u00f6vet \u00e9s k\u00fcl\u00f6nf\u00e9le csatlakoz\u00f3kat tartalmaz. Alkalmas kevesebb ken\u00e9si ponttal rendelkez\u0151 berendez\u00e9sekhez, p\u00e9ld\u00e1ul kism\u00e9ret\u0171 g\u00e9pi szersz\u00e1mg\u00e9pekhez. El\u0151nye, hogy t\u00f6bb ken\u00e9si pontra is pontosan k\u00e9pes ell\u00e1tni az olajat.<\/p>","protected":false},"featured_media":2526,"template":"","meta":{"ocean_post_layout":"","ocean_both_sidebars_style":"","ocean_both_sidebars_content_width":0,"ocean_both_sidebars_sidebars_width":0,"ocean_sidebar":"0","ocean_second_sidebar":"0","ocean_disable_margins":"enable","ocean_add_body_class":"","ocean_shortcode_before_top_bar":"","ocean_shortcode_after_top_bar":"","ocean_shortcode_before_header":"","ocean_shortcode_after_header":"","ocean_has_shortcode":"","ocean_shortcode_after_title":"","ocean_shortcode_before_footer_widgets":"","ocean_shortcode_after_footer_widgets":"","ocean_shortcode_before_footer_bottom":"","ocean_shortcode_after_footer_bottom":"","ocean_display_top_bar":"default","ocean_display_header":"default","ocean_header_style":"","ocean_center_header_left_menu":"0","ocean_custom_header_template":"0","ocean_custom_logo":0,"ocean_custom_retina_logo":0,"ocean_custom_logo_max_width":0,"ocean_custom_logo_tablet_max_width":0,"ocean_custom_logo_mobile_max_width":0,"ocean_custom_logo_max_height":0,"ocean_custom_logo_tablet_max_height":0,"ocean_custom_logo_mobile_max_height":0,"ocean_header_custom_menu":"0","ocean_menu_typo_font_family":"0","ocean_menu_typo_font_subset":"","ocean_menu_typo_font_size":0,"ocean_menu_typo_font_size_tablet":0,"ocean_menu_typo_font_size_mobile":0,"ocean_menu_typo_font_size_unit":"px","ocean_menu_typo_font_weight":"","ocean_menu_typo_font_weight_tablet":"","ocean_menu_typo_font_weight_mobile":"","ocean_menu_typo_transform":"","ocean_menu_typo_transform_tablet":"","ocean_menu_typo_transform_mobile":"","ocean_menu_typo_line_height":0,"ocean_menu_typo_line_height_tablet":0,"ocean_menu_typo_line_height_mobile":0,"ocean_menu_typo_line_height_unit":"","ocean_menu_typo_spacing":0,"ocean_menu_typo_spacing_tablet":0,"ocean_menu_typo_spacing_mobile":0,"ocean_menu_typo_spacing_unit":"","ocean_menu_link_color":"","ocean_menu_link_color_hover":"","ocean_menu_link_color_active":"","ocean_menu_link_background":"","ocean_menu_link_hover_background":"","ocean_menu_link_active_background":"","ocean_menu_social_links_bg":"","ocean_menu_social_hover_links_bg":"","ocean_menu_social_links_color":"","ocean_menu_social_hover_links_color":"","ocean_disable_title":"default","ocean_disable_heading":"default","ocean_post_title":"","ocean_post_subheading":"","ocean_post_title_style":"","ocean_post_title_background_color":"","ocean_post_title_background":0,"ocean_post_title_bg_image_position":"","ocean_post_title_bg_image_attachment":"","ocean_post_title_bg_image_repeat":"","ocean_post_title_bg_image_size":"","ocean_post_title_height":0,"ocean_post_title_bg_overlay":0.5,"ocean_post_title_bg_overlay_color":"","ocean_disable_breadcrumbs":"default","ocean_breadcrumbs_color":"","ocean_breadcrumbs_separator_color":"","ocean_breadcrumbs_links_color":"","ocean_breadcrumbs_links_hover_color":"","ocean_display_footer_widgets":"default","ocean_display_footer_bottom":"default","ocean_custom_footer_template":"0","osh_disable_topbar_sticky":"default","osh_disable_header_sticky":"default","osh_sticky_header_style":"default","osh_sticky_header_effect":"","osh_custom_sticky_logo":0,"osh_custom_retina_sticky_logo":0,"osh_custom_sticky_logo_height":0,"osh_background_color":"","osh_links_color":"","osh_links_hover_color":"","osh_links_active_color":"","osh_links_bg_color":"","osh_links_hover_bg_color":"","osh_links_active_bg_color":"","osh_menu_social_links_color":"","osh_menu_social_hover_links_color":""},"product_brand":[],"product_cat":[48,47],"product_tag":[95,94,96],"class_list":{"0":"post-2524","1":"product","2":"type-product","3":"status-publish","4":"has-post-thumbnail","6":"product_cat-electric-volumetric-pumps","7":"product_cat-volumetric-thin-oil-systems","8":"product_tag-positive-displacement-lubrication-pump","9":"product_tag-positive-displacement-lubrication-system","10":"product_tag-volumetric-lubrication-pump","12":"entry","13":"has-media","15":"first","16":"instock","17":"shipping-taxable","18":"product-type-external","19":"col","20":"span_1_of_3","21":"owp-content-center","22":"owp-thumbs-layout-horizontal","23":"owp-btn-very-big","24":"owp-tabs-layout-horizontal"},"_links":{"self":[{"href":"https:\/\/www.jinpinlub.com\/hu\/wp-json\/wp\/v2\/product\/2524","targetHints":{"allow":["GET"]}}],"collection":[{"href":"https:\/\/www.jinpinlub.com\/hu\/wp-json\/wp\/v2\/product"}],"about":[{"href":"https:\/\/www.jinpinlub.com\/hu\/wp-json\/wp\/v2\/types\/product"}],"wp:featuredmedia":[{"embeddable":true,"href":"https:\/\/www.jinpinlub.com\/hu\/wp-json\/wp\/v2\/media\/2526"}],"wp:attachment":[{"href":"https:\/\/www.jinpinlub.com\/hu\/wp-json\/wp\/v2\/media?parent=2524"}],"wp:term":[{"taxonomy":"product_brand","embeddable":true,"href":"https:\/\/www.jinpinlub.com\/hu\/wp-json\/wp\/v2\/product_brand?post=2524"},{"taxonomy":"product_cat","embeddable":true,"href":"https:\/\/www.jinpinlub.com\/hu\/wp-json\/wp\/v2\/product_cat?post=2524"},{"taxonomy":"product_tag","embeddable":true,"href":"https:\/\/www.jinpinlub.com\/hu\/wp-json\/wp\/v2\/product_tag?post=2524"}],"curies":[{"name":"wp","href":"https:\/\/api.w.org\/{rel}","templated":true}]}}