{"id":2535,"date":"2024-07-17T13:08:15","date_gmt":"2024-07-17T13:08:15","guid":{"rendered":"https:\/\/www.jinpinlub.com\/?post_type=product&#038;p=2535"},"modified":"2025-01-23T22:26:23","modified_gmt":"2025-01-23T14:26:23","slug":"jl-1-nagynyomasu-adagolo-egysoros-kenorendszerhez","status":"publish","type":"product","link":"https:\/\/www.jinpinlub.com\/hu\/product\/jl-1-high-pressure-metering-device-for-single-line-lube-system\/","title":{"rendered":"JL-1 nagynyom\u00e1s\u00fa m\u00e9r\u0151eszk\u00f6z egysoros ken\u0151rendszerhez"},"content":{"rendered":"<h2>Jellemz\u0151k<\/h2>\n<p>1. Nagynyom\u00e1s\u00fa m\u0171k\u00f6d\u00e9s: A JL-1 m\u00e9r\u0151k\u00e9sz\u00fcl\u00e9k alkalmas nagynyom\u00e1s\u00fa k\u00f6rnyezetben; \u00fczemi nyom\u00e1startom\u00e1nya 127-240 bar, a kiold\u00f3nyom\u00e1s pedig 41 bar.<br \/>\n2. K\u00fcls\u0151leg \u00e1ll\u00edthat\u00f3 teljes\u00edtm\u00e9ny: A k\u00e9sz\u00fcl\u00e9k kimenete k\u00fcls\u0151leg 0,016-1,31 cm\u00b3 tartom\u00e1nyban \u00e1ll\u00edthat\u00f3, hogy k\u00fcl\u00f6nb\u00f6z\u0151 ken\u00e9si ig\u00e9nyekhez haszn\u00e1lhat\u00f3 legyen.<br \/>\n3. Kijelz\u0151 t\u0171 kialak\u00edt\u00e1sa: Minden m\u00e9r\u0151eszk\u00f6z jelz\u0151t\u0171vel van felszerelve, amely lehet\u0151v\u00e9 teszi a m\u0171k\u00f6d\u00e9si \u00e1llapot szemrev\u00e9telez\u00e9s\u00e9t, \u00e9s \u00edgy garant\u00e1lja a ken\u00e9s megb\u00edzhat\u00f3s\u00e1g\u00e1t.<br \/>\n4. Anyagv\u00e1laszt\u00e1s: A JL-1 m\u00e9r\u0151eszk\u00f6z k\u00e9tf\u00e9le anyagb\u00f3l \u00e1ll: sz\u00e9nac\u00e9l \u00e9s rozsdamentes ac\u00e9l, k\u00fcl\u00f6nb\u00f6z\u0151 k\u00f6rnyezetekben val\u00f3 haszn\u00e1latra. A rozsdamentes ac\u00e9l v\u00e1ltozat olyan munkak\u00f6rnyezetben alkalmazhat\u00f3, amely ellens\u00e9ges a sz\u00e9nac\u00e9llal szemben.<br \/>\n5. T\u00f6bbportos kialak\u00edt\u00e1s: A k\u00e9sz\u00fcl\u00e9k 1-6 ken\u00e9si pontot k\u00e9pes sz\u00e1ll\u00edtani; \u00edgy rugalmasan tud alkalmazkodni a k\u00fcl\u00f6nb\u00f6z\u0151 ken\u0151rendszeri k\u00f6vetelm\u00e9nyekhez.<br \/>\n6. K\u00f6nny\u0171 karbantart\u00e1s: Az egyes m\u00e9r\u0151berendez\u00e9sek ellen\u0151rz\u00e9si c\u00e9lb\u00f3l vagy az elhaszn\u00e1l\u00f3dott alkatr\u00e9szek cser\u00e9je c\u00e9lj\u00e1b\u00f3l k\u00f6nnyen leszerelhet\u0151k, \u00edgy id\u0151t takar\u00edthat meg a karbantart\u00e1sra \u00e9s cs\u00f6kkentheti a teljes karbantart\u00e1si k\u00f6lts\u00e9geket.<\/p>\n<h2>Specifik\u00e1ci\u00f3<\/h2>\n<table>\n<tbody>\n<tr>\n<td>M\u0171k\u00f6d\u00e9si elv<\/td>\n<td>Nyom\u00e1scs\u00f6kkent\u0151 adagol\u00f3szelep<\/td>\n<\/tr>\n<tr>\n<td>Az \u00fczletek sz\u00e1ma<\/td>\n<td>1, 2, 3, 4, 5, 6<\/td>\n<\/tr>\n<tr>\n<td>M\u00e9r\u00e9si mennyis\u00e9g<\/td>\n<td>0,016-1,31 ml\/ciklus<\/td>\n<\/tr>\n<tr>\n<td>Ken\u0151anyag<\/td>\n<td>NLGI 0, 1, 2 zs\u00edr<\/td>\n<\/tr>\n<tr>\n<td>\u00dczemi h\u0151m\u00e9rs\u00e9klet<\/td>\n<td>(-10 \u00e9s +80 \u00b0C k\u00f6z\u00f6tt)<\/td>\n<\/tr>\n<tr>\n<td>\u00dczemi nyom\u00e1s<\/td>\n<td>127-240 bar<\/td>\n<\/tr>\n<tr>\n<td>Anyag<\/td>\n<td>Sz\u00e9nac\u00e9l, rozsdamentes ac\u00e9l<\/td>\n<\/tr>\n<tr>\n<td>Csatlakoz\u00e1s f\u0151vezet\u00e9k<\/td>\n<td>Rc3\/8<\/td>\n<\/tr>\n<tr>\n<td>Csatlakoz\u00f3 kimenet<\/td>\n<td>M22*1,5<\/td>\n<\/tr>\n<tr>\n<td>Be\u00e9p\u00edt\u00e9si helyzet<\/td>\n<td>B\u00e1rmilyen<\/td>\n<\/tr>\n<\/tbody>\n<\/table>\n<h2>Alkalmaz\u00e1s<\/h2>\n<p>1. B\u00e1ny\u00e1szat \u00e9s \u00e1sv\u00e1nyfeldolgoz\u00e1s: A JL-1 m\u00e9r\u0151eszk\u00f6z\u00f6ket sz\u00e9les k\u00f6rben alkalmazz\u00e1k a b\u00e1ny\u00e1szatban \u00e9s az \u00e1sv\u00e1nyfeldolgoz\u00f3 iparban, amelyek megb\u00edzhat\u00f3 ken\u00e9st biztos\u00edtanak a nagyon kem\u00e9ny munka sor\u00e1n.<br \/>\n2. \u00c9p\u00edt\u0151ipari g\u00e9pek: Az \u00e9p\u00edt\u0151ipari g\u00e9pek ter\u00fclet\u00e9n a JL-1 m\u00e9r\u0151m\u0171szer garant\u00e1lja, hogy a berendez\u00e9s minden ken\u00e9si pontja j\u00f3l kenve legyen a berendez\u00e9s \u00e9lettartam\u00e1nak meghosszabb\u00edt\u00e1sa \u00e9rdek\u00e9ben.<br \/>\n3. Vas- \u00e9s ac\u00e9lipar \u00e9s neh\u00e9zipar: Ezt a berendez\u00e9st sz\u00e9les k\u00f6rben alkalmazz\u00e1k az ac\u00e9l- \u00e9s neh\u00e9ziparban is, stabilan m\u0171k\u00f6dik magas nyom\u00e1s\u00fa \u00e9s magas h\u0151m\u00e9rs\u00e9klet\u0171 k\u00f6rnyezetben.<\/p>\n<h2>K\u00e9zik\u00f6nyvek<\/h2>\n<div class=\"sdm_download_button_box_default\"><div class=\"sdm_download_link\"><a href=\"https:\/\/www.jinpinlub.com\/hu\/?sdm_process_download=1&download_id=2472\" class=\"sdm_download white\" title=\"Mag\u00e1n: JL-1 Grease Injector\" target=\"&quot;_blank&quot;\">Adatlap megtekint\u00e9se - JL-1 zs\u00edrbefecskendez\u0151<\/a><\/div><\/div>","protected":false},"excerpt":{"rendered":"<p>A JL-1 ide\u00e1lis v\u00e1laszt\u00e1s k\u00fcl\u00f6nf\u00e9le alkalmaz\u00e1sokhoz a nagynyom\u00e1s\u00fa m\u0171k\u00f6d\u00e9s, a k\u00fcls\u0151leg \u00e1ll\u00edthat\u00f3 kimenet, a jelz\u0151t\u0171 kialak\u00edt\u00e1sa \u00e9s a t\u00f6bb port opci\u00f3 miatt. K\u00f6nny\u0171 karbantarthat\u00f3s\u00e1ga \u00e9s t\u00f6bbf\u00e9le anyagv\u00e1laszt\u00e9ka tov\u00e1bb fokozza a k\u00fcl\u00f6nb\u00f6z\u0151 k\u00f6rnyezetekben val\u00f3 alkalmazhat\u00f3s\u00e1g\u00e1t.<\/p>","protected":false},"featured_media":2536,"template":"","meta":{"ocean_post_layout":"","ocean_both_sidebars_style":"","ocean_both_sidebars_content_width":0,"ocean_both_sidebars_sidebars_width":0,"ocean_sidebar":"0","ocean_second_sidebar":"0","ocean_disable_margins":"enable","ocean_add_body_class":"","ocean_shortcode_before_top_bar":"","ocean_shortcode_after_top_bar":"","ocean_shortcode_before_header":"","ocean_shortcode_after_header":"","ocean_has_shortcode":"","ocean_shortcode_after_title":"","ocean_shortcode_before_footer_widgets":"","ocean_shortcode_after_footer_widgets":"","ocean_shortcode_before_footer_bottom":"","ocean_shortcode_after_footer_bottom":"","ocean_display_top_bar":"default","ocean_display_header":"default","ocean_header_style":"","ocean_center_header_left_menu":"0","ocean_custom_header_template":"0","ocean_custom_logo":0,"ocean_custom_retina_logo":0,"ocean_custom_logo_max_width":0,"ocean_custom_logo_tablet_max_width":0,"ocean_custom_logo_mobile_max_width":0,"ocean_custom_logo_max_height":0,"ocean_custom_logo_tablet_max_height":0,"ocean_custom_logo_mobile_max_height":0,"ocean_header_custom_menu":"0","ocean_menu_typo_font_family":"0","ocean_menu_typo_font_subset":"","ocean_menu_typo_font_size":0,"ocean_menu_typo_font_size_tablet":0,"ocean_menu_typo_font_size_mobile":0,"ocean_menu_typo_font_size_unit":"px","ocean_menu_typo_font_weight":"","ocean_menu_typo_font_weight_tablet":"","ocean_menu_typo_font_weight_mobile":"","ocean_menu_typo_transform":"","ocean_menu_typo_transform_tablet":"","ocean_menu_typo_transform_mobile":"","ocean_menu_typo_line_height":0,"ocean_menu_typo_line_height_tablet":0,"ocean_menu_typo_line_height_mobile":0,"ocean_menu_typo_line_height_unit":"","ocean_menu_typo_spacing":0,"ocean_menu_typo_spacing_tablet":0,"ocean_menu_typo_spacing_mobile":0,"ocean_menu_typo_spacing_unit":"","ocean_menu_link_color":"","ocean_menu_link_color_hover":"","ocean_menu_link_color_active":"","ocean_menu_link_background":"","ocean_menu_link_hover_background":"","ocean_menu_link_active_background":"","ocean_menu_social_links_bg":"","ocean_menu_social_hover_links_bg":"","ocean_menu_social_links_color":"","ocean_menu_social_hover_links_color":"","ocean_disable_title":"default","ocean_disable_heading":"default","ocean_post_title":"","ocean_post_subheading":"","ocean_post_title_style":"","ocean_post_title_background_color":"","ocean_post_title_background":0,"ocean_post_title_bg_image_position":"","ocean_post_title_bg_image_attachment":"","ocean_post_title_bg_image_repeat":"","ocean_post_title_bg_image_size":"","ocean_post_title_height":0,"ocean_post_title_bg_overlay":0.5,"ocean_post_title_bg_overlay_color":"","ocean_disable_breadcrumbs":"default","ocean_breadcrumbs_color":"","ocean_breadcrumbs_separator_color":"","ocean_breadcrumbs_links_color":"","ocean_breadcrumbs_links_hover_color":"","ocean_display_footer_widgets":"default","ocean_display_footer_bottom":"default","ocean_custom_footer_template":"0","osh_disable_topbar_sticky":"default","osh_disable_header_sticky":"default","osh_sticky_header_style":"default","osh_sticky_header_effect":"","osh_custom_sticky_logo":0,"osh_custom_retina_sticky_logo":0,"osh_custom_sticky_logo_height":0,"osh_background_color":"","osh_links_color":"","osh_links_hover_color":"","osh_links_active_color":"","osh_links_bg_color":"","osh_links_hover_bg_color":"","osh_links_active_bg_color":"","osh_menu_social_links_color":"","osh_menu_social_hover_links_color":""},"product_brand":[],"product_cat":[40,37],"product_tag":[97,98,86],"class_list":{"0":"post-2535","1":"product","2":"type-product","3":"status-publish","4":"has-post-thumbnail","6":"product_cat-pressure-relief-metering-valves","7":"product_cat-single-line-grease-systems","8":"product_tag-grease-injector","9":"product_tag-grease-metering-device","10":"product_tag-single-line-distributor","12":"entry","13":"has-media","15":"first","16":"instock","17":"shipping-taxable","18":"product-type-external","19":"col","20":"span_1_of_3","21":"owp-content-center","22":"owp-thumbs-layout-horizontal","23":"owp-btn-very-big","24":"owp-tabs-layout-horizontal"},"_links":{"self":[{"href":"https:\/\/www.jinpinlub.com\/hu\/wp-json\/wp\/v2\/product\/2535","targetHints":{"allow":["GET"]}}],"collection":[{"href":"https:\/\/www.jinpinlub.com\/hu\/wp-json\/wp\/v2\/product"}],"about":[{"href":"https:\/\/www.jinpinlub.com\/hu\/wp-json\/wp\/v2\/types\/product"}],"wp:featuredmedia":[{"embeddable":true,"href":"https:\/\/www.jinpinlub.com\/hu\/wp-json\/wp\/v2\/media\/2536"}],"wp:attachment":[{"href":"https:\/\/www.jinpinlub.com\/hu\/wp-json\/wp\/v2\/media?parent=2535"}],"wp:term":[{"taxonomy":"product_brand","embeddable":true,"href":"https:\/\/www.jinpinlub.com\/hu\/wp-json\/wp\/v2\/product_brand?post=2535"},{"taxonomy":"product_cat","embeddable":true,"href":"https:\/\/www.jinpinlub.com\/hu\/wp-json\/wp\/v2\/product_cat?post=2535"},{"taxonomy":"product_tag","embeddable":true,"href":"https:\/\/www.jinpinlub.com\/hu\/wp-json\/wp\/v2\/product_tag?post=2535"}],"curies":[{"name":"wp","href":"https:\/\/api.w.org\/{rel}","templated":true}]}}