{"id":2540,"date":"2024-07-17T13:29:01","date_gmt":"2024-07-17T13:29:01","guid":{"rendered":"https:\/\/www.jinpinlub.com\/?post_type=product&#038;p=2540"},"modified":"2025-06-06T19:31:30","modified_gmt":"2025-06-06T11:31:30","slug":"jsv8-zsiradagolo-keszulek-progressziv-kenesi-rendszerekhez","status":"publish","type":"product","link":"https:\/\/www.jinpinlub.com\/hu\/product\/jsv8-grease-metering-device-for-progressive-lubrication-system\/","title":{"rendered":"JSV8 zs\u00edradagol\u00f3 k\u00e9sz\u00fcl\u00e9k progressz\u00edv ken\u00e9si rendszerhez"},"content":{"rendered":"<h2>Jellemz\u0151k<\/h2>\n<p>1. JSV progressz\u00edv eloszt\u00f3 a dugatty\u00fas szekvencia seg\u00edts\u00e9g\u00e9vel, progressz\u00edv pontr\u00f3l pontra a kis\u00fct\u00e9s \u00e9rdek\u00e9ben.<br \/>\n2. Az egyes kimenetek adagol\u00e1si t\u00e9rfogata minden ciklusban 0,17 ml.<br \/>\n3. Az egyik kimenet egy speci\u00e1lis z\u00e1r\u00f3dug\u00f3val blokkolhat\u00f3, amely megdupl\u00e1zza a k\u00f6vetkez\u0151 kimenet adagol\u00e1si mennyis\u00e9g\u00e9t.<br \/>\n4. 6 ~ 20 kimenet v\u00e1laszthat\u00f3 ki, a kimeneteken egyir\u00e1ny\u00fa szelepek vannak, hogy megakad\u00e1lyozz\u00e1k a ken\u0151anyag visszafoly\u00e1s\u00e1t.<br \/>\n5. K\u00f6nnyen fel\u00fcgyelhet\u0151, vizu\u00e1lis vagy elektronikus fel\u00fcgyelet. K\u00f6nnyen cser\u00e9lhet\u0151, \u00e9s nincs hat\u00e1ssal m\u00e1s cs\u0151vezet\u00e9kekre.<br \/>\n6. Alkalmazhat\u00f3 ken\u0151anyagok: NLGI 000# ~ 2# zs\u00edr, 32-220cSt@40\u2103 olaj.<br \/>\n7. Az \u00fczemi h\u0151m\u00e9rs\u00e9klet -20 \u2103~+80 \u2103.<\/p>\n<h2>Specifik\u00e1ci\u00f3<\/h2>\n<table>\n<tbody>\n<tr>\n<td>M\u0171k\u00f6d\u00e9si elv<\/td>\n<td>M\u00e9r\u0151eszk\u00f6z\u00f6k<\/td>\n<\/tr>\n<tr>\n<td>Az \u00fczletek sz\u00e1ma<\/td>\n<td>6-20<\/td>\n<\/tr>\n<tr>\n<td>M\u00e9r\u00e9si mennyis\u00e9g<\/td>\n<td>0,2 ml\/ciklus<\/td>\n<\/tr>\n<tr>\n<td>Ken\u0151anyag<\/td>\n<td>Zs\u00edr NLGI 2-ig, olaj 32-220cSt@40\u2103<\/td>\n<\/tr>\n<tr>\n<td>\u00dczemi h\u0151m\u00e9rs\u00e9klet<\/td>\n<td>-20 \u00e9s +80 \u00b0C k\u00f6z\u00f6tt<\/td>\n<\/tr>\n<tr>\n<td>\u00dczemi nyom\u00e1s<\/td>\n<td>Max. 350 bar<\/td>\n<\/tr>\n<tr>\n<td>Anyag<\/td>\n<td>Fekete horganyzott<\/td>\n<\/tr>\n<tr>\n<td>Csatlakoz\u00f3 bemenet<\/td>\n<td>\u03a66\/\u03a68 (M10x1)<\/td>\n<\/tr>\n<tr>\n<td>Csatlakoz\u00f3 kimenet<\/td>\n<td>\u03a66\/\u03a68 (M10x1)<\/td>\n<\/tr>\n<tr>\n<td>Be\u00e9p\u00edt\u00e9si helyzet<\/td>\n<td>B\u00e1rmilyen<\/td>\n<\/tr>\n<\/tbody>\n<\/table>\n<h2>Alkalmaz\u00e1s<\/h2>\n<p>1. \u00c9p\u00edt\u0151ipar \u00e9s b\u00e1ny\u00e1szat: Ezeken a ter\u00fcleteken a berendez\u00e9sek \u00e1ltal\u00e1ban zord \u00fczemi k\u00f6rnyezetben \u00e9s nagy terhel\u00e9s mellett m\u0171k\u00f6dnek. P\u00e9ld\u00e1ul a JSV akci\u00f3ja alatt. ken\u00e9s, a berendez\u00e9s norm\u00e1l m\u0171k\u00f6d\u00e9se megb\u00edzhat\u00f3 ken\u00e9st biztos\u00edt.<br \/>\n2. Mez\u0151gazdas\u00e1gi g\u00e9pek: A mez\u0151gazdas\u00e1gi g\u00e9peket viszonylag gyakran kell kenni, hogy a g\u00e9pek z\u00f6kken\u0151mentesen m\u0171k\u00f6djenek. A JSV eloszt\u00f3k k\u00fcl\u00f6nf\u00e9le h\u0151m\u00e9rs\u00e9kleti \u00e9s nyom\u00e1sviszonyok k\u00f6z\u00f6tt m\u0171k\u00f6dhetnek, hogy alkalmazkodjanak a k\u00fcl\u00f6nb\u00f6z\u0151 mez\u0151gazdas\u00e1gi k\u00f6rnyezetekhez.<br \/>\n3. Ipari berendez\u00e9sek: A gy\u00e1rt\u00f3- \u00e9s feldolgoz\u00f3ipar diverzifik\u00e1lt mechanikai berendez\u00e9sekkel rendelkezik, amelyekben a JSV ken\u00e9si szerepet j\u00e1tszik a mechanikus berendez\u00e9sek \u00e9lettartam\u00e1nak meghosszabb\u00edt\u00e1s\u00e1ban, \u00e9s ez\u00e1ltal cs\u00f6kkenti a kapcsol\u00f3d\u00f3 jav\u00edt\u00e1si k\u00f6lts\u00e9geket.<br \/>\n4. Meg\u00fajul\u00f3 energia: A JSV eloszt\u00f3it sz\u00e9lenergia-termel\u0151 \u00e9s napenergia-berendez\u00e9sek fontos alkatr\u00e9szeinek ken\u00e9s\u00e9re haszn\u00e1lj\u00e1k a hossz\u00fa, hat\u00e9kony \u00e9s stabil m\u0171k\u00f6d\u00e9s \u00e9rdek\u00e9ben.<\/p>\n<h2>K\u00e9zik\u00f6nyvek<\/h2>\n<div class=\"sdm_download_button_box_default\"><div class=\"sdm_download_link\"><a href=\"https:\/\/www.jinpinlub.com\/hu\/?sdm_process_download=1&download_id=2474\" class=\"sdm_download white\" title=\"Mag\u00e1n: JSV Progressive Distributor\" target=\"&quot;_blank&quot;\">Adatlap megtekint\u00e9se \u2013 JSV Forgalmaz\u00f3<\/a><\/div><\/div>","protected":false},"excerpt":{"rendered":"<p>A JSV eloszt\u00f3 egy be\u00e9p\u00edtett progressz\u00edv adagol\u00f3k\u00e9sz\u00fcl\u00e9k progressz\u00edv ken\u00e9si rendszerekhez. Magas ellennyom\u00e1s mellett haszn\u00e1lhat\u00f3, \u00e9s k\u00fcl\u00f6nb\u00f6z\u0151 h\u0151m\u00e9rs\u00e9kleti tartom\u00e1nyokhoz alkalmas. A maxim\u00e1lis \u00fczemi nyom\u00e1s 350 bar \u00e9s 6-22 kimenettel rendelkezik.<\/p>","protected":false},"featured_media":2544,"template":"","meta":{"ocean_post_layout":"","ocean_both_sidebars_style":"","ocean_both_sidebars_content_width":0,"ocean_both_sidebars_sidebars_width":0,"ocean_sidebar":"0","ocean_second_sidebar":"0","ocean_disable_margins":"enable","ocean_add_body_class":"","ocean_shortcode_before_top_bar":"","ocean_shortcode_after_top_bar":"","ocean_shortcode_before_header":"","ocean_shortcode_after_header":"","ocean_has_shortcode":"","ocean_shortcode_after_title":"","ocean_shortcode_before_footer_widgets":"","ocean_shortcode_after_footer_widgets":"","ocean_shortcode_before_footer_bottom":"","ocean_shortcode_after_footer_bottom":"","ocean_display_top_bar":"default","ocean_display_header":"default","ocean_header_style":"","ocean_center_header_left_menu":"0","ocean_custom_header_template":"0","ocean_custom_logo":0,"ocean_custom_retina_logo":0,"ocean_custom_logo_max_width":0,"ocean_custom_logo_tablet_max_width":0,"ocean_custom_logo_mobile_max_width":0,"ocean_custom_logo_max_height":0,"ocean_custom_logo_tablet_max_height":0,"ocean_custom_logo_mobile_max_height":0,"ocean_header_custom_menu":"0","ocean_menu_typo_font_family":"0","ocean_menu_typo_font_subset":"","ocean_menu_typo_font_size":0,"ocean_menu_typo_font_size_tablet":0,"ocean_menu_typo_font_size_mobile":0,"ocean_menu_typo_font_size_unit":"px","ocean_menu_typo_font_weight":"","ocean_menu_typo_font_weight_tablet":"","ocean_menu_typo_font_weight_mobile":"","ocean_menu_typo_transform":"","ocean_menu_typo_transform_tablet":"","ocean_menu_typo_transform_mobile":"","ocean_menu_typo_line_height":0,"ocean_menu_typo_line_height_tablet":0,"ocean_menu_typo_line_height_mobile":0,"ocean_menu_typo_line_height_unit":"","ocean_menu_typo_spacing":0,"ocean_menu_typo_spacing_tablet":0,"ocean_menu_typo_spacing_mobile":0,"ocean_menu_typo_spacing_unit":"","ocean_menu_link_color":"","ocean_menu_link_color_hover":"","ocean_menu_link_color_active":"","ocean_menu_link_background":"","ocean_menu_link_hover_background":"","ocean_menu_link_active_background":"","ocean_menu_social_links_bg":"","ocean_menu_social_hover_links_bg":"","ocean_menu_social_links_color":"","ocean_menu_social_hover_links_color":"","ocean_disable_title":"default","ocean_disable_heading":"default","ocean_post_title":"","ocean_post_subheading":"","ocean_post_title_style":"","ocean_post_title_background_color":"","ocean_post_title_background":0,"ocean_post_title_bg_image_position":"","ocean_post_title_bg_image_attachment":"","ocean_post_title_bg_image_repeat":"","ocean_post_title_bg_image_size":"","ocean_post_title_height":0,"ocean_post_title_bg_overlay":0.5,"ocean_post_title_bg_overlay_color":"","ocean_disable_breadcrumbs":"default","ocean_breadcrumbs_color":"","ocean_breadcrumbs_separator_color":"","ocean_breadcrumbs_links_color":"","ocean_breadcrumbs_links_hover_color":"","ocean_display_footer_widgets":"default","ocean_display_footer_bottom":"default","ocean_custom_footer_template":"0","osh_disable_topbar_sticky":"default","osh_disable_header_sticky":"default","osh_sticky_header_style":"default","osh_sticky_header_effect":"","osh_custom_sticky_logo":0,"osh_custom_retina_sticky_logo":0,"osh_custom_sticky_logo_height":0,"osh_background_color":"","osh_links_color":"","osh_links_hover_color":"","osh_links_active_color":"","osh_links_bg_color":"","osh_links_hover_bg_color":"","osh_links_active_bg_color":"","osh_menu_social_links_color":"","osh_menu_social_hover_links_color":""},"product_brand":[],"product_cat":[44,41],"product_tag":[101,100,99],"class_list":{"0":"post-2540","1":"product","2":"type-product","3":"status-publish","4":"has-post-thumbnail","6":"product_cat-progressive-grease-dividers","7":"product_cat-progressive-grease-systems","8":"product_tag-grease-distributor-block","9":"product_tag-grease-metering-valve","10":"product_tag-progressive-distributor","12":"entry","13":"has-media","15":"first","16":"instock","17":"shipping-taxable","18":"product-type-external","19":"col","20":"span_1_of_3","21":"owp-content-center","22":"owp-thumbs-layout-horizontal","23":"owp-btn-very-big","24":"owp-tabs-layout-horizontal"},"_links":{"self":[{"href":"https:\/\/www.jinpinlub.com\/hu\/wp-json\/wp\/v2\/product\/2540","targetHints":{"allow":["GET"]}}],"collection":[{"href":"https:\/\/www.jinpinlub.com\/hu\/wp-json\/wp\/v2\/product"}],"about":[{"href":"https:\/\/www.jinpinlub.com\/hu\/wp-json\/wp\/v2\/types\/product"}],"wp:featuredmedia":[{"embeddable":true,"href":"https:\/\/www.jinpinlub.com\/hu\/wp-json\/wp\/v2\/media\/2544"}],"wp:attachment":[{"href":"https:\/\/www.jinpinlub.com\/hu\/wp-json\/wp\/v2\/media?parent=2540"}],"wp:term":[{"taxonomy":"product_brand","embeddable":true,"href":"https:\/\/www.jinpinlub.com\/hu\/wp-json\/wp\/v2\/product_brand?post=2540"},{"taxonomy":"product_cat","embeddable":true,"href":"https:\/\/www.jinpinlub.com\/hu\/wp-json\/wp\/v2\/product_cat?post=2540"},{"taxonomy":"product_tag","embeddable":true,"href":"https:\/\/www.jinpinlub.com\/hu\/wp-json\/wp\/v2\/product_tag?post=2540"}],"curies":[{"name":"wp","href":"https:\/\/api.w.org\/{rel}","templated":true}]}}