{"id":2547,"date":"2024-07-18T09:49:55","date_gmt":"2024-07-18T09:49:55","guid":{"rendered":"https:\/\/www.jinpinlub.com\/?post_type=product&#038;p=2547"},"modified":"2025-04-30T15:28:50","modified_gmt":"2025-04-30T07:28:50","slug":"sml-60-gazhajtasu-allithato-automata-egypontos-kenoanyag","status":"publish","type":"product","link":"https:\/\/www.jinpinlub.com\/hu\/product\/sml-60-gas-driven-adjustable-automatic-single-point-lubricator\/","title":{"rendered":"SML-60 g\u00e1z\u00fczem\u0171, \u00e1ll\u00edthat\u00f3, automatikus egypontos ken\u0151"},"content":{"rendered":"<h2>Jellemz\u0151k<\/h2>\n<p>1. 1-12 h\u00f3napig minden nap automatikusan, egyenletesen, id\u0151ben \u00e9s pontosan \u00fcr\u00edthet\u0151.<br \/>\n2. Akt\u00edvan ellen\u0151rizni kell a ken\u00e9st, megtakar\u00edtani a berendez\u00e9sek karbantart\u00e1si k\u00f6lts\u00e9geit, elker\u00fclni az olajsziv\u00e1rg\u00e1st \u00e9s a k\u00f6rnyezetszennyez\u00e9st.<br \/>\n4. Sz\u00e1raz akkumul\u00e1tor m\u0171k\u00f6d\u00e9se, amelyet nem befoly\u00e1solnak k\u00fcls\u0151 t\u00e9nyez\u0151k.<br \/>\n5. \u00dajrafelhaszn\u00e1lhat\u00f3 \u00e9s kedvez\u0151 \u00e1r\u00fa.<br \/>\n6. Mechanikus er\u0151m\u0171k\u00f6d\u00e9s, robban\u00e1sbiztos biztons\u00e1g.<br \/>\n7. Sz\u00fcks\u00e9g szerint b\u00e1rmikor le\u00e1ll\u00edthat\u00f3 \u00e9s folytathat\u00f3.<br \/>\n8. \u00c1tl\u00e1tsz\u00f3 tart\u00e1ly a fennmarad\u00f3 kapacit\u00e1s b\u00e1rmikori ellen\u0151rz\u00e9s\u00e9hez.<\/p>\n<h2>Specifik\u00e1ci\u00f3<\/h2>\n<p>N\u00e9v: SML g\u00e1z\u00fczem\u0171 ken\u0151anyag-adagol\u00f3<br \/>\nVezet\u00e9si m\u00f3d: elektrok\u00e9miai g\u00e1z<br \/>\n\u00dczemi nyom\u00e1s: maximum 5 bar<br \/>\n\u00dcr\u00edt\u00e9si id\u0151: 1-12 h\u00f3nap<br \/>\nKibocs\u00e1t\u00e1s: 0,17-4,17 ml\/nap<br \/>\n\u00dczemi h\u0151m\u00e9rs\u00e9klet: -20 \u2103 ~ +55 \u2103<br \/>\nKen\u0151anyagok: olaj vagy zs\u00edr \u2264 NLGI#2<br \/>\nV\u00e9detts\u00e9gi szint: IP68<br \/>\n\u00c9lettartam: 2 \u00e9v<br \/>\nK\u00e9szlet-h\u0151m\u00e9rs\u00e9klet: 20 \u2103\u00b1 5 \u2103<br \/>\nT\u00f6lt\u00f6tt t\u00f6meg: 115 g (60 ml), 190 g (125 ml)<br \/>\nTan\u00fas\u00edtv\u00e1ny: CE min\u0151s\u00edt\u00e9s<\/p>\n<h2>Alkalmaz\u00e1sok<\/h2>\n<p>G\u00f6rd\u00fcl\u0151csap\u00e1gyak: Gondoskodjon arr\u00f3l, hogy a csap\u00e1gyak m\u0171k\u00f6d\u00e9s k\u00f6zben folyamatosan kenve legyenek, cs\u00f6kkentve a kop\u00e1st \u00e9s a karbantart\u00e1si k\u00f6lts\u00e9geket.<br \/>\nL\u00e1ncok: Folyamatos ken\u00e9st biztos\u00edtanak a l\u00e1nc m\u0171k\u00f6d\u00e9se k\u00f6zben az id\u0151 el\u0151tti k\u00e1rosod\u00e1s elker\u00fcl\u00e9se \u00e9rdek\u00e9ben.<br \/>\nVezet\u0151k \u00e9s cs\u00fasz\u00f3vezet\u0151k: Tartsa a vezet\u0151ket egyenletesen \u00e9s cs\u00f6kkentse a s\u00farl\u00f3d\u00e1st.<br \/>\nSzivatty\u00fak \u00e9s motorok: Gy\u0151z\u0151dj\u00f6n meg arr\u00f3l, hogy ezeknek az eszk\u00f6z\u00f6knek a kulcselemei megfelel\u0151en kenve vannak, hogy meghosszabb\u00edts\u00e1k \u00e9lettartamukat.<br \/>\nFogaskerekek \u00e9s ors\u00f3k: Pontos ken\u00e9st biztos\u00edtanak a kop\u00e1s \u00e9s a meghib\u00e1sod\u00e1s cs\u00f6kkent\u00e9se \u00e9rdek\u00e9ben.<br \/>\nSzell\u0151ztet\u0151 rendszerek: Szell\u0151ztet\u0151 berendez\u00e9sekben haszn\u00e1latos annak zavartalan m\u0171k\u00f6d\u00e9se \u00e9rdek\u00e9ben<\/p>\n<h2>K\u00e9zik\u00f6nyvek<\/h2>\n<div class=\"sdm_download_button_box_default\"><div class=\"sdm_download_link\"><a href=\"https:\/\/www.jinpinlub.com\/hu\/?sdm_process_download=1&download_id=2479\" class=\"sdm_download white\" title=\"Mag\u00e1n: SML Single-point Lubricator\" target=\"&quot;_blank&quot;\">Adatlap megtekint\u00e9se - SML Lubricator<\/a><\/div><\/div>","protected":false},"excerpt":{"rendered":"<p>Az SML ken\u0151anyag b\u00e1rmilyen mobil, vibr\u00e1l\u00f3, v\u00edz alatti, magas tengerszint feletti magass\u00e1gban vagy szennyezett helyre telep\u00edthet\u0151, illetve fejjel lefel\u00e9 vagy v\u00edzszintesen is felszerelhet\u0151. Ez a ken\u0151anyag \u00e1ltal\u00e1ban eldobhat\u00f3 term\u00e9k, de ak\u00e1r h\u00e1romszor is \u00fajrat\u00f6lthet\u0151, \u00e9s haszn\u00e1lat ut\u00e1n k\u00f6nnyen kidobhat\u00f3.<\/p>","protected":false},"featured_media":3182,"template":"","meta":{"ocean_post_layout":"","ocean_both_sidebars_style":"","ocean_both_sidebars_content_width":0,"ocean_both_sidebars_sidebars_width":0,"ocean_sidebar":"0","ocean_second_sidebar":"0","ocean_disable_margins":"enable","ocean_add_body_class":"","ocean_shortcode_before_top_bar":"","ocean_shortcode_after_top_bar":"","ocean_shortcode_before_header":"","ocean_shortcode_after_header":"","ocean_has_shortcode":"","ocean_shortcode_after_title":"","ocean_shortcode_before_footer_widgets":"","ocean_shortcode_after_footer_widgets":"","ocean_shortcode_before_footer_bottom":"","ocean_shortcode_after_footer_bottom":"","ocean_display_top_bar":"default","ocean_display_header":"default","ocean_header_style":"","ocean_center_header_left_menu":"0","ocean_custom_header_template":"0","ocean_custom_logo":0,"ocean_custom_retina_logo":0,"ocean_custom_logo_max_width":0,"ocean_custom_logo_tablet_max_width":0,"ocean_custom_logo_mobile_max_width":0,"ocean_custom_logo_max_height":0,"ocean_custom_logo_tablet_max_height":0,"ocean_custom_logo_mobile_max_height":0,"ocean_header_custom_menu":"0","ocean_menu_typo_font_family":"0","ocean_menu_typo_font_subset":"","ocean_menu_typo_font_size":0,"ocean_menu_typo_font_size_tablet":0,"ocean_menu_typo_font_size_mobile":0,"ocean_menu_typo_font_size_unit":"px","ocean_menu_typo_font_weight":"","ocean_menu_typo_font_weight_tablet":"","ocean_menu_typo_font_weight_mobile":"","ocean_menu_typo_transform":"","ocean_menu_typo_transform_tablet":"","ocean_menu_typo_transform_mobile":"","ocean_menu_typo_line_height":0,"ocean_menu_typo_line_height_tablet":0,"ocean_menu_typo_line_height_mobile":0,"ocean_menu_typo_line_height_unit":"","ocean_menu_typo_spacing":0,"ocean_menu_typo_spacing_tablet":0,"ocean_menu_typo_spacing_mobile":0,"ocean_menu_typo_spacing_unit":"","ocean_menu_link_color":"","ocean_menu_link_color_hover":"","ocean_menu_link_color_active":"","ocean_menu_link_background":"","ocean_menu_link_hover_background":"","ocean_menu_link_active_background":"","ocean_menu_social_links_bg":"","ocean_menu_social_hover_links_bg":"","ocean_menu_social_links_color":"","ocean_menu_social_hover_links_color":"","ocean_disable_title":"default","ocean_disable_heading":"default","ocean_post_title":"","ocean_post_subheading":"","ocean_post_title_style":"","ocean_post_title_background_color":"","ocean_post_title_background":0,"ocean_post_title_bg_image_position":"","ocean_post_title_bg_image_attachment":"","ocean_post_title_bg_image_repeat":"","ocean_post_title_bg_image_size":"","ocean_post_title_height":0,"ocean_post_title_bg_overlay":0.5,"ocean_post_title_bg_overlay_color":"","ocean_disable_breadcrumbs":"default","ocean_breadcrumbs_color":"","ocean_breadcrumbs_separator_color":"","ocean_breadcrumbs_links_color":"","ocean_breadcrumbs_links_hover_color":"","ocean_display_footer_widgets":"default","ocean_display_footer_bottom":"default","ocean_custom_footer_template":"0","osh_disable_topbar_sticky":"default","osh_disable_header_sticky":"default","osh_sticky_header_style":"default","osh_sticky_header_effect":"","osh_custom_sticky_logo":0,"osh_custom_retina_sticky_logo":0,"osh_custom_sticky_logo_height":0,"osh_background_color":"","osh_links_color":"","osh_links_hover_color":"","osh_links_active_color":"","osh_links_bg_color":"","osh_links_hover_bg_color":"","osh_links_active_bg_color":"","osh_menu_social_links_color":"","osh_menu_social_hover_links_color":""},"product_brand":[],"product_cat":[33],"product_tag":[104,102,103],"class_list":{"0":"post-2547","1":"product","2":"type-product","3":"status-publish","4":"has-post-thumbnail","6":"product_cat-single-point-lubricators","7":"product_tag-gas-single-point-lubricator","8":"product_tag-single-point-lubrication-pump","9":"product_tag-single-point-lubricator","11":"entry","12":"has-media","14":"first","15":"instock","16":"featured","17":"shipping-taxable","18":"product-type-external","19":"col","20":"span_1_of_3","21":"owp-content-center","22":"owp-thumbs-layout-horizontal","23":"owp-btn-very-big","24":"owp-tabs-layout-horizontal"},"_links":{"self":[{"href":"https:\/\/www.jinpinlub.com\/hu\/wp-json\/wp\/v2\/product\/2547","targetHints":{"allow":["GET"]}}],"collection":[{"href":"https:\/\/www.jinpinlub.com\/hu\/wp-json\/wp\/v2\/product"}],"about":[{"href":"https:\/\/www.jinpinlub.com\/hu\/wp-json\/wp\/v2\/types\/product"}],"wp:featuredmedia":[{"embeddable":true,"href":"https:\/\/www.jinpinlub.com\/hu\/wp-json\/wp\/v2\/media\/3182"}],"wp:attachment":[{"href":"https:\/\/www.jinpinlub.com\/hu\/wp-json\/wp\/v2\/media?parent=2547"}],"wp:term":[{"taxonomy":"product_brand","embeddable":true,"href":"https:\/\/www.jinpinlub.com\/hu\/wp-json\/wp\/v2\/product_brand?post=2547"},{"taxonomy":"product_cat","embeddable":true,"href":"https:\/\/www.jinpinlub.com\/hu\/wp-json\/wp\/v2\/product_cat?post=2547"},{"taxonomy":"product_tag","embeddable":true,"href":"https:\/\/www.jinpinlub.com\/hu\/wp-json\/wp\/v2\/product_tag?post=2547"}],"curies":[{"name":"wp","href":"https:\/\/api.w.org\/{rel}","templated":true}]}}