{"id":2989,"date":"2024-08-05T18:32:14","date_gmt":"2024-08-05T18:32:14","guid":{"rendered":"https:\/\/www.jinpinlub.com\/?post_type=product&#038;p=2989"},"modified":"2024-08-29T05:35:45","modified_gmt":"2024-08-28T21:35:45","slug":"jdl1-elektromos-ellenallasu-olajkeno-fogaskerek-szivattyu-erzekelovel","status":"publish","type":"product","link":"https:\/\/www.jinpinlub.com\/hu\/product\/jdl1-electric-resistance-oil-lubrication-gear-pump-with-sensor\/","title":{"rendered":"JDL1 elektromos ellen\u00e1ll\u00e1s\u00fa olaj-ken\u0151 fogasker\u00e9k-szivatty\u00fa \u00e9rz\u00e9kel\u0151vel"},"content":{"rendered":"<h2>Jellemz\u0151k<\/h2>\n<p>1. K\u00e9t m\u0171k\u00f6d\u00e9si m\u00f3d:<br \/>\n\u2460 Ken\u00e9s: a ken\u00e9si id\u0151 el\u0151sz\u00f6r az ind\u00edt\u00e1skor ker\u00fcl v\u00e9grehajt\u00e1sra.<br \/>\n\u2461 Mem\u00f3ria: a befejezetlen intervallum v\u00e9grehajt\u00e1s\u00e1nak folytat\u00e1sa ind\u00edt\u00e1skor.<br \/>\n2. A nyom\u00e1skapcsol\u00f3 k\u00e9pes \u00e9rz\u00e9kelni az olajk\u00f6r k\u00e1rosod\u00e1s\u00e1t.<br \/>\n3. Az \u00fasz\u00f3kapcsol\u00f3 k\u00e9pes \u00e9rz\u00e9kelni az olajszintet \u00e9s jelet k\u00fcldeni.<br \/>\n4. A nyom\u00e1sm\u00e9r\u0151 k\u00e9pes \u00e9rz\u00e9kelni az olajk\u00f6r nyom\u00e1s\u00e1t.<br \/>\n5. Be\u00e1ll\u00edthat\u00f3 id\u0151z\u00edt\u0151, \u00f6nz\u00e1r\u00f3 funkci\u00f3val, LUB id\u0151: 1-999 m\u00e1sodperc (perc), intervallum id\u0151: 1-999 perc (m\u00e1sodperc\/\u00f3ra\/ciklus).<br \/>\n6. A paneljelz\u0151 mutatja a szivatty\u00fa ken\u00e9si \u00e1llapot\u00e1t \u00e9s csereintervallum\u00e1t.<br \/>\n7. Az \u201eRST\u201d gomb kik\u00e9nyszer\u00edtheti a ken\u0151anyag adagol\u00e1s\u00e1t vagy megsz\u00fcntetheti a rendellenes jeleket.<br \/>\n8. A ken\u00e9si id\u0151nek kevesebbnek kell lennie, mint 2 perc, az intervallumnak pedig t\u00f6bb mint \u00f6tsz\u00f6r\u00f6s\u00e9nek kell lennie a ken\u00e9si id\u0151n\u00e9l, hogy elker\u00fclje a magas h\u0151m\u00e9rs\u00e9klet elleni v\u00e9delmi eszk\u00f6z kiold\u00e1s\u00e1t.<\/p>\n<h2>Specifik\u00e1ci\u00f3<\/h2>\n<table>\n<tbody>\n<tr>\n<td>Modell<\/td>\n<td>JDL1<\/td>\n<\/tr>\n<tr>\n<td>Ken\u00e9si id\u0151<\/td>\n<td>1-999 perc<\/td>\n<\/tr>\n<tr>\n<td>Intervallum id\u0151<\/td>\n<td>1-999 perc<\/td>\n<\/tr>\n<tr>\n<td>\u00dczemi h\u0151m\u00e9rs\u00e9klet<\/td>\n<td>0-+50\u00b0C<\/td>\n<\/tr>\n<tr>\n<td>Az \u00fczletek sz\u00e1ma<\/td>\n<td>1<\/td>\n<\/tr>\n<tr>\n<td>A t\u00e1roz\u00f3 kapacit\u00e1sa<\/td>\n<td>2L, 3L, 4L, 8L<\/td>\n<\/tr>\n<tr>\n<td>\u00dajrat\u00f6lt\u00e9s<\/td>\n<td>Fel\u00fclr\u0151l<\/td>\n<\/tr>\n<tr>\n<td>Ken\u0151anyag<\/td>\n<td>32-68cSt@40 \u2103<\/td>\n<\/tr>\n<tr>\n<td>Motor teljes\u00edtm\u00e9ny<\/td>\n<td>30W<\/td>\n<\/tr>\n<tr>\n<td>Kis\u00fcl\u00e9s<\/td>\n<td>150 ml\/perc<\/td>\n<\/tr>\n<tr>\n<td>Max. \u00fczemi nyom\u00e1s<\/td>\n<td>1,5 MPa<\/td>\n<\/tr>\n<tr>\n<td>Csatlakoz\u00f3 menet<\/td>\n<td>Kimenet \u03a66<\/td>\n<\/tr>\n<tr>\n<td>\u00dczemi fesz\u00fclts\u00e9g<\/td>\n<td>110VAC, 220VAC<\/td>\n<\/tr>\n<tr>\n<td>Tan\u00fas\u00edtv\u00e1ny<\/td>\n<td>CE<\/td>\n<\/tr>\n<tr>\n<td>Alacsony szint kapcsol\u00f3<\/td>\n<td>NC \u00e9rintkez\u0151<\/td>\n<\/tr>\n<\/tbody>\n<\/table>\n<h2>Alkalmaz\u00e1sok<\/h2>\n<p>1. Csap\u00e1gyken\u00e9s: k\u00fcl\u00f6n\u00f6sen nagy sebess\u00e9g\u0171, elektromos hajt\u00e1s\u00fa ors\u00f3csap\u00e1gyak.<br \/>\n2. Hajt\u00f3m\u0171olajoz\u00e1s: sz\u00e1mos mechanikus eszk\u00f6z hajt\u00f3m\u0171v\u00e9nek ken\u00e9se.<br \/>\n3. Cs\u00fasz\u00f3 k\u00e9zi s\u00edn \u00e9s \u00e1llv\u00e1nyken\u00e9s: biztos\u00edtja a mechanikus eszk\u00f6z z\u00f6kken\u0151mentes m\u0171k\u00f6d\u00e9s\u00e9t.<br \/>\n4. Ken\u00e9s a teljes megbesz\u00e9l\u00e9s \u00e9s feldolgoz\u00e1s sor\u00e1n: jav\u00edtja a termel\u00e9si teljes\u00edtm\u00e9nyt \u00e9s meghosszabb\u00edtja az eszk\u00f6z \u00e9lettartam\u00e1t.<br \/>\n5. Fogaskerekek, vezet\u0151s\u00ednek, l\u00e1ncok \u00e9s sok m\u00e1s. CNC szersz\u00e1mg\u00e9pekhez, eszterg\u00e1khoz, sz\u00f6vetgy\u00e1rt\u00f3 g\u00e9pekhez, felvon\u00f3khoz \u00e9s famegmunk\u00e1l\u00f3 g\u00e9pekhez.<br \/>\n6. K\u00f6zponti ken\u0151berendez\u00e9s automatiz\u00e1l\u00e1si eszk\u00f6z\u00f6kh\u00f6z, p\u00e9ld\u00e1ul fr\u00f6ccs\u00f6nt\u0151 g\u00e9pekhez, \u00f6nt\u0151g\u00e9pekhez, gumigy\u00e1rt\u00f3 g\u00e9pekhez \u00e9s CNC szersz\u00e1mokhoz.<\/p>\n<h2>K\u00e9zik\u00f6nyvek<\/h2>\n<div class=\"sdm_download_button_box_default\"><div class=\"sdm_download_link\"><a href=\"https:\/\/www.jinpinlub.com\/hu\/?sdm_process_download=1&download_id=3000\" class=\"sdm_download white\" title=\"Mag\u00e1n: JDL1 Resistance Pump\" target=\"&quot;_blank&quot;\">Adatlap megtekint\u00e9se - JDL1 szivatty\u00fa<\/a><\/div><\/div>","protected":false},"excerpt":{"rendered":"<p>A JDL1 ellen\u00e1ll\u00e1sos ken\u0151szivatty\u00fat egy villanymotor hajtja az olaj felsz\u00edv\u00e1s\u00e1hoz \u00e9s adagol\u00e1s\u00e1hoz. A fogasker\u00e9k-szivatty\u00fa kialak\u00edt\u00e1sa lehet\u0151v\u00e9 teszi a stabil kimeneti nyom\u00e1s \u00e9s \u00e1raml\u00e1s biztos\u00edt\u00e1s\u00e1t, \u00e9s alkalmas olyan esetekre, amikor id\u0151z\u00edtett \u00e9s mennyis\u00e9gi ken\u00e9st ig\u00e9nyelnek.<\/p>","protected":false},"featured_media":2994,"template":"","meta":{"ocean_post_layout":"","ocean_both_sidebars_style":"","ocean_both_sidebars_content_width":0,"ocean_both_sidebars_sidebars_width":0,"ocean_sidebar":"0","ocean_second_sidebar":"0","ocean_disable_margins":"enable","ocean_add_body_class":"","ocean_shortcode_before_top_bar":"","ocean_shortcode_after_top_bar":"","ocean_shortcode_before_header":"","ocean_shortcode_after_header":"","ocean_has_shortcode":"","ocean_shortcode_after_title":"","ocean_shortcode_before_footer_widgets":"","ocean_shortcode_after_footer_widgets":"","ocean_shortcode_before_footer_bottom":"","ocean_shortcode_after_footer_bottom":"","ocean_display_top_bar":"default","ocean_display_header":"default","ocean_header_style":"","ocean_center_header_left_menu":"0","ocean_custom_header_template":"0","ocean_custom_logo":0,"ocean_custom_retina_logo":0,"ocean_custom_logo_max_width":0,"ocean_custom_logo_tablet_max_width":0,"ocean_custom_logo_mobile_max_width":0,"ocean_custom_logo_max_height":0,"ocean_custom_logo_tablet_max_height":0,"ocean_custom_logo_mobile_max_height":0,"ocean_header_custom_menu":"0","ocean_menu_typo_font_family":"0","ocean_menu_typo_font_subset":"","ocean_menu_typo_font_size":0,"ocean_menu_typo_font_size_tablet":0,"ocean_menu_typo_font_size_mobile":0,"ocean_menu_typo_font_size_unit":"px","ocean_menu_typo_font_weight":"","ocean_menu_typo_font_weight_tablet":"","ocean_menu_typo_font_weight_mobile":"","ocean_menu_typo_transform":"","ocean_menu_typo_transform_tablet":"","ocean_menu_typo_transform_mobile":"","ocean_menu_typo_line_height":0,"ocean_menu_typo_line_height_tablet":0,"ocean_menu_typo_line_height_mobile":0,"ocean_menu_typo_line_height_unit":"","ocean_menu_typo_spacing":0,"ocean_menu_typo_spacing_tablet":0,"ocean_menu_typo_spacing_mobile":0,"ocean_menu_typo_spacing_unit":"","ocean_menu_link_color":"","ocean_menu_link_color_hover":"","ocean_menu_link_color_active":"","ocean_menu_link_background":"","ocean_menu_link_hover_background":"","ocean_menu_link_active_background":"","ocean_menu_social_links_bg":"","ocean_menu_social_hover_links_bg":"","ocean_menu_social_links_color":"","ocean_menu_social_hover_links_color":"","ocean_disable_title":"default","ocean_disable_heading":"default","ocean_post_title":"","ocean_post_subheading":"","ocean_post_title_style":"","ocean_post_title_background_color":"","ocean_post_title_background":0,"ocean_post_title_bg_image_position":"","ocean_post_title_bg_image_attachment":"","ocean_post_title_bg_image_repeat":"","ocean_post_title_bg_image_size":"","ocean_post_title_height":0,"ocean_post_title_bg_overlay":0.5,"ocean_post_title_bg_overlay_color":"","ocean_disable_breadcrumbs":"default","ocean_breadcrumbs_color":"","ocean_breadcrumbs_separator_color":"","ocean_breadcrumbs_links_color":"","ocean_breadcrumbs_links_hover_color":"","ocean_display_footer_widgets":"default","ocean_display_footer_bottom":"default","ocean_custom_footer_template":"0","osh_disable_topbar_sticky":"default","osh_disable_header_sticky":"default","osh_sticky_header_style":"default","osh_sticky_header_effect":"","osh_custom_sticky_logo":0,"osh_custom_retina_sticky_logo":0,"osh_custom_sticky_logo_height":0,"osh_background_color":"","osh_links_color":"","osh_links_hover_color":"","osh_links_active_color":"","osh_links_bg_color":"","osh_links_hover_bg_color":"","osh_links_active_bg_color":"","osh_menu_social_links_color":"","osh_menu_social_hover_links_color":""},"product_brand":[],"product_cat":[51,50],"product_tag":[109,108,110],"class_list":{"0":"post-2989","1":"product","2":"type-product","3":"status-publish","4":"has-post-thumbnail","6":"product_cat-electric-resistance-pumps","7":"product_cat-resistance-thin-oil-systems","8":"product_tag-electric-gear-pump","9":"product_tag-resistance-lubrication-pump","10":"product_tag-resistance-lubrication-system","12":"entry","13":"has-media","15":"first","16":"instock","17":"featured","18":"shipping-taxable","19":"product-type-external","20":"col","21":"span_1_of_3","22":"owp-content-center","23":"owp-thumbs-layout-horizontal","24":"owp-btn-very-big","25":"owp-tabs-layout-horizontal"},"_links":{"self":[{"href":"https:\/\/www.jinpinlub.com\/hu\/wp-json\/wp\/v2\/product\/2989","targetHints":{"allow":["GET"]}}],"collection":[{"href":"https:\/\/www.jinpinlub.com\/hu\/wp-json\/wp\/v2\/product"}],"about":[{"href":"https:\/\/www.jinpinlub.com\/hu\/wp-json\/wp\/v2\/types\/product"}],"wp:featuredmedia":[{"embeddable":true,"href":"https:\/\/www.jinpinlub.com\/hu\/wp-json\/wp\/v2\/media\/2994"}],"wp:attachment":[{"href":"https:\/\/www.jinpinlub.com\/hu\/wp-json\/wp\/v2\/media?parent=2989"}],"wp:term":[{"taxonomy":"product_brand","embeddable":true,"href":"https:\/\/www.jinpinlub.com\/hu\/wp-json\/wp\/v2\/product_brand?post=2989"},{"taxonomy":"product_cat","embeddable":true,"href":"https:\/\/www.jinpinlub.com\/hu\/wp-json\/wp\/v2\/product_cat?post=2989"},{"taxonomy":"product_tag","embeddable":true,"href":"https:\/\/www.jinpinlub.com\/hu\/wp-json\/wp\/v2\/product_tag?post=2989"}],"curies":[{"name":"wp","href":"https:\/\/api.w.org\/{rel}","templated":true}]}}