{"id":3009,"date":"2024-08-06T08:05:14","date_gmt":"2024-08-06T08:05:14","guid":{"rendered":"https:\/\/www.jinpinlub.com\/?post_type=product&#038;p=3009"},"modified":"2024-08-29T05:36:12","modified_gmt":"2024-08-28T21:36:12","slug":"jdl2-elektromos-ellenallasu-hajtomu-kenoolaj-szivattyu-motorral","status":"publish","type":"product","link":"https:\/\/www.jinpinlub.com\/hu\/product\/jdl2-electric-resistance-gear-lubrication-oil-pump-with-motor\/","title":{"rendered":"JDL2 elektromos ellen\u00e1ll\u00e1s\u00fa hajt\u00f3m\u0171-ken\u0151olaj-szivatty\u00fa motorral"},"content":{"rendered":"<h2>Jellemz\u0151k<\/h2>\n<p>1. A ken\u00e9st \u00e9s az intervallum idej\u00e9t a gazda PLC vez\u00e9rli.<br \/>\n2. Nyom\u00e1skapcsol\u00f3 be\u00e9p\u00edthet\u0151 annak \u00e9szlel\u00e9s\u00e9re, hogy az olajk\u00f6r s\u00e9r\u00fclt-e.<br \/>\n3. Egy lebeg\u0151 kapcsol\u00f3 van felszerelve a folyad\u00e9kszint \u00e9szlel\u00e9s\u00e9re \u00e9s automatikus jel k\u00fcld\u00e9s\u00e9re.<br \/>\n4. Az olajszivatty\u00fa \u00fczemi nyom\u00e1s\u00e1nak \u00e9rz\u00e9kel\u00e9s\u00e9re nyom\u00e1sm\u00e9r\u0151 van felszerelve.<br \/>\n5. A motor t\u00falterhel\u00e9s\u00e9nek elker\u00fcl\u00e9se \u00e9rdek\u00e9ben egy k\u00e9nyszer\u0171 olajadagol\u00f3 kulcs van felszerelve, amely kevesebb, mint 3 percig folyamatos ken\u00e9st biztos\u00edt.<br \/>\n6. A motor magas h\u0151m\u00e9rs\u00e9klete m\u0171k\u00f6d\u00e9sbe hozza a h\u0151m\u00e9rs\u00e9klet-szab\u00e1lyoz\u00f3 v\u00e9d\u0151berendez\u00e9st, \u00e9s k\u00f6r\u00fclbel\u00fcl 10 percre le\u00e1ll.<br \/>\n7. A PLC-n a fesz\u00fclts\u00e9g \u00e9s a szikr\u00e1k interferenci\u00e1j\u00e1nak elnyom\u00e1s\u00e1ra szikraold\u00f3 is hozz\u00e1adhat\u00f3.<br \/>\n8. A ken\u0151szivatty\u00fa \u00e9s a cs\u0151vezet\u00e9k t\u00falnyom\u00e1s\u00e1nak elker\u00fcl\u00e9se \u00e9rdek\u00e9ben t\u00falfoly\u00f3szelep van felszerelve.<\/p>\n<h2>Specifik\u00e1ci\u00f3<\/h2>\n<table>\n<tbody>\n<tr>\n<td>Modell<\/td>\n<td>JDL2<\/td>\n<\/tr>\n<tr>\n<td>Id\u0151z\u00edt\u0151<\/td>\n<td>PLC<\/td>\n<\/tr>\n<tr>\n<td>\u00dczemi h\u0151m\u00e9rs\u00e9klet<\/td>\n<td>0-+50\u00b0C<\/td>\n<\/tr>\n<tr>\n<td>Az \u00fczletek sz\u00e1ma<\/td>\n<td>1<\/td>\n<\/tr>\n<tr>\n<td>A t\u00e1roz\u00f3 kapacit\u00e1sa<\/td>\n<td>2L, 3L, 4L, 8L<\/td>\n<\/tr>\n<tr>\n<td>\u00dajrat\u00f6lt\u00e9s<\/td>\n<td>Fel\u00fclr\u0151l<\/td>\n<\/tr>\n<tr>\n<td>Ken\u0151anyag<\/td>\n<td>32-68cSt@40 \u2103<\/td>\n<\/tr>\n<tr>\n<td>Motor teljes\u00edtm\u00e9ny<\/td>\n<td>30W<\/td>\n<\/tr>\n<tr>\n<td>Kis\u00fcl\u00e9s<\/td>\n<td>150 ml\/perc<\/td>\n<\/tr>\n<tr>\n<td>Max. \u00fczemi nyom\u00e1s<\/td>\n<td>1,5 MPa<\/td>\n<\/tr>\n<tr>\n<td>Csatlakoz\u00f3 menet<\/td>\n<td>Kimenet \u03a66<\/td>\n<\/tr>\n<tr>\n<td>\u00dczemi fesz\u00fclts\u00e9g<\/td>\n<td>110VAC, 220VAC<\/td>\n<\/tr>\n<tr>\n<td>Tan\u00fas\u00edtv\u00e1ny<\/td>\n<td>CE<\/td>\n<\/tr>\n<tr>\n<td>Be\u00e9p\u00edt\u00e9si helyzet<\/td>\n<td>F\u00fcgg\u0151leges<\/td>\n<\/tr>\n<\/tbody>\n<\/table>\n<h2>Alkalmaz\u00e1sok<\/h2>\n<p><span id=\"input-sentence~0\">Az elektromos olajszivatty\u00fakat sz\u00e9les k\u00f6rben haszn\u00e1lj\u00e1k automatiz\u00e1l\u00e1si berendez\u00e9sek k\u00f6zponti ken\u00e9s\u00e9re.<br \/>\nFr\u00f6ccs\u00f6nt\u0151 rendszer: a fr\u00f6ccs\u00f6nt\u0151 berendez\u00e9s sz\u00e1mos v\u00e1lt\u00f3elem\u00e9nek ken\u00e9s\u00e9re szolg\u00e1l a tiszta m\u0171k\u00f6d\u00e9s \u00e9rdek\u00e9ben.<br \/>\nPr\u00e9s\u00f6nt\u00e9si rendszer: l\u00e9tfontoss\u00e1g\u00fa ken\u00e9st biztos\u00edt a pr\u00e9s\u00f6nt\u00e9si elj\u00e1r\u00e1s sor\u00e1n a s\u00farl\u00f3d\u00e1s \u00e9s a kop\u00e1s cs\u00f6kkent\u00e9se \u00e9rdek\u00e9ben.<\/span><span id=\"input-sentence~1\"><br \/>\nGumieszk\u00f6z: gumifeldolgoz\u00f3 berendez\u00e9s ken\u00e9s\u00e9re szolg\u00e1l a rendszer hordoz\u00f3 l\u00e9tez\u00e9s\u00e9nek meghosszabb\u00edt\u00e1sa \u00e9rdek\u00e9ben.<br \/>\nCNC eszk\u00f6zszersz\u00e1mok: speci\u00e1lis ken\u00e9st k\u00edn\u00e1lnak a CNC rendszerszersz\u00e1mokhoz, hogy biztos\u00edts\u00e1k a feldolgoz\u00e1s pontoss\u00e1g\u00e1t \u00e9s teljes\u00edtm\u00e9ny\u00e9t.<br \/>\nAz elektromos hajt\u00f3m\u0171-ken\u0151szivatty\u00fak \u00e1ltal\u00e1ban z\u00f6ldek, be\u00e9p\u00edtettek \u00e9s k\u00f6lts\u00e9ghat\u00e9konyak, \u00e9s k\u00fcl\u00f6nf\u00e9le \u00fczleti automatiz\u00e1l\u00e1si rendszerekhez alkalmasak.<\/span><\/p>\n<h2>K\u00e9zik\u00f6nyvek<\/h2>\n<div class=\"sdm_download_button_box_default\"><div class=\"sdm_download_link\"><a href=\"https:\/\/www.jinpinlub.com\/hu\/?sdm_process_download=1&download_id=3010\" class=\"sdm_download white\" title=\"Mag\u00e1n: JDL2 Resistance Pump\" target=\"&quot;_blank&quot;\">Adatlap megtekint\u00e9se - JDL2 szivatty\u00fa<\/a><\/div><\/div>","protected":false},"excerpt":{"rendered":"<p>Az elektromos olajhajt\u00f3m\u0171-ken\u0151szivatty\u00fa egy speci\u00e1lisan k\u00fcl\u00f6nf\u00e9le mechanikai berendez\u00e9sek ken\u00e9s\u00e9re tervezett eszk\u00f6z, amelyet sz\u00e9les k\u00f6rben haszn\u00e1lnak CNC-g\u00e9pekben, megmunk\u00e1l\u00f3k\u00f6zpontokban, gy\u00e1rt\u00f3sorokban, textil-, m\u0171anyag-, nyomtat\u00e1s-, vegyipar-, fa-, \u00e9lelmiszer- \u00e9s egy\u00e9b ipar\u00e1gakban.<\/p>","protected":false},"featured_media":3011,"template":"","meta":{"ocean_post_layout":"","ocean_both_sidebars_style":"","ocean_both_sidebars_content_width":0,"ocean_both_sidebars_sidebars_width":0,"ocean_sidebar":"0","ocean_second_sidebar":"0","ocean_disable_margins":"enable","ocean_add_body_class":"","ocean_shortcode_before_top_bar":"","ocean_shortcode_after_top_bar":"","ocean_shortcode_before_header":"","ocean_shortcode_after_header":"","ocean_has_shortcode":"","ocean_shortcode_after_title":"","ocean_shortcode_before_footer_widgets":"","ocean_shortcode_after_footer_widgets":"","ocean_shortcode_before_footer_bottom":"","ocean_shortcode_after_footer_bottom":"","ocean_display_top_bar":"default","ocean_display_header":"default","ocean_header_style":"","ocean_center_header_left_menu":"0","ocean_custom_header_template":"0","ocean_custom_logo":0,"ocean_custom_retina_logo":0,"ocean_custom_logo_max_width":0,"ocean_custom_logo_tablet_max_width":0,"ocean_custom_logo_mobile_max_width":0,"ocean_custom_logo_max_height":0,"ocean_custom_logo_tablet_max_height":0,"ocean_custom_logo_mobile_max_height":0,"ocean_header_custom_menu":"0","ocean_menu_typo_font_family":"0","ocean_menu_typo_font_subset":"","ocean_menu_typo_font_size":0,"ocean_menu_typo_font_size_tablet":0,"ocean_menu_typo_font_size_mobile":0,"ocean_menu_typo_font_size_unit":"px","ocean_menu_typo_font_weight":"","ocean_menu_typo_font_weight_tablet":"","ocean_menu_typo_font_weight_mobile":"","ocean_menu_typo_transform":"","ocean_menu_typo_transform_tablet":"","ocean_menu_typo_transform_mobile":"","ocean_menu_typo_line_height":0,"ocean_menu_typo_line_height_tablet":0,"ocean_menu_typo_line_height_mobile":0,"ocean_menu_typo_line_height_unit":"","ocean_menu_typo_spacing":0,"ocean_menu_typo_spacing_tablet":0,"ocean_menu_typo_spacing_mobile":0,"ocean_menu_typo_spacing_unit":"","ocean_menu_link_color":"","ocean_menu_link_color_hover":"","ocean_menu_link_color_active":"","ocean_menu_link_background":"","ocean_menu_link_hover_background":"","ocean_menu_link_active_background":"","ocean_menu_social_links_bg":"","ocean_menu_social_hover_links_bg":"","ocean_menu_social_links_color":"","ocean_menu_social_hover_links_color":"","ocean_disable_title":"default","ocean_disable_heading":"default","ocean_post_title":"","ocean_post_subheading":"","ocean_post_title_style":"","ocean_post_title_background_color":"","ocean_post_title_background":0,"ocean_post_title_bg_image_position":"","ocean_post_title_bg_image_attachment":"","ocean_post_title_bg_image_repeat":"","ocean_post_title_bg_image_size":"","ocean_post_title_height":0,"ocean_post_title_bg_overlay":0.5,"ocean_post_title_bg_overlay_color":"","ocean_disable_breadcrumbs":"default","ocean_breadcrumbs_color":"","ocean_breadcrumbs_separator_color":"","ocean_breadcrumbs_links_color":"","ocean_breadcrumbs_links_hover_color":"","ocean_display_footer_widgets":"default","ocean_display_footer_bottom":"default","ocean_custom_footer_template":"0","osh_disable_topbar_sticky":"default","osh_disable_header_sticky":"default","osh_sticky_header_style":"default","osh_sticky_header_effect":"","osh_custom_sticky_logo":0,"osh_custom_retina_sticky_logo":0,"osh_custom_sticky_logo_height":0,"osh_background_color":"","osh_links_color":"","osh_links_hover_color":"","osh_links_active_color":"","osh_links_bg_color":"","osh_links_hover_bg_color":"","osh_links_active_bg_color":"","osh_menu_social_links_color":"","osh_menu_social_hover_links_color":""},"product_brand":[],"product_cat":[51,50],"product_tag":[112,113,111],"class_list":{"0":"post-3009","1":"product","2":"type-product","3":"status-publish","4":"has-post-thumbnail","6":"product_cat-electric-resistance-pumps","7":"product_cat-resistance-thin-oil-systems","8":"product_tag-centralized-lubrication-system","9":"product_tag-motor-lubrication-pump","10":"product_tag-oil-lubrication-pump","12":"entry","13":"has-media","15":"first","16":"instock","17":"shipping-taxable","18":"product-type-external","19":"col","20":"span_1_of_3","21":"owp-content-center","22":"owp-thumbs-layout-horizontal","23":"owp-btn-very-big","24":"owp-tabs-layout-horizontal"},"_links":{"self":[{"href":"https:\/\/www.jinpinlub.com\/hu\/wp-json\/wp\/v2\/product\/3009","targetHints":{"allow":["GET"]}}],"collection":[{"href":"https:\/\/www.jinpinlub.com\/hu\/wp-json\/wp\/v2\/product"}],"about":[{"href":"https:\/\/www.jinpinlub.com\/hu\/wp-json\/wp\/v2\/types\/product"}],"wp:featuredmedia":[{"embeddable":true,"href":"https:\/\/www.jinpinlub.com\/hu\/wp-json\/wp\/v2\/media\/3011"}],"wp:attachment":[{"href":"https:\/\/www.jinpinlub.com\/hu\/wp-json\/wp\/v2\/media?parent=3009"}],"wp:term":[{"taxonomy":"product_brand","embeddable":true,"href":"https:\/\/www.jinpinlub.com\/hu\/wp-json\/wp\/v2\/product_brand?post=3009"},{"taxonomy":"product_cat","embeddable":true,"href":"https:\/\/www.jinpinlub.com\/hu\/wp-json\/wp\/v2\/product_cat?post=3009"},{"taxonomy":"product_tag","embeddable":true,"href":"https:\/\/www.jinpinlub.com\/hu\/wp-json\/wp\/v2\/product_tag?post=3009"}],"curies":[{"name":"wp","href":"https:\/\/api.w.org\/{rel}","templated":true}]}}