{"id":3016,"date":"2024-08-06T09:33:15","date_gmt":"2024-08-06T09:33:15","guid":{"rendered":"https:\/\/www.jinpinlub.com\/?post_type=product&#038;p=3016"},"modified":"2024-08-29T05:36:28","modified_gmt":"2024-08-28T21:36:28","slug":"jdl3-loketterfogatu-elektromos-hajtomuolaj-kenoszivattyu","status":"publish","type":"product","link":"https:\/\/www.jinpinlub.com\/hu\/product\/jdl3-positive-displacement-electric-gear-oil-lubrication-pump\/","title":{"rendered":"JDL3 pozit\u00edv l\u00f6kett\u00e9rfogat\u00fa elektromos hajt\u00f3m\u0171olaj ken\u0151szivatty\u00fa"},"content":{"rendered":"<h2>Jellemz\u0151k<\/h2>\n<p>1. Az id\u0151z\u00edt\u0151 k\u00e9t m\u0171k\u00f6d\u00e9si m\u00f3dra \u00e1ll\u00edthat\u00f3:<br \/>\n\u2460 Ken\u00e9s: a ken\u00e9si id\u0151t el\u0151sz\u00f6r a g\u00e9p bekapcsol\u00e1sakor hajtja v\u00e9gre.<br \/>\n\u2461 Mem\u00f3ria: az el\u0151z\u0151 id\u0151z\u00edt\u00e9s v\u00e9grehajt\u00e1sa az \u00e1ramell\u00e1t\u00e1s ism\u00e9telt bekapcsol\u00e1sakor.<br \/>\n2. Nyom\u00e1skapcsol\u00f3val \u00e9rz\u00e9keli, hogy az olajk\u00f6r s\u00e9r\u00fclt-e.<br \/>\n3. Lebeg\u0151 kapcsol\u00f3val k\u00e9pes \u00e9rz\u00e9kelni a folyad\u00e9kszintet \u00e9s automatikusan jelet k\u00fcldeni.<br \/>\n4. Nyom\u00e1sm\u00e9r\u0151vel k\u00e9pes \u00e9rz\u00e9kelni az olajszivatty\u00fa m\u0171k\u00f6d\u00e9si nyom\u00e1s\u00e1t.<br \/>\n5. Az id\u0151z\u00edt\u0151 ideje be\u00e1ll\u00edthat\u00f3, \u00e9s \u00f6nz\u00e1r\u00f3 funkci\u00f3val rendelkezik, amely megakad\u00e1lyozza, hogy m\u00e1sok tetsz\u00e9s szerint m\u0171k\u00f6dtess\u00e9k.<br \/>\n6. A rendszer haszn\u00e1lhatja az \u201eRST\u201d gombot a ken\u00e9s k\u00e9nyszer\u00edt\u00e9s\u00e9re vagy a rendellenes riaszt\u00e1si jelek kik\u00fcsz\u00f6b\u00f6l\u00e9s\u00e9re.<br \/>\n7. A motor t\u00falterhel\u00e9s\u00e9nek elker\u00fcl\u00e9se \u00e9rdek\u00e9ben a maxim\u00e1lis egyszeri ken\u00e9si id\u0151 legfeljebb 2 perc, az intervallum pedig t\u00f6bb, mint a ken\u00e9si id\u0151 \u00f6tsz\u00f6r\u00f6se.<br \/>\n8. A motor magas h\u0151m\u00e9rs\u00e9klete m\u0171k\u00f6d\u00e9sbe hozza a h\u0151m\u00e9rs\u00e9klet-szab\u00e1lyoz\u00f3 v\u00e9d\u0151berendez\u00e9st, \u00e9s k\u00f6r\u00fclbel\u00fcl 10 percre le\u00e1ll.<\/p>\n<h2>Specifik\u00e1ci\u00f3<\/h2>\n<table>\n<tbody>\n<tr>\n<td>Modell<\/td>\n<td>JDL3<\/td>\n<\/tr>\n<tr>\n<td>Ken\u00e9si id\u0151<\/td>\n<td>1-999 perc<\/td>\n<\/tr>\n<tr>\n<td>Intervallum id\u0151<\/td>\n<td>1-999 perc<\/td>\n<\/tr>\n<tr>\n<td>\u00dczemi h\u0151m\u00e9rs\u00e9klet<\/td>\n<td>0-+50\u00b0C<\/td>\n<\/tr>\n<tr>\n<td>Az \u00fczletek sz\u00e1ma<\/td>\n<td>1<\/td>\n<\/tr>\n<tr>\n<td>A t\u00e1roz\u00f3 kapacit\u00e1sa<\/td>\n<td>2L, 3L, 4L, 8L<\/td>\n<\/tr>\n<tr>\n<td>\u00dajrat\u00f6lt\u00e9s<\/td>\n<td>Fel\u00fclr\u0151l<\/td>\n<\/tr>\n<tr>\n<td>Ken\u0151anyag<\/td>\n<td>32-68cSt@40 \u2103<\/td>\n<\/tr>\n<tr>\n<td>Motor teljes\u00edtm\u00e9ny<\/td>\n<td>30W<\/td>\n<\/tr>\n<tr>\n<td>Kis\u00fcl\u00e9s<\/td>\n<td>150 ml\/perc<\/td>\n<\/tr>\n<tr>\n<td>Max. \u00fczemi nyom\u00e1s<\/td>\n<td>1,8 MPa<\/td>\n<\/tr>\n<tr>\n<td>Csatlakoz\u00f3 menet<\/td>\n<td>Kimenet \u03a66<\/td>\n<\/tr>\n<tr>\n<td>\u00dczemi fesz\u00fclts\u00e9g<\/td>\n<td>110VAC, 220VAC<\/td>\n<\/tr>\n<tr>\n<td>Tan\u00fas\u00edtv\u00e1ny<\/td>\n<td>CE<\/td>\n<\/tr>\n<tr>\n<td>Alacsony szint kapcsol\u00f3<\/td>\n<td>NC \u00e9rintkez\u0151<\/td>\n<\/tr>\n<\/tbody>\n<\/table>\n<h2>Alkalmaz\u00e1sok<\/h2>\n<p><span id=\"input-sentence~0\">A JDL3 t\u00e9rfogatkiszor\u00edt\u00e1s\u00fa olajos ken\u0151szivatty\u00fa sz\u00e9les k\u00f6rben alkalmazhat\u00f3 mindenf\u00e9le mechanikai berendez\u00e9sben.<br \/>\n1. Szersz\u00e1mg\u00e9pek: a szersz\u00e1mg\u00e9pek k\u00fcl\u00f6nb\u00f6z\u0151 mozg\u00f3 alkatr\u00e9szeinek m\u0171k\u00f6d\u00e9s\u00e9t sim\u00edtsa meg ken\u00e9ssel.<br \/>\n2. Dugatty\u00fas g\u00e9pek: a t\u00e9rfogatkiszor\u00edt\u00e1s\u00fa olajken\u0151 szivatty\u00fa stabil ken\u00e9st biztos\u00edt \u00e9s cs\u00f6kkenti a s\u00farl\u00f3d\u00e1si kop\u00e1st a dugatty\u00fas g\u00e9pekben.<\/span><span id=\"input-sentence~1\"><br \/>\n3. Pr\u00e9s\u00f6nt\u0151 berendez\u00e9s: a magas h\u0151m\u00e9rs\u00e9klet\u0171, nagynyom\u00e1s\u00fa pr\u00e9s\u00f6nt\u00e9si folyamatban a ken\u0151szivatty\u00fa hat\u00e9konyan cs\u00f6kkentheti a s\u00farl\u00f3d\u00e1st \u00e9s a h\u0151felhalmoz\u00f3d\u00e1st.<br \/>\n4. Textilipari g\u00e9pek: textilipari g\u00e9pek ken\u00e9s\u00e9re haszn\u00e1lj\u00e1k, hogy biztos\u00edts\u00e1k a sima \u00e9s tart\u00f3s m\u0171k\u00f6d\u00e9st nagy sebess\u00e9ggel.<br \/>\n5. Famegmunk\u00e1l\u00f3 g\u00e9pek: Famegmunk\u00e1l\u00f3 g\u00e9pekben a ken\u0151szivatty\u00fa meghosszabb\u00edthatja a berendez\u00e9s \u00e9lettartam\u00e1t.<br \/>\n6. Nyomdag\u00e9pek: Biztos\u00edtsa a nyomdag\u00e9p minden alkatr\u00e9sz\u00e9nek teljes ken\u00e9s\u00e9t nagy sebess\u00e9ggel.<br \/>\n7. \u00c9lelmiszer- \u00e9s csomagol\u00f3g\u00e9pek: A ken\u0151szivatty\u00fa tiszt\u00e1n tarthatja az \u00e9lelmiszer- \u00e9s csomagol\u00f3g\u00e9peket, \u00e9s hat\u00e9konyan m\u0171k\u00f6dik.<\/span><\/p>\n<h2>K\u00e9zik\u00f6nyvek<\/h2>\n<div class=\"sdm_download_button_box_default\"><div class=\"sdm_download_link\"><a href=\"https:\/\/www.jinpinlub.com\/hu\/?sdm_process_download=1&download_id=3015\" class=\"sdm_download white\" title=\"Mag\u00e1n: JDL3 Volumetric Oil Pump\" target=\"&quot;_blank&quot;\">Adatlap megtekint\u00e9se - JDL3 szivatty\u00fa<\/a><\/div><\/div>","protected":false},"excerpt":{"rendered":"<p>A JDL3 t\u00e9rfogatkiszor\u00edt\u00e1s\u00fa olajos ken\u0151szivatty\u00fa egy mechanikus berendez\u00e9sekben haszn\u00e1lt ken\u0151rendszer. F\u0151 jellemz\u0151je a ken\u0151olaj-ell\u00e1t\u00e1s prec\u00edz vez\u00e9rl\u00e9se t\u00e9rfogatkiszor\u00edt\u00e1sos eloszt\u00f3kon kereszt\u00fcl.<\/p>","protected":false},"featured_media":3017,"template":"","meta":{"ocean_post_layout":"","ocean_both_sidebars_style":"","ocean_both_sidebars_content_width":0,"ocean_both_sidebars_sidebars_width":0,"ocean_sidebar":"0","ocean_second_sidebar":"0","ocean_disable_margins":"enable","ocean_add_body_class":"","ocean_shortcode_before_top_bar":"","ocean_shortcode_after_top_bar":"","ocean_shortcode_before_header":"","ocean_shortcode_after_header":"","ocean_has_shortcode":"","ocean_shortcode_after_title":"","ocean_shortcode_before_footer_widgets":"","ocean_shortcode_after_footer_widgets":"","ocean_shortcode_before_footer_bottom":"","ocean_shortcode_after_footer_bottom":"","ocean_display_top_bar":"default","ocean_display_header":"default","ocean_header_style":"","ocean_center_header_left_menu":"0","ocean_custom_header_template":"0","ocean_custom_logo":0,"ocean_custom_retina_logo":0,"ocean_custom_logo_max_width":0,"ocean_custom_logo_tablet_max_width":0,"ocean_custom_logo_mobile_max_width":0,"ocean_custom_logo_max_height":0,"ocean_custom_logo_tablet_max_height":0,"ocean_custom_logo_mobile_max_height":0,"ocean_header_custom_menu":"0","ocean_menu_typo_font_family":"0","ocean_menu_typo_font_subset":"","ocean_menu_typo_font_size":0,"ocean_menu_typo_font_size_tablet":0,"ocean_menu_typo_font_size_mobile":0,"ocean_menu_typo_font_size_unit":"px","ocean_menu_typo_font_weight":"","ocean_menu_typo_font_weight_tablet":"","ocean_menu_typo_font_weight_mobile":"","ocean_menu_typo_transform":"","ocean_menu_typo_transform_tablet":"","ocean_menu_typo_transform_mobile":"","ocean_menu_typo_line_height":0,"ocean_menu_typo_line_height_tablet":0,"ocean_menu_typo_line_height_mobile":0,"ocean_menu_typo_line_height_unit":"","ocean_menu_typo_spacing":0,"ocean_menu_typo_spacing_tablet":0,"ocean_menu_typo_spacing_mobile":0,"ocean_menu_typo_spacing_unit":"","ocean_menu_link_color":"","ocean_menu_link_color_hover":"","ocean_menu_link_color_active":"","ocean_menu_link_background":"","ocean_menu_link_hover_background":"","ocean_menu_link_active_background":"","ocean_menu_social_links_bg":"","ocean_menu_social_hover_links_bg":"","ocean_menu_social_links_color":"","ocean_menu_social_hover_links_color":"","ocean_disable_title":"default","ocean_disable_heading":"default","ocean_post_title":"","ocean_post_subheading":"","ocean_post_title_style":"","ocean_post_title_background_color":"","ocean_post_title_background":0,"ocean_post_title_bg_image_position":"","ocean_post_title_bg_image_attachment":"","ocean_post_title_bg_image_repeat":"","ocean_post_title_bg_image_size":"","ocean_post_title_height":0,"ocean_post_title_bg_overlay":0.5,"ocean_post_title_bg_overlay_color":"","ocean_disable_breadcrumbs":"default","ocean_breadcrumbs_color":"","ocean_breadcrumbs_separator_color":"","ocean_breadcrumbs_links_color":"","ocean_breadcrumbs_links_hover_color":"","ocean_display_footer_widgets":"default","ocean_display_footer_bottom":"default","ocean_custom_footer_template":"0","osh_disable_topbar_sticky":"default","osh_disable_header_sticky":"default","osh_sticky_header_style":"default","osh_sticky_header_effect":"","osh_custom_sticky_logo":0,"osh_custom_retina_sticky_logo":0,"osh_custom_sticky_logo_height":0,"osh_background_color":"","osh_links_color":"","osh_links_hover_color":"","osh_links_active_color":"","osh_links_bg_color":"","osh_links_hover_bg_color":"","osh_links_active_bg_color":"","osh_menu_social_links_color":"","osh_menu_social_hover_links_color":""},"product_brand":[],"product_cat":[48,47],"product_tag":[111,114,96],"class_list":{"0":"post-3016","1":"product","2":"type-product","3":"status-publish","4":"has-post-thumbnail","6":"product_cat-electric-volumetric-pumps","7":"product_cat-volumetric-thin-oil-systems","8":"product_tag-oil-lubrication-pump","9":"product_tag-oil-lubrication-system","10":"product_tag-volumetric-lubrication-pump","12":"entry","13":"has-media","15":"first","16":"instock","17":"shipping-taxable","18":"product-type-external","19":"col","20":"span_1_of_3","21":"owp-content-center","22":"owp-thumbs-layout-horizontal","23":"owp-btn-very-big","24":"owp-tabs-layout-horizontal"},"_links":{"self":[{"href":"https:\/\/www.jinpinlub.com\/hu\/wp-json\/wp\/v2\/product\/3016","targetHints":{"allow":["GET"]}}],"collection":[{"href":"https:\/\/www.jinpinlub.com\/hu\/wp-json\/wp\/v2\/product"}],"about":[{"href":"https:\/\/www.jinpinlub.com\/hu\/wp-json\/wp\/v2\/types\/product"}],"wp:featuredmedia":[{"embeddable":true,"href":"https:\/\/www.jinpinlub.com\/hu\/wp-json\/wp\/v2\/media\/3017"}],"wp:attachment":[{"href":"https:\/\/www.jinpinlub.com\/hu\/wp-json\/wp\/v2\/media?parent=3016"}],"wp:term":[{"taxonomy":"product_brand","embeddable":true,"href":"https:\/\/www.jinpinlub.com\/hu\/wp-json\/wp\/v2\/product_brand?post=3016"},{"taxonomy":"product_cat","embeddable":true,"href":"https:\/\/www.jinpinlub.com\/hu\/wp-json\/wp\/v2\/product_cat?post=3016"},{"taxonomy":"product_tag","embeddable":true,"href":"https:\/\/www.jinpinlub.com\/hu\/wp-json\/wp\/v2\/product_tag?post=3016"}],"curies":[{"name":"wp","href":"https:\/\/api.w.org\/{rel}","templated":true}]}}