{"id":3021,"date":"2024-08-06T10:21:32","date_gmt":"2024-08-06T10:21:32","guid":{"rendered":"https:\/\/www.jinpinlub.com\/?post_type=product&#038;p=3021"},"modified":"2024-08-06T15:27:20","modified_gmt":"2024-08-06T15:27:20","slug":"gs-onfelszivo-huto-keno-permetezo-szerszamgepekhez","status":"publish","type":"product","link":"https:\/\/www.jinpinlub.com\/hu\/termek\/gs-onfelszivo-huto-keno-permetezo-szerszamgepekhez\/","title":{"rendered":"GS \u00f6nfelsz\u00edv\u00f3 h\u0171t\u0151-ken\u0151 permetez\u0151 szersz\u00e1mg\u00e9pekhez"},"content":{"rendered":"<h2>Jellemz\u0151k<\/h2>\n<p>A GS j\u00f3 h\u0171t\u00e9si hat\u00e1ssal rendelkezik, \u00e9s ken\u00e9st, forg\u00e1cselt\u00e1vol\u00edt\u00e1st, tiszt\u00edt\u00e1st \u00e9s egy\u00e9b funkci\u00f3kat biztos\u00edt a termel\u00e9s hat\u00e9konys\u00e1g\u00e1nak \u00e9s a feldolgoz\u00e1s min\u0151s\u00e9g\u00e9nek jav\u00edt\u00e1sa, a mechanikus szersz\u00e1mok vesztes\u00e9g\u00e9nek cs\u00f6kkent\u00e9se \u00e9s a m\u0171helyben a szennyez\u00e9s cs\u00f6kkent\u00e9se \u00e9rdek\u00e9ben.<br \/>\n1. A permetez\u0151 a feldolgoz\u00e1s sor\u00e1n egyszerre h\u0171theti, kenheti \u00e9s lef\u00fajhatja a vasforg\u00e1csot.<br \/>\n2. A permetez\u0151 n\u00f6velheti a feldolgoz\u00e1si sebess\u00e9get, megtakar\u00edthatja a feldolgoz\u00e1si id\u0151t \u00e9s cs\u00f6kkentheti a szersz\u00e1mkop\u00e1st.<br \/>\n3. A ken\u00e9s biztos\u00edthatja a munkadarab befejez\u0151 min\u0151s\u00e9g\u00e9t \u00e9s a szersz\u00e1m legjobb haszn\u00e1lat\u00e1t.<br \/>\n4. Az \u00f6tv\u00f6z\u00f6tt vagy szuperkem\u00e9ny anyagok feldolgoz\u00e1s\u00e1val is sima \u00e9s nagy pontoss\u00e1g\u00fa fel\u00fclet \u00e9rhet\u0151 el.<br \/>\n5. A permetez\u0151 \u00faj, szorosan illeszked\u0151 cs\u0151vezet\u00e9kkel rendelkezik a bels\u0151 olajsziv\u00e1rg\u00e1s elker\u00fcl\u00e9se \u00e9s az \u00e9lettartam meghosszabb\u00edt\u00e1sa \u00e9rdek\u00e9ben.<br \/>\n6. A permetez\u0151n l\u00e9v\u0151 leveg\u0151 mennyis\u00e9ge \u00e9s h\u0171t\u0151folyad\u00e9ka be\u00e1ll\u00edthat\u00f3 a k\u00fcl\u00f6nb\u00f6z\u0151 feldolgoz\u00e1si k\u00f6r\u00fclm\u00e9nyekhez.<br \/>\n7. K\u00fcl\u00f6nb\u00f6z\u0151 r\u00f6gz\u00edtett cs\u0151vezet\u00e9kek k\u00f6z\u00fcl v\u00e1laszthat, hogy megk\u00f6nny\u00edtse az \u00fcgyf\u00e9l telep\u00edt\u00e9s\u00e9t \u00e9s r\u00f6gz\u00edt\u00e9s\u00e9t.<\/p>\n<h2>Specifik\u00e1ci\u00f3<\/h2>\n<p>1. Tiszta folyad\u00e9kot kell haszn\u00e1lni.<br \/>\n2. Ne haszn\u00e1ljon mar\u00f3 hat\u00e1s\u00fa folyad\u00e9kot.<br \/>\n3. A leveg\u0151forr\u00e1s nyom\u00e1startom\u00e1nya 5-7 kgf\/cm\u00b2 (a porlaszt\u00f3g\u00e1z t\u00e9rfogat\u00e1t\u00f3l \u00e9s a leveg\u0151 nyom\u00e1s\u00e1t\u00f3l f\u00fcgg\u0151en)<br \/>\n4. A felhaszn\u00e1lt folyad\u00e9k viszkozit\u00e1sa 68 cSt alatt van.<br \/>\n5. Alkalmaz\u00e1si lehet\u0151s\u00e9gek: f\u0171r\u00e9szg\u00e9pek, eszterg\u00e1k, k\u00f6sz\u00f6r\u0171k, menetf\u00far\u00f3 g\u00e9pek, CNC megmunk\u00e1l\u00f3 k\u00f6zpontok, lyukaszt\u00f3g\u00e9pek, famegmunk\u00e1l\u00f3 g\u00e9pek \u00e9s egy\u00e9b v\u00e1g\u00f3- \u00e9s feldolgoz\u00f3 berendez\u00e9sek.<\/p>\n<h2>K\u00e9zik\u00f6nyvek<\/h2>\n<div class=\"sdm_download_button_box_default\"><div class=\"sdm_download_link\"><a href=\"https:\/\/www.jinpinlub.com\/hu\/?sdm_process_download=1&download_id=3022\" class=\"sdm_download white\" title=\"Mag\u00e1n: GS Lubrication Spray\" target=\"&quot;_blank&quot;\">Adatlap megtekint\u00e9se - GS permetez\u0151<\/a><\/div><\/div>","protected":false},"excerpt":{"rendered":"<p>A GS permetez\u0151 l\u00e9gkompresszort haszn\u00e1l \u00e1ramforr\u00e1sk\u00e9nt, \u00e9s a v\u00e1kuum \u00f6nfelsz\u00edv\u00f3 elv\u00e9t alkalmazza, hogy a folyad\u00e9kot leveg\u0151vel keverje \u00f6ssze a f\u00fav\u00f3k\u00e1n kereszt\u00fcl, \u00e9s porlassza, \u00e9s olyan ken\u00e9si helyekre permetezze, mint a munkadarab, a szersz\u00e1m vagy a csap\u00e1gy.<\/p>","protected":false},"featured_media":3024,"template":"","meta":{"ocean_post_layout":"","ocean_both_sidebars_style":"","ocean_both_sidebars_content_width":0,"ocean_both_sidebars_sidebars_width":0,"ocean_sidebar":"0","ocean_second_sidebar":"0","ocean_disable_margins":"enable","ocean_add_body_class":"","ocean_shortcode_before_top_bar":"","ocean_shortcode_after_top_bar":"","ocean_shortcode_before_header":"","ocean_shortcode_after_header":"","ocean_has_shortcode":"","ocean_shortcode_after_title":"","ocean_shortcode_before_footer_widgets":"","ocean_shortcode_after_footer_widgets":"","ocean_shortcode_before_footer_bottom":"","ocean_shortcode_after_footer_bottom":"","ocean_display_top_bar":"default","ocean_display_header":"default","ocean_header_style":"","ocean_center_header_left_menu":"0","ocean_custom_header_template":"0","ocean_custom_logo":0,"ocean_custom_retina_logo":0,"ocean_custom_logo_max_width":0,"ocean_custom_logo_tablet_max_width":0,"ocean_custom_logo_mobile_max_width":0,"ocean_custom_logo_max_height":0,"ocean_custom_logo_tablet_max_height":0,"ocean_custom_logo_mobile_max_height":0,"ocean_header_custom_menu":"0","ocean_menu_typo_font_family":"0","ocean_menu_typo_font_subset":"","ocean_menu_typo_font_size":0,"ocean_menu_typo_font_size_tablet":0,"ocean_menu_typo_font_size_mobile":0,"ocean_menu_typo_font_size_unit":"px","ocean_menu_typo_font_weight":"","ocean_menu_typo_font_weight_tablet":"","ocean_menu_typo_font_weight_mobile":"","ocean_menu_typo_transform":"","ocean_menu_typo_transform_tablet":"","ocean_menu_typo_transform_mobile":"","ocean_menu_typo_line_height":0,"ocean_menu_typo_line_height_tablet":0,"ocean_menu_typo_line_height_mobile":0,"ocean_menu_typo_line_height_unit":"","ocean_menu_typo_spacing":0,"ocean_menu_typo_spacing_tablet":0,"ocean_menu_typo_spacing_mobile":0,"ocean_menu_typo_spacing_unit":"","ocean_menu_link_color":"","ocean_menu_link_color_hover":"","ocean_menu_link_color_active":"","ocean_menu_link_background":"","ocean_menu_link_hover_background":"","ocean_menu_link_active_background":"","ocean_menu_social_links_bg":"","ocean_menu_social_hover_links_bg":"","ocean_menu_social_links_color":"","ocean_menu_social_hover_links_color":"","ocean_disable_title":"default","ocean_disable_heading":"default","ocean_post_title":"","ocean_post_subheading":"","ocean_post_title_style":"","ocean_post_title_background_color":"","ocean_post_title_background":0,"ocean_post_title_bg_image_position":"","ocean_post_title_bg_image_attachment":"","ocean_post_title_bg_image_repeat":"","ocean_post_title_bg_image_size":"","ocean_post_title_height":0,"ocean_post_title_bg_overlay":0.5,"ocean_post_title_bg_overlay_color":"","ocean_disable_breadcrumbs":"default","ocean_breadcrumbs_color":"","ocean_breadcrumbs_separator_color":"","ocean_breadcrumbs_links_color":"","ocean_breadcrumbs_links_hover_color":"","ocean_display_footer_widgets":"default","ocean_display_footer_bottom":"default","ocean_custom_footer_template":"0","osh_disable_topbar_sticky":"default","osh_disable_header_sticky":"default","osh_sticky_header_style":"default","osh_sticky_header_effect":"","osh_custom_sticky_logo":0,"osh_custom_retina_sticky_logo":0,"osh_custom_sticky_logo_height":0,"osh_background_color":"","osh_links_color":"","osh_links_hover_color":"","osh_links_active_color":"","osh_links_bg_color":"","osh_links_hover_bg_color":"","osh_links_active_bg_color":"","osh_menu_social_links_color":"","osh_menu_social_hover_links_color":""},"product_brand":[],"product_cat":[46],"product_tag":[115,72,116],"class_list":{"0":"post-3021","1":"product","2":"type-product","3":"status-publish","4":"has-post-thumbnail","6":"product_cat-oil-mist-lubrication-systems","7":"product_tag-lubricating-sprayer","8":"product_tag-lubrication-system","9":"product_tag-oil-mist-lubrication","11":"entry","12":"has-media","14":"first","15":"instock","16":"shipping-taxable","17":"product-type-external","18":"col","19":"span_1_of_3","20":"owp-content-center","21":"owp-thumbs-layout-horizontal","22":"owp-btn-very-big","23":"owp-tabs-layout-horizontal"},"_links":{"self":[{"href":"https:\/\/www.jinpinlub.com\/hu\/wp-json\/wp\/v2\/product\/3021","targetHints":{"allow":["GET"]}}],"collection":[{"href":"https:\/\/www.jinpinlub.com\/hu\/wp-json\/wp\/v2\/product"}],"about":[{"href":"https:\/\/www.jinpinlub.com\/hu\/wp-json\/wp\/v2\/types\/product"}],"wp:featuredmedia":[{"embeddable":true,"href":"https:\/\/www.jinpinlub.com\/hu\/wp-json\/wp\/v2\/media\/3024"}],"wp:attachment":[{"href":"https:\/\/www.jinpinlub.com\/hu\/wp-json\/wp\/v2\/media?parent=3021"}],"wp:term":[{"taxonomy":"product_brand","embeddable":true,"href":"https:\/\/www.jinpinlub.com\/hu\/wp-json\/wp\/v2\/product_brand?post=3021"},{"taxonomy":"product_cat","embeddable":true,"href":"https:\/\/www.jinpinlub.com\/hu\/wp-json\/wp\/v2\/product_cat?post=3021"},{"taxonomy":"product_tag","embeddable":true,"href":"https:\/\/www.jinpinlub.com\/hu\/wp-json\/wp\/v2\/product_tag?post=3021"}],"curies":[{"name":"wp","href":"https:\/\/api.w.org\/{rel}","templated":true}]}}