{"id":3028,"date":"2024-08-06T15:50:15","date_gmt":"2024-08-06T15:50:15","guid":{"rendered":"https:\/\/www.jinpinlub.com\/?post_type=product&#038;p=3028"},"modified":"2024-08-06T16:32:32","modified_gmt":"2024-08-06T16:32:32","slug":"hgh-84-mpa-haromretegu-rostgyanta-kenoanyag-nagynyomasu-tomlo","status":"publish","type":"product","link":"https:\/\/www.jinpinlub.com\/hu\/product\/hgh-84-mpa-three-layer-fiber-resin-lubricant-high-pressure-hose\/","title":{"rendered":"HGH 84MPa h\u00e1romr\u00e9teg\u0171 rostgyanta ken\u0151anyag nagynyom\u00e1s\u00fa t\u00f6ml\u0151"},"content":{"rendered":"<h2>Jellemz\u0151k<\/h2>\n<p>A HGH 84MPa nagynyom\u00e1s\u00fa zs\u00edrt\u00f6ml\u0151 egy kifejezetten nagynyom\u00e1s\u00fa alkalmaz\u00e1sokhoz tervezett t\u00f6ml\u0151, amelyet \u00e1ltal\u00e1ban hidraulikus rendszerekben, ken\u0151rendszerekben \u00e9s m\u00e1s, nagynyom\u00e1s\u00fa \u00e1tvitelt ig\u00e9nyl\u0151 esetekben haszn\u00e1lnak.<br \/>\n1. Nagynyom\u00e1s\u00fa teherb\u00edr\u00e1s: 84 MPa-ig ellen\u00e1ll az \u00fczemi nyom\u00e1snak.<br \/>\n2. Korr\u00f3zi\u00f3\u00e1ll\u00f3s\u00e1g: \u00e1ltal\u00e1ban korr\u00f3zi\u00f3\u00e1ll\u00f3 anyagokb\u00f3l k\u00e9sz\u00fcl, alkalmas k\u00fcl\u00f6nf\u00e9le durva k\u00f6rnyezetekre.<br \/>\n3. Rugalmass\u00e1g: j\u00f3 rugalmass\u00e1ggal rendelkezik, k\u00f6nnyen telep\u00edthet\u0151 \u00e9s haszn\u00e1lhat\u00f3.<br \/>\n4. Hossz\u00fa \u00e9lettartam: hossz\u00fa \u00e9lettartammal tervezt\u00e9k, hossz\u00fa ideig haszn\u00e1lhat\u00f3 nagynyom\u00e1s\u00fa k\u00f6rnyezetben.<\/p>\n<h2>Specifik\u00e1ci\u00f3<\/h2>\n<table>\n<tbody>\n<tr>\n<td>Modell<\/td>\n<td>HGH40, HGH63<\/td>\n<\/tr>\n<tr>\n<td>A t\u00f6ml\u0151 vastags\u00e1ga<\/td>\n<td>HGH40-2,3 mm, HGH63-2,45 mm<\/td>\n<\/tr>\n<tr>\n<td>A t\u00f6ml\u0151 bels\u0151 \u00e1tm\u00e9r\u0151je<\/td>\n<td>HGH40-4,0 mm, HGH63-6,3 mm<\/td>\n<\/tr>\n<tr>\n<td>A t\u00f6ml\u0151 k\u00fcls\u0151 \u00e1tm\u00e9r\u0151je<\/td>\n<td>HGH40-8,6 mm, HGH63-11,3 mm<\/td>\n<\/tr>\n<tr>\n<td>S\u00faly m\u00e9terenk\u00e9nt<\/td>\n<td>HGH40-53g, HGH63-79g<\/td>\n<\/tr>\n<tr>\n<td>Tekercs hossza<\/td>\n<td>200 m\/tekercs<\/td>\n<\/tr>\n<tr>\n<td>\u00dczemi h\u0151m\u00e9rs\u00e9klet<\/td>\n<td>(-40 \u2103 +80 \u2103)<\/td>\n<\/tr>\n<tr>\n<td>Minim\u00e1lis reped\u00e9si nyom\u00e1s<\/td>\n<td>84 MPa<\/td>\n<\/tr>\n<\/tbody>\n<\/table>\n<h2>Alkalmaz\u00e1s<\/h2>\n<p>1. Hidraulikus rendszer: A nagynyom\u00e1s\u00fa hidraulikaolaj \u00e1tviteli rendszere a legsz\u00e9lesebb k\u00f6rben alkalmazhat\u00f3 m\u00e9rn\u00f6ki g\u00e9pekben, \u00e9p\u00edt\u0151ipari berendez\u00e9sekben \u00e9s ipari automatiz\u00e1l\u00e1si rendszerekben.<br \/>\n2. Ken\u0151rendszer: A c\u00e9l a nagynyom\u00e1s\u00fa ken\u00e9s, els\u0151sorban cs\u00facskateg\u00f3ri\u00e1s eszk\u00f6z\u00f6kh\u00f6z, p\u00e9ld\u00e1ul hatalmas g\u00e9pekhez \u00e9s ipari berendez\u00e9sekhez haszn\u00e1lj\u00e1k.<br \/>\n3. F\u00far\u00e1s \u00e9s b\u00e1ny\u00e1szat: a nagynyom\u00e1s\u00fa folyad\u00e9k-ken\u0151anyag-\u00e1tvitel biztos\u00edtja, hogy a berendez\u00e9s norm\u00e1lisan m\u0171k\u00f6dj\u00f6n ellens\u00e9ges k\u00f6rnyezetben.<br \/>\n4. Olaj- \u00e9s g\u00e1zipar: olajok, g\u00e1zok \u00e9s egy\u00e9b vegyi anyagok nagynyom\u00e1s\u00fa tov\u00e1bb\u00edt\u00e1s\u00e1ra haszn\u00e1lj\u00e1k, hogy alkalmazkodjanak a zord munkak\u00f6r\u00fclm\u00e9nyekhez.<br \/>\n5. Vegyipar: korroz\u00edv folyad\u00e9kok \u00e9s g\u00e1zok nagynyom\u00e1s\u00fa tov\u00e1bb\u00edt\u00e1s\u00e1ra haszn\u00e1lj\u00e1k a biztons\u00e1g \u00e9s a hat\u00e9konys\u00e1g \u00e9rdek\u00e9ben.<\/p>\n<h2>K\u00e9zik\u00f6nyvek<\/h2>\n<div class=\"sdm_download_button_box_default\"><div class=\"sdm_download_link\"><a href=\"https:\/\/www.jinpinlub.com\/hu\/?sdm_process_download=1&download_id=3029\" class=\"sdm_download white\" title=\"Mag\u00e1n: HGH high-pressure hose\" target=\"&quot;_blank&quot;\">Adatlap megtekint\u00e9se - HGH t\u00f6ml\u0151<\/a><\/div><\/div>","protected":false},"excerpt":{"rendered":"<p>A t\u00f6ml\u0151 egy bels\u0151 cs\u0151b\u0151l (nylon PA11), egy k\u00f6z\u00e9ps\u0151 r\u00e9tegb\u0151l (szintetikus sz\u00e1l) \u00e9s egy k\u00fcls\u0151 r\u00e9tegb\u0151l (flexibilis poliuret\u00e1n) \u00e1ll. A t\u00f6ml\u0151 k\u00f6nny\u0171 \u00e9s puha, sima bels\u0151 cs\u0151vel, alacsony k\u00f6zepes \u00e1raml\u00e1si ellen\u00e1ll\u00e1ssal, j\u00f3 vegyszer\u00e1ll\u00f3s\u00e1ggal \u00e9s \u00fct\u00e9s\u00e1ll\u00f3s\u00e1ggal.<\/p>","protected":false},"featured_media":3031,"template":"","meta":{"ocean_post_layout":"","ocean_both_sidebars_style":"","ocean_both_sidebars_content_width":0,"ocean_both_sidebars_sidebars_width":0,"ocean_sidebar":"0","ocean_second_sidebar":"0","ocean_disable_margins":"enable","ocean_add_body_class":"","ocean_shortcode_before_top_bar":"","ocean_shortcode_after_top_bar":"","ocean_shortcode_before_header":"","ocean_shortcode_after_header":"","ocean_has_shortcode":"","ocean_shortcode_after_title":"","ocean_shortcode_before_footer_widgets":"","ocean_shortcode_after_footer_widgets":"","ocean_shortcode_before_footer_bottom":"","ocean_shortcode_after_footer_bottom":"","ocean_display_top_bar":"default","ocean_display_header":"default","ocean_header_style":"","ocean_center_header_left_menu":"0","ocean_custom_header_template":"0","ocean_custom_logo":0,"ocean_custom_retina_logo":0,"ocean_custom_logo_max_width":0,"ocean_custom_logo_tablet_max_width":0,"ocean_custom_logo_mobile_max_width":0,"ocean_custom_logo_max_height":0,"ocean_custom_logo_tablet_max_height":0,"ocean_custom_logo_mobile_max_height":0,"ocean_header_custom_menu":"0","ocean_menu_typo_font_family":"0","ocean_menu_typo_font_subset":"","ocean_menu_typo_font_size":0,"ocean_menu_typo_font_size_tablet":0,"ocean_menu_typo_font_size_mobile":0,"ocean_menu_typo_font_size_unit":"px","ocean_menu_typo_font_weight":"","ocean_menu_typo_font_weight_tablet":"","ocean_menu_typo_font_weight_mobile":"","ocean_menu_typo_transform":"","ocean_menu_typo_transform_tablet":"","ocean_menu_typo_transform_mobile":"","ocean_menu_typo_line_height":0,"ocean_menu_typo_line_height_tablet":0,"ocean_menu_typo_line_height_mobile":0,"ocean_menu_typo_line_height_unit":"","ocean_menu_typo_spacing":0,"ocean_menu_typo_spacing_tablet":0,"ocean_menu_typo_spacing_mobile":0,"ocean_menu_typo_spacing_unit":"","ocean_menu_link_color":"","ocean_menu_link_color_hover":"","ocean_menu_link_color_active":"","ocean_menu_link_background":"","ocean_menu_link_hover_background":"","ocean_menu_link_active_background":"","ocean_menu_social_links_bg":"","ocean_menu_social_hover_links_bg":"","ocean_menu_social_links_color":"","ocean_menu_social_hover_links_color":"","ocean_disable_title":"default","ocean_disable_heading":"default","ocean_post_title":"","ocean_post_subheading":"","ocean_post_title_style":"","ocean_post_title_background_color":"","ocean_post_title_background":0,"ocean_post_title_bg_image_position":"","ocean_post_title_bg_image_attachment":"","ocean_post_title_bg_image_repeat":"","ocean_post_title_bg_image_size":"","ocean_post_title_height":0,"ocean_post_title_bg_overlay":0.5,"ocean_post_title_bg_overlay_color":"","ocean_disable_breadcrumbs":"default","ocean_breadcrumbs_color":"","ocean_breadcrumbs_separator_color":"","ocean_breadcrumbs_links_color":"","ocean_breadcrumbs_links_hover_color":"","ocean_display_footer_widgets":"default","ocean_display_footer_bottom":"default","ocean_custom_footer_template":"0","osh_disable_topbar_sticky":"default","osh_disable_header_sticky":"default","osh_sticky_header_style":"default","osh_sticky_header_effect":"","osh_custom_sticky_logo":0,"osh_custom_retina_sticky_logo":0,"osh_custom_sticky_logo_height":0,"osh_background_color":"","osh_links_color":"","osh_links_hover_color":"","osh_links_active_color":"","osh_links_bg_color":"","osh_links_hover_bg_color":"","osh_links_active_bg_color":"","osh_menu_social_links_color":"","osh_menu_social_hover_links_color":""},"product_brand":[],"product_cat":[31],"product_tag":[117,119,118],"class_list":{"0":"post-3028","1":"product","2":"type-product","3":"status-publish","4":"has-post-thumbnail","6":"product_cat-lube-system-accessories","7":"product_tag-grease-hose","8":"product_tag-high-pressure-hose","9":"product_tag-lubrication-system-hose","11":"entry","12":"has-media","14":"first","15":"instock","16":"shipping-taxable","17":"product-type-external","18":"col","19":"span_1_of_3","20":"owp-content-center","21":"owp-thumbs-layout-horizontal","22":"owp-btn-very-big","23":"owp-tabs-layout-horizontal"},"_links":{"self":[{"href":"https:\/\/www.jinpinlub.com\/hu\/wp-json\/wp\/v2\/product\/3028","targetHints":{"allow":["GET"]}}],"collection":[{"href":"https:\/\/www.jinpinlub.com\/hu\/wp-json\/wp\/v2\/product"}],"about":[{"href":"https:\/\/www.jinpinlub.com\/hu\/wp-json\/wp\/v2\/types\/product"}],"wp:featuredmedia":[{"embeddable":true,"href":"https:\/\/www.jinpinlub.com\/hu\/wp-json\/wp\/v2\/media\/3031"}],"wp:attachment":[{"href":"https:\/\/www.jinpinlub.com\/hu\/wp-json\/wp\/v2\/media?parent=3028"}],"wp:term":[{"taxonomy":"product_brand","embeddable":true,"href":"https:\/\/www.jinpinlub.com\/hu\/wp-json\/wp\/v2\/product_brand?post=3028"},{"taxonomy":"product_cat","embeddable":true,"href":"https:\/\/www.jinpinlub.com\/hu\/wp-json\/wp\/v2\/product_cat?post=3028"},{"taxonomy":"product_tag","embeddable":true,"href":"https:\/\/www.jinpinlub.com\/hu\/wp-json\/wp\/v2\/product_tag?post=3028"}],"curies":[{"name":"wp","href":"https:\/\/api.w.org\/{rel}","templated":true}]}}