{"id":3045,"date":"2024-08-06T18:35:44","date_gmt":"2024-08-06T18:35:44","guid":{"rendered":"https:\/\/www.jinpinlub.com\/?post_type=product&#038;p=3045"},"modified":"2025-04-15T20:35:48","modified_gmt":"2025-04-15T12:35:48","slug":"jgh3-nyomascsokkento-manualisan-mukodtetheto-zsir-kenoszivattyu","status":"publish","type":"product","link":"https:\/\/www.jinpinlub.com\/hu\/product\/jgh3-pressure-relief-manually-operate-grease-lubrication-pump\/","title":{"rendered":"EGH3 nyom\u00e1scs\u00f6kkent\u0151 k\u00e9zi m\u0171k\u00f6dtet\u00e9s\u0171 zs\u00edrken\u0151 szivatty\u00fa"},"content":{"rendered":"<h2>Jellemz\u0151k<\/h2>\n<p>1. H\u00fazza meg a foganty\u00fat, hogy ken\u0151olajat sz\u00e1ll\u00edtson, k\u00f6nnyen kezelhet\u0151.<br \/>\n2. Az olajsajtol\u00f3 blokk j\u00f3 t\u00f6m\u00edtetts\u00e9ggel rendelkezik, \u00e9s a vaj nem marad az olajpoh\u00e1rban.<br \/>\n3. Ig\u00e9ny szerint a foganty\u00fa bal vagy jobb oldal\u00e1ra \u00e1ll\u00edthat\u00f3 be az olajkimenet, \u00e9s mindk\u00e9t oldalr\u00f3l is leereszthet\u0151 az olaj.<br \/>\n4. Az EGH3 egy nyom\u00e1scs\u00f6kkent\u0151 k\u00e9zi szivatty\u00fa. Miut\u00e1n a nyom\u00e1s el\u00e9rte a n\u00e9vleges \u00e9rt\u00e9ket, \u00fcgyeljen arra, hogy a joystickot visszahelyezze a reteszelt helyzetbe, hogy kiengedje a rendszernyom\u00e1st.<br \/>\n5. Alkalmas olyan mechanikus berendez\u00e9sekhez, amelyek b\u00e1rmikor ken\u00e9st ig\u00e9nyelnek, mint p\u00e9ld\u00e1ul lyukaszt\u00f3g\u00e9pek, famegmunk\u00e1l\u00f3 g\u00e9pek stb.<\/p>\n<h2>Specifik\u00e1ci\u00f3<\/h2>\n<table>\n<tbody>\n<tr>\n<td>\u00dczemi h\u0151m\u00e9rs\u00e9klet<\/td>\n<td>(-20-+55\u00b0C)<\/td>\n<\/tr>\n<tr>\n<td>Az \u00fczletek sz\u00e1ma<\/td>\n<td>1, 2<\/td>\n<\/tr>\n<tr>\n<td>A t\u00e1roz\u00f3 kapacit\u00e1sa<\/td>\n<td>300 ml, 800 ml<\/td>\n<\/tr>\n<tr>\n<td>M\u0171k\u00f6d\u00e9si elv<\/td>\n<td>K\u00e9zi m\u0171k\u00f6dtet\u00e9s\u0171 szivatty\u00fa<\/td>\n<\/tr>\n<tr>\n<td>Ken\u0151anyag<\/td>\n<td>NLGI 000~0# zs\u00edr<\/td>\n<\/tr>\n<tr>\n<td>Kis\u00fcl\u00e9s<\/td>\n<td>2 ml\/ciklus<\/td>\n<\/tr>\n<tr>\n<td>Max. \u00fczemi nyom\u00e1s<\/td>\n<td>10 MPa<\/td>\n<\/tr>\n<tr>\n<td>Csatlakoz\u00f3 menet<\/td>\n<td>Kimenet \u03a64, \u03a66, \u03a68, PT1\/8<\/td>\n<\/tr>\n<tr>\n<td>Tan\u00fas\u00edtv\u00e1ny<\/td>\n<td>CE<\/td>\n<\/tr>\n<tr>\n<td>Be\u00e9p\u00edt\u00e9si helyzet<\/td>\n<td>F\u00fcgg\u0151leges vagy v\u00edzszintes<\/td>\n<\/tr>\n<\/tbody>\n<\/table>\n<h2>Alkalmaz\u00e1sok<\/h2>\n<p>1. Ipari g\u00e9pek: olyan egys\u00e9geket tartalmazhatnak, mint p\u00e9ld\u00e1ul esztergag\u00e9pek, mar\u00f3g\u00e9pek \u00e9s egy\u00e9b neh\u00e9z mechanikai berendez\u00e9sek, amelyek rendszeres ken\u00e9st ig\u00e9nyelnek.<br \/>\n2. Mez\u0151gazdas\u00e1gi g\u00e9pek: traktorok, vet\u0151g\u00e9pek, egy\u00e9b mez\u0151gazdas\u00e1gi g\u00e9pek, amelyek kem\u00e9ny k\u00f6r\u00fclm\u00e9nyek k\u00f6z\u00f6tt is norm\u00e1lisan m\u0171k\u00f6dnek.<br \/>\n3. \u00c9p\u00edt\u0151ipari g\u00e9pek: p\u00e9ld\u00e1ul kotr\u00f3g\u00e9pek, buld\u00f3zerek stb., amelyek biztos\u00edtj\u00e1k ezeknek a berendez\u00e9seknek a teljes ken\u00e9s\u00e9t, amikor nagy terhel\u00e9s mellett dolgoznak.<br \/>\n4. J\u00e1rm\u0171karbantart\u00e1s: Ez mag\u00e1ban foglalja a nagy j\u00e1rm\u0171vek, k\u00f6zt\u00fck a teheraut\u00f3k \u00e9s buszok csap\u00e1gyainak \u00e9s egy\u00e9b mozg\u00f3 alkatr\u00e9szeinek ken\u00e9s\u00e9t.<\/p>\n<h2>K\u00e9zik\u00f6nyvek<\/h2>\n<div class=\"sdm_download_button_box_default\"><div class=\"sdm_download_link\"><a href=\"https:\/\/www.jinpinlub.com\/hu\/?sdm_process_download=1&download_id=3040\" class=\"sdm_download white\" title=\"Mag\u00e1n: EGH3 Pressure relief hand pump\" target=\"&quot;_blank&quot;\">Adatlap megtekint\u00e9se - EGH3 k\u00e9zi szivatty\u00fa<\/a><\/div><\/div>","protected":false},"excerpt":{"rendered":"<p>Az EGH3 k\u00e9zi ken\u0151szivatty\u00fa mechanikus berendez\u00e9sek ken\u00e9s\u00e9re szolg\u00e1l, k\u00e9zi m\u0171k\u00f6dtet\u00e9ssel \u00e9s nyom\u00e1scs\u00f6kkent\u0151 funkci\u00f3kkal. \u00c1ltal\u00e1ban olyan helyzetekben haszn\u00e1lj\u00e1k, ahol rendszeres ken\u00e9sre van sz\u00fcks\u00e9g, de nem alkalmas automatikus ken\u0151rendszerekhez.<\/p>","protected":false},"featured_media":3050,"template":"","meta":{"ocean_post_layout":"","ocean_both_sidebars_style":"","ocean_both_sidebars_content_width":0,"ocean_both_sidebars_sidebars_width":0,"ocean_sidebar":"0","ocean_second_sidebar":"0","ocean_disable_margins":"enable","ocean_add_body_class":"","ocean_shortcode_before_top_bar":"","ocean_shortcode_after_top_bar":"","ocean_shortcode_before_header":"","ocean_shortcode_after_header":"","ocean_has_shortcode":"","ocean_shortcode_after_title":"","ocean_shortcode_before_footer_widgets":"","ocean_shortcode_after_footer_widgets":"","ocean_shortcode_before_footer_bottom":"","ocean_shortcode_after_footer_bottom":"","ocean_display_top_bar":"default","ocean_display_header":"default","ocean_header_style":"","ocean_center_header_left_menu":"0","ocean_custom_header_template":"0","ocean_custom_logo":0,"ocean_custom_retina_logo":0,"ocean_custom_logo_max_width":0,"ocean_custom_logo_tablet_max_width":0,"ocean_custom_logo_mobile_max_width":0,"ocean_custom_logo_max_height":0,"ocean_custom_logo_tablet_max_height":0,"ocean_custom_logo_mobile_max_height":0,"ocean_header_custom_menu":"0","ocean_menu_typo_font_family":"0","ocean_menu_typo_font_subset":"","ocean_menu_typo_font_size":0,"ocean_menu_typo_font_size_tablet":0,"ocean_menu_typo_font_size_mobile":0,"ocean_menu_typo_font_size_unit":"px","ocean_menu_typo_font_weight":"","ocean_menu_typo_font_weight_tablet":"","ocean_menu_typo_font_weight_mobile":"","ocean_menu_typo_transform":"","ocean_menu_typo_transform_tablet":"","ocean_menu_typo_transform_mobile":"","ocean_menu_typo_line_height":0,"ocean_menu_typo_line_height_tablet":0,"ocean_menu_typo_line_height_mobile":0,"ocean_menu_typo_line_height_unit":"","ocean_menu_typo_spacing":0,"ocean_menu_typo_spacing_tablet":0,"ocean_menu_typo_spacing_mobile":0,"ocean_menu_typo_spacing_unit":"","ocean_menu_link_color":"","ocean_menu_link_color_hover":"","ocean_menu_link_color_active":"","ocean_menu_link_background":"","ocean_menu_link_hover_background":"","ocean_menu_link_active_background":"","ocean_menu_social_links_bg":"","ocean_menu_social_hover_links_bg":"","ocean_menu_social_links_color":"","ocean_menu_social_hover_links_color":"","ocean_disable_title":"default","ocean_disable_heading":"default","ocean_post_title":"","ocean_post_subheading":"","ocean_post_title_style":"","ocean_post_title_background_color":"","ocean_post_title_background":0,"ocean_post_title_bg_image_position":"","ocean_post_title_bg_image_attachment":"","ocean_post_title_bg_image_repeat":"","ocean_post_title_bg_image_size":"","ocean_post_title_height":0,"ocean_post_title_bg_overlay":0.5,"ocean_post_title_bg_overlay_color":"","ocean_disable_breadcrumbs":"default","ocean_breadcrumbs_color":"","ocean_breadcrumbs_separator_color":"","ocean_breadcrumbs_links_color":"","ocean_breadcrumbs_links_hover_color":"","ocean_display_footer_widgets":"default","ocean_display_footer_bottom":"default","ocean_custom_footer_template":"0","osh_disable_topbar_sticky":"default","osh_disable_header_sticky":"default","osh_sticky_header_style":"default","osh_sticky_header_effect":"","osh_custom_sticky_logo":0,"osh_custom_retina_sticky_logo":0,"osh_custom_sticky_logo_height":0,"osh_background_color":"","osh_links_color":"","osh_links_hover_color":"","osh_links_active_color":"","osh_links_bg_color":"","osh_links_hover_bg_color":"","osh_links_active_bg_color":"","osh_menu_social_links_color":"","osh_menu_social_hover_links_color":""},"product_brand":[],"product_cat":[39,37],"product_tag":[77,120,92],"class_list":{"0":"post-3045","1":"product","2":"type-product","3":"status-publish","4":"has-post-thumbnail","6":"product_cat-manual-pressure-relief-pumps","7":"product_cat-single-line-grease-systems","8":"product_tag-grease-lubrication-pump","9":"product_tag-manual-lubrication-pump","10":"product_tag-single-line-lubrication-pump","12":"entry","13":"has-media","15":"first","16":"instock","17":"shipping-taxable","18":"product-type-external","19":"col","20":"span_1_of_3","21":"owp-content-center","22":"owp-thumbs-layout-horizontal","23":"owp-btn-very-big","24":"owp-tabs-layout-horizontal"},"_links":{"self":[{"href":"https:\/\/www.jinpinlub.com\/hu\/wp-json\/wp\/v2\/product\/3045","targetHints":{"allow":["GET"]}}],"collection":[{"href":"https:\/\/www.jinpinlub.com\/hu\/wp-json\/wp\/v2\/product"}],"about":[{"href":"https:\/\/www.jinpinlub.com\/hu\/wp-json\/wp\/v2\/types\/product"}],"wp:featuredmedia":[{"embeddable":true,"href":"https:\/\/www.jinpinlub.com\/hu\/wp-json\/wp\/v2\/media\/3050"}],"wp:attachment":[{"href":"https:\/\/www.jinpinlub.com\/hu\/wp-json\/wp\/v2\/media?parent=3045"}],"wp:term":[{"taxonomy":"product_brand","embeddable":true,"href":"https:\/\/www.jinpinlub.com\/hu\/wp-json\/wp\/v2\/product_brand?post=3045"},{"taxonomy":"product_cat","embeddable":true,"href":"https:\/\/www.jinpinlub.com\/hu\/wp-json\/wp\/v2\/product_cat?post=3045"},{"taxonomy":"product_tag","embeddable":true,"href":"https:\/\/www.jinpinlub.com\/hu\/wp-json\/wp\/v2\/product_tag?post=3045"}],"curies":[{"name":"wp","href":"https:\/\/api.w.org\/{rel}","templated":true}]}}