{"id":3056,"date":"2024-08-07T08:19:42","date_gmt":"2024-08-07T08:19:42","guid":{"rendered":"https:\/\/www.jinpinlub.com\/?post_type=product&#038;p=3056"},"modified":"2024-08-07T09:29:22","modified_gmt":"2024-08-07T09:29:22","slug":"jvb12s-progressziv-blokk-eloszto-progressziv-rendszerekhez","status":"publish","type":"product","link":"https:\/\/www.jinpinlub.com\/hu\/product\/jvb12s-progressive-block-distributor-for-progressive-system\/","title":{"rendered":"JVB12S progressz\u00edv blokk eloszt\u00f3 progressz\u00edv rendszerhez"},"content":{"rendered":"<h2>Jellemz\u0151k<\/h2>\n<p>1. Az \u00e1raml\u00e1si sebess\u00e9g r\u00f6gz\u00edtett, \u00e9s az egyes lyukak kimeneti t\u00e9rfogata minden ciklusban 0,17 ml.<br \/>\n2. Az 1-es \u00e9s 2-es kimenet nem blokkolhat\u00f3, a t\u00f6bbi kimenet speci\u00e1lis csatlakoz\u00f3kkal z\u00e1rhat\u00f3 le, \u00e9s a szomsz\u00e9dos kimenetek \u00e1raml\u00e1si sebess\u00e9ge megdupl\u00e1z\u00f3dik.<br \/>\n3. Az olajkimenet egy egyir\u00e1ny\u00fa szelepcsatlakoz\u00f3val van ell\u00e1tva, hogy megakad\u00e1lyozza az olaj visszafoly\u00e1s\u00e1t.<br \/>\n4. 6-20 kivezet\u00e9s\u0171 eloszt\u00f3k v\u00e1laszthat\u00f3k.<br \/>\n5. K\u00f6nnyen fel\u00fcgyelhet\u0151 \u00e9s cser\u00e9lhet\u0151 an\u00e9lk\u00fcl, hogy ez m\u00e1s olajk\u00f6r\u00f6ket \u00e9rintene.<br \/>\n6. Lehet\u0151s\u00e9g van vizu\u00e1lis vagy elektronikus megfigyel\u00e9sre.<br \/>\n7. Kompatibilis ken\u0151anyagok: 000#-2# zs\u00edr, 32-220cSt@40\u2103 motorolaj.<br \/>\n8. M\u0171k\u00f6d\u00e9si h\u0151m\u00e9rs\u00e9klet -20\u2103~+80\u2103.<\/p>\n<h2>Specifik\u00e1ci\u00f3<\/h2>\n<table>\n<tbody>\n<tr>\n<td>M\u0171k\u00f6d\u00e9si elv<\/td>\n<td>M\u00e9r\u0151eszk\u00f6z\u00f6k<\/td>\n<\/tr>\n<tr>\n<td>Az \u00fczletek sz\u00e1ma<\/td>\n<td>6-20<\/td>\n<\/tr>\n<tr>\n<td>M\u00e9r\u00e9si mennyis\u00e9g<\/td>\n<td>0,17 ml\/ciklus<\/td>\n<\/tr>\n<tr>\n<td>Ken\u0151anyag<\/td>\n<td>Zs\u00edr NLGI 2-ig, olaj 32-220cSt@40\u2103<\/td>\n<\/tr>\n<tr>\n<td>\u00dczemi h\u0151m\u00e9rs\u00e9klet<\/td>\n<td>-20 \u00e9s +80 \u00b0C k\u00f6z\u00f6tt<\/td>\n<\/tr>\n<tr>\n<td>\u00dczemi nyom\u00e1s<\/td>\n<td>Max. 350 bar<\/td>\n<\/tr>\n<tr>\n<td>Anyag<\/td>\n<td>Fekete horganyzott<\/td>\n<\/tr>\n<tr>\n<td>Csatlakoz\u00f3 bemenet<\/td>\n<td>\u03a66 (M10x1,0), \u03a68 (M10x1,0)<\/td>\n<\/tr>\n<tr>\n<td>Csatlakoz\u00f3 kimenet<\/td>\n<td>\u03a66 (M10x1,0), \u03a68 (M10x1,0)<\/td>\n<\/tr>\n<tr>\n<td>Be\u00e9p\u00edt\u00e9si helyzet<\/td>\n<td>B\u00e1rmilyen<\/td>\n<\/tr>\n<\/tbody>\n<\/table>\n<h2>Alkalmaz\u00e1s<\/h2>\n<p>Mechanikus feldolgoz\u00f3 berendez\u00e9sek: p\u00e9ld\u00e1ul szersz\u00e1mg\u00e9pek \u00e9s feldolgoz\u00f3g\u00e9pek.<br \/>\n\u00c1ltal\u00e1nos g\u00e9p\u00e9szet: sz\u00e9les k\u00f6rben haszn\u00e1lj\u00e1k k\u00fcl\u00f6nf\u00e9le g\u00e9p\u00e9szeti berendez\u00e9sekben.<br \/>\nPr\u00e9s: k\u00fcl\u00f6nb\u00f6z\u0151 t\u00edpus\u00fa pr\u00e9sekhez alkalmas.<br \/>\nM\u0171anyag- \u00e9s pap\u00edrfeldolgoz\u00f3 g\u00e9pek: megb\u00edzhat\u00f3 ken\u00e9st biztos\u00edt ezekben az ipar\u00e1gakban.<br \/>\nTextilipari g\u00e9pek: biztos\u00edtja a textilberendez\u00e9sek zavartalan m\u0171k\u00f6d\u00e9s\u00e9t.<br \/>\nNyomda- \u00e9s csomagol\u00f3g\u00e9pek: folyamatos ken\u00e9st biztos\u00edt ezekben a nagy sebess\u00e9g\u0171 berendez\u00e9sekben.<\/p>\n<h2>K\u00e9zik\u00f6nyvek<\/h2>\n<div class=\"sdm_download_button_box_default\"><div class=\"sdm_download_link\"><a href=\"https:\/\/www.jinpinlub.com\/hu\/?sdm_process_download=1&download_id=3055\" class=\"sdm_download white\" title=\"Mag\u00e1n: JVB Progressive Divider\" target=\"&quot;_blank&quot;\">Adatlap megtekint\u00e9se \u2013 JVB forgalmaz\u00f3<\/a><\/div><\/div>","protected":false},"excerpt":{"rendered":"<p>A PVB progressz\u00edv eloszt\u00f3 els\u0151sorban szabv\u00e1nyos adagolt mennyis\u00e9gben biztos\u00edtja a ken\u0151anyagot, \u00e9s fokozatosan elosztja a ken\u0151anyagot a csatlakoztatott ken\u00e9si pontokhoz egy f\u00e9mt\u00f6m\u00edt\u00e9s\u0171 dugatty\u00fan kereszt\u00fcl, biztos\u00edtva, hogy minden ken\u00e9si pont egyenletesen legyen kenve.<\/p>","protected":false},"featured_media":3057,"template":"","meta":{"ocean_post_layout":"","ocean_both_sidebars_style":"","ocean_both_sidebars_content_width":0,"ocean_both_sidebars_sidebars_width":0,"ocean_sidebar":"0","ocean_second_sidebar":"0","ocean_disable_margins":"enable","ocean_add_body_class":"","ocean_shortcode_before_top_bar":"","ocean_shortcode_after_top_bar":"","ocean_shortcode_before_header":"","ocean_shortcode_after_header":"","ocean_has_shortcode":"","ocean_shortcode_after_title":"","ocean_shortcode_before_footer_widgets":"","ocean_shortcode_after_footer_widgets":"","ocean_shortcode_before_footer_bottom":"","ocean_shortcode_after_footer_bottom":"","ocean_display_top_bar":"default","ocean_display_header":"default","ocean_header_style":"","ocean_center_header_left_menu":"0","ocean_custom_header_template":"0","ocean_custom_logo":0,"ocean_custom_retina_logo":0,"ocean_custom_logo_max_width":0,"ocean_custom_logo_tablet_max_width":0,"ocean_custom_logo_mobile_max_width":0,"ocean_custom_logo_max_height":0,"ocean_custom_logo_tablet_max_height":0,"ocean_custom_logo_mobile_max_height":0,"ocean_header_custom_menu":"0","ocean_menu_typo_font_family":"0","ocean_menu_typo_font_subset":"","ocean_menu_typo_font_size":0,"ocean_menu_typo_font_size_tablet":0,"ocean_menu_typo_font_size_mobile":0,"ocean_menu_typo_font_size_unit":"px","ocean_menu_typo_font_weight":"","ocean_menu_typo_font_weight_tablet":"","ocean_menu_typo_font_weight_mobile":"","ocean_menu_typo_transform":"","ocean_menu_typo_transform_tablet":"","ocean_menu_typo_transform_mobile":"","ocean_menu_typo_line_height":0,"ocean_menu_typo_line_height_tablet":0,"ocean_menu_typo_line_height_mobile":0,"ocean_menu_typo_line_height_unit":"","ocean_menu_typo_spacing":0,"ocean_menu_typo_spacing_tablet":0,"ocean_menu_typo_spacing_mobile":0,"ocean_menu_typo_spacing_unit":"","ocean_menu_link_color":"","ocean_menu_link_color_hover":"","ocean_menu_link_color_active":"","ocean_menu_link_background":"","ocean_menu_link_hover_background":"","ocean_menu_link_active_background":"","ocean_menu_social_links_bg":"","ocean_menu_social_hover_links_bg":"","ocean_menu_social_links_color":"","ocean_menu_social_hover_links_color":"","ocean_disable_title":"default","ocean_disable_heading":"default","ocean_post_title":"","ocean_post_subheading":"","ocean_post_title_style":"","ocean_post_title_background_color":"","ocean_post_title_background":0,"ocean_post_title_bg_image_position":"","ocean_post_title_bg_image_attachment":"","ocean_post_title_bg_image_repeat":"","ocean_post_title_bg_image_size":"","ocean_post_title_height":0,"ocean_post_title_bg_overlay":0.5,"ocean_post_title_bg_overlay_color":"","ocean_disable_breadcrumbs":"default","ocean_breadcrumbs_color":"","ocean_breadcrumbs_separator_color":"","ocean_breadcrumbs_links_color":"","ocean_breadcrumbs_links_hover_color":"","ocean_display_footer_widgets":"default","ocean_display_footer_bottom":"default","ocean_custom_footer_template":"0","osh_disable_topbar_sticky":"default","osh_disable_header_sticky":"default","osh_sticky_header_style":"default","osh_sticky_header_effect":"","osh_custom_sticky_logo":0,"osh_custom_retina_sticky_logo":0,"osh_custom_sticky_logo_height":0,"osh_background_color":"","osh_links_color":"","osh_links_hover_color":"","osh_links_active_color":"","osh_links_bg_color":"","osh_links_hover_bg_color":"","osh_links_active_bg_color":"","osh_menu_social_links_color":"","osh_menu_social_hover_links_color":""},"product_brand":[],"product_cat":[44,41],"product_tag":[87,99,122],"class_list":{"0":"post-3056","1":"product","2":"type-product","3":"status-publish","4":"has-post-thumbnail","6":"product_cat-progressive-grease-dividers","7":"product_cat-progressive-grease-systems","8":"product_tag-grease-distributor","9":"product_tag-progressive-distributor","10":"product_tag-progressive-divider","12":"entry","13":"has-media","15":"first","16":"instock","17":"shipping-taxable","18":"product-type-external","19":"col","20":"span_1_of_3","21":"owp-content-center","22":"owp-thumbs-layout-horizontal","23":"owp-btn-very-big","24":"owp-tabs-layout-horizontal"},"_links":{"self":[{"href":"https:\/\/www.jinpinlub.com\/hu\/wp-json\/wp\/v2\/product\/3056","targetHints":{"allow":["GET"]}}],"collection":[{"href":"https:\/\/www.jinpinlub.com\/hu\/wp-json\/wp\/v2\/product"}],"about":[{"href":"https:\/\/www.jinpinlub.com\/hu\/wp-json\/wp\/v2\/types\/product"}],"wp:featuredmedia":[{"embeddable":true,"href":"https:\/\/www.jinpinlub.com\/hu\/wp-json\/wp\/v2\/media\/3057"}],"wp:attachment":[{"href":"https:\/\/www.jinpinlub.com\/hu\/wp-json\/wp\/v2\/media?parent=3056"}],"wp:term":[{"taxonomy":"product_brand","embeddable":true,"href":"https:\/\/www.jinpinlub.com\/hu\/wp-json\/wp\/v2\/product_brand?post=3056"},{"taxonomy":"product_cat","embeddable":true,"href":"https:\/\/www.jinpinlub.com\/hu\/wp-json\/wp\/v2\/product_cat?post=3056"},{"taxonomy":"product_tag","embeddable":true,"href":"https:\/\/www.jinpinlub.com\/hu\/wp-json\/wp\/v2\/product_tag?post=3056"}],"curies":[{"name":"wp","href":"https:\/\/api.w.org\/{rel}","templated":true}]}}