{"id":3071,"date":"2024-08-08T16:22:50","date_gmt":"2024-08-08T16:22:50","guid":{"rendered":"https:\/\/www.jinpinlub.com\/?post_type=product&#038;p=3071"},"modified":"2024-08-08T16:51:35","modified_gmt":"2024-08-08T16:51:35","slug":"muk-zsiradagolo-szelep-egysoros-kenesi-rendszerhez","status":"publish","type":"product","link":"https:\/\/www.jinpinlub.com\/hu\/product\/muk-grease-metering-valve-for-single-line-lubrication-system\/","title":{"rendered":"MUK zs\u00edradagol\u00f3 szelep egysoros ken\u0151rendszerhez"},"content":{"rendered":"<h2>Jellemz\u0151k<\/h2>\n<p>1. Az MU egy t\u00falnyom\u00e1sos, k\u00f6zvetlen nyom\u00e1s\u00fa adagol\u00f3szelep.<br \/>\nA szivatty\u00fa \u00e1ltal sz\u00e1ll\u00edtott nyom\u00e1s alatti ken\u0151anyag az adagol\u00f3szelepben l\u00e9v\u0151 dugatty\u00fat nyomja, hogy a ken\u0151anyagot er\u0151szakosan ki\u00fcr\u00edtse. Amikor a szivatty\u00fa le\u00e1ll, a dugatty\u00fa a rug\u00f3er\u0151 hat\u00e1s\u00e1ra helyre\u00e1ll, \u00e9s a ken\u0151anyag t\u00e1rol\u00f3dik.<br \/>\n2. A kis\u00fct\u00e9s pontos, \u00e9s egy adagol\u00e1si ciklus csak egyszer t\u00f6rt\u00e9nik. F\u00fcggetlen\u00fcl att\u00f3l, hogy az eloszt\u00f3 t\u00e1vol, k\u00f6zel, magasan vagy alacsonyan van a ken\u00e9si rendszerben, a v\u00edzszintes vagy f\u00fcgg\u0151leges be\u00e9p\u00edt\u00e9s nincs hat\u00e1ssal az adagol\u00f3szelep nyom\u00e1s\u00e1ra.<br \/>\n3. K\u00e9nyszer\u00fcr\u00edt\u00e9s, \u00e9rz\u00e9keny m\u0171k\u00f6d\u00e9s, k\u00e9t t\u00f6m\u00edt\u00e9s van a kis\u00fcl\u00e9s visszafoly\u00e1s\u00e1nak megakad\u00e1lyoz\u00e1s\u00e1ra.<br \/>\n4. Az adagol\u00f3szelep \u00e9s a csatlakoz\u00f3blokk f\u00fcggetlenek. A ken\u00e9si pontok ken\u00e9si mennyis\u00e9ge alapj\u00e1n az adagol\u00f3szelep szabadon kombin\u00e1lhat\u00f3 az MU \u00e9s MUJ csatlakoz\u00f3blokkokkal, sorosan vagy p\u00e1rhuzamosan haszn\u00e1lhat\u00f3.<br \/>\n5. Az adagol\u00f3szelep kimeneti szerelv\u00e9nyei \u03a64, k\u00e9t t\u00edpussal.<br \/>\nBecsavarhat\u00f3 t\u00edpus: PA4-b\u0151l \u00e9s PB4-b\u0151l \u00e1ll.<br \/>\nPush-in t\u00edpus: k\u00f6zvetlen\u00fcl helyezze be a \u03a64 cs\u00f6vet.<br \/>\n6. Kompatibilis az NLGI 000 #, 00 #, 0 # ken\u0151anyagokkal<\/p>\n<h2>Specifik\u00e1ci\u00f3<\/h2>\n<table>\n<tbody>\n<tr>\n<td>M\u0171k\u00f6d\u00e9si elv<\/td>\n<td>M\u00e9r\u0151eszk\u00f6z\u00f6k<\/td>\n<\/tr>\n<tr>\n<td>Az \u00fczletek sz\u00e1ma<\/td>\n<td>1-12<\/td>\n<\/tr>\n<tr>\n<td>M\u00e9r\u00e9si mennyis\u00e9g<\/td>\n<td>0,05, 0,10, 0,20, 0,30, 0,50 ml\/ciklus<\/td>\n<\/tr>\n<tr>\n<td>Ken\u0151anyag<\/td>\n<td>NLGI 000 #, 00 #, 0 #<\/td>\n<\/tr>\n<tr>\n<td>\u00dczemi h\u0151m\u00e9rs\u00e9klet<\/td>\n<td>0 \u00e9s +80 \u00b0C k\u00f6z\u00f6tt<\/td>\n<\/tr>\n<tr>\n<td>\u00dczemi nyom\u00e1s<\/td>\n<td>\u22651,5 MPa<\/td>\n<\/tr>\n<tr>\n<td>Nyom\u00e1s vissza\u00e1ll\u00edt\u00e1sa<\/td>\n<td>\u22640,5 MPa<\/td>\n<\/tr>\n<tr>\n<td>Csatlakoz\u00f3 szerelv\u00e9nyek<\/td>\n<td>Becsavarhat\u00f3, benyomhat\u00f3<\/td>\n<\/tr>\n<tr>\n<td>Meterial<\/td>\n<td>Alum\u00ednium \u00f6tv\u00f6zet + r\u00e9z<\/td>\n<\/tr>\n<tr>\n<td>Be\u00e9p\u00edt\u00e9si helyzet<\/td>\n<td>B\u00e1rmilyen<\/td>\n<\/tr>\n<\/tbody>\n<\/table>\n<h2>Alkalmaz\u00e1s<\/h2>\n<p>Ken\u0151rendszer: K\u00fcl\u00f6n\u00f6sen a szersz\u00e1mg\u00e9p-rendszerekben haszn\u00e1lj\u00e1k a ken\u0151olaj vagy zs\u00edr \u00e1raml\u00e1s\u00e1nak pontos szab\u00e1lyoz\u00e1s\u00e1ra.<br \/>\nNem szabv\u00e1nyos automatiz\u00e1l\u00e1si ipar: K\u00fcl\u00f6nf\u00e9le nem szabv\u00e1nyos automatiz\u00e1l\u00e1si g\u00e9pekhez haszn\u00e1lhat\u00f3, amelyek prec\u00edz olajken\u00e9st ig\u00e9nyelnek.<br \/>\nVegyipar \u00e9s gy\u00f3gyszeripar: Vegyszerek \u00e9s gy\u00f3gyszerek pontos m\u00e9r\u00e9s\u00e9re \u00e9s adagol\u00e1s\u00e1ra haszn\u00e1lj\u00e1k.<br \/>\nLaborat\u00f3riumok \u00e9s kutat\u00f3int\u00e9zetek: Olyan esetekben haszn\u00e1lj\u00e1k, amikor a k\u00eds\u00e9rletek sor\u00e1n a folyad\u00e9k\u00e1raml\u00e1s pontos szab\u00e1lyoz\u00e1s\u00e1ra van sz\u00fcks\u00e9g.<\/p>\n<h2>K\u00e9zik\u00f6nyvek<\/h2>\n<div class=\"sdm_download_button_box_default\"><div class=\"sdm_download_link\"><a href=\"https:\/\/www.jinpinlub.com\/hu\/?sdm_process_download=1&download_id=3070\" class=\"sdm_download white\" title=\"Mag\u00e1n: MUK Pressure-relief Distributor\" target=\"&quot;_blank&quot;\">Adatlap megtekint\u00e9se - MUK Forgalmaz\u00f3<\/a><\/div><\/div>","protected":false},"excerpt":{"rendered":"<p>A MUK adagol\u00f3k\u00e9sz\u00fcl\u00e9keket f\u0151k\u00e9nt egysoros zs\u00edrken\u0151rendszerek nyom\u00e1scs\u00f6kkent\u00e9s\u00e9re haszn\u00e1lj\u00e1k. F\u0151leg prec\u00edz ken\u00e9si k\u00f6vetelm\u00e9nyeket t\u00e1maszt\u00f3 g\u00e9p\u00e9szeti berendez\u00e9sekhez haszn\u00e1lj\u00e1k. El\u0151nye, hogy az egyes ken\u00e9si pontok \u00e1raml\u00e1si sebess\u00e9ge sz\u00fcks\u00e9g szerint \u00e1ll\u00edthat\u00f3.<\/p>","protected":false},"featured_media":3073,"template":"","meta":{"ocean_post_layout":"","ocean_both_sidebars_style":"","ocean_both_sidebars_content_width":0,"ocean_both_sidebars_sidebars_width":0,"ocean_sidebar":"0","ocean_second_sidebar":"0","ocean_disable_margins":"enable","ocean_add_body_class":"","ocean_shortcode_before_top_bar":"","ocean_shortcode_after_top_bar":"","ocean_shortcode_before_header":"","ocean_shortcode_after_header":"","ocean_has_shortcode":"","ocean_shortcode_after_title":"","ocean_shortcode_before_footer_widgets":"","ocean_shortcode_after_footer_widgets":"","ocean_shortcode_before_footer_bottom":"","ocean_shortcode_after_footer_bottom":"","ocean_display_top_bar":"default","ocean_display_header":"default","ocean_header_style":"","ocean_center_header_left_menu":"0","ocean_custom_header_template":"0","ocean_custom_logo":0,"ocean_custom_retina_logo":0,"ocean_custom_logo_max_width":0,"ocean_custom_logo_tablet_max_width":0,"ocean_custom_logo_mobile_max_width":0,"ocean_custom_logo_max_height":0,"ocean_custom_logo_tablet_max_height":0,"ocean_custom_logo_mobile_max_height":0,"ocean_header_custom_menu":"0","ocean_menu_typo_font_family":"0","ocean_menu_typo_font_subset":"","ocean_menu_typo_font_size":0,"ocean_menu_typo_font_size_tablet":0,"ocean_menu_typo_font_size_mobile":0,"ocean_menu_typo_font_size_unit":"px","ocean_menu_typo_font_weight":"","ocean_menu_typo_font_weight_tablet":"","ocean_menu_typo_font_weight_mobile":"","ocean_menu_typo_transform":"","ocean_menu_typo_transform_tablet":"","ocean_menu_typo_transform_mobile":"","ocean_menu_typo_line_height":0,"ocean_menu_typo_line_height_tablet":0,"ocean_menu_typo_line_height_mobile":0,"ocean_menu_typo_line_height_unit":"","ocean_menu_typo_spacing":0,"ocean_menu_typo_spacing_tablet":0,"ocean_menu_typo_spacing_mobile":0,"ocean_menu_typo_spacing_unit":"","ocean_menu_link_color":"","ocean_menu_link_color_hover":"","ocean_menu_link_color_active":"","ocean_menu_link_background":"","ocean_menu_link_hover_background":"","ocean_menu_link_active_background":"","ocean_menu_social_links_bg":"","ocean_menu_social_hover_links_bg":"","ocean_menu_social_links_color":"","ocean_menu_social_hover_links_color":"","ocean_disable_title":"default","ocean_disable_heading":"default","ocean_post_title":"","ocean_post_subheading":"","ocean_post_title_style":"","ocean_post_title_background_color":"","ocean_post_title_background":0,"ocean_post_title_bg_image_position":"","ocean_post_title_bg_image_attachment":"","ocean_post_title_bg_image_repeat":"","ocean_post_title_bg_image_size":"","ocean_post_title_height":0,"ocean_post_title_bg_overlay":0.5,"ocean_post_title_bg_overlay_color":"","ocean_disable_breadcrumbs":"default","ocean_breadcrumbs_color":"","ocean_breadcrumbs_separator_color":"","ocean_breadcrumbs_links_color":"","ocean_breadcrumbs_links_hover_color":"","ocean_display_footer_widgets":"default","ocean_display_footer_bottom":"default","ocean_custom_footer_template":"0","osh_disable_topbar_sticky":"default","osh_disable_header_sticky":"default","osh_sticky_header_style":"default","osh_sticky_header_effect":"","osh_custom_sticky_logo":0,"osh_custom_retina_sticky_logo":0,"osh_custom_sticky_logo_height":0,"osh_background_color":"","osh_links_color":"","osh_links_hover_color":"","osh_links_active_color":"","osh_links_bg_color":"","osh_links_hover_bg_color":"","osh_links_active_bg_color":"","osh_menu_social_links_color":"","osh_menu_social_hover_links_color":""},"product_brand":[],"product_cat":[40,37],"product_tag":[87,83,136],"class_list":{"0":"post-3071","1":"product","2":"type-product","3":"status-publish","4":"has-post-thumbnail","6":"product_cat-pressure-relief-metering-valves","7":"product_cat-single-line-grease-systems","8":"product_tag-grease-distributor","9":"product_tag-pressure-relief-distributor","10":"product_tag-single-line-system-distributor","12":"entry","13":"has-media","15":"first","16":"instock","17":"shipping-taxable","18":"product-type-external","19":"col","20":"span_1_of_3","21":"owp-content-center","22":"owp-thumbs-layout-horizontal","23":"owp-btn-very-big","24":"owp-tabs-layout-horizontal"},"_links":{"self":[{"href":"https:\/\/www.jinpinlub.com\/hu\/wp-json\/wp\/v2\/product\/3071","targetHints":{"allow":["GET"]}}],"collection":[{"href":"https:\/\/www.jinpinlub.com\/hu\/wp-json\/wp\/v2\/product"}],"about":[{"href":"https:\/\/www.jinpinlub.com\/hu\/wp-json\/wp\/v2\/types\/product"}],"wp:featuredmedia":[{"embeddable":true,"href":"https:\/\/www.jinpinlub.com\/hu\/wp-json\/wp\/v2\/media\/3073"}],"wp:attachment":[{"href":"https:\/\/www.jinpinlub.com\/hu\/wp-json\/wp\/v2\/media?parent=3071"}],"wp:term":[{"taxonomy":"product_brand","embeddable":true,"href":"https:\/\/www.jinpinlub.com\/hu\/wp-json\/wp\/v2\/product_brand?post=3071"},{"taxonomy":"product_cat","embeddable":true,"href":"https:\/\/www.jinpinlub.com\/hu\/wp-json\/wp\/v2\/product_cat?post=3071"},{"taxonomy":"product_tag","embeddable":true,"href":"https:\/\/www.jinpinlub.com\/hu\/wp-json\/wp\/v2\/product_tag?post=3071"}],"curies":[{"name":"wp","href":"https:\/\/api.w.org\/{rel}","templated":true}]}}