{"id":3180,"date":"2024-08-10T09:33:30","date_gmt":"2024-08-10T09:33:30","guid":{"rendered":"https:\/\/www.jinpinlub.com\/?post_type=product&#038;p=3180"},"modified":"2024-08-10T09:43:43","modified_gmt":"2024-08-10T09:43:43","slug":"cink-otvozet-egy-tipusu-eloszto-csomopont-mennyisegi-szelephez","status":"publish","type":"product","link":"https:\/\/www.jinpinlub.com\/hu\/product\/zinc-alloy-a-type-distributor-junction-for-quantitative-valve\/","title":{"rendered":"Cink \u00f6tv\u00f6zet A-t\u00edpus\u00fa eloszt\u00f3csatlakoz\u00f3 mennyis\u00e9gi szelephez"},"content":{"rendered":"<h2>Jellemz\u0151k<\/h2>\n<p><span id=\"input-sentence~1\">1. Ellen\u00e1ll egy bizonyos \u00fczemi nyom\u00e1snak, hogy biztos\u00edtsa a ken\u0151cs\u0151rendszer stabil m\u0171k\u00f6d\u00e9s\u00e9t.<br \/>\n2. Az A-t\u00edpus\u00fa eloszt\u00f3t egy nyom\u00f3persellyel \u00e9s egy nyom\u00f3h\u00fcvellyel kombin\u00e1lva haszn\u00e1lj\u00e1k az olajcs\u0151 r\u00f6gz\u00edt\u00e9s\u00e9re.<\/span><span id=\"input-sentence~2\"><br \/>\n3. Az A-t\u00edpus\u00fa eloszt\u00f3 egyir\u00e1ny\u00fa adagol\u00f3szelephez vagy ar\u00e1nyos nyom\u00f3csonkhoz csatlakoztathat\u00f3 ellen\u00e1ll\u00e1s-eloszt\u00f3 kialak\u00edt\u00e1s\u00e1hoz.<br \/>\n4. Az A-t\u00edpus\u00fa, \u00e9rv\u00e9gh\u00fcvelyes eloszt\u00f3nak nincsenek k\u00f6vetelm\u00e9nyei a cs\u0151anyaggal szemben. Nylon cs\u00f6vek, r\u00e9zcs\u00f6vek \u00e9s alum\u00edniumcs\u00f6vek egyar\u00e1nt haszn\u00e1lhat\u00f3k.<\/span><\/p>\n<h2>Specifik\u00e1ci\u00f3<\/h2>\n<table>\n<tbody>\n<tr>\n<td>M\u0171k\u00f6d\u00e9si elv<\/td>\n<td>Cink \u00f6tv\u00f6zet csom\u00f3pont<\/td>\n<\/tr>\n<tr>\n<td>Az \u00fczletek sz\u00e1ma<\/td>\n<td>2, 3, 4, 5, 6,7, 8, 10<\/td>\n<\/tr>\n<tr>\n<td>Ken\u0151anyag<\/td>\n<td>Zs\u00edr vagy olaj<\/td>\n<\/tr>\n<tr>\n<td>\u00dczemi h\u0151m\u00e9rs\u00e9klet<\/td>\n<td>(-20 \u2103 \u00e9s +60 \u00b0C k\u00f6z\u00f6tt)<\/td>\n<\/tr>\n<tr>\n<td>\u00dczemi nyom\u00e1s<\/td>\n<td>Max 420 bar<\/td>\n<\/tr>\n<tr>\n<td>Anyag<\/td>\n<td>Cink \u00f6tv\u00f6zet anyag<\/td>\n<\/tr>\n<tr>\n<td>Csatlakoz\u00e1s f\u0151vezet\u00e9k<\/td>\n<td>\u03a64 (M8x1), \u03a66 (M10x1)<\/td>\n<\/tr>\n<tr>\n<td>Csatlakoz\u00f3 kimenet<\/td>\n<td>\u03a64 (M8x1), \u03a66 (M10x1)<\/td>\n<\/tr>\n<tr>\n<td>Be\u00e9p\u00edt\u00e9si helyzet<\/td>\n<td>B\u00e1rmilyen<\/td>\n<\/tr>\n<\/tbody>\n<\/table>\n<h2>Alkalmaz\u00e1s<\/h2>\n<p>Tipikus, sz\u00e9les k\u00f6rben haszn\u00e1lt olajeloszt\u00f3k\u00e9nt eszterg\u00e1k, mar\u00f3g\u00e9pek, fr\u00f6ccs\u00f6nt\u0151 g\u00e9pek \u00e9s lyukaszt\u00f3g\u00e9pek k\u00f6zponti ken\u00e9si rendszer\u00e9ben haszn\u00e1lj\u00e1k, ez a mechanikus berendez\u00e9s alkalmazhat\u00f3.<br \/>\nk\u00fcl\u00f6nf\u00e9le olajvezet\u00e9kek \u00f6sszek\u00f6t\u00e9s\u00e9re, majd ken\u0151olaj eloszt\u00e1s\u00e1ra szolg\u00e1l. Biztos\u00edtja a z\u00f6kken\u0151mentes olajell\u00e1t\u00e1st minden ken\u00e9si ponton, ez\u00e1ltal meghosszabb\u00edtja a berendez\u00e9s \u00e9lettartam\u00e1t.<\/p>\n<h2>K\u00e9zik\u00f6nyvek<\/h2>\n<div class=\"sdm_download_button_box_default\"><div class=\"sdm_download_link\"><a href=\"https:\/\/www.jinpinlub.com\/hu\/?sdm_process_download=1&download_id=3176\" class=\"sdm_download white\" title=\"Mag\u00e1n: Type-A Distributor\" target=\"&quot;_blank&quot;\">Adatlap megtekint\u00e9se \u2013 A t\u00edpus\u00fa forgalmaz\u00f3<\/a><\/div><\/div>","protected":false},"excerpt":{"rendered":"<p>Az A-t\u00edpus\u00fa eloszt\u00f3 ken\u0151vezet\u00e9kekben haszn\u00e1lt eloszt\u00f3. Fr\u00f6ccs\u00f6nt\u0151-, nyomda-, csomagol\u00f3-, eszterga- \u00e9s mar\u00f3g\u00e9pek \u00e9s egy\u00e9b berendez\u00e9sek ken\u00e9si rendszereiben haszn\u00e1lj\u00e1k, el\u0151nyei a korr\u00f3zi\u00f3\u00e1ll\u00f3s\u00e1g \u00e9s a rozsda\u00e1ll\u00f3s\u00e1g.<\/p>","protected":false},"featured_media":3098,"template":"","meta":{"ocean_post_layout":"","ocean_both_sidebars_style":"","ocean_both_sidebars_content_width":0,"ocean_both_sidebars_sidebars_width":0,"ocean_sidebar":"0","ocean_second_sidebar":"0","ocean_disable_margins":"enable","ocean_add_body_class":"","ocean_shortcode_before_top_bar":"","ocean_shortcode_after_top_bar":"","ocean_shortcode_before_header":"","ocean_shortcode_after_header":"","ocean_has_shortcode":"","ocean_shortcode_after_title":"","ocean_shortcode_before_footer_widgets":"","ocean_shortcode_after_footer_widgets":"","ocean_shortcode_before_footer_bottom":"","ocean_shortcode_after_footer_bottom":"","ocean_display_top_bar":"default","ocean_display_header":"default","ocean_header_style":"","ocean_center_header_left_menu":"0","ocean_custom_header_template":"0","ocean_custom_logo":0,"ocean_custom_retina_logo":0,"ocean_custom_logo_max_width":0,"ocean_custom_logo_tablet_max_width":0,"ocean_custom_logo_mobile_max_width":0,"ocean_custom_logo_max_height":0,"ocean_custom_logo_tablet_max_height":0,"ocean_custom_logo_mobile_max_height":0,"ocean_header_custom_menu":"0","ocean_menu_typo_font_family":"0","ocean_menu_typo_font_subset":"","ocean_menu_typo_font_size":0,"ocean_menu_typo_font_size_tablet":0,"ocean_menu_typo_font_size_mobile":0,"ocean_menu_typo_font_size_unit":"px","ocean_menu_typo_font_weight":"","ocean_menu_typo_font_weight_tablet":"","ocean_menu_typo_font_weight_mobile":"","ocean_menu_typo_transform":"","ocean_menu_typo_transform_tablet":"","ocean_menu_typo_transform_mobile":"","ocean_menu_typo_line_height":0,"ocean_menu_typo_line_height_tablet":0,"ocean_menu_typo_line_height_mobile":0,"ocean_menu_typo_line_height_unit":"","ocean_menu_typo_spacing":0,"ocean_menu_typo_spacing_tablet":0,"ocean_menu_typo_spacing_mobile":0,"ocean_menu_typo_spacing_unit":"","ocean_menu_link_color":"","ocean_menu_link_color_hover":"","ocean_menu_link_color_active":"","ocean_menu_link_background":"","ocean_menu_link_hover_background":"","ocean_menu_link_active_background":"","ocean_menu_social_links_bg":"","ocean_menu_social_hover_links_bg":"","ocean_menu_social_links_color":"","ocean_menu_social_hover_links_color":"","ocean_disable_title":"default","ocean_disable_heading":"default","ocean_post_title":"","ocean_post_subheading":"","ocean_post_title_style":"","ocean_post_title_background_color":"","ocean_post_title_background":0,"ocean_post_title_bg_image_position":"","ocean_post_title_bg_image_attachment":"","ocean_post_title_bg_image_repeat":"","ocean_post_title_bg_image_size":"","ocean_post_title_height":0,"ocean_post_title_bg_overlay":0.5,"ocean_post_title_bg_overlay_color":"","ocean_disable_breadcrumbs":"default","ocean_breadcrumbs_color":"","ocean_breadcrumbs_separator_color":"","ocean_breadcrumbs_links_color":"","ocean_breadcrumbs_links_hover_color":"","ocean_display_footer_widgets":"default","ocean_display_footer_bottom":"default","ocean_custom_footer_template":"0","osh_disable_topbar_sticky":"default","osh_disable_header_sticky":"default","osh_sticky_header_style":"default","osh_sticky_header_effect":"","osh_custom_sticky_logo":0,"osh_custom_retina_sticky_logo":0,"osh_custom_sticky_logo_height":0,"osh_background_color":"","osh_links_color":"","osh_links_hover_color":"","osh_links_active_color":"","osh_links_bg_color":"","osh_links_hover_bg_color":"","osh_links_active_bg_color":"","osh_menu_social_links_color":"","osh_menu_social_hover_links_color":""},"product_brand":[],"product_cat":[53,50],"product_tag":[145,146,137],"class_list":{"0":"post-3180","1":"product","2":"type-product","3":"status-publish","4":"has-post-thumbnail","6":"product_cat-resistance-oil-distributors","7":"product_cat-resistance-thin-oil-systems","8":"product_tag-lubricating-oil-block","9":"product_tag-oil-circuit-accessories","10":"product_tag-resistance-distributor","12":"entry","13":"has-media","15":"first","16":"instock","17":"shipping-taxable","18":"product-type-external","19":"col","20":"span_1_of_3","21":"owp-content-center","22":"owp-thumbs-layout-horizontal","23":"owp-btn-very-big","24":"owp-tabs-layout-horizontal"},"_links":{"self":[{"href":"https:\/\/www.jinpinlub.com\/hu\/wp-json\/wp\/v2\/product\/3180","targetHints":{"allow":["GET"]}}],"collection":[{"href":"https:\/\/www.jinpinlub.com\/hu\/wp-json\/wp\/v2\/product"}],"about":[{"href":"https:\/\/www.jinpinlub.com\/hu\/wp-json\/wp\/v2\/types\/product"}],"wp:featuredmedia":[{"embeddable":true,"href":"https:\/\/www.jinpinlub.com\/hu\/wp-json\/wp\/v2\/media\/3098"}],"wp:attachment":[{"href":"https:\/\/www.jinpinlub.com\/hu\/wp-json\/wp\/v2\/media?parent=3180"}],"wp:term":[{"taxonomy":"product_brand","embeddable":true,"href":"https:\/\/www.jinpinlub.com\/hu\/wp-json\/wp\/v2\/product_brand?post=3180"},{"taxonomy":"product_cat","embeddable":true,"href":"https:\/\/www.jinpinlub.com\/hu\/wp-json\/wp\/v2\/product_cat?post=3180"},{"taxonomy":"product_tag","embeddable":true,"href":"https:\/\/www.jinpinlub.com\/hu\/wp-json\/wp\/v2\/product_tag?post=3180"}],"curies":[{"name":"wp","href":"https:\/\/api.w.org\/{rel}","templated":true}]}}