{"id":3184,"date":"2024-08-11T14:31:27","date_gmt":"2024-08-11T14:31:27","guid":{"rendered":"https:\/\/www.jinpinlub.com\/?post_type=product&#038;p=3184"},"modified":"2024-08-14T19:35:42","modified_gmt":"2024-08-14T19:35:42","slug":"csavarja-be-a-szerelvenyeket-visszacsapo-szeleppel-az-ssv-ssvd-elosztokhoz","status":"publish","type":"product","link":"https:\/\/www.jinpinlub.com\/hu\/product\/screw-in-fittings-with-check-valve-for-ssv-ssvd-distributors\/","title":{"rendered":"Becsavarhat\u00f3 szerelv\u00e9nyek visszacsap\u00f3 szeleppel SSV SSVD eloszt\u00f3khoz"},"content":{"rendered":"<h2>Jellemz\u0151k<\/h2>\n<p>1. Gyors telep\u00edt\u00e9s \u00e9s k\u00e9nyelmes: Az APV dugaszolhat\u00f3 visszacsap\u00f3 szelep csatlakoz\u00f3j\u00e1t \u00fagy tervezt\u00e9k, hogy a be\u00e9p\u00edt\u00e9si \u00e9s sz\u00e9tszerel\u00e9si folyamatokat nagyon nagy sebess\u00e9ggel v\u00e9gezze, ezzel nagym\u00e9rt\u00e9kben jav\u00edtva a munka hat\u00e9konys\u00e1g\u00e1t.<br \/>\n2. Megb\u00edzhat\u00f3 t\u00f6m\u00edt\u00e9s: Az SSV gyorscsatlakoz\u00f3s visszacsap\u00f3 szelep csatlakoz\u00f3ja hat\u00e9konyan elz\u00e1rja a k\u00f6zeget, \u00e9s megakad\u00e1lyozza annak sziv\u00e1rg\u00e1s\u00e1t a prec\u00edzi\u00f3s tervez\u00e9s\u0171 t\u00f6m\u00edt\u0151gy\u0171r\u0171kb\u0151l \u00e9s r\u00f6gz\u00edt\u0151gy\u0171r\u0171kb\u0151l \u00e1ll\u00f3 alapelemekkel.<br \/>\n3. A folyad\u00e9k ellenir\u00e1ny\u00fa \u00e1raml\u00e1s\u00e1nak megakad\u00e1lyoz\u00e1sa: Az APV visszacsap\u00f3 szelep kialak\u00edt\u00e1sa biztos\u00edtja, hogy a folyad\u00e9k ne \u00e1ramoljon visszafel\u00e9, ha lev\u00e1lasztj\u00e1k, ami d\u00f6nt\u0151 fontoss\u00e1g\u00fa a ken\u0151rendszer nyom\u00e1s\u00e1nak fenntart\u00e1sa \u00e9s a szennyez\u0151d\u00e9s elker\u00fcl\u00e9se szempontj\u00e1b\u00f3l.<\/p>\n<h2>Specifik\u00e1ci\u00f3<\/h2>\n<table>\n<tbody>\n<tr>\n<td>Modell<\/td>\n<td>Cs\u0151<\/td>\n<td>M sz\u00e1l<\/td>\n<td>Sz\u00e1l<\/td>\n<td>Hossz<\/td>\n<\/tr>\n<tr>\n<td>APV4<\/td>\n<td>\u03a64<\/td>\n<td>M10x1<\/td>\n<td>10 mm<\/td>\n<td>30 mm<\/td>\n<\/tr>\n<tr>\n<td>APV6<\/td>\n<td>\u03a66<\/td>\n<td>M10x1<\/td>\n<td>10 mm<\/td>\n<td>30 mm<\/td>\n<\/tr>\n<tr>\n<td>APV8<\/td>\n<td>\u03a68<\/td>\n<td>M10x1<\/td>\n<td>10 mm<\/td>\n<td>30 mm<\/td>\n<\/tr>\n<tr>\n<td>APV10<\/td>\n<td>\u03a610<\/td>\n<td>M10x1<\/td>\n<td>10 mm<\/td>\n<td>30 mm<\/td>\n<\/tr>\n<\/tbody>\n<\/table>\n<h2>Alkalmaz\u00e1s<\/h2>\n<p>Az APV gyorscsatlakoz\u00f3s visszacsap\u00f3 szelep csatlakoz\u00f3j\u00e1t f\u0151k\u00e9nt SSV, SSV-E, SSVD progressz\u00edv eloszt\u00f3kon haszn\u00e1lj\u00e1k. Ezt sz\u00e1mos ter\u00fcleten alkalmazz\u00e1k, p\u00e9ld\u00e1ul az iparban, az aut\u00f3iparban, valamint a rep\u00fcl\u0151g\u00e9piparban \u00e9s az orvosi berendez\u00e9sek ipar\u00e1ban.<\/p>\n<h2>K\u00e9zik\u00f6nyvek<\/h2>\n<div class=\"sdm_download_button_box_default\"><div class=\"sdm_download_link\"><a href=\"https:\/\/www.jinpinlub.com\/hu\/?sdm_process_download=1&download_id=3173\" class=\"sdm_download white\" title=\"Mag\u00e1n: PG\/FCB\/PDSV\/APV\" target=\"&quot;_blank&quot;\">Adatlap megtekint\u00e9se - PG\/FCB\/PDSV\/APV<\/a><\/div><\/div>","protected":false},"excerpt":{"rendered":"<p>Az SSV gyorsdug\u00f3s visszacsap\u00f3 szelep csatlakoz\u00f3ja egy gyorscsatlakoz\u00f3, amellyel szersz\u00e1m n\u00e9lk\u00fcl lehet cs\u00f6veket csatlakoztatni vagy lev\u00e1lasztani, \u00e9s alkalmas a folyad\u00e9k vissza\u00e1raml\u00e1s\u00e1nak megakad\u00e1lyoz\u00e1s\u00e1ra.<\/p>","protected":false},"featured_media":3099,"template":"","meta":{"ocean_post_layout":"","ocean_both_sidebars_style":"","ocean_both_sidebars_content_width":0,"ocean_both_sidebars_sidebars_width":0,"ocean_sidebar":"0","ocean_second_sidebar":"0","ocean_disable_margins":"enable","ocean_add_body_class":"","ocean_shortcode_before_top_bar":"","ocean_shortcode_after_top_bar":"","ocean_shortcode_before_header":"","ocean_shortcode_after_header":"","ocean_has_shortcode":"","ocean_shortcode_after_title":"","ocean_shortcode_before_footer_widgets":"","ocean_shortcode_after_footer_widgets":"","ocean_shortcode_before_footer_bottom":"","ocean_shortcode_after_footer_bottom":"","ocean_display_top_bar":"default","ocean_display_header":"default","ocean_header_style":"","ocean_center_header_left_menu":"0","ocean_custom_header_template":"0","ocean_custom_logo":0,"ocean_custom_retina_logo":0,"ocean_custom_logo_max_width":0,"ocean_custom_logo_tablet_max_width":0,"ocean_custom_logo_mobile_max_width":0,"ocean_custom_logo_max_height":0,"ocean_custom_logo_tablet_max_height":0,"ocean_custom_logo_mobile_max_height":0,"ocean_header_custom_menu":"0","ocean_menu_typo_font_family":"0","ocean_menu_typo_font_subset":"","ocean_menu_typo_font_size":0,"ocean_menu_typo_font_size_tablet":0,"ocean_menu_typo_font_size_mobile":0,"ocean_menu_typo_font_size_unit":"px","ocean_menu_typo_font_weight":"","ocean_menu_typo_font_weight_tablet":"","ocean_menu_typo_font_weight_mobile":"","ocean_menu_typo_transform":"","ocean_menu_typo_transform_tablet":"","ocean_menu_typo_transform_mobile":"","ocean_menu_typo_line_height":0,"ocean_menu_typo_line_height_tablet":0,"ocean_menu_typo_line_height_mobile":0,"ocean_menu_typo_line_height_unit":"","ocean_menu_typo_spacing":0,"ocean_menu_typo_spacing_tablet":0,"ocean_menu_typo_spacing_mobile":0,"ocean_menu_typo_spacing_unit":"","ocean_menu_link_color":"","ocean_menu_link_color_hover":"","ocean_menu_link_color_active":"","ocean_menu_link_background":"","ocean_menu_link_hover_background":"","ocean_menu_link_active_background":"","ocean_menu_social_links_bg":"","ocean_menu_social_hover_links_bg":"","ocean_menu_social_links_color":"","ocean_menu_social_hover_links_color":"","ocean_disable_title":"default","ocean_disable_heading":"default","ocean_post_title":"","ocean_post_subheading":"","ocean_post_title_style":"","ocean_post_title_background_color":"","ocean_post_title_background":0,"ocean_post_title_bg_image_position":"","ocean_post_title_bg_image_attachment":"","ocean_post_title_bg_image_repeat":"","ocean_post_title_bg_image_size":"","ocean_post_title_height":0,"ocean_post_title_bg_overlay":0.5,"ocean_post_title_bg_overlay_color":"","ocean_disable_breadcrumbs":"default","ocean_breadcrumbs_color":"","ocean_breadcrumbs_separator_color":"","ocean_breadcrumbs_links_color":"","ocean_breadcrumbs_links_hover_color":"","ocean_display_footer_widgets":"default","ocean_display_footer_bottom":"default","ocean_custom_footer_template":"0","osh_disable_topbar_sticky":"default","osh_disable_header_sticky":"default","osh_sticky_header_style":"default","osh_sticky_header_effect":"","osh_custom_sticky_logo":0,"osh_custom_retina_sticky_logo":0,"osh_custom_sticky_logo_height":0,"osh_background_color":"","osh_links_color":"","osh_links_hover_color":"","osh_links_active_color":"","osh_links_bg_color":"","osh_links_hover_bg_color":"","osh_links_active_bg_color":"","osh_menu_social_links_color":"","osh_menu_social_hover_links_color":""},"product_brand":[],"product_cat":[31],"product_tag":[148,149,147],"class_list":{"0":"post-3184","1":"product","2":"type-product","3":"status-publish","4":"has-post-thumbnail","6":"product_cat-lube-system-accessories","7":"product_tag-distributor-check-valve","8":"product_tag-ssv-distributor","9":"product_tag-ssv-pipe-fittings","11":"entry","12":"has-media","14":"first","15":"instock","16":"shipping-taxable","17":"product-type-external","18":"col","19":"span_1_of_3","20":"owp-content-center","21":"owp-thumbs-layout-horizontal","22":"owp-btn-very-big","23":"owp-tabs-layout-horizontal"},"_links":{"self":[{"href":"https:\/\/www.jinpinlub.com\/hu\/wp-json\/wp\/v2\/product\/3184","targetHints":{"allow":["GET"]}}],"collection":[{"href":"https:\/\/www.jinpinlub.com\/hu\/wp-json\/wp\/v2\/product"}],"about":[{"href":"https:\/\/www.jinpinlub.com\/hu\/wp-json\/wp\/v2\/types\/product"}],"wp:featuredmedia":[{"embeddable":true,"href":"https:\/\/www.jinpinlub.com\/hu\/wp-json\/wp\/v2\/media\/3099"}],"wp:attachment":[{"href":"https:\/\/www.jinpinlub.com\/hu\/wp-json\/wp\/v2\/media?parent=3184"}],"wp:term":[{"taxonomy":"product_brand","embeddable":true,"href":"https:\/\/www.jinpinlub.com\/hu\/wp-json\/wp\/v2\/product_brand?post=3184"},{"taxonomy":"product_cat","embeddable":true,"href":"https:\/\/www.jinpinlub.com\/hu\/wp-json\/wp\/v2\/product_cat?post=3184"},{"taxonomy":"product_tag","embeddable":true,"href":"https:\/\/www.jinpinlub.com\/hu\/wp-json\/wp\/v2\/product_tag?post=3184"}],"curies":[{"name":"wp","href":"https:\/\/api.w.org\/{rel}","templated":true}]}}