{"id":3186,"date":"2024-08-11T14:59:03","date_gmt":"2024-08-11T14:59:03","guid":{"rendered":"https:\/\/www.jinpinlub.com\/?post_type=product&#038;p=3186"},"modified":"2024-08-11T15:12:36","modified_gmt":"2024-08-11T15:12:36","slug":"lt5-huvelyes-eloszto-befecskendezo-szelep-volumetrikus-olajszivattyuhoz","status":"publish","type":"product","link":"https:\/\/www.jinpinlub.com\/hu\/termek\/lt5-huvelyes-eloszto-befecskendezo-szelep-volumetrikus-olajszivattyuhoz\/","title":{"rendered":"LT5 h\u00fcvely t\u00edpus\u00fa eloszt\u00f3 befecskendez\u0151 szelep t\u00e9rfogati olajszivatty\u00fahoz"},"content":{"rendered":"<h2>Jellemz\u0151k<\/h2>\n<p>1. Az LT pontos \u00e1raml\u00e1s\u00fa, vagyis minden ken\u00e9si ponton kiv\u00e1laszthat\u00f3 a sz\u00fcks\u00e9ges ken\u0151olaj mennyis\u00e9g.<br \/>\n2. T\u00e9rfogatm\u00e9r\u0151 szivatty\u00faval kell haszn\u00e1lni, hogy minden motorintervallumban \u00fcr\u00edtsen.<br \/>\n3. Az LT minden olajkimenet\u00e9hez tartozik egy jelz\u0151r\u00fad, amely vizu\u00e1lisan ellen\u0151rizheti a m\u0171k\u00f6d\u00e9st, \u00e9s a k\u00f6zel\u00edt\u00e9skapcsol\u00f3 vagy a mikrokapcsol\u00f3 opcion\u00e1lis.<br \/>\n4. A k\u00f6zel\u00edt\u00e9skapcsol\u00f3 szabv\u00e1nyos specifik\u00e1ci\u00f3ja az NC alaphelyzetben z\u00e1rt \u00e9rintkez\u0151, amely jelet gener\u00e1l, ha a jelz\u0151rudat nem \u00e9rz\u00e9keli, hogy elmozdul, \u00e9s NO norm\u00e1l nyitott \u00e9rintkez\u0151 is v\u00e1laszthat\u00f3.<br \/>\n5. A mikrokapcsol\u00f3t csak 0,5 cm3-es ki\u00f6ml\u0151 t\u00e9rfogat\u00fa olajkimenetre lehet felszerelni, \u00e9s NO alaphelyzetben nyitott \u00e9rintkez\u0151re \u00e1ll\u00edthat\u00f3, amely jelet ad, ha a motor mozog, vagy NC norm\u00e1l z\u00e1rt \u00e9rintkez\u0151re, amely jelet ad, amikor a motor szaggatott.<br \/>\n6. Az LT k\u00e9tf\u00e9le cs\u0151szerelv\u00e9ny k\u00f6z\u00fcl v\u00e1laszthat, a szabv\u00e1nyos szerel\u0151cs\u0151 \u00e9s a gyors dugaszolhat\u00f3 t\u00edpus.<\/p>\n<h2>Specifik\u00e1ci\u00f3<\/h2>\n<table>\n<tbody>\n<tr>\n<td>M\u0171k\u00f6d\u00e9si elv<\/td>\n<td>Pozit\u00edv elmozdul\u00e1s\u00fa injektor<\/td>\n<\/tr>\n<tr>\n<td>Outlets<\/td>\n<td>2, 3, 4, 5, 6, 7<\/td>\n<\/tr>\n<tr>\n<td>Olajmennyis\u00e9g adagol\u00e1sa<\/td>\n<td>0,1, 0,2, 0,3, 0,4, 0,5, 0,06 ml\/ciklus<\/td>\n<\/tr>\n<tr>\n<td>Ken\u0151anyag<\/td>\n<td>32-90 cSt 40 \u00b0C<\/td>\n<\/tr>\n<tr>\n<td>\u00dczemi h\u0151m\u00e9rs\u00e9klet<\/td>\n<td>0 \u00e9s +80 \u00b0C k\u00f6z\u00f6tt<\/td>\n<\/tr>\n<tr>\n<td>\u00dczemi nyom\u00e1s<\/td>\n<td>8-30 bar<\/td>\n<\/tr>\n<tr>\n<td>Anyag<\/td>\n<td>Cink pr\u00e9s\u00f6ntv\u00e9ny, s\u00e1rgar\u00e9z<\/td>\n<\/tr>\n<tr>\n<td>Csatlakoz\u00f3 kimenet<\/td>\n<td>Bemenet \u03a66 (M10x1), Kimenet \u03a64 (M8x1)<\/td>\n<\/tr>\n<tr>\n<td>Kimeneti szerelv\u00e9nyek<\/td>\n<td>Ujj t\u00edpus, Gyors t\u00edpus<\/td>\n<\/tr>\n<tr>\n<td>Be\u00e9p\u00edt\u00e9si helyzet<\/td>\n<td>B\u00e1rmilyen<\/td>\n<\/tr>\n<\/tbody>\n<\/table>\n<h2>Alapelv<\/h2>\n<p>Az LT nyom\u00e1scs\u00f6kkent\u0151 v\u00e9konyolaj-eloszt\u00f3 m\u0171k\u00f6d\u00e9si elve els\u0151sorban az olajinjektor m\u0171k\u00f6d\u00e9s\u00e9t\u0151l \u00e9s nyom\u00e1scs\u00f6kkent\u0151 mechanizmus\u00e1t\u00f3l f\u00fcgg. Amikor a ken\u0151szivatty\u00fa m\u0171k\u00f6dik, ken\u0151olajat sz\u00e1ll\u00edt az eloszt\u00f3hoz. Amikor az eloszt\u00f3 megtelik ken\u0151olajjal, az olajoz\u00f3g\u00e9p le\u00e1ll, \u00e9s nyom\u00e1st enged. Ekkor az LT eloszt\u00f3 belsej\u00e9ben l\u00e9v\u0151 rug\u00f3 megnyomja a dugatty\u00fat, \u00e9s el\u0151re meghat\u00e1rozott mennyis\u00e9g\u0171 ken\u0151olajat juttat az egyes ken\u00e9si pontokhoz.<\/p>\n<h2>K\u00e9zik\u00f6nyvek<\/h2>\n<div class=\"sdm_download_button_box_default\"><div class=\"sdm_download_link\"><a href=\"https:\/\/www.jinpinlub.com\/hu\/?sdm_process_download=1&download_id=2475\" class=\"sdm_download white\" title=\"Mag\u00e1n: LT Pressure-relief Distributor\" target=\"&quot;_blank&quot;\">Adatlap megtekint\u00e9se \u2013 LT forgalmaz\u00f3<\/a><\/div><\/div>","protected":false},"excerpt":{"rendered":"<p>A nyom\u00e1scs\u00f6kkent\u0151 v\u00e9konyolaj-eloszt\u00f3 ken\u0151rendszerekben haszn\u00e1lt eszk\u00f6z a ken\u0151olaj prec\u00edz eloszt\u00e1s\u00e1ra. A mennyis\u00e9gi olajell\u00e1t\u00e1st az olajbefecskendez\u0151 szelep m\u0171k\u00f6d\u00e9se \u00e9s nyom\u00e1scs\u00f6kkent\u00e9se r\u00e9v\u00e9n \u00e9ri el, \u00e9s amikor a szivatty\u00fa nyom\u00e1st enged, az LT olajat bocs\u00e1t ki.<\/p>","protected":false},"featured_media":3103,"template":"","meta":{"ocean_post_layout":"","ocean_both_sidebars_style":"","ocean_both_sidebars_content_width":0,"ocean_both_sidebars_sidebars_width":0,"ocean_sidebar":"0","ocean_second_sidebar":"0","ocean_disable_margins":"enable","ocean_add_body_class":"","ocean_shortcode_before_top_bar":"","ocean_shortcode_after_top_bar":"","ocean_shortcode_before_header":"","ocean_shortcode_after_header":"","ocean_has_shortcode":"","ocean_shortcode_after_title":"","ocean_shortcode_before_footer_widgets":"","ocean_shortcode_after_footer_widgets":"","ocean_shortcode_before_footer_bottom":"","ocean_shortcode_after_footer_bottom":"","ocean_display_top_bar":"default","ocean_display_header":"default","ocean_header_style":"","ocean_center_header_left_menu":"0","ocean_custom_header_template":"0","ocean_custom_logo":0,"ocean_custom_retina_logo":0,"ocean_custom_logo_max_width":0,"ocean_custom_logo_tablet_max_width":0,"ocean_custom_logo_mobile_max_width":0,"ocean_custom_logo_max_height":0,"ocean_custom_logo_tablet_max_height":0,"ocean_custom_logo_mobile_max_height":0,"ocean_header_custom_menu":"0","ocean_menu_typo_font_family":"0","ocean_menu_typo_font_subset":"","ocean_menu_typo_font_size":0,"ocean_menu_typo_font_size_tablet":0,"ocean_menu_typo_font_size_mobile":0,"ocean_menu_typo_font_size_unit":"px","ocean_menu_typo_font_weight":"","ocean_menu_typo_font_weight_tablet":"","ocean_menu_typo_font_weight_mobile":"","ocean_menu_typo_transform":"","ocean_menu_typo_transform_tablet":"","ocean_menu_typo_transform_mobile":"","ocean_menu_typo_line_height":0,"ocean_menu_typo_line_height_tablet":0,"ocean_menu_typo_line_height_mobile":0,"ocean_menu_typo_line_height_unit":"","ocean_menu_typo_spacing":0,"ocean_menu_typo_spacing_tablet":0,"ocean_menu_typo_spacing_mobile":0,"ocean_menu_typo_spacing_unit":"","ocean_menu_link_color":"","ocean_menu_link_color_hover":"","ocean_menu_link_color_active":"","ocean_menu_link_background":"","ocean_menu_link_hover_background":"","ocean_menu_link_active_background":"","ocean_menu_social_links_bg":"","ocean_menu_social_hover_links_bg":"","ocean_menu_social_links_color":"","ocean_menu_social_hover_links_color":"","ocean_disable_title":"default","ocean_disable_heading":"default","ocean_post_title":"","ocean_post_subheading":"","ocean_post_title_style":"","ocean_post_title_background_color":"","ocean_post_title_background":0,"ocean_post_title_bg_image_position":"","ocean_post_title_bg_image_attachment":"","ocean_post_title_bg_image_repeat":"","ocean_post_title_bg_image_size":"","ocean_post_title_height":0,"ocean_post_title_bg_overlay":0.5,"ocean_post_title_bg_overlay_color":"","ocean_disable_breadcrumbs":"default","ocean_breadcrumbs_color":"","ocean_breadcrumbs_separator_color":"","ocean_breadcrumbs_links_color":"","ocean_breadcrumbs_links_hover_color":"","ocean_display_footer_widgets":"default","ocean_display_footer_bottom":"default","ocean_custom_footer_template":"0","osh_disable_topbar_sticky":"default","osh_disable_header_sticky":"default","osh_sticky_header_style":"default","osh_sticky_header_effect":"","osh_custom_sticky_logo":0,"osh_custom_retina_sticky_logo":0,"osh_custom_sticky_logo_height":0,"osh_background_color":"","osh_links_color":"","osh_links_hover_color":"","osh_links_active_color":"","osh_links_bg_color":"","osh_links_hover_bg_color":"","osh_links_active_bg_color":"","osh_menu_social_links_color":"","osh_menu_social_hover_links_color":""},"product_brand":[],"product_cat":[47,49],"product_tag":[150,82,83],"class_list":{"0":"post-3186","1":"product","2":"type-product","3":"status-publish","4":"has-post-thumbnail","6":"product_cat-volumetric-thin-oil-systems","7":"product_cat-volumetric-oil-injectors","8":"product_tag-oil-lubrication-distributor","9":"product_tag-positive-displacement-injector","10":"product_tag-pressure-relief-distributor","12":"entry","13":"has-media","15":"first","16":"instock","17":"shipping-taxable","18":"product-type-external","19":"col","20":"span_1_of_3","21":"owp-content-center","22":"owp-thumbs-layout-horizontal","23":"owp-btn-very-big","24":"owp-tabs-layout-horizontal"},"_links":{"self":[{"href":"https:\/\/www.jinpinlub.com\/hu\/wp-json\/wp\/v2\/product\/3186","targetHints":{"allow":["GET"]}}],"collection":[{"href":"https:\/\/www.jinpinlub.com\/hu\/wp-json\/wp\/v2\/product"}],"about":[{"href":"https:\/\/www.jinpinlub.com\/hu\/wp-json\/wp\/v2\/types\/product"}],"wp:featuredmedia":[{"embeddable":true,"href":"https:\/\/www.jinpinlub.com\/hu\/wp-json\/wp\/v2\/media\/3103"}],"wp:attachment":[{"href":"https:\/\/www.jinpinlub.com\/hu\/wp-json\/wp\/v2\/media?parent=3186"}],"wp:term":[{"taxonomy":"product_brand","embeddable":true,"href":"https:\/\/www.jinpinlub.com\/hu\/wp-json\/wp\/v2\/product_brand?post=3186"},{"taxonomy":"product_cat","embeddable":true,"href":"https:\/\/www.jinpinlub.com\/hu\/wp-json\/wp\/v2\/product_cat?post=3186"},{"taxonomy":"product_tag","embeddable":true,"href":"https:\/\/www.jinpinlub.com\/hu\/wp-json\/wp\/v2\/product_tag?post=3186"}],"curies":[{"name":"wp","href":"https:\/\/api.w.org\/{rel}","templated":true}]}}