{"id":3188,"date":"2024-08-11T17:22:28","date_gmt":"2024-08-11T17:22:28","guid":{"rendered":"https:\/\/www.jinpinlub.com\/?post_type=product&#038;p=3188"},"modified":"2024-08-14T19:38:05","modified_gmt":"2024-08-14T19:38:05","slug":"m35-ketegyseges-fekete-acel-nyomasmero-kenoszivattyuhoz","status":"publish","type":"product","link":"https:\/\/www.jinpinlub.com\/hu\/product\/m35-dual-unit-black-steel-pressure-gauge-for-lubrication-pump\/","title":{"rendered":"M35 k\u00e9tegys\u00e9ges fekete ac\u00e9l nyom\u00e1sm\u00e9r\u0151 ken\u0151szivatty\u00fahoz"},"content":{"rendered":"<h2>Jellemz\u0151k<\/h2>\n<p>1. Megb\u00edzhat\u00f3, kis \u00e1tm\u00e9r\u0151j\u0171, alacsony profil\u00fa idomszer.<br \/>\n2. A nyom\u00e1sm\u00e9r\u0151 fed\u0151anyaga gombszer\u0171 \u00e1tl\u00e1tsz\u00f3 akril.<br \/>\n3. A nyom\u00e1sm\u00e9r\u0151 cs\u0151 anyaga kiv\u00e1l\u00f3 min\u0151s\u00e9g\u0171 r\u00e9z.<br \/>\n4. Az M35 nyom\u00e1sm\u00e9r\u0151 f\u00e9m burkolata er\u0151s \u00e9s tart\u00f3s.<br \/>\n5. A nyom\u00e1sm\u00e9r\u0151 h\u00e9j galvaniz\u00e1lt vash\u00e9jat alkalmaz, amely j\u00f3 szerepet j\u00e1tszhat a korr\u00f3zi\u00f3\u00e1ll\u00f3s\u00e1gban.<br \/>\n6. Az M35 fejm\u00e9rleg metrikus \u00e9s angolsz\u00e1sz m\u00e9rt\u00e9kegys\u00e9gekkel rendelkezik.<\/p>\n<h2>Specifik\u00e1ci\u00f3<\/h2>\n<table>\n<tbody>\n<tr>\n<td>Modell<\/td>\n<td>B\u00e1r<\/td>\n<td>Sz\u00e9less\u00e9g<\/td>\n<td>Hossz<\/td>\n<td>\u00cdrja be<\/td>\n<\/tr>\n<tr>\n<td>M-15<\/td>\n<td>15<\/td>\n<td>40 mm<\/td>\n<td>38 mm<\/td>\n<td>Sz\u00e1raz<\/td>\n<\/tr>\n<tr>\n<td>M-40<\/td>\n<td>40<\/td>\n<td>40 mm<\/td>\n<td>38 mm<\/td>\n<td>Sz\u00e1raz<\/td>\n<\/tr>\n<tr>\n<td>MB-40<\/td>\n<td>40<\/td>\n<td>47 mm<\/td>\n<td>60 mm<\/td>\n<td>Olaj<\/td>\n<\/tr>\n<tr>\n<td>MB-60<\/td>\n<td>60<\/td>\n<td>47 mm<\/td>\n<td>60 mm<\/td>\n<td>Olaj<\/td>\n<\/tr>\n<tr>\n<td>MB-100<\/td>\n<td>100<\/td>\n<td>47 mm<\/td>\n<td>60 mm<\/td>\n<td>Olaj<\/td>\n<\/tr>\n<tr>\n<td>MB-250<\/td>\n<td>250<\/td>\n<td>58 mm<\/td>\n<td>75 mm<\/td>\n<td>Olaj<\/td>\n<\/tr>\n<tr>\n<td>MB-400<\/td>\n<td>400<\/td>\n<td>58 mm<\/td>\n<td>75 mm<\/td>\n<td>Olaj<\/td>\n<\/tr>\n<tr>\n<td>MB-600<\/td>\n<td>600<\/td>\n<td>58 mm<\/td>\n<td>75 mm<\/td>\n<td>Olaj<\/td>\n<\/tr>\n<tr>\n<td>MB-700<\/td>\n<td>700<\/td>\n<td>58 mm<\/td>\n<td>75 mm<\/td>\n<td>Olaj<\/td>\n<\/tr>\n<\/tbody>\n<\/table>\n<h2>Alapelv<\/h2>\n<p>Az M35 nyom\u00e1sm\u00e9r\u0151 m\u0171k\u00f6d\u00e9si elve, hogy rugalmasan \u00e9rz\u00e9keny elemeket (p\u00e9ld\u00e1ul rug\u00f3cs\u00f6veket) haszn\u00e1lnak nyom\u00e1s alatti rugalmas alakv\u00e1ltoz\u00e1sok l\u00e9trehoz\u00e1s\u00e1ra, \u00e9s az alakv\u00e1ltoz\u00e1s nagys\u00e1ga line\u00e1risan \u00f6sszef\u00fcgg az alkalmazott nyom\u00e1ssal. A m\u00e9rt nyom\u00e1st az \u00e1tviteli mechanizmus feler\u0151s\u00edti, a mutat\u00f3 pedig a m\u00e9rt nyom\u00e1st jelzi a t\u00e1rcs\u00e1n.<\/p>\n<h2>K\u00e9zik\u00f6nyvek<\/h2>\n<div class=\"sdm_download_button_box_default\"><div class=\"sdm_download_link\"><a href=\"https:\/\/www.jinpinlub.com\/hu\/?sdm_process_download=1&download_id=3175\" class=\"sdm_download white\" title=\"Mag\u00e1n: PS\/F\/MF\/MFB\/M\/MB\" target=\"&quot;_blank&quot;\">Adatlap megtekint\u00e9se - PS\/F\/MF\/MFB\/M\/MB<\/a><\/div><\/div>","protected":false},"excerpt":{"rendered":"<p>Az M35 nyom\u00e1sm\u00e9r\u0151t \u00e1ltal\u00e1nos nyom\u00e1sm\u00e9r\u00e9sre haszn\u00e1lj\u00e1k sz\u00e1mos ipar\u00e1gban, bele\u00e9rtve a tudom\u00e1nyos kutat\u00e1st is. Ez a nyom\u00e1sm\u00e9r\u0151 ide\u00e1lis ken\u0151szivatty\u00fa-rendszerekhez, folyad\u00e9kok nyom\u00e1s\u00e1nak kis tartom\u00e1nyon bel\u00fcli m\u00e9r\u00e9s\u00e9re.<\/p>","protected":false},"featured_media":3108,"template":"","meta":{"ocean_post_layout":"","ocean_both_sidebars_style":"","ocean_both_sidebars_content_width":0,"ocean_both_sidebars_sidebars_width":0,"ocean_sidebar":"0","ocean_second_sidebar":"0","ocean_disable_margins":"enable","ocean_add_body_class":"","ocean_shortcode_before_top_bar":"","ocean_shortcode_after_top_bar":"","ocean_shortcode_before_header":"","ocean_shortcode_after_header":"","ocean_has_shortcode":"","ocean_shortcode_after_title":"","ocean_shortcode_before_footer_widgets":"","ocean_shortcode_after_footer_widgets":"","ocean_shortcode_before_footer_bottom":"","ocean_shortcode_after_footer_bottom":"","ocean_display_top_bar":"default","ocean_display_header":"default","ocean_header_style":"","ocean_center_header_left_menu":"0","ocean_custom_header_template":"0","ocean_custom_logo":0,"ocean_custom_retina_logo":0,"ocean_custom_logo_max_width":0,"ocean_custom_logo_tablet_max_width":0,"ocean_custom_logo_mobile_max_width":0,"ocean_custom_logo_max_height":0,"ocean_custom_logo_tablet_max_height":0,"ocean_custom_logo_mobile_max_height":0,"ocean_header_custom_menu":"0","ocean_menu_typo_font_family":"0","ocean_menu_typo_font_subset":"","ocean_menu_typo_font_size":0,"ocean_menu_typo_font_size_tablet":0,"ocean_menu_typo_font_size_mobile":0,"ocean_menu_typo_font_size_unit":"px","ocean_menu_typo_font_weight":"","ocean_menu_typo_font_weight_tablet":"","ocean_menu_typo_font_weight_mobile":"","ocean_menu_typo_transform":"","ocean_menu_typo_transform_tablet":"","ocean_menu_typo_transform_mobile":"","ocean_menu_typo_line_height":0,"ocean_menu_typo_line_height_tablet":0,"ocean_menu_typo_line_height_mobile":0,"ocean_menu_typo_line_height_unit":"","ocean_menu_typo_spacing":0,"ocean_menu_typo_spacing_tablet":0,"ocean_menu_typo_spacing_mobile":0,"ocean_menu_typo_spacing_unit":"","ocean_menu_link_color":"","ocean_menu_link_color_hover":"","ocean_menu_link_color_active":"","ocean_menu_link_background":"","ocean_menu_link_hover_background":"","ocean_menu_link_active_background":"","ocean_menu_social_links_bg":"","ocean_menu_social_hover_links_bg":"","ocean_menu_social_links_color":"","ocean_menu_social_hover_links_color":"","ocean_disable_title":"default","ocean_disable_heading":"default","ocean_post_title":"","ocean_post_subheading":"","ocean_post_title_style":"","ocean_post_title_background_color":"","ocean_post_title_background":0,"ocean_post_title_bg_image_position":"","ocean_post_title_bg_image_attachment":"","ocean_post_title_bg_image_repeat":"","ocean_post_title_bg_image_size":"","ocean_post_title_height":0,"ocean_post_title_bg_overlay":0.5,"ocean_post_title_bg_overlay_color":"","ocean_disable_breadcrumbs":"default","ocean_breadcrumbs_color":"","ocean_breadcrumbs_separator_color":"","ocean_breadcrumbs_links_color":"","ocean_breadcrumbs_links_hover_color":"","ocean_display_footer_widgets":"default","ocean_display_footer_bottom":"default","ocean_custom_footer_template":"0","osh_disable_topbar_sticky":"default","osh_disable_header_sticky":"default","osh_sticky_header_style":"default","osh_sticky_header_effect":"","osh_custom_sticky_logo":0,"osh_custom_retina_sticky_logo":0,"osh_custom_sticky_logo_height":0,"osh_background_color":"","osh_links_color":"","osh_links_hover_color":"","osh_links_active_color":"","osh_links_bg_color":"","osh_links_hover_bg_color":"","osh_links_active_bg_color":"","osh_menu_social_links_color":"","osh_menu_social_hover_links_color":""},"product_brand":[],"product_cat":[31],"product_tag":[153,152,151],"class_list":{"0":"post-3188","1":"product","2":"type-product","3":"status-publish","4":"has-post-thumbnail","6":"product_cat-lube-system-accessories","7":"product_tag-grease-pump-pressure-gauge","8":"product_tag-oil-pump-pressure-gauge","9":"product_tag-pressure-gauge","11":"entry","12":"has-media","14":"first","15":"instock","16":"shipping-taxable","17":"product-type-external","18":"col","19":"span_1_of_3","20":"owp-content-center","21":"owp-thumbs-layout-horizontal","22":"owp-btn-very-big","23":"owp-tabs-layout-horizontal"},"_links":{"self":[{"href":"https:\/\/www.jinpinlub.com\/hu\/wp-json\/wp\/v2\/product\/3188","targetHints":{"allow":["GET"]}}],"collection":[{"href":"https:\/\/www.jinpinlub.com\/hu\/wp-json\/wp\/v2\/product"}],"about":[{"href":"https:\/\/www.jinpinlub.com\/hu\/wp-json\/wp\/v2\/types\/product"}],"wp:featuredmedia":[{"embeddable":true,"href":"https:\/\/www.jinpinlub.com\/hu\/wp-json\/wp\/v2\/media\/3108"}],"wp:attachment":[{"href":"https:\/\/www.jinpinlub.com\/hu\/wp-json\/wp\/v2\/media?parent=3188"}],"wp:term":[{"taxonomy":"product_brand","embeddable":true,"href":"https:\/\/www.jinpinlub.com\/hu\/wp-json\/wp\/v2\/product_brand?post=3188"},{"taxonomy":"product_cat","embeddable":true,"href":"https:\/\/www.jinpinlub.com\/hu\/wp-json\/wp\/v2\/product_cat?post=3188"},{"taxonomy":"product_tag","embeddable":true,"href":"https:\/\/www.jinpinlub.com\/hu\/wp-json\/wp\/v2\/product_tag?post=3188"}],"curies":[{"name":"wp","href":"https:\/\/api.w.org\/{rel}","templated":true}]}}