{"id":3189,"date":"2024-08-11T17:36:24","date_gmt":"2024-08-11T17:36:24","guid":{"rendered":"https:\/\/www.jinpinlub.com\/?post_type=product&#038;p=3189"},"modified":"2024-08-14T19:37:57","modified_gmt":"2024-08-14T19:37:57","slug":"mb40-sargarez-menetes-also-csatlakozas-fekete-nyomasmero","status":"publish","type":"product","link":"https:\/\/www.jinpinlub.com\/hu\/product\/mb40-brass-thread-bottom-connection-black-pressure-gauge\/","title":{"rendered":"MB40 s\u00e1rgar\u00e9z menetes als\u00f3 csatlakoz\u00e1s fekete nyom\u00e1sm\u00e9r\u0151"},"content":{"rendered":"<h2>Jellemz\u0151k<\/h2>\n<p>Telep\u00edt\u00e9s \u00e9s be\u00e1ll\u00edt\u00e1s:<br \/>\nPontoss\u00e1gi fokozat: Az adott ken\u0151szivatty\u00fa-rendszer alkalmaz\u00e1s\u00e1nak saj\u00e1toss\u00e1gai alapj\u00e1n v\u00e1lassza ki a k\u00edv\u00e1nt pontoss\u00e1gi fokozat\u00fa nyom\u00e1sm\u00e9r\u0151t.<br \/>\nBe\u00e9p\u00edt\u00e9si hely: A nyom\u00e1sm\u00e9r\u0151t megfelel\u0151 helyre kell felszerelni a ken\u0151szivatty\u00fara, hogy a jelz\u00e9s pontosan t\u00fckr\u00f6zze a rendszer \u00fczemi nyom\u00e1s\u00e1t.<br \/>\nBe\u00e1ll\u00edt\u00e1si elj\u00e1r\u00e1s: V\u00e1ltoztassa meg a rendszer nyom\u00e1s\u00e1t a ken\u0151szivatty\u00fa nyom\u00e1sszab\u00e1lyoz\u00f3 szelep\u00e9nek be\u00e1ll\u00edt\u00e1s\u00e1val. Az \u00f3ramutat\u00f3 j\u00e1r\u00e1s\u00e1val megegyez\u0151 ir\u00e1ny\u00fa forgat\u00e1s n\u00f6veli a nyom\u00e1st; az \u00f3ramutat\u00f3 j\u00e1r\u00e1s\u00e1val ellent\u00e9tes ir\u00e1ny\u00fa forgat\u00e1s cs\u00f6kkenti a nyom\u00e1st. Lassan \u00e1ll\u00edtsa be a rendszer t\u00falfesz\u00fclts\u00e9g\u00e9nek elker\u00fcl\u00e9se \u00e9rdek\u00e9ben.<\/p>\n<h2>Specifik\u00e1ci\u00f3<\/h2>\n<table>\n<tbody>\n<tr>\n<td>Modell<\/td>\n<td>B\u00e1r<\/td>\n<td>Sz\u00e9less\u00e9g<\/td>\n<td>Hossz<\/td>\n<td>\u00cdrja be<\/td>\n<\/tr>\n<tr>\n<td>M-15<\/td>\n<td>15<\/td>\n<td>40 mm<\/td>\n<td>38 mm<\/td>\n<td>Sz\u00e1raz<\/td>\n<\/tr>\n<tr>\n<td>M-40<\/td>\n<td>40<\/td>\n<td>40 mm<\/td>\n<td>38 mm<\/td>\n<td>Sz\u00e1raz<\/td>\n<\/tr>\n<tr>\n<td>MB-40<\/td>\n<td>40<\/td>\n<td>47 mm<\/td>\n<td>60 mm<\/td>\n<td>Olaj<\/td>\n<\/tr>\n<tr>\n<td>MB-60<\/td>\n<td>60<\/td>\n<td>47 mm<\/td>\n<td>60 mm<\/td>\n<td>Olaj<\/td>\n<\/tr>\n<tr>\n<td>MB-100<\/td>\n<td>100<\/td>\n<td>47 mm<\/td>\n<td>60 mm<\/td>\n<td>Olaj<\/td>\n<\/tr>\n<tr>\n<td>MB-250<\/td>\n<td>250<\/td>\n<td>58 mm<\/td>\n<td>75 mm<\/td>\n<td>Olaj<\/td>\n<\/tr>\n<tr>\n<td>MB-400<\/td>\n<td>400<\/td>\n<td>58 mm<\/td>\n<td>75 mm<\/td>\n<td>Olaj<\/td>\n<\/tr>\n<tr>\n<td>MB-600<\/td>\n<td>600<\/td>\n<td>58 mm<\/td>\n<td>75 mm<\/td>\n<td>Olaj<\/td>\n<\/tr>\n<tr>\n<td>MB-700<\/td>\n<td>700<\/td>\n<td>58 mm<\/td>\n<td>75 mm<\/td>\n<td>Olaj<\/td>\n<\/tr>\n<\/tbody>\n<\/table>\n<h2>Alapelv<\/h2>\n<p>1. A ken\u0151szivatty\u00fa nyom\u00e1sa, amely a nyom\u00e1sm\u00e9r\u0151ben l\u00e9v\u0151 rugalmas elem\u00e9re hat, ennek megfelel\u0151en \u00e9s a nyom\u00e1ssal ar\u00e1nyosan rugalmasan deform\u00e1l\u00f3dik.<br \/>\n2. Ahogy az er\u0151\u00e1tviteli mechanizmus halad, a mutat\u00f3 a nyom\u00e1sm\u00e9r\u0151 sz\u00e1mlapja ment\u00e9n mozog, \u00e9s v\u00e9g\u00fcl meg\u00e1ll a szivatty\u00fa nyom\u00e1s\u00e1t jelz\u0151 sk\u00e1la\u00e9rt\u00e9kn\u00e9l.<br \/>\n3. Az \u201eolajba mer\u00fcl\u0151\u201d azt jelenti, hogy a nyom\u00e1sm\u00e9r\u0151 belseje olajjal van felt\u00f6ltve. Ez egy hasznos kialak\u00edt\u00e1s az elasztikus elem oxid\u00e1ci\u00f3j\u00e1nak \u00e9s korr\u00f3zi\u00f3j\u00e1nak cs\u00f6kkent\u00e9s\u00e9ben, ez\u00e1ltal jav\u00edtva a nyom\u00e1sm\u00e9r\u0151 stabilit\u00e1s\u00e1t \u00e9s \u00e9lettartam\u00e1t. M\u00e1sr\u00e9szt az olaj tomp\u00edthatja a r\u00e1zk\u00f3d\u00e1st \u00e9s cs\u00f6kkentheti az \u00fct\u00e9st, \u00e9s pontosabb\u00e1 teheti a nyom\u00e1sm\u00e9r\u0151 leolvas\u00e1s\u00e1t.<\/p>\n<h2>K\u00e9zik\u00f6nyvek<\/h2>\n<div class=\"sdm_download_button_box_default\"><div class=\"sdm_download_link\"><a href=\"https:\/\/www.jinpinlub.com\/hu\/?sdm_process_download=1&download_id=3175\" class=\"sdm_download white\" title=\"Mag\u00e1n: PS\/F\/MF\/MFB\/M\/MB\" target=\"&quot;_blank&quot;\">Adatlap megtekint\u00e9se - PS\/F\/MF\/MFB\/M\/MB<\/a><\/div><\/div>","protected":false},"excerpt":{"rendered":"<p>A 4 MPa nyom\u00e1sm\u00e9r\u0151 a ken\u0151szivatty\u00fa \u00fczemi nyom\u00e1s\u00e1nak ellen\u0151rz\u00e9s\u00e9re szolg\u00e1l, hogy a rendszer nyom\u00e1sa biztons\u00e1gos tartom\u00e1nyon bel\u00fcl legyen, ezzel biztos\u00edtva a ken\u00e9si hat\u00e1st \u00e9s a berendez\u00e9s biztons\u00e1gos m\u0171k\u00f6d\u00e9s\u00e9t.<\/p>","protected":false},"featured_media":3112,"template":"","meta":{"ocean_post_layout":"","ocean_both_sidebars_style":"","ocean_both_sidebars_content_width":0,"ocean_both_sidebars_sidebars_width":0,"ocean_sidebar":"0","ocean_second_sidebar":"0","ocean_disable_margins":"enable","ocean_add_body_class":"","ocean_shortcode_before_top_bar":"","ocean_shortcode_after_top_bar":"","ocean_shortcode_before_header":"","ocean_shortcode_after_header":"","ocean_has_shortcode":"","ocean_shortcode_after_title":"","ocean_shortcode_before_footer_widgets":"","ocean_shortcode_after_footer_widgets":"","ocean_shortcode_before_footer_bottom":"","ocean_shortcode_after_footer_bottom":"","ocean_display_top_bar":"default","ocean_display_header":"default","ocean_header_style":"","ocean_center_header_left_menu":"0","ocean_custom_header_template":"0","ocean_custom_logo":0,"ocean_custom_retina_logo":0,"ocean_custom_logo_max_width":0,"ocean_custom_logo_tablet_max_width":0,"ocean_custom_logo_mobile_max_width":0,"ocean_custom_logo_max_height":0,"ocean_custom_logo_tablet_max_height":0,"ocean_custom_logo_mobile_max_height":0,"ocean_header_custom_menu":"0","ocean_menu_typo_font_family":"0","ocean_menu_typo_font_subset":"","ocean_menu_typo_font_size":0,"ocean_menu_typo_font_size_tablet":0,"ocean_menu_typo_font_size_mobile":0,"ocean_menu_typo_font_size_unit":"px","ocean_menu_typo_font_weight":"","ocean_menu_typo_font_weight_tablet":"","ocean_menu_typo_font_weight_mobile":"","ocean_menu_typo_transform":"","ocean_menu_typo_transform_tablet":"","ocean_menu_typo_transform_mobile":"","ocean_menu_typo_line_height":0,"ocean_menu_typo_line_height_tablet":0,"ocean_menu_typo_line_height_mobile":0,"ocean_menu_typo_line_height_unit":"","ocean_menu_typo_spacing":0,"ocean_menu_typo_spacing_tablet":0,"ocean_menu_typo_spacing_mobile":0,"ocean_menu_typo_spacing_unit":"","ocean_menu_link_color":"","ocean_menu_link_color_hover":"","ocean_menu_link_color_active":"","ocean_menu_link_background":"","ocean_menu_link_hover_background":"","ocean_menu_link_active_background":"","ocean_menu_social_links_bg":"","ocean_menu_social_hover_links_bg":"","ocean_menu_social_links_color":"","ocean_menu_social_hover_links_color":"","ocean_disable_title":"default","ocean_disable_heading":"default","ocean_post_title":"","ocean_post_subheading":"","ocean_post_title_style":"","ocean_post_title_background_color":"","ocean_post_title_background":0,"ocean_post_title_bg_image_position":"","ocean_post_title_bg_image_attachment":"","ocean_post_title_bg_image_repeat":"","ocean_post_title_bg_image_size":"","ocean_post_title_height":0,"ocean_post_title_bg_overlay":0.5,"ocean_post_title_bg_overlay_color":"","ocean_disable_breadcrumbs":"default","ocean_breadcrumbs_color":"","ocean_breadcrumbs_separator_color":"","ocean_breadcrumbs_links_color":"","ocean_breadcrumbs_links_hover_color":"","ocean_display_footer_widgets":"default","ocean_display_footer_bottom":"default","ocean_custom_footer_template":"0","osh_disable_topbar_sticky":"default","osh_disable_header_sticky":"default","osh_sticky_header_style":"default","osh_sticky_header_effect":"","osh_custom_sticky_logo":0,"osh_custom_retina_sticky_logo":0,"osh_custom_sticky_logo_height":0,"osh_background_color":"","osh_links_color":"","osh_links_hover_color":"","osh_links_active_color":"","osh_links_bg_color":"","osh_links_hover_bg_color":"","osh_links_active_bg_color":"","osh_menu_social_links_color":"","osh_menu_social_hover_links_color":""},"product_brand":[],"product_cat":[31],"product_tag":[155,154,151],"class_list":{"0":"post-3189","1":"product","2":"type-product","3":"status-publish","4":"has-post-thumbnail","6":"product_cat-lube-system-accessories","7":"product_tag-lubrication-pump-pressure-gauge","8":"product_tag-lubrication-system-pressure-gauge","9":"product_tag-pressure-gauge","11":"entry","12":"has-media","14":"first","15":"instock","16":"shipping-taxable","17":"product-type-external","18":"col","19":"span_1_of_3","20":"owp-content-center","21":"owp-thumbs-layout-horizontal","22":"owp-btn-very-big","23":"owp-tabs-layout-horizontal"},"_links":{"self":[{"href":"https:\/\/www.jinpinlub.com\/hu\/wp-json\/wp\/v2\/product\/3189","targetHints":{"allow":["GET"]}}],"collection":[{"href":"https:\/\/www.jinpinlub.com\/hu\/wp-json\/wp\/v2\/product"}],"about":[{"href":"https:\/\/www.jinpinlub.com\/hu\/wp-json\/wp\/v2\/types\/product"}],"wp:featuredmedia":[{"embeddable":true,"href":"https:\/\/www.jinpinlub.com\/hu\/wp-json\/wp\/v2\/media\/3112"}],"wp:attachment":[{"href":"https:\/\/www.jinpinlub.com\/hu\/wp-json\/wp\/v2\/media?parent=3189"}],"wp:term":[{"taxonomy":"product_brand","embeddable":true,"href":"https:\/\/www.jinpinlub.com\/hu\/wp-json\/wp\/v2\/product_brand?post=3189"},{"taxonomy":"product_cat","embeddable":true,"href":"https:\/\/www.jinpinlub.com\/hu\/wp-json\/wp\/v2\/product_cat?post=3189"},{"taxonomy":"product_tag","embeddable":true,"href":"https:\/\/www.jinpinlub.com\/hu\/wp-json\/wp\/v2\/product_tag?post=3189"}],"curies":[{"name":"wp","href":"https:\/\/api.w.org\/{rel}","templated":true}]}}